{"id":8979,"date":"2021-04-08T07:24:03","date_gmt":"2021-04-08T07:24:04","guid":{"rendered":"https:\/\/www.hidemar.com\/?post_type=product&#038;p=8979"},"modified":"2021-04-08T12:33:01","modified_gmt":"2021-04-08T12:33:01","slug":"h773eb","status":"publish","type":"product","link":"https:\/\/www.hidemar.com\/fr\/tienda\/h773eb\/","title":{"rendered":"H773EB"},"content":{"rendered":"<h4>Chariot D\u2019infirmerie Avec Un Tiroir \u00ab Grand \u00bb, Deux Tiroirs \u00ab Standards \u00bb Et Un Plan De Travail.<\/h4>\n<h3><strong>Caract\u00e9ristiques<\/strong><\/h3>\n<p>Les guides t\u00e9lescopiques des tiroirs permettent une ouverture du 110% et un m\u00e9canisme doux de fermeture automatique. Ils incluent aussi une poign\u00e9e avec un espace \u00e0 \u00e9tiquettes.<br \/>\nCouleurs standards: vert, bleu, rouge et jaune.<br \/>\nConsultez-nous d&rsquo;autres couleurs.<br \/>\nPoign\u00e9e lat\u00e9rale pour faciliter son mouvement.<br \/>\nPlan de travail avec rebords p\u00e9rim\u00e9trique de 20 mm de hauteur, pour \u00e9viter la chute des liquides et objets, fabriqu\u00e9 en acier inoxydable, mais disponible aussi en plastique ABS.<br \/>\nRoulettes pivotantes de \u00f8100 mm, avec freins et pare-chocs annulaires. Consultez-nous pour d&rsquo;autres types de roulettes.<\/p>\n<h3><strong>Structure et Finition<\/strong><\/h3>\n<p>Structure externe et tiroirs fabriqu\u00e9s en polym\u00e8res ABS renforc\u00e9s.<br \/>\nStructure interne et \u00e9tag\u00e8res fabriqu\u00e9es en acier inoxydable qualit\u00e9 18\/10.<\/p>\n<h3><strong>Accessoires inclus:<\/strong><\/h3>\n<p><a href=\"https:\/\/www.hidemar.com\/es\/tienda\/7000l\/\" target=\"_blank\" rel=\"noopener noreferrer\"><strong>S\u00e9parateurs \u2013 diviseurs en 2 tiroirs<\/strong><\/a> \u00b7 7000L<br \/>\n<strong><a href=\"https:\/\/www.hidemar.com\/es\/tienda\/7000ql\/\">\u00c9tag\u00e8re Lat\u00e9rale Porte-Objets<\/a><\/strong> \u00b7 7000QL<br \/>\n<a href=\"https:\/\/www.hidemar.com\/es\/tienda\/7000y\/\" target=\"_blank\" rel=\"noopener noreferrer\"><strong>Seau \u00e0 d\u00e9chets<\/strong><\/a> \u00b7 7000Y<\/p>\n<h3><strong>Dimensions<\/strong><\/h3>\n<p>Tiroir \u201cStandard\u201d: 560 x 360 x 120 mm<br \/>\nTiroir \u201cGrand\u201d 560 x 360 x 250 mm<br \/>\nPlan de travail \u2022 \u00c9tag\u00e8re: 625 x 365 x 20 mm<br \/>\nDimensions externes: 750 x 490 x 1000 mm<\/p>\n","protected":false},"excerpt":{"rendered":"<h4>Chariot D\u2019infirmerie<\/h4>\n","protected":false},"featured_media":9911,"template":"","meta":[],"product_cat":[364,117,331],"product_tag":[],"class_list":{"0":"post-8979","1":"product","2":"type-product","3":"status-publish","4":"has-post-thumbnail","6":"product_cat-chariot-dinfirmerie","7":"product_cat-chariots-multifonctionnels","8":"product_cat-chariot-multifonctions","10":"first","11":"instock","12":"shipping-taxable","13":"purchasable","14":"product-type-simple"},"yoast_head":"<!-- This site is optimized with the Yoast SEO plugin v23.1 - https:\/\/yoast.com\/wordpress\/plugins\/seo\/ -->\n<title>H773EB - hidemar<\/title>\n<meta name=\"robots\" content=\"index, follow, max-snippet:-1, max-image-preview:large, max-video-preview:-1\" \/>\n<link rel=\"canonical\" href=\"https:\/\/www.hidemar.com\/fr\/tienda\/h773eb\/\" \/>\n<meta property=\"og:locale\" content=\"fr_FR\" \/>\n<meta property=\"og:type\" content=\"article\" \/>\n<meta property=\"og:title\" content=\"H773EB - hidemar\" \/>\n<meta property=\"og:description\" content=\"Chariot D\u2019infirmerie\" \/>\n<meta property=\"og:url\" content=\"https:\/\/www.hidemar.com\/fr\/tienda\/h773eb\/\" \/>\n<meta property=\"og:site_name\" content=\"hidemar\" \/>\n<meta property=\"article:modified_time\" content=\"2021-04-08T12:33:01+00:00\" \/>\n<meta property=\"og:image\" content=\"https:\/\/www.hidemar.com\/wp-content\/uploads\/2021\/04\/h773-EB-curas_nuevo.jpg\" \/>\n\t<meta property=\"og:image:width\" content=\"800\" \/>\n\t<meta property=\"og:image:height\" content=\"800\" \/>\n\t<meta property=\"og:image:type\" content=\"image\/jpeg\" \/>\n<meta name=\"twitter:card\" content=\"summary_large_image\" \/>\n<meta name=\"twitter:label1\" content=\"Dur\u00e9e de lecture estim\u00e9e\" \/>\n\t<meta name=\"twitter:data1\" content=\"1 minute\" \/>\n<script type=\"application\/ld+json\" class=\"yoast-schema-graph\">{\"@context\":\"https:\/\/schema.org\",\"@graph\":[{\"@type\":\"WebPage\",\"@id\":\"https:\/\/www.hidemar.com\/fr\/tienda\/h773eb\/\",\"url\":\"https:\/\/www.hidemar.com\/fr\/tienda\/h773eb\/\",\"name\":\"H773EB - hidemar\",\"isPartOf\":{\"@id\":\"https:\/\/www.hidemar.com\/es\/#website\"},\"primaryImageOfPage\":{\"@id\":\"https:\/\/www.hidemar.com\/fr\/tienda\/h773eb\/#primaryimage\"},\"image\":{\"@id\":\"https:\/\/www.hidemar.com\/fr\/tienda\/h773eb\/#primaryimage\"},\"thumbnailUrl\":\"https:\/\/www.hidemar.com\/wp-content\/uploads\/2021\/04\/h773-EB-curas_nuevo.jpg\",\"datePublished\":\"2021-04-08T07:24:04+00:00\",\"dateModified\":\"2021-04-08T12:33:01+00:00\",\"breadcrumb\":{\"@id\":\"https:\/\/www.hidemar.com\/fr\/tienda\/h773eb\/#breadcrumb\"},\"inLanguage\":\"fr-FR\",\"potentialAction\":[{\"@type\":\"ReadAction\",\"target\":[\"https:\/\/www.hidemar.com\/fr\/tienda\/h773eb\/\"]}]},{\"@type\":\"ImageObject\",\"inLanguage\":\"fr-FR\",\"@id\":\"https:\/\/www.hidemar.com\/fr\/tienda\/h773eb\/#primaryimage\",\"url\":\"https:\/\/www.hidemar.com\/wp-content\/uploads\/2021\/04\/h773-EB-curas_nuevo.jpg\",\"contentUrl\":\"https:\/\/www.hidemar.com\/wp-content\/uploads\/2021\/04\/h773-EB-curas_nuevo.jpg\",\"width\":800,\"height\":800},{\"@type\":\"BreadcrumbList\",\"@id\":\"https:\/\/www.hidemar.com\/fr\/tienda\/h773eb\/#breadcrumb\",\"itemListElement\":[{\"@type\":\"ListItem\",\"position\":1,\"name\":\"Inicio\",\"item\":\"https:\/\/www.hidemar.com\/fr\/\"},{\"@type\":\"ListItem\",\"position\":2,\"name\":\"Products\",\"item\":\"https:\/\/www.hidemar.com\/fr\/shop\/\"},{\"@type\":\"ListItem\",\"position\":3,\"name\":\"H773EB\"}]},{\"@type\":\"WebSite\",\"@id\":\"https:\/\/www.hidemar.com\/es\/#website\",\"url\":\"https:\/\/www.hidemar.com\/es\/\",\"name\":\"hidemar\",\"description\":\"Fabricants de meubles de sant\u00e9\",\"potentialAction\":[{\"@type\":\"SearchAction\",\"target\":{\"@type\":\"EntryPoint\",\"urlTemplate\":\"https:\/\/www.hidemar.com\/es\/?s={search_term_string}\"},\"query-input\":\"required name=search_term_string\"}],\"inLanguage\":\"fr-FR\"}]}<\/script>\n<!-- \/ Yoast SEO plugin. -->","yoast_head_json":{"title":"H773EB - hidemar","robots":{"index":"index","follow":"follow","max-snippet":"max-snippet:-1","max-image-preview":"max-image-preview:large","max-video-preview":"max-video-preview:-1"},"canonical":"https:\/\/www.hidemar.com\/fr\/tienda\/h773eb\/","og_locale":"fr_FR","og_type":"article","og_title":"H773EB - hidemar","og_description":"Chariot D\u2019infirmerie","og_url":"https:\/\/www.hidemar.com\/fr\/tienda\/h773eb\/","og_site_name":"hidemar","article_modified_time":"2021-04-08T12:33:01+00:00","og_image":[{"width":800,"height":800,"url":"https:\/\/www.hidemar.com\/wp-content\/uploads\/2021\/04\/h773-EB-curas_nuevo.jpg","type":"image\/jpeg"}],"twitter_card":"summary_large_image","twitter_misc":{"Dur\u00e9e de lecture estim\u00e9e":"1 minute"},"schema":{"@context":"https:\/\/schema.org","@graph":[{"@type":"WebPage","@id":"https:\/\/www.hidemar.com\/fr\/tienda\/h773eb\/","url":"https:\/\/www.hidemar.com\/fr\/tienda\/h773eb\/","name":"H773EB - hidemar","isPartOf":{"@id":"https:\/\/www.hidemar.com\/es\/#website"},"primaryImageOfPage":{"@id":"https:\/\/www.hidemar.com\/fr\/tienda\/h773eb\/#primaryimage"},"image":{"@id":"https:\/\/www.hidemar.com\/fr\/tienda\/h773eb\/#primaryimage"},"thumbnailUrl":"https:\/\/www.hidemar.com\/wp-content\/uploads\/2021\/04\/h773-EB-curas_nuevo.jpg","datePublished":"2021-04-08T07:24:04+00:00","dateModified":"2021-04-08T12:33:01+00:00","breadcrumb":{"@id":"https:\/\/www.hidemar.com\/fr\/tienda\/h773eb\/#breadcrumb"},"inLanguage":"fr-FR","potentialAction":[{"@type":"ReadAction","target":["https:\/\/www.hidemar.com\/fr\/tienda\/h773eb\/"]}]},{"@type":"ImageObject","inLanguage":"fr-FR","@id":"https:\/\/www.hidemar.com\/fr\/tienda\/h773eb\/#primaryimage","url":"https:\/\/www.hidemar.com\/wp-content\/uploads\/2021\/04\/h773-EB-curas_nuevo.jpg","contentUrl":"https:\/\/www.hidemar.com\/wp-content\/uploads\/2021\/04\/h773-EB-curas_nuevo.jpg","width":800,"height":800},{"@type":"BreadcrumbList","@id":"https:\/\/www.hidemar.com\/fr\/tienda\/h773eb\/#breadcrumb","itemListElement":[{"@type":"ListItem","position":1,"name":"Inicio","item":"https:\/\/www.hidemar.com\/fr\/"},{"@type":"ListItem","position":2,"name":"Products","item":"https:\/\/www.hidemar.com\/fr\/shop\/"},{"@type":"ListItem","position":3,"name":"H773EB"}]},{"@type":"WebSite","@id":"https:\/\/www.hidemar.com\/es\/#website","url":"https:\/\/www.hidemar.com\/es\/","name":"hidemar","description":"Fabricants de meubles de sant\u00e9","potentialAction":[{"@type":"SearchAction","target":{"@type":"EntryPoint","urlTemplate":"https:\/\/www.hidemar.com\/es\/?s={search_term_string}"},"query-input":"required name=search_term_string"}],"inLanguage":"fr-FR"}]}},"_links":{"self":[{"href":"https:\/\/www.hidemar.com\/fr\/wp-json\/wp\/v2\/product\/8979","targetHints":{"allow":["GET"]}}],"collection":[{"href":"https:\/\/www.hidemar.com\/fr\/wp-json\/wp\/v2\/product"}],"about":[{"href":"https:\/\/www.hidemar.com\/fr\/wp-json\/wp\/v2\/types\/product"}],"wp:featuredmedia":[{"embeddable":true,"href":"https:\/\/www.hidemar.com\/fr\/wp-json\/wp\/v2\/media\/9911"}],"wp:attachment":[{"href":"https:\/\/www.hidemar.com\/fr\/wp-json\/wp\/v2\/media?parent=8979"}],"wp:term":[{"taxonomy":"product_cat","embeddable":true,"href":"https:\/\/www.hidemar.com\/fr\/wp-json\/wp\/v2\/product_cat?post=8979"},{"taxonomy":"product_tag","embeddable":true,"href":"https:\/\/www.hidemar.com\/fr\/wp-json\/wp\/v2\/product_tag?post=8979"}],"curies":[{"name":"wp","href":"https:\/\/api.w.org\/{rel}","templated":true}]}}