{"id":8558,"date":"2021-03-03T11:02:17","date_gmt":"2021-03-03T11:02:18","guid":{"rendered":"https:\/\/www.hidemar.com\/?post_type=product&#038;p=8558"},"modified":"2022-02-21T11:34:15","modified_gmt":"2022-02-21T11:34:15","slug":"h169","status":"publish","type":"product","link":"https:\/\/www.hidemar.com\/fr\/tienda\/h169\/","title":{"rendered":"H169"},"content":{"rendered":"<h3><strong>Caract\u00e9ristiques<\/strong><\/h3>\n<p>Tige porte-s\u00e9rum t\u00e9lescopique avec quatre cintres r\u00e9glables en hauteur de 1500 \u00e0 2400 mm ; au moyen d&rsquo;un bouton actionn\u00e9 d&rsquo;une main dans n&rsquo;importe quelle position, rapidement, confortablement et avec pr\u00e9cision.<br \/>\nSocle lourd anti-basculement en acier \u00e9maill\u00e9 \u00e9poxy \u00e9paisseur 8 mm.<br \/>\nStructure fabriqu\u00e9e en acier inoxydable 18\/10 (AISI 304)<\/p>\n<h3><strong>Structure et Finition<\/strong><\/h3>\n<p>Structure fabriqu\u00e9e en acier inoxydable 18\/10 (AISI 304)<\/p>\n<h3><strong>Accessoires<\/strong><\/h3>\n<p>Roulettes pivotantes doubles \u00f880 mm avec pare-chocs annulaires<\/p>\n<h3><strong>Dimensions<\/strong><\/h3>\n<p><em>Capacit\u00e9 de charge par cintre: 5 kg<br \/>\n<\/em><em>Diam\u00e8tre ext\u00e9rieur du m\u00e2t: \u00f825 mm<br \/>\n<\/em><em>Diam\u00e8tre int\u00e9rieur du m\u00e2t: \u00f816 mm<br \/>\n<\/em><em>Poids: 10 kg<\/p>\n<p><\/em>\u00f8600 x 1500 &#8211; 2400 mm<\/p>\n","protected":false},"excerpt":{"rendered":"<h4>Tige porte-s\u00e9rum 4 crochets \u00b7 Base anti-basculement<\/h4>\n","protected":false},"featured_media":10618,"template":"","meta":[],"product_cat":[147],"product_tag":[],"class_list":{"0":"post-8558","1":"product","2":"type-product","3":"status-publish","4":"has-post-thumbnail","6":"product_cat-potences-a-perfusion","8":"first","9":"instock","10":"shipping-taxable","11":"product-type-simple"},"yoast_head":"<!-- This site is optimized with the Yoast SEO plugin v23.1 - https:\/\/yoast.com\/wordpress\/plugins\/seo\/ -->\n<title>H169 - hidemar<\/title>\n<meta name=\"robots\" content=\"index, follow, max-snippet:-1, max-image-preview:large, max-video-preview:-1\" \/>\n<link rel=\"canonical\" href=\"https:\/\/www.hidemar.com\/fr\/tienda\/h169\/\" \/>\n<meta property=\"og:locale\" content=\"fr_FR\" \/>\n<meta property=\"og:type\" content=\"article\" \/>\n<meta property=\"og:title\" content=\"H169 - hidemar\" \/>\n<meta property=\"og:description\" content=\"Tige porte-s\u00e9rum 4 crochets \u00b7 Base anti-basculement\" \/>\n<meta property=\"og:url\" content=\"https:\/\/www.hidemar.com\/fr\/tienda\/h169\/\" \/>\n<meta property=\"og:site_name\" content=\"hidemar\" \/>\n<meta property=\"article:modified_time\" content=\"2022-02-21T11:34:15+00:00\" \/>\n<meta property=\"og:image\" content=\"https:\/\/www.hidemar.com\/wp-content\/uploads\/2021\/03\/h169-copia.jpg\" \/>\n\t<meta property=\"og:image:width\" content=\"800\" \/>\n\t<meta property=\"og:image:height\" content=\"800\" \/>\n\t<meta property=\"og:image:type\" content=\"image\/jpeg\" \/>\n<meta name=\"twitter:card\" content=\"summary_large_image\" \/>\n<script type=\"application\/ld+json\" class=\"yoast-schema-graph\">{\"@context\":\"https:\/\/schema.org\",\"@graph\":[{\"@type\":\"WebPage\",\"@id\":\"https:\/\/www.hidemar.com\/fr\/tienda\/h169\/\",\"url\":\"https:\/\/www.hidemar.com\/fr\/tienda\/h169\/\",\"name\":\"H169 - hidemar\",\"isPartOf\":{\"@id\":\"https:\/\/www.hidemar.com\/es\/#website\"},\"primaryImageOfPage\":{\"@id\":\"https:\/\/www.hidemar.com\/fr\/tienda\/h169\/#primaryimage\"},\"image\":{\"@id\":\"https:\/\/www.hidemar.com\/fr\/tienda\/h169\/#primaryimage\"},\"thumbnailUrl\":\"https:\/\/www.hidemar.com\/wp-content\/uploads\/2021\/03\/h169-copia.jpg\",\"datePublished\":\"2021-03-03T11:02:18+00:00\",\"dateModified\":\"2022-02-21T11:34:15+00:00\",\"breadcrumb\":{\"@id\":\"https:\/\/www.hidemar.com\/fr\/tienda\/h169\/#breadcrumb\"},\"inLanguage\":\"fr-FR\",\"potentialAction\":[{\"@type\":\"ReadAction\",\"target\":[\"https:\/\/www.hidemar.com\/fr\/tienda\/h169\/\"]}]},{\"@type\":\"ImageObject\",\"inLanguage\":\"fr-FR\",\"@id\":\"https:\/\/www.hidemar.com\/fr\/tienda\/h169\/#primaryimage\",\"url\":\"https:\/\/www.hidemar.com\/wp-content\/uploads\/2021\/03\/h169-copia.jpg\",\"contentUrl\":\"https:\/\/www.hidemar.com\/wp-content\/uploads\/2021\/03\/h169-copia.jpg\",\"width\":800,\"height\":800},{\"@type\":\"BreadcrumbList\",\"@id\":\"https:\/\/www.hidemar.com\/fr\/tienda\/h169\/#breadcrumb\",\"itemListElement\":[{\"@type\":\"ListItem\",\"position\":1,\"name\":\"Inicio\",\"item\":\"https:\/\/www.hidemar.com\/fr\/\"},{\"@type\":\"ListItem\",\"position\":2,\"name\":\"Products\",\"item\":\"https:\/\/www.hidemar.com\/fr\/shop\/\"},{\"@type\":\"ListItem\",\"position\":3,\"name\":\"H169\"}]},{\"@type\":\"WebSite\",\"@id\":\"https:\/\/www.hidemar.com\/es\/#website\",\"url\":\"https:\/\/www.hidemar.com\/es\/\",\"name\":\"hidemar\",\"description\":\"Fabricants de meubles de sant\u00e9\",\"potentialAction\":[{\"@type\":\"SearchAction\",\"target\":{\"@type\":\"EntryPoint\",\"urlTemplate\":\"https:\/\/www.hidemar.com\/es\/?s={search_term_string}\"},\"query-input\":\"required name=search_term_string\"}],\"inLanguage\":\"fr-FR\"}]}<\/script>\n<!-- \/ Yoast SEO plugin. -->","yoast_head_json":{"title":"H169 - hidemar","robots":{"index":"index","follow":"follow","max-snippet":"max-snippet:-1","max-image-preview":"max-image-preview:large","max-video-preview":"max-video-preview:-1"},"canonical":"https:\/\/www.hidemar.com\/fr\/tienda\/h169\/","og_locale":"fr_FR","og_type":"article","og_title":"H169 - hidemar","og_description":"Tige porte-s\u00e9rum 4 crochets \u00b7 Base anti-basculement","og_url":"https:\/\/www.hidemar.com\/fr\/tienda\/h169\/","og_site_name":"hidemar","article_modified_time":"2022-02-21T11:34:15+00:00","og_image":[{"width":800,"height":800,"url":"https:\/\/www.hidemar.com\/wp-content\/uploads\/2021\/03\/h169-copia.jpg","type":"image\/jpeg"}],"twitter_card":"summary_large_image","schema":{"@context":"https:\/\/schema.org","@graph":[{"@type":"WebPage","@id":"https:\/\/www.hidemar.com\/fr\/tienda\/h169\/","url":"https:\/\/www.hidemar.com\/fr\/tienda\/h169\/","name":"H169 - hidemar","isPartOf":{"@id":"https:\/\/www.hidemar.com\/es\/#website"},"primaryImageOfPage":{"@id":"https:\/\/www.hidemar.com\/fr\/tienda\/h169\/#primaryimage"},"image":{"@id":"https:\/\/www.hidemar.com\/fr\/tienda\/h169\/#primaryimage"},"thumbnailUrl":"https:\/\/www.hidemar.com\/wp-content\/uploads\/2021\/03\/h169-copia.jpg","datePublished":"2021-03-03T11:02:18+00:00","dateModified":"2022-02-21T11:34:15+00:00","breadcrumb":{"@id":"https:\/\/www.hidemar.com\/fr\/tienda\/h169\/#breadcrumb"},"inLanguage":"fr-FR","potentialAction":[{"@type":"ReadAction","target":["https:\/\/www.hidemar.com\/fr\/tienda\/h169\/"]}]},{"@type":"ImageObject","inLanguage":"fr-FR","@id":"https:\/\/www.hidemar.com\/fr\/tienda\/h169\/#primaryimage","url":"https:\/\/www.hidemar.com\/wp-content\/uploads\/2021\/03\/h169-copia.jpg","contentUrl":"https:\/\/www.hidemar.com\/wp-content\/uploads\/2021\/03\/h169-copia.jpg","width":800,"height":800},{"@type":"BreadcrumbList","@id":"https:\/\/www.hidemar.com\/fr\/tienda\/h169\/#breadcrumb","itemListElement":[{"@type":"ListItem","position":1,"name":"Inicio","item":"https:\/\/www.hidemar.com\/fr\/"},{"@type":"ListItem","position":2,"name":"Products","item":"https:\/\/www.hidemar.com\/fr\/shop\/"},{"@type":"ListItem","position":3,"name":"H169"}]},{"@type":"WebSite","@id":"https:\/\/www.hidemar.com\/es\/#website","url":"https:\/\/www.hidemar.com\/es\/","name":"hidemar","description":"Fabricants de meubles de sant\u00e9","potentialAction":[{"@type":"SearchAction","target":{"@type":"EntryPoint","urlTemplate":"https:\/\/www.hidemar.com\/es\/?s={search_term_string}"},"query-input":"required name=search_term_string"}],"inLanguage":"fr-FR"}]}},"_links":{"self":[{"href":"https:\/\/www.hidemar.com\/fr\/wp-json\/wp\/v2\/product\/8558","targetHints":{"allow":["GET"]}}],"collection":[{"href":"https:\/\/www.hidemar.com\/fr\/wp-json\/wp\/v2\/product"}],"about":[{"href":"https:\/\/www.hidemar.com\/fr\/wp-json\/wp\/v2\/types\/product"}],"wp:featuredmedia":[{"embeddable":true,"href":"https:\/\/www.hidemar.com\/fr\/wp-json\/wp\/v2\/media\/10618"}],"wp:attachment":[{"href":"https:\/\/www.hidemar.com\/fr\/wp-json\/wp\/v2\/media?parent=8558"}],"wp:term":[{"taxonomy":"product_cat","embeddable":true,"href":"https:\/\/www.hidemar.com\/fr\/wp-json\/wp\/v2\/product_cat?post=8558"},{"taxonomy":"product_tag","embeddable":true,"href":"https:\/\/www.hidemar.com\/fr\/wp-json\/wp\/v2\/product_tag?post=8558"}],"curies":[{"name":"wp","href":"https:\/\/api.w.org\/{rel}","templated":true}]}}