{"id":8554,"date":"2021-03-03T10:24:08","date_gmt":"2021-03-03T10:24:08","guid":{"rendered":"https:\/\/www.hidemar.com\/?post_type=product&#038;p=8554"},"modified":"2021-09-07T11:48:00","modified_gmt":"2021-09-07T11:48:00","slug":"h190","status":"publish","type":"product","link":"https:\/\/www.hidemar.com\/fr\/tienda\/h190\/","title":{"rendered":"H190"},"content":{"rendered":"<h3><strong>Caract\u00e9ristiques<\/strong><\/h3>\n<p>Si\u00e8ge r\u00e9glable en hauteur par v\u00e9rin \u00e0 gaz (\u00f8350 mm)<br \/>\nHauteur minimum &#8211; maximum: 500 &#8211; 700 mm<br \/>\nDossier r\u00e9glable en position verticale et horizontale (400 x 250 mm).<br \/>\nDossier et si\u00e8ge tapiss\u00e9s en tissu de vinyle ignifuge de couleur \u00e0 choisir.<br \/>\nRepose-pied r\u00e9glable en hauteur.<\/p>\n<h3><strong>Structure et Finition<\/strong><\/h3>\n<p>Base de \u00f8 500 mm avec 5 branches fabriqu\u00e9e en aluminium poli.<\/p>\n<h3><strong>Accessoires<\/strong><\/h3>\n<p>Roulettes de \u00f850 mm ou pieds de support \u00e0 choisir.<\/p>\n<h3><strong>Dimensions<\/strong><\/h3>\n<p>\u00f8550 x 500 &#8211; 700 mm<\/p>\n","protected":false},"excerpt":{"rendered":"<h4>Tabouret avec dossier<\/h4>\n","protected":false},"featured_media":9339,"template":"","meta":[],"product_cat":[151,259,261,257],"product_tag":[],"class_list":{"0":"post-8554","1":"product","2":"type-product","3":"status-publish","4":"has-post-thumbnail","6":"product_cat-tabourets","7":"product_cat-base-en-aluminium","8":"product_cat-avec-dossier","9":"product_cat-avec-repose-pied","11":"first","12":"instock","13":"shipping-taxable","14":"product-type-simple"},"yoast_head":"<!-- This site is optimized with the Yoast SEO plugin v23.1 - https:\/\/yoast.com\/wordpress\/plugins\/seo\/ -->\n<title>H190 - hidemar<\/title>\n<meta name=\"robots\" content=\"index, follow, max-snippet:-1, max-image-preview:large, max-video-preview:-1\" \/>\n<link rel=\"canonical\" href=\"https:\/\/www.hidemar.com\/fr\/tienda\/h190\/\" \/>\n<meta property=\"og:locale\" content=\"fr_FR\" \/>\n<meta property=\"og:type\" content=\"article\" \/>\n<meta property=\"og:title\" content=\"H190 - hidemar\" \/>\n<meta property=\"og:description\" content=\"Tabouret avec dossier\" \/>\n<meta property=\"og:url\" content=\"https:\/\/www.hidemar.com\/fr\/tienda\/h190\/\" \/>\n<meta property=\"og:site_name\" content=\"hidemar\" \/>\n<meta property=\"article:modified_time\" content=\"2021-09-07T11:48:00+00:00\" \/>\n<meta property=\"og:image\" content=\"https:\/\/www.hidemar.com\/wp-content\/uploads\/2021\/05\/h190-ruedas-banda-de-rodadura-blanda.png\" \/>\n\t<meta property=\"og:image:width\" content=\"800\" \/>\n\t<meta property=\"og:image:height\" content=\"800\" \/>\n\t<meta property=\"og:image:type\" content=\"image\/png\" \/>\n<meta name=\"twitter:card\" content=\"summary_large_image\" \/>\n<script type=\"application\/ld+json\" class=\"yoast-schema-graph\">{\"@context\":\"https:\/\/schema.org\",\"@graph\":[{\"@type\":\"WebPage\",\"@id\":\"https:\/\/www.hidemar.com\/fr\/tienda\/h190\/\",\"url\":\"https:\/\/www.hidemar.com\/fr\/tienda\/h190\/\",\"name\":\"H190 - hidemar\",\"isPartOf\":{\"@id\":\"https:\/\/www.hidemar.com\/es\/#website\"},\"primaryImageOfPage\":{\"@id\":\"https:\/\/www.hidemar.com\/fr\/tienda\/h190\/#primaryimage\"},\"image\":{\"@id\":\"https:\/\/www.hidemar.com\/fr\/tienda\/h190\/#primaryimage\"},\"thumbnailUrl\":\"https:\/\/www.hidemar.com\/wp-content\/uploads\/2021\/05\/h190-ruedas-banda-de-rodadura-blanda.png\",\"datePublished\":\"2021-03-03T10:24:08+00:00\",\"dateModified\":\"2021-09-07T11:48:00+00:00\",\"breadcrumb\":{\"@id\":\"https:\/\/www.hidemar.com\/fr\/tienda\/h190\/#breadcrumb\"},\"inLanguage\":\"fr-FR\",\"potentialAction\":[{\"@type\":\"ReadAction\",\"target\":[\"https:\/\/www.hidemar.com\/fr\/tienda\/h190\/\"]}]},{\"@type\":\"ImageObject\",\"inLanguage\":\"fr-FR\",\"@id\":\"https:\/\/www.hidemar.com\/fr\/tienda\/h190\/#primaryimage\",\"url\":\"https:\/\/www.hidemar.com\/wp-content\/uploads\/2021\/05\/h190-ruedas-banda-de-rodadura-blanda.png\",\"contentUrl\":\"https:\/\/www.hidemar.com\/wp-content\/uploads\/2021\/05\/h190-ruedas-banda-de-rodadura-blanda.png\",\"width\":800,\"height\":800},{\"@type\":\"BreadcrumbList\",\"@id\":\"https:\/\/www.hidemar.com\/fr\/tienda\/h190\/#breadcrumb\",\"itemListElement\":[{\"@type\":\"ListItem\",\"position\":1,\"name\":\"Inicio\",\"item\":\"https:\/\/www.hidemar.com\/fr\/\"},{\"@type\":\"ListItem\",\"position\":2,\"name\":\"Products\",\"item\":\"https:\/\/www.hidemar.com\/fr\/shop\/\"},{\"@type\":\"ListItem\",\"position\":3,\"name\":\"H190\"}]},{\"@type\":\"WebSite\",\"@id\":\"https:\/\/www.hidemar.com\/es\/#website\",\"url\":\"https:\/\/www.hidemar.com\/es\/\",\"name\":\"hidemar\",\"description\":\"Fabricants de meubles de sant\u00e9\",\"potentialAction\":[{\"@type\":\"SearchAction\",\"target\":{\"@type\":\"EntryPoint\",\"urlTemplate\":\"https:\/\/www.hidemar.com\/es\/?s={search_term_string}\"},\"query-input\":\"required name=search_term_string\"}],\"inLanguage\":\"fr-FR\"}]}<\/script>\n<!-- \/ Yoast SEO plugin. -->","yoast_head_json":{"title":"H190 - hidemar","robots":{"index":"index","follow":"follow","max-snippet":"max-snippet:-1","max-image-preview":"max-image-preview:large","max-video-preview":"max-video-preview:-1"},"canonical":"https:\/\/www.hidemar.com\/fr\/tienda\/h190\/","og_locale":"fr_FR","og_type":"article","og_title":"H190 - hidemar","og_description":"Tabouret avec dossier","og_url":"https:\/\/www.hidemar.com\/fr\/tienda\/h190\/","og_site_name":"hidemar","article_modified_time":"2021-09-07T11:48:00+00:00","og_image":[{"width":800,"height":800,"url":"https:\/\/www.hidemar.com\/wp-content\/uploads\/2021\/05\/h190-ruedas-banda-de-rodadura-blanda.png","type":"image\/png"}],"twitter_card":"summary_large_image","schema":{"@context":"https:\/\/schema.org","@graph":[{"@type":"WebPage","@id":"https:\/\/www.hidemar.com\/fr\/tienda\/h190\/","url":"https:\/\/www.hidemar.com\/fr\/tienda\/h190\/","name":"H190 - hidemar","isPartOf":{"@id":"https:\/\/www.hidemar.com\/es\/#website"},"primaryImageOfPage":{"@id":"https:\/\/www.hidemar.com\/fr\/tienda\/h190\/#primaryimage"},"image":{"@id":"https:\/\/www.hidemar.com\/fr\/tienda\/h190\/#primaryimage"},"thumbnailUrl":"https:\/\/www.hidemar.com\/wp-content\/uploads\/2021\/05\/h190-ruedas-banda-de-rodadura-blanda.png","datePublished":"2021-03-03T10:24:08+00:00","dateModified":"2021-09-07T11:48:00+00:00","breadcrumb":{"@id":"https:\/\/www.hidemar.com\/fr\/tienda\/h190\/#breadcrumb"},"inLanguage":"fr-FR","potentialAction":[{"@type":"ReadAction","target":["https:\/\/www.hidemar.com\/fr\/tienda\/h190\/"]}]},{"@type":"ImageObject","inLanguage":"fr-FR","@id":"https:\/\/www.hidemar.com\/fr\/tienda\/h190\/#primaryimage","url":"https:\/\/www.hidemar.com\/wp-content\/uploads\/2021\/05\/h190-ruedas-banda-de-rodadura-blanda.png","contentUrl":"https:\/\/www.hidemar.com\/wp-content\/uploads\/2021\/05\/h190-ruedas-banda-de-rodadura-blanda.png","width":800,"height":800},{"@type":"BreadcrumbList","@id":"https:\/\/www.hidemar.com\/fr\/tienda\/h190\/#breadcrumb","itemListElement":[{"@type":"ListItem","position":1,"name":"Inicio","item":"https:\/\/www.hidemar.com\/fr\/"},{"@type":"ListItem","position":2,"name":"Products","item":"https:\/\/www.hidemar.com\/fr\/shop\/"},{"@type":"ListItem","position":3,"name":"H190"}]},{"@type":"WebSite","@id":"https:\/\/www.hidemar.com\/es\/#website","url":"https:\/\/www.hidemar.com\/es\/","name":"hidemar","description":"Fabricants de meubles de sant\u00e9","potentialAction":[{"@type":"SearchAction","target":{"@type":"EntryPoint","urlTemplate":"https:\/\/www.hidemar.com\/es\/?s={search_term_string}"},"query-input":"required name=search_term_string"}],"inLanguage":"fr-FR"}]}},"_links":{"self":[{"href":"https:\/\/www.hidemar.com\/fr\/wp-json\/wp\/v2\/product\/8554","targetHints":{"allow":["GET"]}}],"collection":[{"href":"https:\/\/www.hidemar.com\/fr\/wp-json\/wp\/v2\/product"}],"about":[{"href":"https:\/\/www.hidemar.com\/fr\/wp-json\/wp\/v2\/types\/product"}],"wp:featuredmedia":[{"embeddable":true,"href":"https:\/\/www.hidemar.com\/fr\/wp-json\/wp\/v2\/media\/9339"}],"wp:attachment":[{"href":"https:\/\/www.hidemar.com\/fr\/wp-json\/wp\/v2\/media?parent=8554"}],"wp:term":[{"taxonomy":"product_cat","embeddable":true,"href":"https:\/\/www.hidemar.com\/fr\/wp-json\/wp\/v2\/product_cat?post=8554"},{"taxonomy":"product_tag","embeddable":true,"href":"https:\/\/www.hidemar.com\/fr\/wp-json\/wp\/v2\/product_tag?post=8554"}],"curies":[{"name":"wp","href":"https:\/\/api.w.org\/{rel}","templated":true}]}}