{"id":8099,"date":"2020-09-02T12:40:54","date_gmt":"2021-02-04T12:09:41","guid":{"rendered":"https:\/\/www.hidemar.com\/tienda\/h772\/"},"modified":"2021-02-04T12:10:01","modified_gmt":"2021-02-04T12:10:01","slug":"h772","status":"publish","type":"product","link":"https:\/\/www.hidemar.com\/fr\/tienda\/h772\/","title":{"rendered":"H772"},"content":{"rendered":"<h4>Chariot multifonction avec deux tiroirs, deux \u00e9tag\u00e8res, et un plan de travail.<\/h4>\n<h3><strong>Caract\u00e9ristiques<\/strong><\/h3>\n<p>Les guides t\u00e9lescopiques des tiroirs permettent une ouverture du 110% et un m\u00e9canisme doux de fermeture automatique. Ils incluent aussi une poign\u00e9e avec un espace \u00e0 \u00e9tiquettes<br \/>\nCouleurs standards: vert, bleu, rouge et jaune.<br \/>\nConsultez-nous d&rsquo;autres couleurs<br \/>\nPoign\u00e9e lat\u00e9rale pour faciliter son mouvement.<br \/>\nPlan de travail avec rebords p\u00e9rim\u00c9trique de 20 mm de hauteur, pour \u00e9viter la chute des liquides et objets, fabriqu\u00e9 en acier inoxydable, mais disponible aussi en plastique ABS.<br \/>\nRoulettes pivotantes de \u00f8100 mm, avec freins et pare-chocs annulaires. Consultez d&rsquo;autres types de roulettes<\/p>\n<h3><strong>Structure et Finition<\/strong><\/h3>\n<p>Structure externe et tiroirs fabriqu\u00e9s en polym\u00e8res ABS renforc\u00e9s.<br \/>\nStructure interne et \u00e9tag\u00e8res fabriqu\u00e9es en acier inoxydable qualit\u00e9 18\/10.<\/p>\n<h3><strong>Accessoires<\/strong><\/h3>\n<p>Les chariots multifonctionnels Hidemar S\u00e9rie 700, offrent une vari\u00e9t\u00e9 de possibilit\u00e9s de configuration compl\u00e9t\u00e9e avec une vaste gamme d\u2019accessoires.<br \/>\nLeur morphologie permet l\u2019utilisation des paniers ISO d\u00e9montables avec les dimensions 600x400x100 et 600x400x200 mm<\/p>\n<h3><strong>Dimensions<\/strong><\/h3>\n<p>Tiroir \u201cStandard\u201d: 560 x 360 x 120 mm<br \/>\nTiroir \u201cGrand\u201d 560 x 360 x 250 mm<br \/>\nPlan de travail \u2022 \u00c9tag\u00e8re: 625 x 365 x 20 mm<br \/>\nDimensions externes: 750 x 490 x 1000 mm<\/p>\n","protected":false},"excerpt":{"rendered":"<h4>Chariot multifonctions<\/h4>\n","protected":false},"featured_media":10573,"template":"","meta":[],"product_cat":[117],"product_tag":[],"class_list":{"0":"post-8099","1":"product","2":"type-product","3":"status-publish","4":"has-post-thumbnail","6":"product_cat-chariots-multifonctionnels","8":"first","9":"instock","10":"shipping-taxable","11":"purchasable","12":"product-type-simple"},"yoast_head":"<!-- This site is optimized with the Yoast SEO plugin v23.1 - https:\/\/yoast.com\/wordpress\/plugins\/seo\/ -->\n<title>H772 - hidemar<\/title>\n<meta name=\"robots\" content=\"index, follow, max-snippet:-1, max-image-preview:large, max-video-preview:-1\" \/>\n<link rel=\"canonical\" href=\"https:\/\/www.hidemar.com\/fr\/tienda\/h772\/\" \/>\n<meta property=\"og:locale\" content=\"fr_FR\" \/>\n<meta property=\"og:type\" content=\"article\" \/>\n<meta property=\"og:title\" content=\"H772 - hidemar\" \/>\n<meta property=\"og:description\" content=\"Chariot multifonctions\" \/>\n<meta property=\"og:url\" content=\"https:\/\/www.hidemar.com\/fr\/tienda\/h772\/\" \/>\n<meta property=\"og:site_name\" content=\"hidemar\" \/>\n<meta property=\"article:modified_time\" content=\"2021-02-04T12:10:01+00:00\" \/>\n<meta property=\"og:image\" content=\"https:\/\/www.hidemar.com\/wp-content\/uploads\/2020\/09\/h772_nuevo-1.jpg\" \/>\n\t<meta property=\"og:image:width\" content=\"800\" \/>\n\t<meta property=\"og:image:height\" content=\"800\" \/>\n\t<meta property=\"og:image:type\" content=\"image\/jpeg\" \/>\n<meta name=\"twitter:card\" content=\"summary_large_image\" \/>\n<meta name=\"twitter:label1\" content=\"Dur\u00e9e de lecture estim\u00e9e\" \/>\n\t<meta name=\"twitter:data1\" content=\"1 minute\" \/>\n<script type=\"application\/ld+json\" class=\"yoast-schema-graph\">{\"@context\":\"https:\/\/schema.org\",\"@graph\":[{\"@type\":\"WebPage\",\"@id\":\"https:\/\/www.hidemar.com\/fr\/tienda\/h772\/\",\"url\":\"https:\/\/www.hidemar.com\/fr\/tienda\/h772\/\",\"name\":\"H772 - hidemar\",\"isPartOf\":{\"@id\":\"https:\/\/www.hidemar.com\/es\/#website\"},\"primaryImageOfPage\":{\"@id\":\"https:\/\/www.hidemar.com\/fr\/tienda\/h772\/#primaryimage\"},\"image\":{\"@id\":\"https:\/\/www.hidemar.com\/fr\/tienda\/h772\/#primaryimage\"},\"thumbnailUrl\":\"https:\/\/www.hidemar.com\/wp-content\/uploads\/2020\/09\/h772_nuevo-1.jpg\",\"datePublished\":\"2021-02-04T12:09:41+00:00\",\"dateModified\":\"2021-02-04T12:10:01+00:00\",\"breadcrumb\":{\"@id\":\"https:\/\/www.hidemar.com\/fr\/tienda\/h772\/#breadcrumb\"},\"inLanguage\":\"fr-FR\",\"potentialAction\":[{\"@type\":\"ReadAction\",\"target\":[\"https:\/\/www.hidemar.com\/fr\/tienda\/h772\/\"]}]},{\"@type\":\"ImageObject\",\"inLanguage\":\"fr-FR\",\"@id\":\"https:\/\/www.hidemar.com\/fr\/tienda\/h772\/#primaryimage\",\"url\":\"https:\/\/www.hidemar.com\/wp-content\/uploads\/2020\/09\/h772_nuevo-1.jpg\",\"contentUrl\":\"https:\/\/www.hidemar.com\/wp-content\/uploads\/2020\/09\/h772_nuevo-1.jpg\",\"width\":800,\"height\":800},{\"@type\":\"BreadcrumbList\",\"@id\":\"https:\/\/www.hidemar.com\/fr\/tienda\/h772\/#breadcrumb\",\"itemListElement\":[{\"@type\":\"ListItem\",\"position\":1,\"name\":\"Inicio\",\"item\":\"https:\/\/www.hidemar.com\/fr\/\"},{\"@type\":\"ListItem\",\"position\":2,\"name\":\"Products\",\"item\":\"https:\/\/www.hidemar.com\/fr\/shop\/\"},{\"@type\":\"ListItem\",\"position\":3,\"name\":\"H772\"}]},{\"@type\":\"WebSite\",\"@id\":\"https:\/\/www.hidemar.com\/es\/#website\",\"url\":\"https:\/\/www.hidemar.com\/es\/\",\"name\":\"hidemar\",\"description\":\"Fabricants de meubles de sant\u00e9\",\"potentialAction\":[{\"@type\":\"SearchAction\",\"target\":{\"@type\":\"EntryPoint\",\"urlTemplate\":\"https:\/\/www.hidemar.com\/es\/?s={search_term_string}\"},\"query-input\":\"required name=search_term_string\"}],\"inLanguage\":\"fr-FR\"}]}<\/script>\n<!-- \/ Yoast SEO plugin. -->","yoast_head_json":{"title":"H772 - hidemar","robots":{"index":"index","follow":"follow","max-snippet":"max-snippet:-1","max-image-preview":"max-image-preview:large","max-video-preview":"max-video-preview:-1"},"canonical":"https:\/\/www.hidemar.com\/fr\/tienda\/h772\/","og_locale":"fr_FR","og_type":"article","og_title":"H772 - hidemar","og_description":"Chariot multifonctions","og_url":"https:\/\/www.hidemar.com\/fr\/tienda\/h772\/","og_site_name":"hidemar","article_modified_time":"2021-02-04T12:10:01+00:00","og_image":[{"width":800,"height":800,"url":"https:\/\/www.hidemar.com\/wp-content\/uploads\/2020\/09\/h772_nuevo-1.jpg","type":"image\/jpeg"}],"twitter_card":"summary_large_image","twitter_misc":{"Dur\u00e9e de lecture estim\u00e9e":"1 minute"},"schema":{"@context":"https:\/\/schema.org","@graph":[{"@type":"WebPage","@id":"https:\/\/www.hidemar.com\/fr\/tienda\/h772\/","url":"https:\/\/www.hidemar.com\/fr\/tienda\/h772\/","name":"H772 - hidemar","isPartOf":{"@id":"https:\/\/www.hidemar.com\/es\/#website"},"primaryImageOfPage":{"@id":"https:\/\/www.hidemar.com\/fr\/tienda\/h772\/#primaryimage"},"image":{"@id":"https:\/\/www.hidemar.com\/fr\/tienda\/h772\/#primaryimage"},"thumbnailUrl":"https:\/\/www.hidemar.com\/wp-content\/uploads\/2020\/09\/h772_nuevo-1.jpg","datePublished":"2021-02-04T12:09:41+00:00","dateModified":"2021-02-04T12:10:01+00:00","breadcrumb":{"@id":"https:\/\/www.hidemar.com\/fr\/tienda\/h772\/#breadcrumb"},"inLanguage":"fr-FR","potentialAction":[{"@type":"ReadAction","target":["https:\/\/www.hidemar.com\/fr\/tienda\/h772\/"]}]},{"@type":"ImageObject","inLanguage":"fr-FR","@id":"https:\/\/www.hidemar.com\/fr\/tienda\/h772\/#primaryimage","url":"https:\/\/www.hidemar.com\/wp-content\/uploads\/2020\/09\/h772_nuevo-1.jpg","contentUrl":"https:\/\/www.hidemar.com\/wp-content\/uploads\/2020\/09\/h772_nuevo-1.jpg","width":800,"height":800},{"@type":"BreadcrumbList","@id":"https:\/\/www.hidemar.com\/fr\/tienda\/h772\/#breadcrumb","itemListElement":[{"@type":"ListItem","position":1,"name":"Inicio","item":"https:\/\/www.hidemar.com\/fr\/"},{"@type":"ListItem","position":2,"name":"Products","item":"https:\/\/www.hidemar.com\/fr\/shop\/"},{"@type":"ListItem","position":3,"name":"H772"}]},{"@type":"WebSite","@id":"https:\/\/www.hidemar.com\/es\/#website","url":"https:\/\/www.hidemar.com\/es\/","name":"hidemar","description":"Fabricants de meubles de sant\u00e9","potentialAction":[{"@type":"SearchAction","target":{"@type":"EntryPoint","urlTemplate":"https:\/\/www.hidemar.com\/es\/?s={search_term_string}"},"query-input":"required name=search_term_string"}],"inLanguage":"fr-FR"}]}},"_links":{"self":[{"href":"https:\/\/www.hidemar.com\/fr\/wp-json\/wp\/v2\/product\/8099","targetHints":{"allow":["GET"]}}],"collection":[{"href":"https:\/\/www.hidemar.com\/fr\/wp-json\/wp\/v2\/product"}],"about":[{"href":"https:\/\/www.hidemar.com\/fr\/wp-json\/wp\/v2\/types\/product"}],"wp:featuredmedia":[{"embeddable":true,"href":"https:\/\/www.hidemar.com\/fr\/wp-json\/wp\/v2\/media\/10573"}],"wp:attachment":[{"href":"https:\/\/www.hidemar.com\/fr\/wp-json\/wp\/v2\/media?parent=8099"}],"wp:term":[{"taxonomy":"product_cat","embeddable":true,"href":"https:\/\/www.hidemar.com\/fr\/wp-json\/wp\/v2\/product_cat?post=8099"},{"taxonomy":"product_tag","embeddable":true,"href":"https:\/\/www.hidemar.com\/fr\/wp-json\/wp\/v2\/product_tag?post=8099"}],"curies":[{"name":"wp","href":"https:\/\/api.w.org\/{rel}","templated":true}]}}