{"id":8093,"date":"2020-09-03T10:12:29","date_gmt":"2021-02-04T11:24:11","guid":{"rendered":"https:\/\/www.hidemar.com\/tienda\/h775prp\/"},"modified":"2021-04-08T12:40:07","modified_gmt":"2021-04-08T12:40:07","slug":"h775prp","status":"publish","type":"product","link":"https:\/\/www.hidemar.com\/fr\/tienda\/h775prp\/","title":{"rendered":"H775PRP"},"content":{"rendered":"<h4>Chariot d&rsquo;urgence, avec un tiroir \u00ab\u00a0grand\u00a0\u00bb, quatre tiroirs \u00ab\u00a0standard\u00a0\u00bb, et un plan de travail.<\/h4>\n<h3><strong>Caract\u00e9ristiques<\/strong><\/h3>\n<p>Les guides t\u00e9lescopiques des tiroirs permettent une ouverture du 110% et un m\u00e9canisme doux de fermeture automatique. Ils incluent aussi une poign\u00e9e avec un espace \u00e0 \u00e9tiquettes<br \/>\nCouleurs standards: vert, bleu, rouge et jaune.<br \/>\nConsultez-nous d&rsquo;autres couleurs<br \/>\nPoign\u00e9e lat\u00e9rale pour faciliter son mouvement.<br \/>\nPlan de travail avec rebords p\u00e9rim\u00c9trique de 20 mm de hauteur, pour \u00e9viter la chute des liquides et objets, fabriqu\u00e9 en acier inoxydable, mais disponible aussi en plastique ABS.<br \/>\nRoulettes pivotantes de \u00f8100 mm, avec freins et pare-chocs annulaires. Consultez d&rsquo;autres types de roulettes<\/p>\n<h3><strong>Structure et Finition<\/strong><\/h3>\n<p>Structure externe et tiroirs fabriqu\u00e9s en polym\u00e8res ABS renforc\u00e9s.<br \/>\nStructure interne et \u00e9tag\u00e8res fabriqu\u00e9es en acier inoxydable qualit\u00e9 18\/10.<\/p>\n<h3><strong>Accessoires inclus:<\/strong><\/h3>\n<p><strong><a href=\"https:\/\/www.hidemar.com\/fr\/tienda\/7000a\/\" target=\"_blank\" rel=\"noopener noreferrer\">Porte-s\u00e9rum<\/a><\/strong>\u00b7 7000A<br \/>\n<a href=\"https:\/\/www.hidemar.com\/fr\/tienda\/7000b\/\" target=\"_blank\" rel=\"noopener noreferrer\"><strong>Porte-bouteille d&rsquo;oxyg\u00e8ne<\/strong><\/a> \u00b7 7000B<br \/>\n<a href=\"https:\/\/www.hidemar.com\/fr\/tienda\/7000c\/\" target=\"_blank\" rel=\"noopener noreferrer\"><strong>Panneau auxiliaire abattable<\/strong><\/a> \u00b7 7000C<br \/>\n<strong><a href=\"https:\/\/www.hidemar.com\/es\/tienda\/7000d\/\" target=\"_blank\" rel=\"noopener noreferrer\">Table de massaje<\/a><\/strong> \u00b7 7000D<br \/>\n<strong><a href=\"https:\/\/www.hidemar.com\/fr\/tienda\/7000f\/\" target=\"_blank\" rel=\"noopener noreferrer\">Porte d\u00e9fibrillateur giratoire<\/a><\/strong> \u00b7 7000F<br \/>\n<a href=\"https:\/\/www.hidemar.com\/fr\/tienda\/7000g\/\" target=\"_blank\" rel=\"noopener noreferrer\"><strong>Porte distributeurs<\/strong><\/a> avec cinq <a href=\"https:\/\/www.hidemar.com\/fr\/tienda\/7000h5\/\" target=\"_blank\" rel=\"noopener noreferrer\"><strong>bo\u00eetes<\/strong><\/a> \u00b7 7000G + 7000H5<br \/>\n<a href=\"https:\/\/www.hidemar.com\/fr\/tienda\/7000l\/\" target=\"_blank\" rel=\"noopener noreferrer\"><strong>S\u00e9parateurs \/ diviseurs pour 4 tiroirs<\/strong><\/a> \u00b7 7000L<br \/>\n<a href=\"https:\/\/www.hidemar.com\/fr\/tienda\/7000qf\/\" target=\"_blank\" rel=\"noopener noreferrer\"><strong>\u00c9tag\u00e8re porte-objets frontale<\/strong><\/a> \u00b7 7000QF<br \/>\n<a href=\"https:\/\/www.hidemar.com\/fr\/tienda\/7000y\/\" target=\"_blank\" rel=\"noopener noreferrer\"><strong>Seau \u00e0 d\u00e9chets<\/strong><\/a> \u00b7 7000Y<br \/>\n<strong><a href=\"https:\/\/www.hidemar.com\/fr\/tienda\/7000p\/\" target=\"_blank\" rel=\"noopener noreferrer\">Syst\u00e8me de fermeture par scell\u00e9s<\/a> + <a href=\"https:\/\/www.hidemar.com\/fr\/tienda\/7000pd\/\" target=\"_blank\" rel=\"noopener noreferrer\">100 scell\u00e9s jetables<\/a><\/strong> \u00b7 7000P + 7000PD<\/p>\n<h3><strong>Dimensions<\/strong><\/h3>\n<p>Tiroir \u201cStandard\u201d: 560 x 360 x 120 mm<br \/>\nTiroir \u201cGrand\u201d 560 x 360 x 250 mm<br \/>\nPlan de travail \u2022 \u00c9tag\u00e8re: 625 x 365 x 20 mm<br \/>\nDimensions externes: 750 x 490 x 1000 mm<\/p>\n","protected":false},"excerpt":{"rendered":"<p>&nbsp;<\/p>\n<h4>Chariot d&rsquo;urgence<\/h4>\n","protected":false},"featured_media":9950,"template":"","meta":[],"product_cat":[366,117,331],"product_tag":[],"class_list":{"0":"post-8093","1":"product","2":"type-product","3":"status-publish","4":"has-post-thumbnail","6":"product_cat-chariot-durgence","7":"product_cat-chariots-multifonctionnels","8":"product_cat-chariot-multifonctions","10":"first","11":"instock","12":"shipping-taxable","13":"purchasable","14":"product-type-simple"},"yoast_head":"<!-- This site is optimized with the Yoast SEO plugin v23.1 - https:\/\/yoast.com\/wordpress\/plugins\/seo\/ -->\n<title>H775PRP - hidemar<\/title>\n<meta name=\"robots\" content=\"index, follow, max-snippet:-1, max-image-preview:large, max-video-preview:-1\" \/>\n<link rel=\"canonical\" href=\"https:\/\/www.hidemar.com\/fr\/tienda\/h775prp\/\" \/>\n<meta property=\"og:locale\" content=\"fr_FR\" \/>\n<meta property=\"og:type\" content=\"article\" \/>\n<meta property=\"og:title\" content=\"H775PRP - hidemar\" \/>\n<meta property=\"og:description\" content=\"&nbsp; Chariot d&#039;urgence\" \/>\n<meta property=\"og:url\" content=\"https:\/\/www.hidemar.com\/fr\/tienda\/h775prp\/\" \/>\n<meta property=\"og:site_name\" content=\"hidemar\" \/>\n<meta property=\"article:modified_time\" content=\"2021-04-08T12:40:07+00:00\" \/>\n<meta property=\"og:image\" content=\"https:\/\/www.hidemar.com\/wp-content\/uploads\/2020\/09\/h775-prp_nuevo.jpg\" \/>\n\t<meta property=\"og:image:width\" content=\"800\" \/>\n\t<meta property=\"og:image:height\" content=\"800\" \/>\n\t<meta property=\"og:image:type\" content=\"image\/jpeg\" \/>\n<meta name=\"twitter:card\" content=\"summary_large_image\" \/>\n<meta name=\"twitter:label1\" content=\"Dur\u00e9e de lecture estim\u00e9e\" \/>\n\t<meta name=\"twitter:data1\" content=\"1 minute\" \/>\n<script type=\"application\/ld+json\" class=\"yoast-schema-graph\">{\"@context\":\"https:\/\/schema.org\",\"@graph\":[{\"@type\":\"WebPage\",\"@id\":\"https:\/\/www.hidemar.com\/fr\/tienda\/h775prp\/\",\"url\":\"https:\/\/www.hidemar.com\/fr\/tienda\/h775prp\/\",\"name\":\"H775PRP - hidemar\",\"isPartOf\":{\"@id\":\"https:\/\/www.hidemar.com\/es\/#website\"},\"primaryImageOfPage\":{\"@id\":\"https:\/\/www.hidemar.com\/fr\/tienda\/h775prp\/#primaryimage\"},\"image\":{\"@id\":\"https:\/\/www.hidemar.com\/fr\/tienda\/h775prp\/#primaryimage\"},\"thumbnailUrl\":\"https:\/\/www.hidemar.com\/wp-content\/uploads\/2020\/09\/h775-prp_nuevo.jpg\",\"datePublished\":\"2021-02-04T11:24:11+00:00\",\"dateModified\":\"2021-04-08T12:40:07+00:00\",\"breadcrumb\":{\"@id\":\"https:\/\/www.hidemar.com\/fr\/tienda\/h775prp\/#breadcrumb\"},\"inLanguage\":\"fr-FR\",\"potentialAction\":[{\"@type\":\"ReadAction\",\"target\":[\"https:\/\/www.hidemar.com\/fr\/tienda\/h775prp\/\"]}]},{\"@type\":\"ImageObject\",\"inLanguage\":\"fr-FR\",\"@id\":\"https:\/\/www.hidemar.com\/fr\/tienda\/h775prp\/#primaryimage\",\"url\":\"https:\/\/www.hidemar.com\/wp-content\/uploads\/2020\/09\/h775-prp_nuevo.jpg\",\"contentUrl\":\"https:\/\/www.hidemar.com\/wp-content\/uploads\/2020\/09\/h775-prp_nuevo.jpg\",\"width\":800,\"height\":800},{\"@type\":\"BreadcrumbList\",\"@id\":\"https:\/\/www.hidemar.com\/fr\/tienda\/h775prp\/#breadcrumb\",\"itemListElement\":[{\"@type\":\"ListItem\",\"position\":1,\"name\":\"Inicio\",\"item\":\"https:\/\/www.hidemar.com\/fr\/\"},{\"@type\":\"ListItem\",\"position\":2,\"name\":\"Products\",\"item\":\"https:\/\/www.hidemar.com\/fr\/shop\/\"},{\"@type\":\"ListItem\",\"position\":3,\"name\":\"H775PRP\"}]},{\"@type\":\"WebSite\",\"@id\":\"https:\/\/www.hidemar.com\/es\/#website\",\"url\":\"https:\/\/www.hidemar.com\/es\/\",\"name\":\"hidemar\",\"description\":\"Fabricants de meubles de sant\u00e9\",\"potentialAction\":[{\"@type\":\"SearchAction\",\"target\":{\"@type\":\"EntryPoint\",\"urlTemplate\":\"https:\/\/www.hidemar.com\/es\/?s={search_term_string}\"},\"query-input\":\"required name=search_term_string\"}],\"inLanguage\":\"fr-FR\"}]}<\/script>\n<!-- \/ Yoast SEO plugin. -->","yoast_head_json":{"title":"H775PRP - hidemar","robots":{"index":"index","follow":"follow","max-snippet":"max-snippet:-1","max-image-preview":"max-image-preview:large","max-video-preview":"max-video-preview:-1"},"canonical":"https:\/\/www.hidemar.com\/fr\/tienda\/h775prp\/","og_locale":"fr_FR","og_type":"article","og_title":"H775PRP - hidemar","og_description":"&nbsp; Chariot d'urgence","og_url":"https:\/\/www.hidemar.com\/fr\/tienda\/h775prp\/","og_site_name":"hidemar","article_modified_time":"2021-04-08T12:40:07+00:00","og_image":[{"width":800,"height":800,"url":"https:\/\/www.hidemar.com\/wp-content\/uploads\/2020\/09\/h775-prp_nuevo.jpg","type":"image\/jpeg"}],"twitter_card":"summary_large_image","twitter_misc":{"Dur\u00e9e de lecture estim\u00e9e":"1 minute"},"schema":{"@context":"https:\/\/schema.org","@graph":[{"@type":"WebPage","@id":"https:\/\/www.hidemar.com\/fr\/tienda\/h775prp\/","url":"https:\/\/www.hidemar.com\/fr\/tienda\/h775prp\/","name":"H775PRP - hidemar","isPartOf":{"@id":"https:\/\/www.hidemar.com\/es\/#website"},"primaryImageOfPage":{"@id":"https:\/\/www.hidemar.com\/fr\/tienda\/h775prp\/#primaryimage"},"image":{"@id":"https:\/\/www.hidemar.com\/fr\/tienda\/h775prp\/#primaryimage"},"thumbnailUrl":"https:\/\/www.hidemar.com\/wp-content\/uploads\/2020\/09\/h775-prp_nuevo.jpg","datePublished":"2021-02-04T11:24:11+00:00","dateModified":"2021-04-08T12:40:07+00:00","breadcrumb":{"@id":"https:\/\/www.hidemar.com\/fr\/tienda\/h775prp\/#breadcrumb"},"inLanguage":"fr-FR","potentialAction":[{"@type":"ReadAction","target":["https:\/\/www.hidemar.com\/fr\/tienda\/h775prp\/"]}]},{"@type":"ImageObject","inLanguage":"fr-FR","@id":"https:\/\/www.hidemar.com\/fr\/tienda\/h775prp\/#primaryimage","url":"https:\/\/www.hidemar.com\/wp-content\/uploads\/2020\/09\/h775-prp_nuevo.jpg","contentUrl":"https:\/\/www.hidemar.com\/wp-content\/uploads\/2020\/09\/h775-prp_nuevo.jpg","width":800,"height":800},{"@type":"BreadcrumbList","@id":"https:\/\/www.hidemar.com\/fr\/tienda\/h775prp\/#breadcrumb","itemListElement":[{"@type":"ListItem","position":1,"name":"Inicio","item":"https:\/\/www.hidemar.com\/fr\/"},{"@type":"ListItem","position":2,"name":"Products","item":"https:\/\/www.hidemar.com\/fr\/shop\/"},{"@type":"ListItem","position":3,"name":"H775PRP"}]},{"@type":"WebSite","@id":"https:\/\/www.hidemar.com\/es\/#website","url":"https:\/\/www.hidemar.com\/es\/","name":"hidemar","description":"Fabricants de meubles de sant\u00e9","potentialAction":[{"@type":"SearchAction","target":{"@type":"EntryPoint","urlTemplate":"https:\/\/www.hidemar.com\/es\/?s={search_term_string}"},"query-input":"required name=search_term_string"}],"inLanguage":"fr-FR"}]}},"_links":{"self":[{"href":"https:\/\/www.hidemar.com\/fr\/wp-json\/wp\/v2\/product\/8093","targetHints":{"allow":["GET"]}}],"collection":[{"href":"https:\/\/www.hidemar.com\/fr\/wp-json\/wp\/v2\/product"}],"about":[{"href":"https:\/\/www.hidemar.com\/fr\/wp-json\/wp\/v2\/types\/product"}],"wp:featuredmedia":[{"embeddable":true,"href":"https:\/\/www.hidemar.com\/fr\/wp-json\/wp\/v2\/media\/9950"}],"wp:attachment":[{"href":"https:\/\/www.hidemar.com\/fr\/wp-json\/wp\/v2\/media?parent=8093"}],"wp:term":[{"taxonomy":"product_cat","embeddable":true,"href":"https:\/\/www.hidemar.com\/fr\/wp-json\/wp\/v2\/product_cat?post=8093"},{"taxonomy":"product_tag","embeddable":true,"href":"https:\/\/www.hidemar.com\/fr\/wp-json\/wp\/v2\/product_tag?post=8093"}],"curies":[{"name":"wp","href":"https:\/\/api.w.org\/{rel}","templated":true}]}}