{"id":8064,"date":"2020-09-07T08:08:43","date_gmt":"2021-02-03T11:26:05","guid":{"rendered":"https:\/\/www.hidemar.com\/tienda\/h99\/"},"modified":"2021-02-03T11:26:21","modified_gmt":"2021-02-03T11:26:21","slug":"h99","status":"publish","type":"product","link":"https:\/\/www.hidemar.com\/fr\/tienda\/h99\/","title":{"rendered":"H99"},"content":{"rendered":"<h3><strong>Caract\u00e9ristiques<\/strong><\/h3>\n<p>Armature renforc\u00e9e.<br \/>\nDeux \u00e9tag\u00e8res de 900 x 500 mm avec rebord de 50 mm S\u00e9paration entre \u00e9tag\u00e8res : 750 mm<br \/>\nRoulettes de \u00f8100 mm avec parechocs, 2 avec frein.<\/p>\n<h3><strong>Structure et Finition<\/strong><\/h3>\n<p>Fabrication en acier inoxydable, qualit\u00e9 18\/10.<\/p>\n<h3><strong>Accessoires<\/strong><\/h3>\n<p>Roulettes de \u00f8100 mm antistatiques ou standards<\/p>\n<h3><strong>Dimensions<\/strong><\/h3>\n<p>970 x 500 x 940 mm<\/p>\n","protected":false},"excerpt":{"rendered":"<h4>Chariot de transport avec deux \u00e9tag\u00e8res<\/h4>\n","protected":false},"featured_media":9847,"template":"","meta":[],"product_cat":[252],"product_tag":[],"class_list":{"0":"post-8064","1":"product","2":"type-product","3":"status-publish","4":"has-post-thumbnail","6":"product_cat-chariots-de-transport","8":"first","9":"instock","10":"shipping-taxable","11":"purchasable","12":"product-type-variable"},"yoast_head":"<!-- This site is optimized with the Yoast SEO plugin v23.1 - https:\/\/yoast.com\/wordpress\/plugins\/seo\/ -->\n<title>H99 - hidemar<\/title>\n<meta name=\"robots\" content=\"index, follow, max-snippet:-1, max-image-preview:large, max-video-preview:-1\" \/>\n<link rel=\"canonical\" href=\"https:\/\/www.hidemar.com\/fr\/tienda\/h99\/\" \/>\n<meta property=\"og:locale\" content=\"fr_FR\" \/>\n<meta property=\"og:type\" content=\"article\" \/>\n<meta property=\"og:title\" content=\"H99 - hidemar\" \/>\n<meta property=\"og:description\" content=\"Chariot de transport avec deux \u00e9tag\u00e8res\" \/>\n<meta property=\"og:url\" content=\"https:\/\/www.hidemar.com\/fr\/tienda\/h99\/\" \/>\n<meta property=\"og:site_name\" content=\"hidemar\" \/>\n<meta property=\"article:modified_time\" content=\"2021-02-03T11:26:21+00:00\" \/>\n<meta property=\"og:image\" content=\"https:\/\/www.hidemar.com\/wp-content\/uploads\/2020\/09\/h99_nuevo.jpg\" \/>\n\t<meta property=\"og:image:width\" content=\"800\" \/>\n\t<meta property=\"og:image:height\" content=\"800\" \/>\n\t<meta property=\"og:image:type\" content=\"image\/jpeg\" \/>\n<meta name=\"twitter:card\" content=\"summary_large_image\" \/>\n<script type=\"application\/ld+json\" class=\"yoast-schema-graph\">{\"@context\":\"https:\/\/schema.org\",\"@graph\":[{\"@type\":\"WebPage\",\"@id\":\"https:\/\/www.hidemar.com\/fr\/tienda\/h99\/\",\"url\":\"https:\/\/www.hidemar.com\/fr\/tienda\/h99\/\",\"name\":\"H99 - hidemar\",\"isPartOf\":{\"@id\":\"https:\/\/www.hidemar.com\/es\/#website\"},\"primaryImageOfPage\":{\"@id\":\"https:\/\/www.hidemar.com\/fr\/tienda\/h99\/#primaryimage\"},\"image\":{\"@id\":\"https:\/\/www.hidemar.com\/fr\/tienda\/h99\/#primaryimage\"},\"thumbnailUrl\":\"https:\/\/www.hidemar.com\/wp-content\/uploads\/2020\/09\/h99_nuevo.jpg\",\"datePublished\":\"2021-02-03T11:26:05+00:00\",\"dateModified\":\"2021-02-03T11:26:21+00:00\",\"breadcrumb\":{\"@id\":\"https:\/\/www.hidemar.com\/fr\/tienda\/h99\/#breadcrumb\"},\"inLanguage\":\"fr-FR\",\"potentialAction\":[{\"@type\":\"ReadAction\",\"target\":[\"https:\/\/www.hidemar.com\/fr\/tienda\/h99\/\"]}]},{\"@type\":\"ImageObject\",\"inLanguage\":\"fr-FR\",\"@id\":\"https:\/\/www.hidemar.com\/fr\/tienda\/h99\/#primaryimage\",\"url\":\"https:\/\/www.hidemar.com\/wp-content\/uploads\/2020\/09\/h99_nuevo.jpg\",\"contentUrl\":\"https:\/\/www.hidemar.com\/wp-content\/uploads\/2020\/09\/h99_nuevo.jpg\",\"width\":800,\"height\":800},{\"@type\":\"BreadcrumbList\",\"@id\":\"https:\/\/www.hidemar.com\/fr\/tienda\/h99\/#breadcrumb\",\"itemListElement\":[{\"@type\":\"ListItem\",\"position\":1,\"name\":\"Inicio\",\"item\":\"https:\/\/www.hidemar.com\/fr\/\"},{\"@type\":\"ListItem\",\"position\":2,\"name\":\"Products\",\"item\":\"https:\/\/www.hidemar.com\/fr\/shop\/\"},{\"@type\":\"ListItem\",\"position\":3,\"name\":\"H99\"}]},{\"@type\":\"WebSite\",\"@id\":\"https:\/\/www.hidemar.com\/es\/#website\",\"url\":\"https:\/\/www.hidemar.com\/es\/\",\"name\":\"hidemar\",\"description\":\"Fabricants de meubles de sant\u00e9\",\"potentialAction\":[{\"@type\":\"SearchAction\",\"target\":{\"@type\":\"EntryPoint\",\"urlTemplate\":\"https:\/\/www.hidemar.com\/es\/?s={search_term_string}\"},\"query-input\":\"required name=search_term_string\"}],\"inLanguage\":\"fr-FR\"}]}<\/script>\n<!-- \/ Yoast SEO plugin. -->","yoast_head_json":{"title":"H99 - hidemar","robots":{"index":"index","follow":"follow","max-snippet":"max-snippet:-1","max-image-preview":"max-image-preview:large","max-video-preview":"max-video-preview:-1"},"canonical":"https:\/\/www.hidemar.com\/fr\/tienda\/h99\/","og_locale":"fr_FR","og_type":"article","og_title":"H99 - hidemar","og_description":"Chariot de transport avec deux \u00e9tag\u00e8res","og_url":"https:\/\/www.hidemar.com\/fr\/tienda\/h99\/","og_site_name":"hidemar","article_modified_time":"2021-02-03T11:26:21+00:00","og_image":[{"width":800,"height":800,"url":"https:\/\/www.hidemar.com\/wp-content\/uploads\/2020\/09\/h99_nuevo.jpg","type":"image\/jpeg"}],"twitter_card":"summary_large_image","schema":{"@context":"https:\/\/schema.org","@graph":[{"@type":"WebPage","@id":"https:\/\/www.hidemar.com\/fr\/tienda\/h99\/","url":"https:\/\/www.hidemar.com\/fr\/tienda\/h99\/","name":"H99 - hidemar","isPartOf":{"@id":"https:\/\/www.hidemar.com\/es\/#website"},"primaryImageOfPage":{"@id":"https:\/\/www.hidemar.com\/fr\/tienda\/h99\/#primaryimage"},"image":{"@id":"https:\/\/www.hidemar.com\/fr\/tienda\/h99\/#primaryimage"},"thumbnailUrl":"https:\/\/www.hidemar.com\/wp-content\/uploads\/2020\/09\/h99_nuevo.jpg","datePublished":"2021-02-03T11:26:05+00:00","dateModified":"2021-02-03T11:26:21+00:00","breadcrumb":{"@id":"https:\/\/www.hidemar.com\/fr\/tienda\/h99\/#breadcrumb"},"inLanguage":"fr-FR","potentialAction":[{"@type":"ReadAction","target":["https:\/\/www.hidemar.com\/fr\/tienda\/h99\/"]}]},{"@type":"ImageObject","inLanguage":"fr-FR","@id":"https:\/\/www.hidemar.com\/fr\/tienda\/h99\/#primaryimage","url":"https:\/\/www.hidemar.com\/wp-content\/uploads\/2020\/09\/h99_nuevo.jpg","contentUrl":"https:\/\/www.hidemar.com\/wp-content\/uploads\/2020\/09\/h99_nuevo.jpg","width":800,"height":800},{"@type":"BreadcrumbList","@id":"https:\/\/www.hidemar.com\/fr\/tienda\/h99\/#breadcrumb","itemListElement":[{"@type":"ListItem","position":1,"name":"Inicio","item":"https:\/\/www.hidemar.com\/fr\/"},{"@type":"ListItem","position":2,"name":"Products","item":"https:\/\/www.hidemar.com\/fr\/shop\/"},{"@type":"ListItem","position":3,"name":"H99"}]},{"@type":"WebSite","@id":"https:\/\/www.hidemar.com\/es\/#website","url":"https:\/\/www.hidemar.com\/es\/","name":"hidemar","description":"Fabricants de meubles de sant\u00e9","potentialAction":[{"@type":"SearchAction","target":{"@type":"EntryPoint","urlTemplate":"https:\/\/www.hidemar.com\/es\/?s={search_term_string}"},"query-input":"required name=search_term_string"}],"inLanguage":"fr-FR"}]}},"_links":{"self":[{"href":"https:\/\/www.hidemar.com\/fr\/wp-json\/wp\/v2\/product\/8064","targetHints":{"allow":["GET"]}}],"collection":[{"href":"https:\/\/www.hidemar.com\/fr\/wp-json\/wp\/v2\/product"}],"about":[{"href":"https:\/\/www.hidemar.com\/fr\/wp-json\/wp\/v2\/types\/product"}],"wp:featuredmedia":[{"embeddable":true,"href":"https:\/\/www.hidemar.com\/fr\/wp-json\/wp\/v2\/media\/9847"}],"wp:attachment":[{"href":"https:\/\/www.hidemar.com\/fr\/wp-json\/wp\/v2\/media?parent=8064"}],"wp:term":[{"taxonomy":"product_cat","embeddable":true,"href":"https:\/\/www.hidemar.com\/fr\/wp-json\/wp\/v2\/product_cat?post=8064"},{"taxonomy":"product_tag","embeddable":true,"href":"https:\/\/www.hidemar.com\/fr\/wp-json\/wp\/v2\/product_tag?post=8064"}],"curies":[{"name":"wp","href":"https:\/\/api.w.org\/{rel}","templated":true}]}}