{"id":8061,"date":"2020-09-07T08:37:37","date_gmt":"2021-02-03T11:20:35","guid":{"rendered":"https:\/\/www.hidemar.com\/tienda\/h963\/"},"modified":"2021-12-14T12:44:32","modified_gmt":"2021-12-14T12:44:32","slug":"h963","status":"publish","type":"product","link":"https:\/\/www.hidemar.com\/fr\/tienda\/h963\/","title":{"rendered":"H963"},"content":{"rendered":"<h3><strong>Caract\u00e9ristiques<\/strong><\/h3>\n<p>Couvercle de couleur \u00e0 choisir, activ\u00e9 par p\u00e9dale. Fabrication en plastique ABS.<br \/>\nFixation du sac par pression de l\u2019anneau p\u00e9rim\u00e9trique en caoutchouc.<br \/>\nLe sac couvre facilement l&rsquo;int\u00e9rieur et l&rsquo;ext\u00e9rieur de l&rsquo;anneau en assurant une hygi\u00e8ne parfaite et un emp\u00eachement du d\u00e9placement accidentel du sac pendant l\u2019utilisation<br \/>\nSacs jetables ou r\u00e9utilisables (sac non inclus)<br \/>\nPoign\u00e9e pour un d\u00e9placement facile.<\/p>\n<h3><strong>Structure et Finition<\/strong><\/h3>\n<p>Structure fabriqu\u00e9e en plastique ABS et acier inoxydable 18\/10.<\/p>\n<h3><strong>Accessoires<\/strong><\/h3>\n<p>Roulettes de \u00f880 mm dont deux avec freins<\/p>\n<h3><strong>Dimensions<\/strong><\/h3>\n<p>L\u2019anneau: 350 x 255 mm<br \/>\nCapacit\u00e9 du sac: 70 litros.<br \/>\nG\u00e9n\u00e9rales: 1120 x 540 x 930 mm<\/p>\n","protected":false},"excerpt":{"rendered":"<h4>Chariot \u00e0 linge de 3 seins<\/h4>\n","protected":false},"featured_media":9829,"template":"","meta":[],"product_cat":[252],"product_tag":[],"class_list":{"0":"post-8061","1":"product","2":"type-product","3":"status-publish","4":"has-post-thumbnail","6":"product_cat-chariots-de-transport","8":"first","9":"instock","10":"shipping-taxable","11":"purchasable","12":"product-type-simple"},"yoast_head":"<!-- This site is optimized with the Yoast SEO plugin v23.1 - https:\/\/yoast.com\/wordpress\/plugins\/seo\/ -->\n<title>H963 - hidemar<\/title>\n<meta name=\"robots\" content=\"index, follow, max-snippet:-1, max-image-preview:large, max-video-preview:-1\" \/>\n<link rel=\"canonical\" href=\"https:\/\/www.hidemar.com\/fr\/tienda\/h963\/\" \/>\n<meta property=\"og:locale\" content=\"fr_FR\" \/>\n<meta property=\"og:type\" content=\"article\" \/>\n<meta property=\"og:title\" content=\"H963 - hidemar\" \/>\n<meta property=\"og:description\" content=\"Chariot \u00e0 linge de 3 seins\" \/>\n<meta property=\"og:url\" content=\"https:\/\/www.hidemar.com\/fr\/tienda\/h963\/\" \/>\n<meta property=\"og:site_name\" content=\"hidemar\" \/>\n<meta property=\"article:modified_time\" content=\"2021-12-14T12:44:32+00:00\" \/>\n<meta property=\"og:image\" content=\"https:\/\/www.hidemar.com\/wp-content\/uploads\/2020\/09\/h963_nuevo.jpg\" \/>\n\t<meta property=\"og:image:width\" content=\"800\" \/>\n\t<meta property=\"og:image:height\" content=\"800\" \/>\n\t<meta property=\"og:image:type\" content=\"image\/jpeg\" \/>\n<meta name=\"twitter:card\" content=\"summary_large_image\" \/>\n<meta name=\"twitter:label1\" content=\"Dur\u00e9e de lecture estim\u00e9e\" \/>\n\t<meta name=\"twitter:data1\" content=\"1 minute\" \/>\n<script type=\"application\/ld+json\" class=\"yoast-schema-graph\">{\"@context\":\"https:\/\/schema.org\",\"@graph\":[{\"@type\":\"WebPage\",\"@id\":\"https:\/\/www.hidemar.com\/fr\/tienda\/h963\/\",\"url\":\"https:\/\/www.hidemar.com\/fr\/tienda\/h963\/\",\"name\":\"H963 - hidemar\",\"isPartOf\":{\"@id\":\"https:\/\/www.hidemar.com\/es\/#website\"},\"primaryImageOfPage\":{\"@id\":\"https:\/\/www.hidemar.com\/fr\/tienda\/h963\/#primaryimage\"},\"image\":{\"@id\":\"https:\/\/www.hidemar.com\/fr\/tienda\/h963\/#primaryimage\"},\"thumbnailUrl\":\"https:\/\/www.hidemar.com\/wp-content\/uploads\/2020\/09\/h963_nuevo.jpg\",\"datePublished\":\"2021-02-03T11:20:35+00:00\",\"dateModified\":\"2021-12-14T12:44:32+00:00\",\"breadcrumb\":{\"@id\":\"https:\/\/www.hidemar.com\/fr\/tienda\/h963\/#breadcrumb\"},\"inLanguage\":\"fr-FR\",\"potentialAction\":[{\"@type\":\"ReadAction\",\"target\":[\"https:\/\/www.hidemar.com\/fr\/tienda\/h963\/\"]}]},{\"@type\":\"ImageObject\",\"inLanguage\":\"fr-FR\",\"@id\":\"https:\/\/www.hidemar.com\/fr\/tienda\/h963\/#primaryimage\",\"url\":\"https:\/\/www.hidemar.com\/wp-content\/uploads\/2020\/09\/h963_nuevo.jpg\",\"contentUrl\":\"https:\/\/www.hidemar.com\/wp-content\/uploads\/2020\/09\/h963_nuevo.jpg\",\"width\":800,\"height\":800},{\"@type\":\"BreadcrumbList\",\"@id\":\"https:\/\/www.hidemar.com\/fr\/tienda\/h963\/#breadcrumb\",\"itemListElement\":[{\"@type\":\"ListItem\",\"position\":1,\"name\":\"Inicio\",\"item\":\"https:\/\/www.hidemar.com\/fr\/\"},{\"@type\":\"ListItem\",\"position\":2,\"name\":\"Products\",\"item\":\"https:\/\/www.hidemar.com\/fr\/shop\/\"},{\"@type\":\"ListItem\",\"position\":3,\"name\":\"H963\"}]},{\"@type\":\"WebSite\",\"@id\":\"https:\/\/www.hidemar.com\/es\/#website\",\"url\":\"https:\/\/www.hidemar.com\/es\/\",\"name\":\"hidemar\",\"description\":\"Fabricants de meubles de sant\u00e9\",\"potentialAction\":[{\"@type\":\"SearchAction\",\"target\":{\"@type\":\"EntryPoint\",\"urlTemplate\":\"https:\/\/www.hidemar.com\/es\/?s={search_term_string}\"},\"query-input\":\"required name=search_term_string\"}],\"inLanguage\":\"fr-FR\"}]}<\/script>\n<!-- \/ Yoast SEO plugin. -->","yoast_head_json":{"title":"H963 - hidemar","robots":{"index":"index","follow":"follow","max-snippet":"max-snippet:-1","max-image-preview":"max-image-preview:large","max-video-preview":"max-video-preview:-1"},"canonical":"https:\/\/www.hidemar.com\/fr\/tienda\/h963\/","og_locale":"fr_FR","og_type":"article","og_title":"H963 - hidemar","og_description":"Chariot \u00e0 linge de 3 seins","og_url":"https:\/\/www.hidemar.com\/fr\/tienda\/h963\/","og_site_name":"hidemar","article_modified_time":"2021-12-14T12:44:32+00:00","og_image":[{"width":800,"height":800,"url":"https:\/\/www.hidemar.com\/wp-content\/uploads\/2020\/09\/h963_nuevo.jpg","type":"image\/jpeg"}],"twitter_card":"summary_large_image","twitter_misc":{"Dur\u00e9e de lecture estim\u00e9e":"1 minute"},"schema":{"@context":"https:\/\/schema.org","@graph":[{"@type":"WebPage","@id":"https:\/\/www.hidemar.com\/fr\/tienda\/h963\/","url":"https:\/\/www.hidemar.com\/fr\/tienda\/h963\/","name":"H963 - hidemar","isPartOf":{"@id":"https:\/\/www.hidemar.com\/es\/#website"},"primaryImageOfPage":{"@id":"https:\/\/www.hidemar.com\/fr\/tienda\/h963\/#primaryimage"},"image":{"@id":"https:\/\/www.hidemar.com\/fr\/tienda\/h963\/#primaryimage"},"thumbnailUrl":"https:\/\/www.hidemar.com\/wp-content\/uploads\/2020\/09\/h963_nuevo.jpg","datePublished":"2021-02-03T11:20:35+00:00","dateModified":"2021-12-14T12:44:32+00:00","breadcrumb":{"@id":"https:\/\/www.hidemar.com\/fr\/tienda\/h963\/#breadcrumb"},"inLanguage":"fr-FR","potentialAction":[{"@type":"ReadAction","target":["https:\/\/www.hidemar.com\/fr\/tienda\/h963\/"]}]},{"@type":"ImageObject","inLanguage":"fr-FR","@id":"https:\/\/www.hidemar.com\/fr\/tienda\/h963\/#primaryimage","url":"https:\/\/www.hidemar.com\/wp-content\/uploads\/2020\/09\/h963_nuevo.jpg","contentUrl":"https:\/\/www.hidemar.com\/wp-content\/uploads\/2020\/09\/h963_nuevo.jpg","width":800,"height":800},{"@type":"BreadcrumbList","@id":"https:\/\/www.hidemar.com\/fr\/tienda\/h963\/#breadcrumb","itemListElement":[{"@type":"ListItem","position":1,"name":"Inicio","item":"https:\/\/www.hidemar.com\/fr\/"},{"@type":"ListItem","position":2,"name":"Products","item":"https:\/\/www.hidemar.com\/fr\/shop\/"},{"@type":"ListItem","position":3,"name":"H963"}]},{"@type":"WebSite","@id":"https:\/\/www.hidemar.com\/es\/#website","url":"https:\/\/www.hidemar.com\/es\/","name":"hidemar","description":"Fabricants de meubles de sant\u00e9","potentialAction":[{"@type":"SearchAction","target":{"@type":"EntryPoint","urlTemplate":"https:\/\/www.hidemar.com\/es\/?s={search_term_string}"},"query-input":"required name=search_term_string"}],"inLanguage":"fr-FR"}]}},"_links":{"self":[{"href":"https:\/\/www.hidemar.com\/fr\/wp-json\/wp\/v2\/product\/8061","targetHints":{"allow":["GET"]}}],"collection":[{"href":"https:\/\/www.hidemar.com\/fr\/wp-json\/wp\/v2\/product"}],"about":[{"href":"https:\/\/www.hidemar.com\/fr\/wp-json\/wp\/v2\/types\/product"}],"wp:featuredmedia":[{"embeddable":true,"href":"https:\/\/www.hidemar.com\/fr\/wp-json\/wp\/v2\/media\/9829"}],"wp:attachment":[{"href":"https:\/\/www.hidemar.com\/fr\/wp-json\/wp\/v2\/media?parent=8061"}],"wp:term":[{"taxonomy":"product_cat","embeddable":true,"href":"https:\/\/www.hidemar.com\/fr\/wp-json\/wp\/v2\/product_cat?post=8061"},{"taxonomy":"product_tag","embeddable":true,"href":"https:\/\/www.hidemar.com\/fr\/wp-json\/wp\/v2\/product_tag?post=8061"}],"curies":[{"name":"wp","href":"https:\/\/api.w.org\/{rel}","templated":true}]}}