{"id":7794,"date":"2020-08-28T10:19:59","date_gmt":"2021-01-21T12:14:18","guid":{"rendered":"https:\/\/www.hidemar.com\/tienda\/h301\/"},"modified":"2021-02-08T10:30:42","modified_gmt":"2021-02-08T10:30:42","slug":"h301","status":"publish","type":"product","link":"https:\/\/www.hidemar.com\/fr\/tienda\/h301\/","title":{"rendered":"H301"},"content":{"rendered":"<h3><strong>Caract\u00e9ristiques<\/strong><\/h3>\n<p>Fauteuil sp\u00e9cialement con\u00e7u pour les examens de gyn\u00e9cologie et d&rsquo;urologie.<br \/>\nTapisserie de haute qualit\u00e9 tr\u00e8s facile \u00e0 nettoyer, ignifuge et antibact\u00e9rienne, r\u00e9sistante \u00e0 l&rsquo;urine, au sang et aux produits d\u00e9sinfectants, sp\u00e9cialement recommand\u00e9e pour son utilisation dans les h\u00f4pitaux. Couleur \u00e0 choisir<br \/>\nFauteuil \u00e9quip\u00e9 avec trois moteurs de tension basse facilement actionn\u00e9s par le patient ou personnel sanitaire, en permettant les mouvements suivants: inclinaison ind\u00e9pendante du dossier et du repose-pieds, inclinaison simultan\u00e9e des deux jusqu&rsquo;\u00e0 obtenir la position horizontale (1950 mm), r\u00e9glage en hauteur (550 &#8211; 900 mm) et position de Trendelenburg 12\u00b0.<br \/>\nDossier avec un coussin r\u00e9glable pour le confort du patient.<br \/>\nSi\u00e8ge sp\u00e9cialement con\u00e7u pour la gyn\u00e9cologie avec un bac \u00e0 d\u00e9chets en acier inoxydable sous le si\u00e8ge.<br \/>\nRepose-pieds anatomiques r\u00e9glables en hauteur et en position.<br \/>\nQuatre roulettes pivotantes \u00f8 100 mm avec frein.<\/p>\n<h3><strong>Structure et Finition<\/strong><\/h3>\n<p>Base de protection fabriqu\u00e9e en ABS.<br \/>\nStructure fabriqu\u00e9e en acier \u00e9maill\u00e9 \u00e9poxy<\/p>\n<h3><strong>Accessoires<\/strong><\/h3>\n<p>Porte-rouleau de papier inclus. Consultez d&rsquo;autres accessoires optionnels (pieds \u00e0 perfusion, plateaux porte-objets, etc.).<\/p>\n<h3><strong>Dimensions<\/strong><\/h3>\n<p>Lit: 1950 x 600 mm<br \/>\nDossier: 900 x 600 mm<br \/>\nSi\u00e8ge: 500 x 600 mm<br \/>\nRepose-pieds: 500 x 600 mm<br \/>\nCapacit\u00e9 de charge: 175 kg<\/p>\n<p>G\u00e9n\u00e9rales: 1950 &#8211; 900 x 660 x 1400 mm<\/p>\n","protected":false},"excerpt":{"rendered":"<h4>Fauteuil gyn\u00e9cologique \u00e9lectrique<\/h4>\n","protected":false},"featured_media":10448,"template":"","meta":[],"product_cat":[150],"product_tag":[],"class_list":{"0":"post-7794","1":"product","2":"type-product","3":"status-publish","4":"has-post-thumbnail","6":"product_cat-fauteuils-multifonctionnels","8":"first","9":"instock","10":"shipping-taxable","11":"purchasable","12":"product-type-simple"},"yoast_head":"<!-- This site is optimized with the Yoast SEO plugin v23.1 - https:\/\/yoast.com\/wordpress\/plugins\/seo\/ -->\n<title>H301 - hidemar<\/title>\n<meta name=\"robots\" content=\"index, follow, max-snippet:-1, max-image-preview:large, max-video-preview:-1\" \/>\n<link rel=\"canonical\" href=\"https:\/\/www.hidemar.com\/fr\/tienda\/h301\/\" \/>\n<meta property=\"og:locale\" content=\"fr_FR\" \/>\n<meta property=\"og:type\" content=\"article\" \/>\n<meta property=\"og:title\" content=\"H301 - hidemar\" \/>\n<meta property=\"og:description\" content=\"Fauteuil gyn\u00e9cologique \u00e9lectrique\" \/>\n<meta property=\"og:url\" content=\"https:\/\/www.hidemar.com\/fr\/tienda\/h301\/\" \/>\n<meta property=\"og:site_name\" content=\"hidemar\" \/>\n<meta property=\"article:modified_time\" content=\"2021-02-08T10:30:42+00:00\" \/>\n<meta property=\"og:image\" content=\"https:\/\/www.hidemar.com\/wp-content\/uploads\/2020\/08\/h301_2017-VERDE_nuevo.jpg\" \/>\n\t<meta property=\"og:image:width\" content=\"800\" \/>\n\t<meta property=\"og:image:height\" content=\"800\" \/>\n\t<meta property=\"og:image:type\" content=\"image\/jpeg\" \/>\n<meta name=\"twitter:card\" content=\"summary_large_image\" \/>\n<meta name=\"twitter:label1\" content=\"Dur\u00e9e de lecture estim\u00e9e\" \/>\n\t<meta name=\"twitter:data1\" content=\"1 minute\" \/>\n<script type=\"application\/ld+json\" class=\"yoast-schema-graph\">{\"@context\":\"https:\/\/schema.org\",\"@graph\":[{\"@type\":\"WebPage\",\"@id\":\"https:\/\/www.hidemar.com\/fr\/tienda\/h301\/\",\"url\":\"https:\/\/www.hidemar.com\/fr\/tienda\/h301\/\",\"name\":\"H301 - hidemar\",\"isPartOf\":{\"@id\":\"https:\/\/www.hidemar.com\/es\/#website\"},\"primaryImageOfPage\":{\"@id\":\"https:\/\/www.hidemar.com\/fr\/tienda\/h301\/#primaryimage\"},\"image\":{\"@id\":\"https:\/\/www.hidemar.com\/fr\/tienda\/h301\/#primaryimage\"},\"thumbnailUrl\":\"https:\/\/www.hidemar.com\/wp-content\/uploads\/2020\/08\/h301_2017-VERDE_nuevo.jpg\",\"datePublished\":\"2021-01-21T12:14:18+00:00\",\"dateModified\":\"2021-02-08T10:30:42+00:00\",\"breadcrumb\":{\"@id\":\"https:\/\/www.hidemar.com\/fr\/tienda\/h301\/#breadcrumb\"},\"inLanguage\":\"fr-FR\",\"potentialAction\":[{\"@type\":\"ReadAction\",\"target\":[\"https:\/\/www.hidemar.com\/fr\/tienda\/h301\/\"]}]},{\"@type\":\"ImageObject\",\"inLanguage\":\"fr-FR\",\"@id\":\"https:\/\/www.hidemar.com\/fr\/tienda\/h301\/#primaryimage\",\"url\":\"https:\/\/www.hidemar.com\/wp-content\/uploads\/2020\/08\/h301_2017-VERDE_nuevo.jpg\",\"contentUrl\":\"https:\/\/www.hidemar.com\/wp-content\/uploads\/2020\/08\/h301_2017-VERDE_nuevo.jpg\",\"width\":800,\"height\":800},{\"@type\":\"BreadcrumbList\",\"@id\":\"https:\/\/www.hidemar.com\/fr\/tienda\/h301\/#breadcrumb\",\"itemListElement\":[{\"@type\":\"ListItem\",\"position\":1,\"name\":\"Inicio\",\"item\":\"https:\/\/www.hidemar.com\/fr\/\"},{\"@type\":\"ListItem\",\"position\":2,\"name\":\"Products\",\"item\":\"https:\/\/www.hidemar.com\/fr\/shop\/\"},{\"@type\":\"ListItem\",\"position\":3,\"name\":\"H301\"}]},{\"@type\":\"WebSite\",\"@id\":\"https:\/\/www.hidemar.com\/es\/#website\",\"url\":\"https:\/\/www.hidemar.com\/es\/\",\"name\":\"hidemar\",\"description\":\"Fabricants de meubles de sant\u00e9\",\"potentialAction\":[{\"@type\":\"SearchAction\",\"target\":{\"@type\":\"EntryPoint\",\"urlTemplate\":\"https:\/\/www.hidemar.com\/es\/?s={search_term_string}\"},\"query-input\":\"required name=search_term_string\"}],\"inLanguage\":\"fr-FR\"}]}<\/script>\n<!-- \/ Yoast SEO plugin. -->","yoast_head_json":{"title":"H301 - hidemar","robots":{"index":"index","follow":"follow","max-snippet":"max-snippet:-1","max-image-preview":"max-image-preview:large","max-video-preview":"max-video-preview:-1"},"canonical":"https:\/\/www.hidemar.com\/fr\/tienda\/h301\/","og_locale":"fr_FR","og_type":"article","og_title":"H301 - hidemar","og_description":"Fauteuil gyn\u00e9cologique \u00e9lectrique","og_url":"https:\/\/www.hidemar.com\/fr\/tienda\/h301\/","og_site_name":"hidemar","article_modified_time":"2021-02-08T10:30:42+00:00","og_image":[{"width":800,"height":800,"url":"https:\/\/www.hidemar.com\/wp-content\/uploads\/2020\/08\/h301_2017-VERDE_nuevo.jpg","type":"image\/jpeg"}],"twitter_card":"summary_large_image","twitter_misc":{"Dur\u00e9e de lecture estim\u00e9e":"1 minute"},"schema":{"@context":"https:\/\/schema.org","@graph":[{"@type":"WebPage","@id":"https:\/\/www.hidemar.com\/fr\/tienda\/h301\/","url":"https:\/\/www.hidemar.com\/fr\/tienda\/h301\/","name":"H301 - hidemar","isPartOf":{"@id":"https:\/\/www.hidemar.com\/es\/#website"},"primaryImageOfPage":{"@id":"https:\/\/www.hidemar.com\/fr\/tienda\/h301\/#primaryimage"},"image":{"@id":"https:\/\/www.hidemar.com\/fr\/tienda\/h301\/#primaryimage"},"thumbnailUrl":"https:\/\/www.hidemar.com\/wp-content\/uploads\/2020\/08\/h301_2017-VERDE_nuevo.jpg","datePublished":"2021-01-21T12:14:18+00:00","dateModified":"2021-02-08T10:30:42+00:00","breadcrumb":{"@id":"https:\/\/www.hidemar.com\/fr\/tienda\/h301\/#breadcrumb"},"inLanguage":"fr-FR","potentialAction":[{"@type":"ReadAction","target":["https:\/\/www.hidemar.com\/fr\/tienda\/h301\/"]}]},{"@type":"ImageObject","inLanguage":"fr-FR","@id":"https:\/\/www.hidemar.com\/fr\/tienda\/h301\/#primaryimage","url":"https:\/\/www.hidemar.com\/wp-content\/uploads\/2020\/08\/h301_2017-VERDE_nuevo.jpg","contentUrl":"https:\/\/www.hidemar.com\/wp-content\/uploads\/2020\/08\/h301_2017-VERDE_nuevo.jpg","width":800,"height":800},{"@type":"BreadcrumbList","@id":"https:\/\/www.hidemar.com\/fr\/tienda\/h301\/#breadcrumb","itemListElement":[{"@type":"ListItem","position":1,"name":"Inicio","item":"https:\/\/www.hidemar.com\/fr\/"},{"@type":"ListItem","position":2,"name":"Products","item":"https:\/\/www.hidemar.com\/fr\/shop\/"},{"@type":"ListItem","position":3,"name":"H301"}]},{"@type":"WebSite","@id":"https:\/\/www.hidemar.com\/es\/#website","url":"https:\/\/www.hidemar.com\/es\/","name":"hidemar","description":"Fabricants de meubles de sant\u00e9","potentialAction":[{"@type":"SearchAction","target":{"@type":"EntryPoint","urlTemplate":"https:\/\/www.hidemar.com\/es\/?s={search_term_string}"},"query-input":"required name=search_term_string"}],"inLanguage":"fr-FR"}]}},"_links":{"self":[{"href":"https:\/\/www.hidemar.com\/fr\/wp-json\/wp\/v2\/product\/7794","targetHints":{"allow":["GET"]}}],"collection":[{"href":"https:\/\/www.hidemar.com\/fr\/wp-json\/wp\/v2\/product"}],"about":[{"href":"https:\/\/www.hidemar.com\/fr\/wp-json\/wp\/v2\/types\/product"}],"wp:featuredmedia":[{"embeddable":true,"href":"https:\/\/www.hidemar.com\/fr\/wp-json\/wp\/v2\/media\/10448"}],"wp:attachment":[{"href":"https:\/\/www.hidemar.com\/fr\/wp-json\/wp\/v2\/media?parent=7794"}],"wp:term":[{"taxonomy":"product_cat","embeddable":true,"href":"https:\/\/www.hidemar.com\/fr\/wp-json\/wp\/v2\/product_cat?post=7794"},{"taxonomy":"product_tag","embeddable":true,"href":"https:\/\/www.hidemar.com\/fr\/wp-json\/wp\/v2\/product_tag?post=7794"}],"curies":[{"name":"wp","href":"https:\/\/api.w.org\/{rel}","templated":true}]}}