{"id":7218,"date":"2020-09-08T07:01:09","date_gmt":"2020-12-10T12:28:30","guid":{"rendered":"https:\/\/www.hidemar.com\/tienda\/h06-hydraulique\/"},"modified":"2021-05-20T11:56:11","modified_gmt":"2021-05-20T11:56:11","slug":"h06-hydraulique","status":"publish","type":"product","link":"https:\/\/www.hidemar.com\/fr\/tienda\/h06-hydraulique\/","title":{"rendered":"H06 hydraulique"},"content":{"rendered":"<h3><strong>Caract\u00e9ristiques<\/strong><\/h3>\n<p>Syst\u00e8me hydraulique pour \u00e9l\u00e9vation et descente<br \/>\nActionn\u00e9 par une p\u00e9dale \u00e0 chaque c\u00f4t\u00e9<br \/>\nHauteur minimum &#8211; maximum: 550 &#8211; 900 mm<br \/>\nDossier articul\u00e9 entre +70\u00b0 et -15\u00b0 par ressort \u00e0 gaz.<br \/>\nRepose-pied articul\u00e9 entre +30\u00b0 et -30\u00b0 par ressort \u00e0 gaz.<br \/>\nDossier avec ouverture faciale avec bouchon<br \/>\nTapisserie en vinyle de couleur \u00e0 choisir, ignifuge, avec l\u2019int\u00e9rieur en mousse moelleuse de haute densit\u00e9.<br \/>\nSyst\u00e8me de roulement r\u00e9tractable.<\/p>\n<h3><strong>Structure et Finition<\/strong><\/h3>\n<p>Fabrication en acier \u00e9maill\u00e9 \u00e9poxy<\/p>\n<h3><strong>Accessoires<\/strong><\/h3>\n<p>Porte rouleau de papier inclus<\/p>\n<h3><strong>Dimensions<\/strong><\/h3>\n<p>Lit: 1900 x 700 mm<br \/>\nDossier: 700 x 700 mm<br \/>\nSi\u00e8ge: 600 x 700 mm<br \/>\nRepose-pieds: 600 x 700 mm<\/p>\n","protected":false},"excerpt":{"rendered":"<p>&nbsp;<\/p>\n<h4>divans de 3 sections \u00c9l\u00e9vation hydraulique<\/h4>\n","protected":false},"featured_media":9753,"template":"","meta":[],"product_cat":[114,248],"product_tag":[],"class_list":{"0":"post-7218","1":"product","2":"type-product","3":"status-publish","4":"has-post-thumbnail","6":"product_cat-brancards-fr","7":"product_cat-hauteur-variable","9":"first","10":"instock","11":"shipping-taxable","12":"purchasable","13":"product-type-simple"},"yoast_head":"<!-- This site is optimized with the Yoast SEO plugin v23.1 - https:\/\/yoast.com\/wordpress\/plugins\/seo\/ -->\n<title>H06 hydraulique - hidemar<\/title>\n<meta name=\"robots\" content=\"index, follow, max-snippet:-1, max-image-preview:large, max-video-preview:-1\" \/>\n<link rel=\"canonical\" href=\"https:\/\/www.hidemar.com\/fr\/tienda\/h06-hydraulique\/\" \/>\n<meta property=\"og:locale\" content=\"fr_FR\" \/>\n<meta property=\"og:type\" content=\"article\" \/>\n<meta property=\"og:title\" content=\"H06 hydraulique - hidemar\" \/>\n<meta property=\"og:description\" content=\"&nbsp; divans de 3 sections \u00c9l\u00e9vation hydraulique\" \/>\n<meta property=\"og:url\" content=\"https:\/\/www.hidemar.com\/fr\/tienda\/h06-hydraulique\/\" \/>\n<meta property=\"og:site_name\" content=\"hidemar\" \/>\n<meta property=\"article:modified_time\" content=\"2021-05-20T11:56:11+00:00\" \/>\n<meta property=\"og:image\" content=\"https:\/\/www.hidemar.com\/wp-content\/uploads\/2020\/09\/H06-hidraulico-tapon-NUEVO-azul_nuevo.jpg\" \/>\n\t<meta property=\"og:image:width\" content=\"800\" \/>\n\t<meta property=\"og:image:height\" content=\"800\" \/>\n\t<meta property=\"og:image:type\" content=\"image\/jpeg\" \/>\n<meta name=\"twitter:card\" content=\"summary_large_image\" \/>\n<script type=\"application\/ld+json\" class=\"yoast-schema-graph\">{\"@context\":\"https:\/\/schema.org\",\"@graph\":[{\"@type\":\"WebPage\",\"@id\":\"https:\/\/www.hidemar.com\/fr\/tienda\/h06-hydraulique\/\",\"url\":\"https:\/\/www.hidemar.com\/fr\/tienda\/h06-hydraulique\/\",\"name\":\"H06 hydraulique - hidemar\",\"isPartOf\":{\"@id\":\"https:\/\/www.hidemar.com\/es\/#website\"},\"primaryImageOfPage\":{\"@id\":\"https:\/\/www.hidemar.com\/fr\/tienda\/h06-hydraulique\/#primaryimage\"},\"image\":{\"@id\":\"https:\/\/www.hidemar.com\/fr\/tienda\/h06-hydraulique\/#primaryimage\"},\"thumbnailUrl\":\"https:\/\/www.hidemar.com\/wp-content\/uploads\/2020\/09\/H06-hidraulico-tapon-NUEVO-azul_nuevo.jpg\",\"datePublished\":\"2020-12-10T12:28:30+00:00\",\"dateModified\":\"2021-05-20T11:56:11+00:00\",\"breadcrumb\":{\"@id\":\"https:\/\/www.hidemar.com\/fr\/tienda\/h06-hydraulique\/#breadcrumb\"},\"inLanguage\":\"fr-FR\",\"potentialAction\":[{\"@type\":\"ReadAction\",\"target\":[\"https:\/\/www.hidemar.com\/fr\/tienda\/h06-hydraulique\/\"]}]},{\"@type\":\"ImageObject\",\"inLanguage\":\"fr-FR\",\"@id\":\"https:\/\/www.hidemar.com\/fr\/tienda\/h06-hydraulique\/#primaryimage\",\"url\":\"https:\/\/www.hidemar.com\/wp-content\/uploads\/2020\/09\/H06-hidraulico-tapon-NUEVO-azul_nuevo.jpg\",\"contentUrl\":\"https:\/\/www.hidemar.com\/wp-content\/uploads\/2020\/09\/H06-hidraulico-tapon-NUEVO-azul_nuevo.jpg\",\"width\":800,\"height\":800},{\"@type\":\"BreadcrumbList\",\"@id\":\"https:\/\/www.hidemar.com\/fr\/tienda\/h06-hydraulique\/#breadcrumb\",\"itemListElement\":[{\"@type\":\"ListItem\",\"position\":1,\"name\":\"Inicio\",\"item\":\"https:\/\/www.hidemar.com\/fr\/\"},{\"@type\":\"ListItem\",\"position\":2,\"name\":\"Products\",\"item\":\"https:\/\/www.hidemar.com\/fr\/shop\/\"},{\"@type\":\"ListItem\",\"position\":3,\"name\":\"H06 hydraulique\"}]},{\"@type\":\"WebSite\",\"@id\":\"https:\/\/www.hidemar.com\/es\/#website\",\"url\":\"https:\/\/www.hidemar.com\/es\/\",\"name\":\"hidemar\",\"description\":\"Fabricants de meubles de sant\u00e9\",\"potentialAction\":[{\"@type\":\"SearchAction\",\"target\":{\"@type\":\"EntryPoint\",\"urlTemplate\":\"https:\/\/www.hidemar.com\/es\/?s={search_term_string}\"},\"query-input\":\"required name=search_term_string\"}],\"inLanguage\":\"fr-FR\"}]}<\/script>\n<!-- \/ Yoast SEO plugin. -->","yoast_head_json":{"title":"H06 hydraulique - hidemar","robots":{"index":"index","follow":"follow","max-snippet":"max-snippet:-1","max-image-preview":"max-image-preview:large","max-video-preview":"max-video-preview:-1"},"canonical":"https:\/\/www.hidemar.com\/fr\/tienda\/h06-hydraulique\/","og_locale":"fr_FR","og_type":"article","og_title":"H06 hydraulique - hidemar","og_description":"&nbsp; divans de 3 sections \u00c9l\u00e9vation hydraulique","og_url":"https:\/\/www.hidemar.com\/fr\/tienda\/h06-hydraulique\/","og_site_name":"hidemar","article_modified_time":"2021-05-20T11:56:11+00:00","og_image":[{"width":800,"height":800,"url":"https:\/\/www.hidemar.com\/wp-content\/uploads\/2020\/09\/H06-hidraulico-tapon-NUEVO-azul_nuevo.jpg","type":"image\/jpeg"}],"twitter_card":"summary_large_image","schema":{"@context":"https:\/\/schema.org","@graph":[{"@type":"WebPage","@id":"https:\/\/www.hidemar.com\/fr\/tienda\/h06-hydraulique\/","url":"https:\/\/www.hidemar.com\/fr\/tienda\/h06-hydraulique\/","name":"H06 hydraulique - hidemar","isPartOf":{"@id":"https:\/\/www.hidemar.com\/es\/#website"},"primaryImageOfPage":{"@id":"https:\/\/www.hidemar.com\/fr\/tienda\/h06-hydraulique\/#primaryimage"},"image":{"@id":"https:\/\/www.hidemar.com\/fr\/tienda\/h06-hydraulique\/#primaryimage"},"thumbnailUrl":"https:\/\/www.hidemar.com\/wp-content\/uploads\/2020\/09\/H06-hidraulico-tapon-NUEVO-azul_nuevo.jpg","datePublished":"2020-12-10T12:28:30+00:00","dateModified":"2021-05-20T11:56:11+00:00","breadcrumb":{"@id":"https:\/\/www.hidemar.com\/fr\/tienda\/h06-hydraulique\/#breadcrumb"},"inLanguage":"fr-FR","potentialAction":[{"@type":"ReadAction","target":["https:\/\/www.hidemar.com\/fr\/tienda\/h06-hydraulique\/"]}]},{"@type":"ImageObject","inLanguage":"fr-FR","@id":"https:\/\/www.hidemar.com\/fr\/tienda\/h06-hydraulique\/#primaryimage","url":"https:\/\/www.hidemar.com\/wp-content\/uploads\/2020\/09\/H06-hidraulico-tapon-NUEVO-azul_nuevo.jpg","contentUrl":"https:\/\/www.hidemar.com\/wp-content\/uploads\/2020\/09\/H06-hidraulico-tapon-NUEVO-azul_nuevo.jpg","width":800,"height":800},{"@type":"BreadcrumbList","@id":"https:\/\/www.hidemar.com\/fr\/tienda\/h06-hydraulique\/#breadcrumb","itemListElement":[{"@type":"ListItem","position":1,"name":"Inicio","item":"https:\/\/www.hidemar.com\/fr\/"},{"@type":"ListItem","position":2,"name":"Products","item":"https:\/\/www.hidemar.com\/fr\/shop\/"},{"@type":"ListItem","position":3,"name":"H06 hydraulique"}]},{"@type":"WebSite","@id":"https:\/\/www.hidemar.com\/es\/#website","url":"https:\/\/www.hidemar.com\/es\/","name":"hidemar","description":"Fabricants de meubles de sant\u00e9","potentialAction":[{"@type":"SearchAction","target":{"@type":"EntryPoint","urlTemplate":"https:\/\/www.hidemar.com\/es\/?s={search_term_string}"},"query-input":"required name=search_term_string"}],"inLanguage":"fr-FR"}]}},"_links":{"self":[{"href":"https:\/\/www.hidemar.com\/fr\/wp-json\/wp\/v2\/product\/7218","targetHints":{"allow":["GET"]}}],"collection":[{"href":"https:\/\/www.hidemar.com\/fr\/wp-json\/wp\/v2\/product"}],"about":[{"href":"https:\/\/www.hidemar.com\/fr\/wp-json\/wp\/v2\/types\/product"}],"wp:featuredmedia":[{"embeddable":true,"href":"https:\/\/www.hidemar.com\/fr\/wp-json\/wp\/v2\/media\/9753"}],"wp:attachment":[{"href":"https:\/\/www.hidemar.com\/fr\/wp-json\/wp\/v2\/media?parent=7218"}],"wp:term":[{"taxonomy":"product_cat","embeddable":true,"href":"https:\/\/www.hidemar.com\/fr\/wp-json\/wp\/v2\/product_cat?post=7218"},{"taxonomy":"product_tag","embeddable":true,"href":"https:\/\/www.hidemar.com\/fr\/wp-json\/wp\/v2\/product_tag?post=7218"}],"curies":[{"name":"wp","href":"https:\/\/api.w.org\/{rel}","templated":true}]}}