{"id":7068,"date":"2020-07-31T11:00:06","date_gmt":"2020-12-03T11:04:42","guid":{"rendered":"https:\/\/www.hidemar.com\/tienda\/h951\/"},"modified":"2021-02-03T10:19:13","modified_gmt":"2021-02-03T10:19:13","slug":"h951","status":"publish","type":"product","link":"https:\/\/www.hidemar.com\/fr\/tienda\/h951\/","title":{"rendered":"H951"},"content":{"rendered":"<h3><strong>Caract\u00e9ristiques<\/strong><\/h3>\n<p>Jeu d&rsquo;\u00e9triers gyn\u00e9cologiques tapiss\u00e9s<br \/>\n\u00e0 adapter dans notre usine<\/p>\n<h3><strong>Structure et Finition<\/strong><\/h3>\n<p>Tapisserie en vinyle de couleur \u00e0 choisir, ignifuge, avec l\u2019int\u00e9rieur en mousse moelleuse de haute densit\u00e9.<\/p>\n","protected":false},"excerpt":{"rendered":"<h4>Jeu d&rsquo;\u00e9triers<\/h4>\n","protected":false},"featured_media":9683,"template":"","meta":[],"product_cat":[114,246],"product_tag":[],"class_list":{"0":"post-7068","1":"product","2":"type-product","3":"status-publish","4":"has-post-thumbnail","6":"product_cat-brancards-fr","7":"product_cat-accessoires-brancards","9":"first","10":"instock","11":"shipping-taxable","12":"purchasable","13":"product-type-simple"},"yoast_head":"<!-- This site is optimized with the Yoast SEO plugin v23.1 - https:\/\/yoast.com\/wordpress\/plugins\/seo\/ -->\n<title>H951 - hidemar<\/title>\n<meta name=\"robots\" content=\"index, follow, max-snippet:-1, max-image-preview:large, max-video-preview:-1\" \/>\n<link rel=\"canonical\" href=\"https:\/\/www.hidemar.com\/fr\/tienda\/h951\/\" \/>\n<meta property=\"og:locale\" content=\"fr_FR\" \/>\n<meta property=\"og:type\" content=\"article\" \/>\n<meta property=\"og:title\" content=\"H951 - hidemar\" \/>\n<meta property=\"og:description\" content=\"Jeu d&#039;\u00e9triers\" \/>\n<meta property=\"og:url\" content=\"https:\/\/www.hidemar.com\/fr\/tienda\/h951\/\" \/>\n<meta property=\"og:site_name\" content=\"hidemar\" \/>\n<meta property=\"article:modified_time\" content=\"2021-02-03T10:19:13+00:00\" \/>\n<meta property=\"og:image\" content=\"https:\/\/www.hidemar.com\/wp-content\/uploads\/2020\/07\/h37-perneras_nuevo.jpg\" \/>\n\t<meta property=\"og:image:width\" content=\"800\" \/>\n\t<meta property=\"og:image:height\" content=\"800\" \/>\n\t<meta property=\"og:image:type\" content=\"image\/jpeg\" \/>\n<meta name=\"twitter:card\" content=\"summary_large_image\" \/>\n<script type=\"application\/ld+json\" class=\"yoast-schema-graph\">{\"@context\":\"https:\/\/schema.org\",\"@graph\":[{\"@type\":\"WebPage\",\"@id\":\"https:\/\/www.hidemar.com\/fr\/tienda\/h951\/\",\"url\":\"https:\/\/www.hidemar.com\/fr\/tienda\/h951\/\",\"name\":\"H951 - hidemar\",\"isPartOf\":{\"@id\":\"https:\/\/www.hidemar.com\/es\/#website\"},\"primaryImageOfPage\":{\"@id\":\"https:\/\/www.hidemar.com\/fr\/tienda\/h951\/#primaryimage\"},\"image\":{\"@id\":\"https:\/\/www.hidemar.com\/fr\/tienda\/h951\/#primaryimage\"},\"thumbnailUrl\":\"https:\/\/www.hidemar.com\/wp-content\/uploads\/2020\/07\/h37-perneras_nuevo.jpg\",\"datePublished\":\"2020-12-03T11:04:42+00:00\",\"dateModified\":\"2021-02-03T10:19:13+00:00\",\"breadcrumb\":{\"@id\":\"https:\/\/www.hidemar.com\/fr\/tienda\/h951\/#breadcrumb\"},\"inLanguage\":\"fr-FR\",\"potentialAction\":[{\"@type\":\"ReadAction\",\"target\":[\"https:\/\/www.hidemar.com\/fr\/tienda\/h951\/\"]}]},{\"@type\":\"ImageObject\",\"inLanguage\":\"fr-FR\",\"@id\":\"https:\/\/www.hidemar.com\/fr\/tienda\/h951\/#primaryimage\",\"url\":\"https:\/\/www.hidemar.com\/wp-content\/uploads\/2020\/07\/h37-perneras_nuevo.jpg\",\"contentUrl\":\"https:\/\/www.hidemar.com\/wp-content\/uploads\/2020\/07\/h37-perneras_nuevo.jpg\",\"width\":800,\"height\":800},{\"@type\":\"BreadcrumbList\",\"@id\":\"https:\/\/www.hidemar.com\/fr\/tienda\/h951\/#breadcrumb\",\"itemListElement\":[{\"@type\":\"ListItem\",\"position\":1,\"name\":\"Inicio\",\"item\":\"https:\/\/www.hidemar.com\/fr\/\"},{\"@type\":\"ListItem\",\"position\":2,\"name\":\"Products\",\"item\":\"https:\/\/www.hidemar.com\/fr\/shop\/\"},{\"@type\":\"ListItem\",\"position\":3,\"name\":\"H951\"}]},{\"@type\":\"WebSite\",\"@id\":\"https:\/\/www.hidemar.com\/es\/#website\",\"url\":\"https:\/\/www.hidemar.com\/es\/\",\"name\":\"hidemar\",\"description\":\"Fabricants de meubles de sant\u00e9\",\"potentialAction\":[{\"@type\":\"SearchAction\",\"target\":{\"@type\":\"EntryPoint\",\"urlTemplate\":\"https:\/\/www.hidemar.com\/es\/?s={search_term_string}\"},\"query-input\":\"required name=search_term_string\"}],\"inLanguage\":\"fr-FR\"}]}<\/script>\n<!-- \/ Yoast SEO plugin. -->","yoast_head_json":{"title":"H951 - hidemar","robots":{"index":"index","follow":"follow","max-snippet":"max-snippet:-1","max-image-preview":"max-image-preview:large","max-video-preview":"max-video-preview:-1"},"canonical":"https:\/\/www.hidemar.com\/fr\/tienda\/h951\/","og_locale":"fr_FR","og_type":"article","og_title":"H951 - hidemar","og_description":"Jeu d'\u00e9triers","og_url":"https:\/\/www.hidemar.com\/fr\/tienda\/h951\/","og_site_name":"hidemar","article_modified_time":"2021-02-03T10:19:13+00:00","og_image":[{"width":800,"height":800,"url":"https:\/\/www.hidemar.com\/wp-content\/uploads\/2020\/07\/h37-perneras_nuevo.jpg","type":"image\/jpeg"}],"twitter_card":"summary_large_image","schema":{"@context":"https:\/\/schema.org","@graph":[{"@type":"WebPage","@id":"https:\/\/www.hidemar.com\/fr\/tienda\/h951\/","url":"https:\/\/www.hidemar.com\/fr\/tienda\/h951\/","name":"H951 - hidemar","isPartOf":{"@id":"https:\/\/www.hidemar.com\/es\/#website"},"primaryImageOfPage":{"@id":"https:\/\/www.hidemar.com\/fr\/tienda\/h951\/#primaryimage"},"image":{"@id":"https:\/\/www.hidemar.com\/fr\/tienda\/h951\/#primaryimage"},"thumbnailUrl":"https:\/\/www.hidemar.com\/wp-content\/uploads\/2020\/07\/h37-perneras_nuevo.jpg","datePublished":"2020-12-03T11:04:42+00:00","dateModified":"2021-02-03T10:19:13+00:00","breadcrumb":{"@id":"https:\/\/www.hidemar.com\/fr\/tienda\/h951\/#breadcrumb"},"inLanguage":"fr-FR","potentialAction":[{"@type":"ReadAction","target":["https:\/\/www.hidemar.com\/fr\/tienda\/h951\/"]}]},{"@type":"ImageObject","inLanguage":"fr-FR","@id":"https:\/\/www.hidemar.com\/fr\/tienda\/h951\/#primaryimage","url":"https:\/\/www.hidemar.com\/wp-content\/uploads\/2020\/07\/h37-perneras_nuevo.jpg","contentUrl":"https:\/\/www.hidemar.com\/wp-content\/uploads\/2020\/07\/h37-perneras_nuevo.jpg","width":800,"height":800},{"@type":"BreadcrumbList","@id":"https:\/\/www.hidemar.com\/fr\/tienda\/h951\/#breadcrumb","itemListElement":[{"@type":"ListItem","position":1,"name":"Inicio","item":"https:\/\/www.hidemar.com\/fr\/"},{"@type":"ListItem","position":2,"name":"Products","item":"https:\/\/www.hidemar.com\/fr\/shop\/"},{"@type":"ListItem","position":3,"name":"H951"}]},{"@type":"WebSite","@id":"https:\/\/www.hidemar.com\/es\/#website","url":"https:\/\/www.hidemar.com\/es\/","name":"hidemar","description":"Fabricants de meubles de sant\u00e9","potentialAction":[{"@type":"SearchAction","target":{"@type":"EntryPoint","urlTemplate":"https:\/\/www.hidemar.com\/es\/?s={search_term_string}"},"query-input":"required name=search_term_string"}],"inLanguage":"fr-FR"}]}},"_links":{"self":[{"href":"https:\/\/www.hidemar.com\/fr\/wp-json\/wp\/v2\/product\/7068","targetHints":{"allow":["GET"]}}],"collection":[{"href":"https:\/\/www.hidemar.com\/fr\/wp-json\/wp\/v2\/product"}],"about":[{"href":"https:\/\/www.hidemar.com\/fr\/wp-json\/wp\/v2\/types\/product"}],"wp:featuredmedia":[{"embeddable":true,"href":"https:\/\/www.hidemar.com\/fr\/wp-json\/wp\/v2\/media\/9683"}],"wp:attachment":[{"href":"https:\/\/www.hidemar.com\/fr\/wp-json\/wp\/v2\/media?parent=7068"}],"wp:term":[{"taxonomy":"product_cat","embeddable":true,"href":"https:\/\/www.hidemar.com\/fr\/wp-json\/wp\/v2\/product_cat?post=7068"},{"taxonomy":"product_tag","embeddable":true,"href":"https:\/\/www.hidemar.com\/fr\/wp-json\/wp\/v2\/product_tag?post=7068"}],"curies":[{"name":"wp","href":"https:\/\/api.w.org\/{rel}","templated":true}]}}