{"id":7414,"date":"2020-12-17T11:52:50","date_gmt":"2020-12-17T11:52:50","guid":{"rendered":"https:\/\/www.hidemar.com\/nettoyage-des-metaux-et-des-tissus-dameublement\/"},"modified":"2020-12-17T11:52:55","modified_gmt":"2020-12-17T11:52:55","slug":"nettoyage-des-metaux-et-des-tissus-dameublement","status":"publish","type":"page","link":"https:\/\/www.hidemar.com\/fr\/nettoyage-des-metaux-et-des-tissus-dameublement\/","title":{"rendered":"Nettoyage des m\u00e9taux et des tissus d&rsquo;ameublement"},"content":{"rendered":"\t\t<div data-elementor-type=\"wp-page\" data-elementor-id=\"7414\" class=\"elementor elementor-7414 elementor-6987\">\n\t\t\t\t\t\t<section class=\"elementor-section elementor-top-section elementor-element elementor-element-41802a0 elementor-section-boxed elementor-section-height-default elementor-section-height-default\" data-id=\"41802a0\" data-element_type=\"section\">\n\t\t\t\t\t\t<div class=\"elementor-container elementor-column-gap-default\">\n\t\t\t\t\t<div class=\"elementor-column elementor-col-100 elementor-top-column elementor-element elementor-element-a462bab\" data-id=\"a462bab\" data-element_type=\"column\">\n\t\t\t<div class=\"elementor-widget-wrap elementor-element-populated\">\n\t\t\t\t\t\t<section class=\"elementor-section elementor-inner-section elementor-element elementor-element-e80c861 elementor-section-boxed elementor-section-height-default elementor-section-height-default\" data-id=\"e80c861\" data-element_type=\"section\">\n\t\t\t\t\t\t<div class=\"elementor-container elementor-column-gap-default\">\n\t\t\t\t\t<div class=\"elementor-column elementor-col-50 elementor-inner-column elementor-element elementor-element-854f0e5\" data-id=\"854f0e5\" data-element_type=\"column\">\n\t\t\t<div class=\"elementor-widget-wrap elementor-element-populated\">\n\t\t\t\t\t\t<div class=\"elementor-element elementor-element-f15fc88 elementor-hidden-tablet elementor-hidden-phone elementor-widget elementor-widget-spacer\" data-id=\"f15fc88\" data-element_type=\"widget\" data-widget_type=\"spacer.default\">\n\t\t\t\t<div class=\"elementor-widget-container\">\n\t\t\t\t\t<div class=\"elementor-spacer\">\n\t\t\t<div class=\"elementor-spacer-inner\"><\/div>\n\t\t<\/div>\n\t\t\t\t<\/div>\n\t\t\t\t<\/div>\n\t\t\t\t\t<\/div>\n\t\t<\/div>\n\t\t\t\t<div class=\"elementor-column elementor-col-50 elementor-inner-column elementor-element elementor-element-46c7fa1\" data-id=\"46c7fa1\" data-element_type=\"column\">\n\t\t\t<div class=\"elementor-widget-wrap elementor-element-populated\">\n\t\t\t\t\t\t<div class=\"elementor-element elementor-element-d755182 elementor-widget elementor-widget-text-editor\" data-id=\"d755182\" data-element_type=\"widget\" data-widget_type=\"text-editor.default\">\n\t\t\t\t<div class=\"elementor-widget-container\">\n\t\t\t\t\t\t\t<p>acier inoxidable<\/p>\n\t\t\t\t\t\t<\/div>\n\t\t\t\t<\/div>\n\t\t\t\t<div class=\"elementor-element elementor-element-764ab9e elementor-widget elementor-widget-text-editor\" data-id=\"764ab9e\" data-element_type=\"widget\" data-widget_type=\"text-editor.default\">\n\t\t\t\t<div class=\"elementor-widget-container\">\n\t\t\t\t\t\t\t<p>L&rsquo;acier inoxydable est un mat\u00e9riau vuln\u00e9rable \u00e0 certains produits de nettoyage.<br \/>Veuillez lire attentivement ces instructions:<\/p>\n<p>\n            <b>UTILISEZ UNIQUEMENT DES PRODUITS NON AGRESSIFS TELS QUE DES D\u00c9TERGENTS NON CHLOR\u00c9S, DE L&rsquo;EAU ET DU SAVON NEUTRE OU DE L&rsquo;ALCOOL.<\/b>\n          <\/p>\n<p>Si vous utilisez un vaporisateur, assurez-vous d&rsquo;essuyer les pi\u00e8ces sur lesquelles vous appliquez le produit de nettoyage avec un chiffon.<br \/>Nous insistons, n&rsquo;oublions jamais de les s\u00e9cher, car les liquides stagnants peuvent p\u00e9n\u00e9trer dans les couches de l&rsquo;acier et provoquer des r\u00e9actions anormales \u00e0 leur surface.<\/p>\n<p>\n            <b>NE PAS UTILISER DE PRODUITS CHLOR\u00c9S: HYPOCHLORITE DE SODIUM, BLANCHIMENT, ACIDE CHLORHYDRIQUE, ACIDE NITRIQUE OU AUTRES LIQUIDES SIMILAIRES<\/b>\n          <\/p>\n\t\t\t\t\t\t<\/div>\n\t\t\t\t<\/div>\n\t\t\t\t\t<\/div>\n\t\t<\/div>\n\t\t\t\t\t<\/div>\n\t\t<\/section>\n\t\t\t\t<section class=\"elementor-section elementor-inner-section elementor-element elementor-element-69cad92 elementor-section-boxed elementor-section-height-default elementor-section-height-default\" data-id=\"69cad92\" data-element_type=\"section\">\n\t\t\t\t\t\t<div class=\"elementor-container elementor-column-gap-default\">\n\t\t\t\t\t<div class=\"elementor-column elementor-col-50 elementor-inner-column elementor-element elementor-element-234e1dc\" data-id=\"234e1dc\" data-element_type=\"column\">\n\t\t\t<div class=\"elementor-widget-wrap elementor-element-populated\">\n\t\t\t\t\t\t<div class=\"elementor-element elementor-element-d5049fa elementor-hidden-tablet elementor-hidden-phone elementor-widget elementor-widget-spacer\" data-id=\"d5049fa\" data-element_type=\"widget\" data-widget_type=\"spacer.default\">\n\t\t\t\t<div class=\"elementor-widget-container\">\n\t\t\t\t\t<div class=\"elementor-spacer\">\n\t\t\t<div class=\"elementor-spacer-inner\"><\/div>\n\t\t<\/div>\n\t\t\t\t<\/div>\n\t\t\t\t<\/div>\n\t\t\t\t\t<\/div>\n\t\t<\/div>\n\t\t\t\t<div class=\"elementor-column elementor-col-50 elementor-inner-column elementor-element elementor-element-f44ded7\" data-id=\"f44ded7\" data-element_type=\"column\">\n\t\t\t<div class=\"elementor-widget-wrap elementor-element-populated\">\n\t\t\t\t\t\t<div class=\"elementor-element elementor-element-e205846 elementor-widget elementor-widget-text-editor\" data-id=\"e205846\" data-element_type=\"widget\" data-widget_type=\"text-editor.default\">\n\t\t\t\t<div class=\"elementor-widget-container\">\n\t\t\t\t\t\t\t<p>\u00e9l\u00e9ments rembourr\u00e9s<\/p>\n\t\t\t\t\t\t<\/div>\n\t\t\t\t<\/div>\n\t\t\t\t<div class=\"elementor-element elementor-element-ea3f03f elementor-widget elementor-widget-text-editor\" data-id=\"ea3f03f\" data-element_type=\"widget\" data-widget_type=\"text-editor.default\">\n\t\t\t\t<div class=\"elementor-widget-container\">\n\t\t\t\t\t\t\t<p>Pour nettoyer les \u00e9l\u00e9ments rembourr\u00e9s, utilisez un chiffon imbib\u00e9 d&rsquo;eau et de savon neutre, en s\u00e9chant en m\u00eame temps avec un autre chiffon. Vous pouvez \u00e9galement frotter ou essuyer avec de l&rsquo;alcool.<\/p>\n<p>\n            <b>NE PAS UTILISER DE PRODUITS CHLOR\u00c9S: HYPOCHLORITE DE SODIUM, BLANCHIMENT, ACIDE CHLORHYDRIQUE, ACIDE NITRIQUE OU AUTRES LIQUIDES SIMILAIRES<\/b>\n          <\/p>\n\t\t\t\t\t\t<\/div>\n\t\t\t\t<\/div>\n\t\t\t\t\t<\/div>\n\t\t<\/div>\n\t\t\t\t\t<\/div>\n\t\t<\/section>\n\t\t\t\t<section class=\"elementor-section elementor-inner-section elementor-element elementor-element-5609017 elementor-section-boxed elementor-section-height-default elementor-section-height-default\" data-id=\"5609017\" data-element_type=\"section\">\n\t\t\t\t\t\t<div class=\"elementor-container elementor-column-gap-default\">\n\t\t\t\t\t<div class=\"elementor-column elementor-col-50 elementor-inner-column elementor-element elementor-element-4adb7e3\" data-id=\"4adb7e3\" data-element_type=\"column\">\n\t\t\t<div class=\"elementor-widget-wrap elementor-element-populated\">\n\t\t\t\t\t\t<div class=\"elementor-element elementor-element-b856009 elementor-hidden-tablet elementor-hidden-phone elementor-widget elementor-widget-spacer\" data-id=\"b856009\" data-element_type=\"widget\" data-widget_type=\"spacer.default\">\n\t\t\t\t<div class=\"elementor-widget-container\">\n\t\t\t\t\t<div class=\"elementor-spacer\">\n\t\t\t<div class=\"elementor-spacer-inner\"><\/div>\n\t\t<\/div>\n\t\t\t\t<\/div>\n\t\t\t\t<\/div>\n\t\t\t\t\t<\/div>\n\t\t<\/div>\n\t\t\t\t<div class=\"elementor-column elementor-col-50 elementor-inner-column elementor-element elementor-element-cc28b3a\" data-id=\"cc28b3a\" data-element_type=\"column\">\n\t\t\t<div class=\"elementor-widget-wrap elementor-element-populated\">\n\t\t\t\t\t\t<div class=\"elementor-element elementor-element-eba30ad elementor-widget elementor-widget-text-editor\" data-id=\"eba30ad\" data-element_type=\"widget\" data-widget_type=\"text-editor.default\">\n\t\t\t\t<div class=\"elementor-widget-container\">\n\t\t\t\t\t\t\t<p>marches<\/p>\n\t\t\t\t\t\t<\/div>\n\t\t\t\t<\/div>\n\t\t\t\t<div class=\"elementor-element elementor-element-0d83ec5 elementor-widget elementor-widget-text-editor\" data-id=\"0d83ec5\" data-element_type=\"widget\" data-widget_type=\"text-editor.default\">\n\t\t\t\t<div class=\"elementor-widget-container\">\n\t\t\t\t\t\t\t<p>Parfois, nous recommandons de nettoyer les bandes de roulement des roues en enlevant les poils ou les d\u00e9bris qui g\u00eanent leur mouvement.<br \/>Pour le nettoyer, utilisez un chiffon imbib\u00e9 d&rsquo;eau et de savon neutre, en s\u00e9chant en m\u00eame temps avec un autre chiffon. Vous pouvez \u00e9galement frotter ou essuyer avec de l&rsquo;alcool.<\/p>\n\t\t\t\t\t\t<\/div>\n\t\t\t\t<\/div>\n\t\t\t\t\t<\/div>\n\t\t<\/div>\n\t\t\t\t\t<\/div>\n\t\t<\/section>\n\t\t\t\t<section class=\"elementor-section elementor-inner-section elementor-element elementor-element-b885046 elementor-section-boxed elementor-section-height-default elementor-section-height-default\" data-id=\"b885046\" data-element_type=\"section\">\n\t\t\t\t\t\t<div class=\"elementor-container elementor-column-gap-default\">\n\t\t\t\t\t<div class=\"elementor-column elementor-col-50 elementor-inner-column elementor-element elementor-element-f5672db\" data-id=\"f5672db\" data-element_type=\"column\">\n\t\t\t<div class=\"elementor-widget-wrap elementor-element-populated\">\n\t\t\t\t\t\t<div class=\"elementor-element elementor-element-1dd2bfc elementor-hidden-tablet elementor-hidden-phone elementor-widget elementor-widget-spacer\" data-id=\"1dd2bfc\" data-element_type=\"widget\" data-widget_type=\"spacer.default\">\n\t\t\t\t<div class=\"elementor-widget-container\">\n\t\t\t\t\t<div class=\"elementor-spacer\">\n\t\t\t<div class=\"elementor-spacer-inner\"><\/div>\n\t\t<\/div>\n\t\t\t\t<\/div>\n\t\t\t\t<\/div>\n\t\t\t\t\t<\/div>\n\t\t<\/div>\n\t\t\t\t<div class=\"elementor-column elementor-col-50 elementor-inner-column elementor-element elementor-element-f3b1577\" data-id=\"f3b1577\" data-element_type=\"column\">\n\t\t\t<div class=\"elementor-widget-wrap elementor-element-populated\">\n\t\t\t\t\t\t<div class=\"elementor-element elementor-element-3877867 elementor-widget elementor-widget-text-editor\" data-id=\"3877867\" data-element_type=\"widget\" data-widget_type=\"text-editor.default\">\n\t\t\t\t<div class=\"elementor-widget-container\">\n\t\t\t\t\t\t\t<p>lubrification des m\u00e9canismes<\/p>\n\t\t\t\t\t\t<\/div>\n\t\t\t\t<\/div>\n\t\t\t\t<div class=\"elementor-element elementor-element-88b1988 elementor-widget elementor-widget-text-editor\" data-id=\"88b1988\" data-element_type=\"widget\" data-widget_type=\"text-editor.default\">\n\t\t\t\t<div class=\"elementor-widget-container\">\n\t\t\t\t\t\t\t<p>Parfois, nous recommandons de graisser les m\u00e9canismes de manivelle avec de la vaseline neutre et de v\u00e9rifier que les \u00e9crous et les boulons sont correctement serr\u00e9s.<\/p>\n\t\t\t\t\t\t<\/div>\n\t\t\t\t<\/div>\n\t\t\t\t\t<\/div>\n\t\t<\/div>\n\t\t\t\t\t<\/div>\n\t\t<\/section>\n\t\t\t\t\t<\/div>\n\t\t<\/div>\n\t\t\t\t\t<\/div>\n\t\t<\/section>\n\t\t\t\t<\/div>\n\t\t","protected":false},"excerpt":{"rendered":"<p>acier inoxidable L&rsquo;acier inoxydable est un mat\u00e9riau vuln\u00e9rable \u00e0 certains produits de nettoyage.Veuillez lire attentivement ces instructions: UTILISEZ UNIQUEMENT DES<\/p>\n","protected":false},"author":1,"featured_media":0,"parent":0,"menu_order":0,"comment_status":"closed","ping_status":"closed","template":"","meta":{"footnotes":""},"class_list":["post-7414","page","type-page","status-publish","hentry"],"yoast_head":"<!-- This site is optimized with the Yoast SEO plugin v23.1 - https:\/\/yoast.com\/wordpress\/plugins\/seo\/ -->\n<title>Nettoyage des m\u00e9taux et des tissus d&#039;ameublement - hidemar<\/title>\n<meta name=\"robots\" content=\"index, follow, max-snippet:-1, max-image-preview:large, max-video-preview:-1\" \/>\n<link rel=\"canonical\" href=\"https:\/\/www.hidemar.com\/fr\/nettoyage-des-metaux-et-des-tissus-dameublement\/\" \/>\n<meta property=\"og:locale\" content=\"fr_FR\" \/>\n<meta property=\"og:type\" content=\"article\" \/>\n<meta property=\"og:title\" content=\"Nettoyage des m\u00e9taux et des tissus d&#039;ameublement - hidemar\" \/>\n<meta property=\"og:description\" content=\"acier inoxidable L&rsquo;acier inoxydable est un mat\u00e9riau vuln\u00e9rable \u00e0 certains produits de nettoyage.Veuillez lire attentivement ces instructions: UTILISEZ UNIQUEMENT DES\" \/>\n<meta property=\"og:url\" content=\"https:\/\/www.hidemar.com\/fr\/nettoyage-des-metaux-et-des-tissus-dameublement\/\" \/>\n<meta property=\"og:site_name\" content=\"hidemar\" \/>\n<meta property=\"article:modified_time\" content=\"2020-12-17T11:52:55+00:00\" \/>\n<meta name=\"twitter:card\" content=\"summary_large_image\" \/>\n<meta name=\"twitter:label1\" content=\"Dur\u00e9e de lecture estim\u00e9e\" \/>\n\t<meta name=\"twitter:data1\" content=\"1 minute\" \/>\n<script type=\"application\/ld+json\" class=\"yoast-schema-graph\">{\"@context\":\"https:\/\/schema.org\",\"@graph\":[{\"@type\":\"WebPage\",\"@id\":\"https:\/\/www.hidemar.com\/fr\/nettoyage-des-metaux-et-des-tissus-dameublement\/\",\"url\":\"https:\/\/www.hidemar.com\/fr\/nettoyage-des-metaux-et-des-tissus-dameublement\/\",\"name\":\"Nettoyage des m\u00e9taux et des tissus d'ameublement - hidemar\",\"isPartOf\":{\"@id\":\"https:\/\/www.hidemar.com\/es\/#website\"},\"datePublished\":\"2020-12-17T11:52:50+00:00\",\"dateModified\":\"2020-12-17T11:52:55+00:00\",\"breadcrumb\":{\"@id\":\"https:\/\/www.hidemar.com\/fr\/nettoyage-des-metaux-et-des-tissus-dameublement\/#breadcrumb\"},\"inLanguage\":\"fr-FR\",\"potentialAction\":[{\"@type\":\"ReadAction\",\"target\":[\"https:\/\/www.hidemar.com\/fr\/nettoyage-des-metaux-et-des-tissus-dameublement\/\"]}]},{\"@type\":\"BreadcrumbList\",\"@id\":\"https:\/\/www.hidemar.com\/fr\/nettoyage-des-metaux-et-des-tissus-dameublement\/#breadcrumb\",\"itemListElement\":[{\"@type\":\"ListItem\",\"position\":1,\"name\":\"Inicio\",\"item\":\"https:\/\/www.hidemar.com\/fr\/\"},{\"@type\":\"ListItem\",\"position\":2,\"name\":\"Nettoyage des m\u00e9taux et des tissus d&rsquo;ameublement\"}]},{\"@type\":\"WebSite\",\"@id\":\"https:\/\/www.hidemar.com\/es\/#website\",\"url\":\"https:\/\/www.hidemar.com\/es\/\",\"name\":\"hidemar\",\"description\":\"Fabricants de meubles de sant\u00e9\",\"potentialAction\":[{\"@type\":\"SearchAction\",\"target\":{\"@type\":\"EntryPoint\",\"urlTemplate\":\"https:\/\/www.hidemar.com\/es\/?s={search_term_string}\"},\"query-input\":\"required name=search_term_string\"}],\"inLanguage\":\"fr-FR\"}]}<\/script>\n<!-- \/ Yoast SEO plugin. -->","yoast_head_json":{"title":"Nettoyage des m\u00e9taux et des tissus d'ameublement - hidemar","robots":{"index":"index","follow":"follow","max-snippet":"max-snippet:-1","max-image-preview":"max-image-preview:large","max-video-preview":"max-video-preview:-1"},"canonical":"https:\/\/www.hidemar.com\/fr\/nettoyage-des-metaux-et-des-tissus-dameublement\/","og_locale":"fr_FR","og_type":"article","og_title":"Nettoyage des m\u00e9taux et des tissus d'ameublement - hidemar","og_description":"acier inoxidable L&rsquo;acier inoxydable est un mat\u00e9riau vuln\u00e9rable \u00e0 certains produits de nettoyage.Veuillez lire attentivement ces instructions: UTILISEZ UNIQUEMENT DES","og_url":"https:\/\/www.hidemar.com\/fr\/nettoyage-des-metaux-et-des-tissus-dameublement\/","og_site_name":"hidemar","article_modified_time":"2020-12-17T11:52:55+00:00","twitter_card":"summary_large_image","twitter_misc":{"Dur\u00e9e de lecture estim\u00e9e":"1 minute"},"schema":{"@context":"https:\/\/schema.org","@graph":[{"@type":"WebPage","@id":"https:\/\/www.hidemar.com\/fr\/nettoyage-des-metaux-et-des-tissus-dameublement\/","url":"https:\/\/www.hidemar.com\/fr\/nettoyage-des-metaux-et-des-tissus-dameublement\/","name":"Nettoyage des m\u00e9taux et des tissus d'ameublement - hidemar","isPartOf":{"@id":"https:\/\/www.hidemar.com\/es\/#website"},"datePublished":"2020-12-17T11:52:50+00:00","dateModified":"2020-12-17T11:52:55+00:00","breadcrumb":{"@id":"https:\/\/www.hidemar.com\/fr\/nettoyage-des-metaux-et-des-tissus-dameublement\/#breadcrumb"},"inLanguage":"fr-FR","potentialAction":[{"@type":"ReadAction","target":["https:\/\/www.hidemar.com\/fr\/nettoyage-des-metaux-et-des-tissus-dameublement\/"]}]},{"@type":"BreadcrumbList","@id":"https:\/\/www.hidemar.com\/fr\/nettoyage-des-metaux-et-des-tissus-dameublement\/#breadcrumb","itemListElement":[{"@type":"ListItem","position":1,"name":"Inicio","item":"https:\/\/www.hidemar.com\/fr\/"},{"@type":"ListItem","position":2,"name":"Nettoyage des m\u00e9taux et des tissus d&rsquo;ameublement"}]},{"@type":"WebSite","@id":"https:\/\/www.hidemar.com\/es\/#website","url":"https:\/\/www.hidemar.com\/es\/","name":"hidemar","description":"Fabricants de meubles de sant\u00e9","potentialAction":[{"@type":"SearchAction","target":{"@type":"EntryPoint","urlTemplate":"https:\/\/www.hidemar.com\/es\/?s={search_term_string}"},"query-input":"required name=search_term_string"}],"inLanguage":"fr-FR"}]}},"_links":{"self":[{"href":"https:\/\/www.hidemar.com\/fr\/wp-json\/wp\/v2\/pages\/7414","targetHints":{"allow":["GET"]}}],"collection":[{"href":"https:\/\/www.hidemar.com\/fr\/wp-json\/wp\/v2\/pages"}],"about":[{"href":"https:\/\/www.hidemar.com\/fr\/wp-json\/wp\/v2\/types\/page"}],"author":[{"embeddable":true,"href":"https:\/\/www.hidemar.com\/fr\/wp-json\/wp\/v2\/users\/1"}],"replies":[{"embeddable":true,"href":"https:\/\/www.hidemar.com\/fr\/wp-json\/wp\/v2\/comments?post=7414"}],"version-history":[{"count":0,"href":"https:\/\/www.hidemar.com\/fr\/wp-json\/wp\/v2\/pages\/7414\/revisions"}],"wp:attachment":[{"href":"https:\/\/www.hidemar.com\/fr\/wp-json\/wp\/v2\/media?parent=7414"}],"curies":[{"name":"wp","href":"https:\/\/api.w.org\/{rel}","templated":true}]}}