{"id":7242,"date":"2020-12-11T12:39:30","date_gmt":"2020-12-11T12:39:30","guid":{"rendered":"https:\/\/www.hidemar.com\/politique-de-confidentialite\/"},"modified":"2020-12-11T12:39:57","modified_gmt":"2020-12-11T12:39:57","slug":"politique-de-confidentialite","status":"publish","type":"page","link":"https:\/\/www.hidemar.com\/fr\/politique-de-confidentialite\/","title":{"rendered":"Politique de confidentialit\u00e9"},"content":{"rendered":"\n<p>Conform\u00e9ment aux dispositions du r\u00e8glement g\u00e9n\u00e9ral (UE) sur la protection des donn\u00e9es, en acceptant cette politique de confidentialit\u00e9, vous donnez votre consentement \u00e9clair\u00e9, expr\u00e8s, libre et sans \u00e9quivoque afin que les donn\u00e9es personnelles que vous fournissez via le site Web ( ci-apr\u00e8s SITE WEB) sont inclus dans un fichier d&rsquo;utilisateurs Web appartenant \u00e0 HIDEMAR, SA, dont les donn\u00e9es figurent au d\u00e9but de l&rsquo;avis: Tous d\u00fbment enregistr\u00e9s aupr\u00e8s de l&rsquo;Agence espagnole de protection des donn\u00e9es et \u00e0 l&rsquo;\u00e9gard duquel il est garanti que le mesures de s\u00e9curit\u00e9 tant organisationnelles que techniques requises par le RGPD.<\/p>\n\n<p><strong>Entit\u00e9 responsable:<\/strong>     <\/p>\n\n<p>HIDEMAR S.A.<br\/>Calle Cop\u00e9rnico, 13<br\/>28823 \u2013 Coslada &#8211; Madrid (Espa\u00f1a)<br\/>CIF A80515422<br\/>E-mail: hidemar@hidemar.com<\/p>\n\n<h4 class=\"wp-block-heading\">1 OBJET, L\u00c9GITIMATION, CAT\u00c9GORIE DE DONN\u00c9ES COLLECT\u00c9ES, CONSENTEMENT AU TRAITEMENT, MINEURS.<\/h4>\n\n<p>Comme indiqu\u00e9 dans la r\u00e9glementation, l&rsquo;UTILISATEUR est inform\u00e9 que, par le biais de formulaires de contact ou d&rsquo;abonnements, des donn\u00e9es sont collect\u00e9es, qui sont stock\u00e9es dans un fichier, dans le seul but d&rsquo;envoyer des communications \u00e9lectroniques, telles que: bulletins (newsletters), nouvelles entr\u00e9es (messages), offres commerciales, ainsi que d&rsquo;autres communications que le web comprend int\u00e9ressantes pour ses UTILISATEURS. Les champs marqu\u00e9s comme obligatoires, sont essentiels pour r\u00e9aliser l&rsquo;objectif d\u00e9clar\u00e9 si ce sont les objectifs \u00e9tablis dans les mentions l\u00e9gales. De m\u00eame, il peut se conformer aux donn\u00e9es, aux exigences demand\u00e9es par les UTILISATEURS. \u00danicamente el titular tendr\u00e1 acceso a sus datos, y bajo ning\u00fan concepto, estos datos ser\u00e1n cedidos, compartidos, transferidos, ni vendidos a ning\u00fan tercero. Seul le propri\u00e9taire aura acc\u00e8s \u00e0 ses donn\u00e9es, et en aucun cas ces donn\u00e9es ne seront transf\u00e9r\u00e9es, partag\u00e9es, transf\u00e9r\u00e9es ou vendues \u00e0 un tiers. L&rsquo;acceptation de la politique de confidentialit\u00e9, par le biais de la proc\u00e9dure de double opt-in \u00e9tablie, sera comprise \u00e0 toutes fins comme la fourniture d&rsquo;un CONSENTEMENT EXPRESS ET INEQUIVOUS de l&rsquo;UTILISATEUR au traitement des donn\u00e9es personnelles dans les conditions \u00e9nonc\u00e9es dans ce document. , ainsi que le transfert international de donn\u00e9es qui se produit, exclusivement en raison de l&#8217;emplacement physique des installations des fournisseurs de services et des sous-traitants. En aucun cas, une utilisation diff\u00e9rente de celle pour laquelle les donn\u00e9es ont \u00e9t\u00e9 collect\u00e9es ne sera faite, et encore moins je transf\u00e9rerai ces donn\u00e9es \u00e0 un tiers.<\/p>\n\n<h5 class=\"wp-block-heading\">1.1 EXACTITUDE ET VERACITE DES DONNEES<\/h5>\n\n<p>Bien entendu, vous \u00eates seul responsable de la v\u00e9racit\u00e9 et de l&rsquo;exactitude des donn\u00e9es que vous m&rsquo;envoyez, m&rsquo;exon\u00e9rant de tout type de responsabilit\u00e9 \u00e0 cet \u00e9gard. En tant qu&rsquo;utilisateur, vous devez garantir l&rsquo;exactitude et l&rsquo;authenticit\u00e9 des donn\u00e9es personnelles fournies en fournissant des informations compl\u00e8tes et correctes dans les diff\u00e9rents formulaires de collecte de donn\u00e9es.<\/p>\n\n<h5 class=\"wp-block-heading\">1.2 MINEURS<\/h5>\n\n<p>En cas d&rsquo;avoir plus de treize ans, vous pouvez vous inscrire sans l&rsquo;accord pr\u00e9alable de vos parents ou tuteurs. Que se passe-t-il si vous avez moins de 14 ans? Dans ce cas, le consentement de vos parents ou tuteurs sera une condition obligatoire pour nous de traiter vos donn\u00e9es personnelles. Attention: Si vous avez moins de treize ans et que vous n&rsquo;avez pas obtenu le consentement de vos parents, vous ne pouvez pas vous inscrire sur le web, nous proc\u00e9derons donc \u00e0 refuser votre demande si nous en avons connaissance.<\/p>\n\n<h5 class=\"wp-block-heading\">1.3 L\u00c9GITIMATION<\/h5>\n\n<p>Gr\u00e2ce \u00e0 votre consentement, nous pouvons traiter vos donn\u00e9es comme une condition obligatoire pour pouvoir vous abonner au site. Comme vous le savez, vous pouvez retirer votre consentement \u00e0 tout moment.<\/p>\n\n<h5 class=\"wp-block-heading\">1.4 CAT\u00c9GORIE DE DONN\u00c9ES<\/h5>\n\n<p>Les donn\u00e9es collect\u00e9es \u00e0 aucun moment ne sont sp\u00e9cialement prot\u00e9g\u00e9es, mais sont class\u00e9es comme donn\u00e9es d&rsquo;identification.<\/p>\n\n<h5 class=\"wp-block-heading\">1.5 TEMPS DE CONSERVATION DES DONN\u00c9ES<\/h5>\n\n<p>Je conserverai vos donn\u00e9es pendant la dur\u00e9e l\u00e9galement \u00e9tablie ou jusqu&rsquo;\u00e0 ce que vous demandiez de les supprimer.<\/p>\n\n<h4 class=\"wp-block-heading\">2 RESPECT DES R\u00c8GLEMENTS D&rsquo;APPLICATION<\/h4>\n\n<p>Le responsable du web, \u00e0 ce jour, se conforme aux directives de la loi organique 15\/1999 du 13 d\u00e9cembre sur la protection des donn\u00e9es personnelles, d\u00e9cret royal 1720\/2007 du 21 d\u00e9cembre, qui approuve le r\u00e8glement de d\u00e9veloppement de ladite loi organique et des autres r\u00e9glementations en vigueur et applicables \u00e0 tout moment, garantissant l&rsquo;utilisation et le traitement corrects des donn\u00e9es personnelles de l&rsquo;utilisateur. \u00c0 partir de mai 2018, nous serons r\u00e9gis par la r\u00e9glementation qui entrera en vigueur, \u00e0 savoir le r\u00e8glement g\u00e9n\u00e9ral sur la protection des donn\u00e9es (RGPD) de l&rsquo;Union europ\u00e9enne. De m\u00eame, je vous informe que conform\u00e9ment \u00e0 la loi 34\/2002 du 11 juillet sur les services de la soci\u00e9t\u00e9 de l&rsquo;information et du commerce \u00e9lectronique et le consentement sera demand\u00e9 \u00e0 l&rsquo;UTILISATEUR pour le traitement de votre courrier \u00e9lectronique \u00e0 des fins commerciales \u00e0 tout moment. Conform\u00e9ment aux dispositions de la r\u00e9glementation, nous vous informons que les donn\u00e9es fournies, ainsi que les donn\u00e9es issues de votre navigation, peuvent \u00eatre stock\u00e9es dans les fichiers de HIDEMAR, S.A. trait\u00e9es dans le but de r\u00e9pondre \u00e0 votre demande et de maintenir la relation \u00e9tablie dans les formulaires que vous souscrivez. En outre, l&rsquo;UTILISATEUR consent au traitement de ses donn\u00e9es afin de l&rsquo;informer, par tout moyen, y compris par courrier \u00e9lectronique, des produits et services sur le Web. En cas de non-autorisation du traitement de ses donn\u00e9es aux fins indiqu\u00e9es ci-dessus, l&rsquo;UTILISATEUR peut exercer son droit de s&rsquo;opposer au traitement de ses donn\u00e9es dans les conditions pr\u00e9vues plus loin dans la section \u00abExercice des droits\u00bb<\/p>\n\n<h4 class=\"wp-block-heading\">3 MESURES DE S\u00c9CURIT\u00c9.<\/h4>\n\n<p>Je vous informe que nous avons mis en place les mesures de s\u00e9curit\u00e9 techniques et organisationnelles n\u00e9cessaires pour garantir la s\u00e9curit\u00e9 de vos donn\u00e9es personnelles et emp\u00eacher leur alt\u00e9ration, perte et traitement et \/ ou acc\u00e8s non autoris\u00e9s, en tenant compte de l&rsquo;\u00e9tat de la technologie, de la nature des donn\u00e9es stock\u00e9es et des risques auxquels elles sont expos\u00e9es, qu&rsquo;elles proviennent de l&rsquo;action humaine ou de l&rsquo;environnement physique ou naturel. Le tout conform\u00e9ment aux dispositions du RGPD. De m\u00eame, des mesures suppl\u00e9mentaires ont \u00e9t\u00e9 mises en place afin de renforcer la confidentialit\u00e9 et l&rsquo;int\u00e9grit\u00e9 des informations dans votre organisation. Maintenir en permanence la supervision, le contr\u00f4le et l&rsquo;\u00e9valuation des processus pour assurer le respect de la confidentialit\u00e9 des donn\u00e9es.<\/p>\n\n<h4 class=\"wp-block-heading\">4 EXERCICE DES DROITS<\/h4>\n\n<p>Les personnes qui ont fourni leurs donn\u00e9es via le Web peuvent contacter le propri\u00e9taire de celles-ci afin d&rsquo;exercer librement leurs droits d&rsquo;acc\u00e8s \u00e0 leurs donn\u00e9es, de rectification ou de suppression, de limitation et d&rsquo;opposition concernant les donn\u00e9es incorpor\u00e9es dans leur des dossiers. Nous vous informons \u00e9galement que vous pouvez d\u00e9poser une r\u00e9clamation aupr\u00e8s de l&rsquo;autorit\u00e9 de contr\u00f4le. La m\u00e9thode la plus rapide et la plus simple serait d&rsquo;acc\u00e9der directement \u00e0 votre compte utilisateur et de modifier vos donn\u00e9es ou de supprimer votre compte utilisateur. Toutes les informations que nous devons stocker, en vertu d&rsquo;une obligation l\u00e9gale ou contractuelle, seront bloqu\u00e9es et utilis\u00e9es uniquement \u00e0 ces fins au lieu d&rsquo;\u00eatre supprim\u00e9es. Dans le cas pr\u00e9sent, aucun traitement automatis\u00e9 de donn\u00e9es n&rsquo;est effectu\u00e9, et dans ce cas, nous vous en informerons. L&rsquo;int\u00e9ress\u00e9 peut exercer ses droits au moyen d&rsquo;une communication \u00e9crite avec la r\u00e9f\u00e9rence \u00abProtection des donn\u00e9es\u00bb, pr\u00e9cisant ses donn\u00e9es, prouvant son identit\u00e9 et les raisons de sa demande \u00e0 l&rsquo;adresse e-mail suivante: hidemar@hidemar.com<\/p>\n\n<h4 class=\"wp-block-heading\">5 LIENS OU LIENS EXTERNES<\/h4>\n\n<p>En tant que service \u00e0 nos visiteurs, notre site Web peut inclure des hyperliens vers d&rsquo;autres sites qui ne sont pas exploit\u00e9s ou contr\u00f4l\u00e9s par le site Web. Par cons\u00e9quent, le Web ne garantit pas et n&rsquo;est pas responsable de la l\u00e9galit\u00e9, de la fiabilit\u00e9, de l&rsquo;utilit\u00e9, de la v\u00e9racit\u00e9 et de l&rsquo;actualit\u00e9 du contenu de ces sites Web ou de leurs pratiques de confidentialit\u00e9. Veuillez noter que leurs pratiques de confidentialit\u00e9 peuvent diff\u00e9rer des n\u00f4tres avant de fournir vos informations personnelles \u00e0 ces sites non Web. Le seul but des liens est de fournir \u00e0 l&rsquo;Utilisateur la possibilit\u00e9 d&rsquo;acc\u00e9der auxdits liens et de conna\u00eetre notre travail, bien que LE SITE WEB n&rsquo;offre ni ne commercialise les informations, contenus et services disponibles sur les sites li\u00e9s par lui-m\u00eame ou par l&rsquo;interm\u00e9diaire de tiers, ni n&rsquo;approuve , supervise ou contr\u00f4le de quelque mani\u00e8re que ce soit les contenus et services et tout mat\u00e9riel de toute nature existant en eux. Le site Web n&rsquo;est en aucun cas responsable des r\u00e9sultats qui peuvent \u00eatre d\u00e9riv\u00e9s \u00e0 l&rsquo;utilisateur en acc\u00e9dant auxdits liens.<\/p>\n\n<h4 class=\"wp-block-heading\">6 MODIFICATION DE LA POLITIQUE DE CONFIDENTIALIT\u00c9<\/h4>\n\n<p>LE RESPONSABLE DU WEB se r\u00e9serve le droit de modifier sa politique de confidentialit\u00e9, selon ses propres crit\u00e8res, motiv\u00e9e par un changement l\u00e9gislatif, jurisprudentiel ou doctrinal de l&rsquo;Agence espagnole de protection des donn\u00e9es. Toute modification de la politique de confidentialit\u00e9 sera publi\u00e9e au moins dix jours avant son application effective. L&rsquo;utilisation du Web apr\u00e8s lesdits changements, impliquera leur acceptation.<\/p>\n\n<h4 class=\"wp-block-heading\">7 RESPONSABLE DU DOSSIER ET RESPONSABLE DU TRAITEMENT.<\/h4>\n\n<p>Le responsable du fichier de donn\u00e9es est HIDEMAR, S.A. En tant que processeurs en dehors du contr\u00f4leur susmentionn\u00e9: raiolanetworks.es<\/p>\n\n<h4 class=\"wp-block-heading\">8 SERVICES OFFERTS PAR DES TIERS SUR CE SITE WEB.<\/h4>\n\n<p>Pour fournir des services strictement n\u00e9cessaires au d\u00e9veloppement de son activit\u00e9, Le Web utilise certains prestataires de services dans les conditions de confidentialit\u00e9 correspondantes. Politique de confidentialit\u00e9 de la publicit\u00e9 fournie dans Adsense: Google Adsense. Politique de confidentialit\u00e9 des sources de suivi utilis\u00e9es sur ce site: Google (Analytics). Politique de confidentialit\u00e9 d&rsquo;Amazon: Amazon sur le Web, les pr\u00e9f\u00e9rences de ses utilisateurs, leurs caract\u00e9ristiques d\u00e9mographiques, leurs mod\u00e8les de trafic et d&rsquo;autres informations sont \u00e9tudi\u00e9es ensemble pour mieux comprendre qui est notre public et ce dont il a besoin. Le suivi des pr\u00e9f\u00e9rences de nos utilisateurs nous aide \u00e9galement \u00e0 vous montrer les publicit\u00e9s les plus pertinentes. L&rsquo;utilisateur et, en g\u00e9n\u00e9ral, toute personne physique ou morale, peuvent \u00e9tablir un lien hypertexte ou dispositif de lien technique (par exemple, des liens ou des boutons) depuis leur site Web vers le Web (le \u00ablien hypertexte\u00bb). L&rsquo;\u00e9tablissement de l&rsquo;hyperlien n&rsquo;implique en aucun cas l&rsquo;existence de relations entre le Web et le propri\u00e9taire du site ou de la page Web dans lequel l&rsquo;hyperlien est \u00e9tabli, ni l&rsquo;acceptation ou l&rsquo;approbation par le Web de son contenu ou de ses services. Dans tous les cas, le site Web se r\u00e9serve le droit d&rsquo;interdire ou de d\u00e9sactiver tout lien hypertexte vers le site Web \u00e0 tout moment.<\/p>\n\n<h4 class=\"wp-block-heading\">9 NE SOUHAITEZ PAS RECEVOIR DES INFORMATIONS DE NOUS OU VOULEZ-VOUS REVOQUER VOTRE CONSENTEMENT?<\/h4>\n\n<p>Conform\u00e9ment aux dispositions de la loi 34\/2002 du 11 juin, Services de la soci\u00e9t\u00e9 de l&rsquo;information et du commerce \u00e9lectronique, vous pouvez vous opposer \u00e0 l&rsquo;utilisation de vos informations \u00e0 des fins publicitaires, d&rsquo;\u00e9tudes de march\u00e9 ou de d\u00e9veloppement d&rsquo;enqu\u00eates de satisfaction dans tout moment, ainsi que de r\u00e9voquer votre consentement \u00e0 tout moment (sans effet r\u00e9troactif). Pour ce faire, vous devez envoyer un courrier \u00e9lectronique \u00e0 l&rsquo;adresse hidemar@hidemar.com En ce qui concerne la gestion de vos donn\u00e9es associ\u00e9es aux profils sociaux de HIDEMAR, SA, l&rsquo;exercice du droit d&rsquo;acc\u00e8s d\u00e9pendra de la fonctionnalit\u00e9 du r\u00e9seau social et les possibilit\u00e9s d&rsquo;acc\u00e9der aux informations sur les profils d&rsquo;utilisateurs. En ce qui concerne les droits d&rsquo;acc\u00e8s et de rectification, nous recommandons qu&rsquo;il ne puisse \u00eatre satisfait que par rapport aux informations qui sont sous le contr\u00f4le de HIDEMAR, S.A. Vous pouvez \u00e9galement arr\u00eater d&rsquo;interagir, suivre ou recevoir des informations des profils sociaux, supprimer les contenus qui ne vous int\u00e9ressent plus ou restreindre les personnes avec qui partage leurs connexions, gr\u00e2ce aux m\u00e9canismes pr\u00e9vus dans les diff\u00e9rents r\u00e9seaux sociaux. L&rsquo;utilisateur peut acc\u00e9der aux politiques de confidentialit\u00e9 de chaque r\u00e9seau social, ainsi que configurer son profil pour garantir sa confidentialit\u00e9. J&rsquo;encourage les utilisateurs \u00e0 se familiariser avec les conditions d&rsquo;utilisation des diff\u00e9rents r\u00e9seaux sociaux avant de commencer \u00e0 les utiliser.<\/p>\n\n<p>Facebook: https:\/\/www.facebook.com\/help\/323540651073243\/<\/p>\n\n<p>Google: <a href=\"http:\/\/www.google.es\/intl\/es\/policies\/privacy\/\">http:\/\/www.google.es\/intl\/es\/policies\/privacy\/<\/a><\/p>\n\n<p>Twitter: https:\/\/twitter.com\/privacy<\/p>\n\n<h4 class=\"wp-block-heading\">\n          <strong>\n            <em>10 SYST\u00c8MES DE CAPTURE DE DONN\u00c9ES PERSONNELLES ET SON OBJECTIF<\/em>\n          <\/strong>\n        <\/h4>\n\n<p>1) Formulaires d&rsquo;abonnement au contenu: sur le Web, il existe plusieurs formulaires pour activer l&rsquo;abonnement g\u00e9r\u00e9 par Mailchimp afin d&rsquo;envoyer des campagnes de marketing par e-mail, g\u00e9rer les abonnements et envoyer des newsletters ou des newsletters.<\/p>\n\n<p>2) Formulaire de commentaires: Le site comprend un formulaire dont le but est de commenter les articles et de donner votre avis dans le respect de la libert\u00e9 d&rsquo;expression. L&rsquo;utilisateur pourra publier des commentaires sur les articles publi\u00e9s. Les donn\u00e9es personnelles saisies dans le formulaire pour ins\u00e9rer ces commentaires seront utilis\u00e9es exclusivement pour les mod\u00e9rer et les publier, collectant \u00e9galement ces donn\u00e9es qui seront stock\u00e9es sur les serveurs d&rsquo;Arsys.es, et les plateformes de messagerie mentionn\u00e9es ci-dessus.<\/p>\n\n<p>3) Formulaire de contact: Il existe un formulaire de contact dont le but est de r\u00e9pondre aux questions, suggestions ou contacts professionnels. Dans ce cas, l&rsquo;adresse e-mail sera utilis\u00e9e pour y r\u00e9pondre et envoyer les informations dont l&rsquo;utilisateur a besoin via le Web, ces donn\u00e9es seront stock\u00e9es sur les serveurs d&rsquo;Arsys.es et les plateformes de messagerie mentionn\u00e9es ci-dessus.<\/p>\n\n<p>4) Cookies: Lors de l&rsquo;enregistrement ou de la navigation de l&rsquo;utilisateur sur ce site, des \u00abcookies\u00bb sont stock\u00e9s, l&rsquo;utilisateur peut consulter \u00e0 tout moment la politique de cookies pour obtenir plus d&rsquo;informations sur l&rsquo;utilisation des cookies et comment les d\u00e9sactiver.<\/p>\n\n<p>5) Vente d&rsquo;infoproduits: via le site Web, des infoproduits peuvent \u00eatre achet\u00e9s, dans ce cas, les donn\u00e9es de l&rsquo;acheteur (nom, pr\u00e9nom, adresse et e-mail) sont n\u00e9cessaires via les plateformes de paiement d\u00e9j\u00e0 d\u00e9crites.<\/p>\n\n<p>6) Les utilisateurs peuvent se d\u00e9sinscrire \u00e0 tout moment des services fournis par HIDEMAR.S.A, en demandant de se d\u00e9sinscrire \u00e0 l&#8217;email hidemar@hidemar.com<\/p>\n\n<p>7) Syst\u00e8mes de suivi utilis\u00e9s sur ce site: Google (Analytics).<\/p>\n\n<p>Nous ne partagerons, ne vendrons ni ne louerons vos informations personnelles avec d&rsquo;autres parties. Je peux partager certaines informations avec des fournisseurs de services tiers autoris\u00e9s n\u00e9cessaires pour vous fournir certains services.<\/p>\n\n<h4 class=\"wp-block-heading\">\n          <strong>\n            <em>11 PLUGINS SOCIAUX<\/em>\n          <\/strong>\n        <\/h4>\n\n<p>Sur notre site Web, nous vous proposons des liens et des services li\u00e9s aux diff\u00e9rents r\u00e9seaux sociaux (par exemple \u00abJ&rsquo;aime\u00bb Facebook). Si vous \u00eates membre d&rsquo;un r\u00e9seau social et que vous cliquez sur le lien correspondant, le fournisseur du r\u00e9seau social peut lier vos donn\u00e9es de profil aux informations de votre visite sur ledit site.<\/p>\n\n<p>Par cons\u00e9quent, il est pratique de vous informer sur les fonctions et les politiques de traitement des donn\u00e9es personnelles du r\u00e9seau social respectif, si vous acc\u00e9dez \u00e0 l&rsquo;une de nos pages Web avec l&rsquo;un de vos profils sur les r\u00e9seaux sociaux ou si vous partagez des informations par leur interm\u00e9diaire.<\/p>\n\n<p>Vous pouvez acc\u00e9der \u00e0 tout moment aux politiques de confidentialit\u00e9 des diff\u00e9rents r\u00e9seaux sociaux, ainsi que configurer votre profil pour garantir votre confidentialit\u00e9. Nous vous encourageons \u00e0 vous familiariser avec les conditions d&rsquo;utilisation de ces r\u00e9seaux sociaux avant de commencer \u00e0 les utiliser:<\/p>\n\n<p>Facebook: https:\/\/www.facebook.com\/help\/323540651073243\/<br\/>Youtube: http:\/\/www.google.es\/intl\/es\/policies\/privacy\/<br\/>Google Plus: http:\/\/www.google.es\/intl\/es\/policies\/privacy\/<br\/>Twitter: https:\/\/twitter.com\/privacy<br\/>Instagram: https:\/\/help.instagram.com\/155833707900388<\/p>\n\n<h4 class=\"wp-block-heading\">12 ACCEPTATION ET CONSENTEMENT<\/h4>\n\n<p>L&rsquo;Utilisateur d\u00e9clare avoir \u00e9t\u00e9 inform\u00e9 des conditions de protection des donn\u00e9es personnelles, en acceptant et en consentant au traitement de celles-ci par le responsable du Web de la mani\u00e8re et aux fins indiqu\u00e9es dans les mentions l\u00e9gales.<\/p>\n\n<h4 class=\"wp-block-heading\">13 MODIFICATIONS DE CETTE POLITIQUE DE CONFIDENTIALIT\u00c9<\/h4>\n\n<p>Le responsable du site Web se r\u00e9serve le droit de modifier cette politique pour l&rsquo;adapter \u00e0 la nouvelle l\u00e9gislation ou \u00e0 la jurisprudence ainsi qu&rsquo;aux pratiques de l&rsquo;industrie. Dans de tels cas, le fournisseur annoncera sur cette page les changements introduits avec une anticipation raisonnable de leur mise en \u0153uvre.<\/p>\n","protected":false},"excerpt":{"rendered":"<p>Conform\u00e9ment aux dispositions du r\u00e8glement g\u00e9n\u00e9ral (UE) sur la protection des donn\u00e9es, en acceptant cette politique de confidentialit\u00e9, vous donnez<\/p>\n","protected":false},"author":1,"featured_media":0,"parent":0,"menu_order":0,"comment_status":"closed","ping_status":"open","template":"","meta":{"footnotes":""},"class_list":["post-7242","page","type-page","status-publish","hentry"],"yoast_head":"<!-- This site is optimized with the Yoast SEO plugin v23.1 - https:\/\/yoast.com\/wordpress\/plugins\/seo\/ -->\n<title>Politique de confidentialit\u00e9 - hidemar<\/title>\n<meta name=\"robots\" content=\"index, follow, max-snippet:-1, max-image-preview:large, max-video-preview:-1\" \/>\n<link rel=\"canonical\" href=\"https:\/\/www.hidemar.com\/fr\/politique-de-confidentialite\/\" \/>\n<meta property=\"og:locale\" content=\"fr_FR\" \/>\n<meta property=\"og:type\" content=\"article\" \/>\n<meta property=\"og:title\" content=\"Politique de confidentialit\u00e9 - hidemar\" \/>\n<meta property=\"og:description\" content=\"Conform\u00e9ment aux dispositions du r\u00e8glement g\u00e9n\u00e9ral (UE) sur la protection des donn\u00e9es, en acceptant cette politique de confidentialit\u00e9, vous donnez\" \/>\n<meta property=\"og:url\" content=\"https:\/\/www.hidemar.com\/fr\/politique-de-confidentialite\/\" \/>\n<meta property=\"og:site_name\" content=\"hidemar\" \/>\n<meta property=\"article:modified_time\" content=\"2020-12-11T12:39:57+00:00\" \/>\n<meta name=\"twitter:card\" content=\"summary_large_image\" \/>\n<meta name=\"twitter:label1\" content=\"Dur\u00e9e de lecture estim\u00e9e\" \/>\n\t<meta name=\"twitter:data1\" content=\"13 minutes\" \/>\n<script type=\"application\/ld+json\" class=\"yoast-schema-graph\">{\"@context\":\"https:\/\/schema.org\",\"@graph\":[{\"@type\":\"WebPage\",\"@id\":\"https:\/\/www.hidemar.com\/fr\/politique-de-confidentialite\/\",\"url\":\"https:\/\/www.hidemar.com\/fr\/politique-de-confidentialite\/\",\"name\":\"Politique de confidentialit\u00e9 - hidemar\",\"isPartOf\":{\"@id\":\"https:\/\/www.hidemar.com\/es\/#website\"},\"datePublished\":\"2020-12-11T12:39:30+00:00\",\"dateModified\":\"2020-12-11T12:39:57+00:00\",\"breadcrumb\":{\"@id\":\"https:\/\/www.hidemar.com\/fr\/politique-de-confidentialite\/#breadcrumb\"},\"inLanguage\":\"fr-FR\",\"potentialAction\":[{\"@type\":\"ReadAction\",\"target\":[\"https:\/\/www.hidemar.com\/fr\/politique-de-confidentialite\/\"]}]},{\"@type\":\"BreadcrumbList\",\"@id\":\"https:\/\/www.hidemar.com\/fr\/politique-de-confidentialite\/#breadcrumb\",\"itemListElement\":[{\"@type\":\"ListItem\",\"position\":1,\"name\":\"Inicio\",\"item\":\"https:\/\/www.hidemar.com\/fr\/\"},{\"@type\":\"ListItem\",\"position\":2,\"name\":\"Politique de confidentialit\u00e9\"}]},{\"@type\":\"WebSite\",\"@id\":\"https:\/\/www.hidemar.com\/es\/#website\",\"url\":\"https:\/\/www.hidemar.com\/es\/\",\"name\":\"hidemar\",\"description\":\"Fabricants de meubles de sant\u00e9\",\"potentialAction\":[{\"@type\":\"SearchAction\",\"target\":{\"@type\":\"EntryPoint\",\"urlTemplate\":\"https:\/\/www.hidemar.com\/es\/?s={search_term_string}\"},\"query-input\":\"required name=search_term_string\"}],\"inLanguage\":\"fr-FR\"}]}<\/script>\n<!-- \/ Yoast SEO plugin. -->","yoast_head_json":{"title":"Politique de confidentialit\u00e9 - hidemar","robots":{"index":"index","follow":"follow","max-snippet":"max-snippet:-1","max-image-preview":"max-image-preview:large","max-video-preview":"max-video-preview:-1"},"canonical":"https:\/\/www.hidemar.com\/fr\/politique-de-confidentialite\/","og_locale":"fr_FR","og_type":"article","og_title":"Politique de confidentialit\u00e9 - hidemar","og_description":"Conform\u00e9ment aux dispositions du r\u00e8glement g\u00e9n\u00e9ral (UE) sur la protection des donn\u00e9es, en acceptant cette politique de confidentialit\u00e9, vous donnez","og_url":"https:\/\/www.hidemar.com\/fr\/politique-de-confidentialite\/","og_site_name":"hidemar","article_modified_time":"2020-12-11T12:39:57+00:00","twitter_card":"summary_large_image","twitter_misc":{"Dur\u00e9e de lecture estim\u00e9e":"13 minutes"},"schema":{"@context":"https:\/\/schema.org","@graph":[{"@type":"WebPage","@id":"https:\/\/www.hidemar.com\/fr\/politique-de-confidentialite\/","url":"https:\/\/www.hidemar.com\/fr\/politique-de-confidentialite\/","name":"Politique de confidentialit\u00e9 - hidemar","isPartOf":{"@id":"https:\/\/www.hidemar.com\/es\/#website"},"datePublished":"2020-12-11T12:39:30+00:00","dateModified":"2020-12-11T12:39:57+00:00","breadcrumb":{"@id":"https:\/\/www.hidemar.com\/fr\/politique-de-confidentialite\/#breadcrumb"},"inLanguage":"fr-FR","potentialAction":[{"@type":"ReadAction","target":["https:\/\/www.hidemar.com\/fr\/politique-de-confidentialite\/"]}]},{"@type":"BreadcrumbList","@id":"https:\/\/www.hidemar.com\/fr\/politique-de-confidentialite\/#breadcrumb","itemListElement":[{"@type":"ListItem","position":1,"name":"Inicio","item":"https:\/\/www.hidemar.com\/fr\/"},{"@type":"ListItem","position":2,"name":"Politique de confidentialit\u00e9"}]},{"@type":"WebSite","@id":"https:\/\/www.hidemar.com\/es\/#website","url":"https:\/\/www.hidemar.com\/es\/","name":"hidemar","description":"Fabricants de meubles de sant\u00e9","potentialAction":[{"@type":"SearchAction","target":{"@type":"EntryPoint","urlTemplate":"https:\/\/www.hidemar.com\/es\/?s={search_term_string}"},"query-input":"required name=search_term_string"}],"inLanguage":"fr-FR"}]}},"_links":{"self":[{"href":"https:\/\/www.hidemar.com\/fr\/wp-json\/wp\/v2\/pages\/7242","targetHints":{"allow":["GET"]}}],"collection":[{"href":"https:\/\/www.hidemar.com\/fr\/wp-json\/wp\/v2\/pages"}],"about":[{"href":"https:\/\/www.hidemar.com\/fr\/wp-json\/wp\/v2\/types\/page"}],"author":[{"embeddable":true,"href":"https:\/\/www.hidemar.com\/fr\/wp-json\/wp\/v2\/users\/1"}],"replies":[{"embeddable":true,"href":"https:\/\/www.hidemar.com\/fr\/wp-json\/wp\/v2\/comments?post=7242"}],"version-history":[{"count":0,"href":"https:\/\/www.hidemar.com\/fr\/wp-json\/wp\/v2\/pages\/7242\/revisions"}],"wp:attachment":[{"href":"https:\/\/www.hidemar.com\/fr\/wp-json\/wp\/v2\/media?parent=7242"}],"curies":[{"name":"wp","href":"https:\/\/api.w.org\/{rel}","templated":true}]}}