{"id":7175,"date":"2020-12-10T10:40:01","date_gmt":"2020-12-10T10:40:01","guid":{"rendered":"https:\/\/www.hidemar.com\/politique-de-cookies\/"},"modified":"2020-12-10T10:40:22","modified_gmt":"2020-12-10T10:40:22","slug":"politique-de-cookies","status":"publish","type":"page","link":"https:\/\/www.hidemar.com\/fr\/politique-de-cookies\/","title":{"rendered":"Politique de cookies"},"content":{"rendered":"\n<p>\n          <strong>Pr\u00e9c\u00e9dent.- Que sont les cookies?<\/strong>\n        <\/p>\n\n<p>Les cookies sont un outil utilis\u00e9 par les serveurs Web pour stocker et r\u00e9cup\u00e9rer des informations sur leurs visiteurs. Ce n&rsquo;est rien de plus qu&rsquo;un fichier texte que certains serveurs demandent \u00e0 notre navigateur d&rsquo;\u00e9crire sur notre disque dur, avec des informations sur ce que nous avons fait pour leurs pages. Ils ont une date d&rsquo;expiration, qui peut aller de la dur\u00e9e de la session \u00e0 une date future sp\u00e9cifi\u00e9e, apr\u00e8s quoi ils cessent d&rsquo;\u00eatre op\u00e9rationnels.<\/p>\n\n<h4 class=\"wp-block-heading\">\n          <strong>\n            <strong>\n              <strong>1. Les cookies utilis\u00e9s par ce site Web<\/strong>\n            <\/strong>\n          <\/strong>\n        <\/h4>\n\n<p>Sur ce site Web, nos propres cookies et ceux de tiers sont utilis\u00e9s pour vous assurer une meilleure exp\u00e9rience de navigation, vous pouvez partager du contenu sur les r\u00e9seaux sociaux, vous montrer des publicit\u00e9s en fonction de vos int\u00e9r\u00eats et obtenir des statistiques utilisateur. En tant qu&rsquo;utilisateur, vous pouvez refuser le traitement des donn\u00e9es ou informations en bloquant ces cookies via la configuration appropri\u00e9e de votre navigateur. Cependant, sachez que si vous le faites, ce site ne fonctionnera pas correctement. Selon les termes de l&rsquo;article 22.2 de la loi 34\/2002 sur les services de la soci\u00e9t\u00e9 de l&rsquo;information et du commerce \u00e9lectronique, si vous continuez \u00e0 naviguer, vous consentirez \u00e0 l&rsquo;utilisation des cookies que je d\u00e9taille ci-dessous. Les cookies sur ce site Web aident \u00e0: \u2022 Faire fonctionner ce site Web correctement \u2022 Vous \u00e9viter d&rsquo;avoir \u00e0 vous connecter chaque fois que vous visitez ce site \u2022 Vous rappeler vos param\u00e8tres pendant et entre les visites \u2022 Vous permettre de visionner des vid\u00e9os \u2022 Am\u00e9liorer la vitesse \/ s\u00e9curit\u00e9 du site \u2022 Que vous pouvez partager des pages avec les r\u00e9seaux sociaux \u2022 Am\u00e9liorer continuellement ce site Web \u2022 Vous montrer des publicit\u00e9s bas\u00e9es sur vos habitudes de navigation Je n&rsquo;utiliserai jamais de cookies pour: \u2022 Recueillir des informations personnellement identifiables (sans votre autorisation expresse) \u2022 Recueillir des informations sensibles (sans votre permission express) \u2022 Partager les donn\u00e9es d&rsquo;identification personnelles avec des tiers<\/p>\n\n<h4 class=\"wp-block-heading\">\n          <strong>\n            <strong>2. Cookies tiers que nous utilisons sur ce site Web et que vous devez conna\u00eetre<\/strong>\n          <\/strong>\n        <\/h4>\n\n<p>Ce site Web, comme la plupart des sites Web, comprend des fonctionnalit\u00e9s fournies par des tiers. De nouvelles conceptions ou des services tiers sont \u00e9galement r\u00e9guli\u00e8rement test\u00e9s pour des recommandations et des rapports. Cela peut occasionnellement modifier les param\u00e8tres des cookies et que des cookies non d\u00e9taill\u00e9s dans cette politique apparaissent. Il est important que vous sachiez qu&rsquo;il s&rsquo;agit de cookies temporaires qu&rsquo;il n&rsquo;est pas toujours possible de signaler et qu&rsquo;ils n&rsquo;ont que des fins d&rsquo;\u00e9tude et d&rsquo;\u00e9valuation. En aucun cas, les cookies qui compromettent votre vie priv\u00e9e ne seront utilis\u00e9s. Parmi les cookies tiers les plus stables, on trouve:<\/p>\n\n<h5 class=\"wp-block-heading\">2.1 Cookies g\u00e9n\u00e9r\u00e9s par les services d&rsquo;analyse<\/h5>\n\n<p>Ceux g\u00e9n\u00e9r\u00e9s par les services d&rsquo;analyse, en particulier Google Analytics pour aider le site Web \u00e0 analyser l&rsquo;utilisation que les utilisateurs font du site Web et \u00e0 am\u00e9liorer sa convivialit\u00e9, mais en aucun cas ils ne sont associ\u00e9s \u00e0 des donn\u00e9es permettant d&rsquo;identifier l&rsquo;utilisateur. Google Analytics est un service d&rsquo;analyse Web fourni par Google, Inc., une soci\u00e9t\u00e9 du Delaware dont le si\u00e8ge social est situ\u00e9 au 1600 Amphitheatre Parkway, Mountain View (Californie), CA 94043, \u00c9tats-Unis (\u00abGoogle\u00bb). L&rsquo;utilisateur peut v\u00e9rifier ici le type de cookies utilis\u00e9s par Google. Cookie Google+ et Google Maps, conform\u00e9ment aux dispositions de leur page sur le type de cookies qu&rsquo;ils utilisent.<\/p>\n\n<h5 class=\"wp-block-heading\">2.2 Cookies de suivi de Google Adwords<\/h5>\n\n<p>Nous utilisons le suivi des conversions Google AdWords. Le suivi des conversions est un outil gratuit qui indique ce qui se passe apr\u00e8s qu&rsquo;un client clique sur vos annonces, qu&rsquo;il ait achet\u00e9 un produit ou qu&rsquo;il se soit abonn\u00e9 \u00e0 votre newsletter. Ces cookies expirent au bout de 30 jours et ne contiennent pas d&rsquo;informations permettant de vous identifier personnellement. Pour plus d&rsquo;informations sur le suivi des conversions et la politique de confidentialit\u00e9 de Google. Les publicit\u00e9s g\u00e9n\u00e9r\u00e9es par AdWords, en fonction des int\u00e9r\u00eats de l&rsquo;utilisateur, sont g\u00e9n\u00e9r\u00e9es et affich\u00e9es \u00e0 partir des informations collect\u00e9es \u00e0 partir des activit\u00e9s et des navigations que l&rsquo;utilisateur effectue sur d&rsquo;autres sites Web, de l&rsquo;utilisation d&rsquo;appareils, d&rsquo;applications ou de logiciels associ\u00e9s, de l&rsquo;interaction avec d&rsquo;autres outils Google (cookies DoubleClick). DoubleClick utilise des cookies pour am\u00e9liorer la publicit\u00e9. Les cookies sont couramment utilis\u00e9s pour cibler les publicit\u00e9s en fonction du contenu pertinent pour un utilisateur, am\u00e9liorer les rapports sur les performances des campagnes et \u00e9viter d&rsquo;afficher des publicit\u00e9s que l&rsquo;utilisateur a d\u00e9j\u00e0 vues. DoubleClick utilise des identifiants de cookie pour suivre les annonces qui ont \u00e9t\u00e9 diffus\u00e9es dans certains navigateurs. Lors de la diffusion d&rsquo;une annonce dans un navigateur, DoubleClick peut utiliser l&rsquo;ID de cookie de ce navigateur pour v\u00e9rifier quelles annonces DoubleClick ont \u200b\u200bd\u00e9j\u00e0 \u00e9t\u00e9 diffus\u00e9es dans ce navigateur particulier. C&rsquo;est ainsi que DoubleClick \u00e9vite d&rsquo;afficher des annonces que l&rsquo;utilisateur a d\u00e9j\u00e0 vues. De m\u00eame, les identifiants de cookie permettent \u00e0 DoubleClick d&rsquo;enregistrer les conversions li\u00e9es aux demandes d&rsquo;annonces, par exemple lorsqu&rsquo;un utilisateur consulte une annonce DoubleClick et utilise ensuite le m\u00eame navigateur pour visiter le site Web de l&rsquo;annonceur et effectuer un achat. Les cookies DoubleClick ne contiennent pas d&rsquo;informations personnellement identifiables. Parfois, le cookie contient un identifiant suppl\u00e9mentaire similaire en apparence \u00e0 l&rsquo;ID de cookie. Cet identifiant est utilis\u00e9 pour identifier une campagne publicitaire \u00e0 laquelle un utilisateur avait d\u00e9j\u00e0 \u00e9t\u00e9 expos\u00e9; cependant, DoubleClick ne stocke aucun autre type de donn\u00e9es dans le cookie et, en outre, les informations ne sont pas personnellement identifiables.<\/p>\n\n<h5 class=\"wp-block-heading\">2.3 Cookies WordPress<\/h5>\n\n<p>Le Web est un utilisateur de la plate-forme de fourniture et d&rsquo;h\u00e9bergement de blogs WordPress, propri\u00e9t\u00e9 de la soci\u00e9t\u00e9 am\u00e9ricaine Automattic, Inc. \u00c0 ces fins, l&rsquo;utilisation de tels cookies par les syst\u00e8mes n&rsquo;est jamais sous le contr\u00f4le ou la gestion de la personne responsable du Web, ils peuvent modifier sa fonction \u00e0 tout moment et saisir de nouveaux cookies. Ces cookies ne rapportent aucun avantage \u00e0 la personne responsable de ce site Web. Automattic, Inc., utilise \u00e9galement d&rsquo;autres cookies pour aider \u00e0 identifier et suivre les visiteurs des sites WordPress, pour savoir comment ils utilisent le site Web Automattic, ainsi que leurs pr\u00e9f\u00e9rences d&rsquo;acc\u00e8s, comme Il est inclus dans la section \u00abCookies\u00bb de sa politique de confidentialit\u00e9.<\/p>\n\n<h5 class=\"wp-block-heading\">2.4 Cookies de r\u00e9seaux sociaux<\/h5>\n\n<p>Les cookies des r\u00e9seaux sociaux peuvent \u00eatre stock\u00e9s dans votre navigateur lors de la navigation sur le Web, par exemple, lorsque vous utilisez le bouton pour partager du contenu Web dans un r\u00e9seau social. Les soci\u00e9t\u00e9s qui g\u00e9n\u00e8rent ces cookies correspondant aux r\u00e9seaux sociaux que ce site utilise ont leurs propres politiques en mati\u00e8re de cookies: \u2022 Cookie Twitter, conform\u00e9ment aux dispositions de leur politique de confidentialit\u00e9 et d&rsquo;utilisation de cookies. \u2022 Cookie Facebook, tel que pr\u00e9vu dans sa politique de cookies \u2022 J&rsquo;utilise \u00e9galement des cookies de service d&rsquo;affiliation pour les produits Amazon, par exemple, donc lorsque je recommande un produit et que j&rsquo;ach\u00e8te d\u00e9finitivement apr\u00e8s avoir travers\u00e9 la plateforme Amazon, j&rsquo;aurai un commission. Ensuite, et comme l&rsquo;exige l&rsquo;article 22.2 de la LSSI, les cookies qui peuvent \u00eatre install\u00e9s r\u00e9guli\u00e8rement lors de la navigation sur ce site sont d\u00e9taill\u00e9s: Cookies: NID __utma, __utmb, __utmc, __utmd, __utmv, __utmz Dur\u00e9e: 2 ans Objectif: Ils permettent de faire une surveillance du site Web via l&rsquo;outil Google Analytics, qui est un service fourni par Google pour obtenir des informations sur l&rsquo;acc\u00e8s des utilisateurs aux sites Web. Certaines des donn\u00e9es stock\u00e9es pour une analyse plus approfondie sont: le nombre de fois o\u00f9 l&rsquo;utilisateur a visit\u00e9 le site Web, les dates de la premi\u00e8re et de la derni\u00e8re visite de l&rsquo;utilisateur, la dur\u00e9e des visites, la page \u00e0 partir de laquelle l&rsquo;utilisateur a acc\u00e9d\u00e9 au site Web. , moteur de recherche que l&rsquo;utilisateur a utilis\u00e9 pour acc\u00e9der au site Web ou lien qu&rsquo;il a s\u00e9lectionn\u00e9, lieu dans le monde \u00e0 partir duquel l&rsquo;utilisateur acc\u00e8de, etc. La configuration de ces cookies est pr\u00e9d\u00e9termin\u00e9e par le service propos\u00e9 par Google, c&rsquo;est pourquoi nous vous sugg\u00e9rons de consulter la page de confidentialit\u00e9 de Google Analytics, http:\/\/www.google.com\/intl\/es\/analytics\/privacyoverview.html pour obtenir plus d&rsquo;informations sur les cookies qu&rsquo;il utilise et comment les d\u00e9sactiver (\u00e9tant entendu que nous ne sommes pas responsables du contenu ou de la v\u00e9racit\u00e9 des sites Web tiers) \u2014\u2014\u2014\u2014\u2014\u2014 Cookies: doubleclick.com, DSIS- IDE-ID Dur\u00e9e: 30 jours Objectif: ce cookie est utilis\u00e9 pour le reciblage, l&rsquo;optimisation, la cr\u00e9ation de rapports et l&rsquo;attribution d&rsquo;annonces en ligne. DoubleClick envoie un cookie au navigateur apr\u00e8s toute impression, clic ou autre activit\u00e9 qui entra\u00eene un appel au serveur DoubleClick. Si le navigateur accepte le cookie, il y est stock\u00e9] \u2014\u2014\u2014\u2014\u2014- Cookies: en Dur\u00e9e: 90 jours Objectif: Il s&rsquo;agit du principal cookie publicitaire de Facebook. Il est utilis\u00e9 pour proposer, analyser et am\u00e9liorer la pertinence des affaires. \u2014\u2014\u2014\u2014\u2014- Cookies: sb Dur\u00e9e: 2 ans \u00e0 compter de l&rsquo;installation Objectif: Il s&rsquo;agit du principal cookie publicitaire de Facebook. Il est utilis\u00e9 pour proposer, analyser et am\u00e9liorer la pertinence des publicit\u00e9s \u2014\u2014\u2014\u2014\u2014- Cookies: prli_clicks_ prli_visitor Dur\u00e9e: les clics durent 30 jours et les visiteurs durent 365 jours Objectif: Ce sont des cookies qui suivent les clics effectu\u00e9s sur chaque lien et Pretty Links affiche des statistiques.<\/p>\n\n<h4 class=\"wp-block-heading\">\n          <strong>3. Comment puis-je g\u00e9rer et d\u00e9sactiver ces cookies?<\/strong>\n        <\/h4>\n\n<p>Si vous ne souhaitez pas que les sites Web placent des cookies sur votre ordinateur, vous pouvez adapter les param\u00e8tres de votre navigateur afin d&rsquo;\u00eatre averti avant le t\u00e9l\u00e9chargement de cookies. De m\u00eame, vous pouvez adapter les param\u00e8tres pour que le navigateur rejette tous les cookies, ou uniquement les cookies tiers. Vous pouvez \u00e9galement supprimer tous les cookies qui se trouvent d\u00e9j\u00e0 sur votre ordinateur. Gardez \u00e0 l&rsquo;esprit que vous devrez adapter la configuration de chaque navigateur et \u00e9quipement que vous utilisez s\u00e9par\u00e9ment. Le site met \u00e0 la disposition des utilisateurs qui souhaitent emp\u00eacher l&rsquo;installation des cookies pr\u00e9cit\u00e9s, des liens fournis \u00e0 cet effet par des navigateurs dont l&rsquo;utilisation est jug\u00e9e plus r\u00e9pandue: Google Chrome &#8211; Internet Explorer &#8211; Edge &#8211; Mozilla Firefox &#8211; Apple Safari<\/p>\n\n<h4 class=\"wp-block-heading\">4 Loi applicable et juridiction<\/h4>\n\n<p>La relation entre la personne responsable du site Web et l&rsquo;UTILISATEUR sera r\u00e9gie par la r\u00e9glementation espagnole en vigueur et toute controverse sera soumise aux tribunaux et tribunaux de la ville de MADRID, sauf disposition contraire de la loi applicable.<\/p>\n","protected":false},"excerpt":{"rendered":"<p>Pr\u00e9c\u00e9dent.- Que sont les cookies? Les cookies sont un outil utilis\u00e9 par les serveurs Web pour stocker et r\u00e9cup\u00e9rer des<\/p>\n","protected":false},"author":1,"featured_media":0,"parent":0,"menu_order":0,"comment_status":"closed","ping_status":"closed","template":"","meta":{"footnotes":""},"class_list":["post-7175","page","type-page","status-publish","hentry"],"yoast_head":"<!-- This site is optimized with the Yoast SEO plugin v23.1 - https:\/\/yoast.com\/wordpress\/plugins\/seo\/ -->\n<title>Politique de cookies - hidemar<\/title>\n<meta name=\"robots\" content=\"index, follow, max-snippet:-1, max-image-preview:large, max-video-preview:-1\" \/>\n<link rel=\"canonical\" href=\"https:\/\/www.hidemar.com\/fr\/politique-de-cookies\/\" \/>\n<meta property=\"og:locale\" content=\"fr_FR\" \/>\n<meta property=\"og:type\" content=\"article\" \/>\n<meta property=\"og:title\" content=\"Politique de cookies - hidemar\" \/>\n<meta property=\"og:description\" content=\"Pr\u00e9c\u00e9dent.- Que sont les cookies? Les cookies sont un outil utilis\u00e9 par les serveurs Web pour stocker et r\u00e9cup\u00e9rer des\" \/>\n<meta property=\"og:url\" content=\"https:\/\/www.hidemar.com\/fr\/politique-de-cookies\/\" \/>\n<meta property=\"og:site_name\" content=\"hidemar\" \/>\n<meta property=\"article:modified_time\" content=\"2020-12-10T10:40:22+00:00\" \/>\n<meta name=\"twitter:card\" content=\"summary_large_image\" \/>\n<meta name=\"twitter:label1\" content=\"Dur\u00e9e de lecture estim\u00e9e\" \/>\n\t<meta name=\"twitter:data1\" content=\"9 minutes\" \/>\n<script type=\"application\/ld+json\" class=\"yoast-schema-graph\">{\"@context\":\"https:\/\/schema.org\",\"@graph\":[{\"@type\":\"WebPage\",\"@id\":\"https:\/\/www.hidemar.com\/fr\/politique-de-cookies\/\",\"url\":\"https:\/\/www.hidemar.com\/fr\/politique-de-cookies\/\",\"name\":\"Politique de cookies - hidemar\",\"isPartOf\":{\"@id\":\"https:\/\/www.hidemar.com\/es\/#website\"},\"datePublished\":\"2020-12-10T10:40:01+00:00\",\"dateModified\":\"2020-12-10T10:40:22+00:00\",\"breadcrumb\":{\"@id\":\"https:\/\/www.hidemar.com\/fr\/politique-de-cookies\/#breadcrumb\"},\"inLanguage\":\"fr-FR\",\"potentialAction\":[{\"@type\":\"ReadAction\",\"target\":[\"https:\/\/www.hidemar.com\/fr\/politique-de-cookies\/\"]}]},{\"@type\":\"BreadcrumbList\",\"@id\":\"https:\/\/www.hidemar.com\/fr\/politique-de-cookies\/#breadcrumb\",\"itemListElement\":[{\"@type\":\"ListItem\",\"position\":1,\"name\":\"Inicio\",\"item\":\"https:\/\/www.hidemar.com\/fr\/\"},{\"@type\":\"ListItem\",\"position\":2,\"name\":\"Politique de cookies\"}]},{\"@type\":\"WebSite\",\"@id\":\"https:\/\/www.hidemar.com\/es\/#website\",\"url\":\"https:\/\/www.hidemar.com\/es\/\",\"name\":\"hidemar\",\"description\":\"Fabricants de meubles de sant\u00e9\",\"potentialAction\":[{\"@type\":\"SearchAction\",\"target\":{\"@type\":\"EntryPoint\",\"urlTemplate\":\"https:\/\/www.hidemar.com\/es\/?s={search_term_string}\"},\"query-input\":\"required name=search_term_string\"}],\"inLanguage\":\"fr-FR\"}]}<\/script>\n<!-- \/ Yoast SEO plugin. -->","yoast_head_json":{"title":"Politique de cookies - hidemar","robots":{"index":"index","follow":"follow","max-snippet":"max-snippet:-1","max-image-preview":"max-image-preview:large","max-video-preview":"max-video-preview:-1"},"canonical":"https:\/\/www.hidemar.com\/fr\/politique-de-cookies\/","og_locale":"fr_FR","og_type":"article","og_title":"Politique de cookies - hidemar","og_description":"Pr\u00e9c\u00e9dent.- Que sont les cookies? Les cookies sont un outil utilis\u00e9 par les serveurs Web pour stocker et r\u00e9cup\u00e9rer des","og_url":"https:\/\/www.hidemar.com\/fr\/politique-de-cookies\/","og_site_name":"hidemar","article_modified_time":"2020-12-10T10:40:22+00:00","twitter_card":"summary_large_image","twitter_misc":{"Dur\u00e9e de lecture estim\u00e9e":"9 minutes"},"schema":{"@context":"https:\/\/schema.org","@graph":[{"@type":"WebPage","@id":"https:\/\/www.hidemar.com\/fr\/politique-de-cookies\/","url":"https:\/\/www.hidemar.com\/fr\/politique-de-cookies\/","name":"Politique de cookies - hidemar","isPartOf":{"@id":"https:\/\/www.hidemar.com\/es\/#website"},"datePublished":"2020-12-10T10:40:01+00:00","dateModified":"2020-12-10T10:40:22+00:00","breadcrumb":{"@id":"https:\/\/www.hidemar.com\/fr\/politique-de-cookies\/#breadcrumb"},"inLanguage":"fr-FR","potentialAction":[{"@type":"ReadAction","target":["https:\/\/www.hidemar.com\/fr\/politique-de-cookies\/"]}]},{"@type":"BreadcrumbList","@id":"https:\/\/www.hidemar.com\/fr\/politique-de-cookies\/#breadcrumb","itemListElement":[{"@type":"ListItem","position":1,"name":"Inicio","item":"https:\/\/www.hidemar.com\/fr\/"},{"@type":"ListItem","position":2,"name":"Politique de cookies"}]},{"@type":"WebSite","@id":"https:\/\/www.hidemar.com\/es\/#website","url":"https:\/\/www.hidemar.com\/es\/","name":"hidemar","description":"Fabricants de meubles de sant\u00e9","potentialAction":[{"@type":"SearchAction","target":{"@type":"EntryPoint","urlTemplate":"https:\/\/www.hidemar.com\/es\/?s={search_term_string}"},"query-input":"required name=search_term_string"}],"inLanguage":"fr-FR"}]}},"_links":{"self":[{"href":"https:\/\/www.hidemar.com\/fr\/wp-json\/wp\/v2\/pages\/7175","targetHints":{"allow":["GET"]}}],"collection":[{"href":"https:\/\/www.hidemar.com\/fr\/wp-json\/wp\/v2\/pages"}],"about":[{"href":"https:\/\/www.hidemar.com\/fr\/wp-json\/wp\/v2\/types\/page"}],"author":[{"embeddable":true,"href":"https:\/\/www.hidemar.com\/fr\/wp-json\/wp\/v2\/users\/1"}],"replies":[{"embeddable":true,"href":"https:\/\/www.hidemar.com\/fr\/wp-json\/wp\/v2\/comments?post=7175"}],"version-history":[{"count":0,"href":"https:\/\/www.hidemar.com\/fr\/wp-json\/wp\/v2\/pages\/7175\/revisions"}],"wp:attachment":[{"href":"https:\/\/www.hidemar.com\/fr\/wp-json\/wp\/v2\/media?parent=7175"}],"curies":[{"name":"wp","href":"https:\/\/api.w.org\/{rel}","templated":true}]}}