{"id":7026,"date":"2020-12-02T10:59:29","date_gmt":"2020-12-02T10:59:29","guid":{"rendered":"https:\/\/www.hidemar.com\/information-technique\/"},"modified":"2021-04-15T12:16:13","modified_gmt":"2021-04-15T12:16:13","slug":"information-technique","status":"publish","type":"page","link":"https:\/\/www.hidemar.com\/fr\/information-technique\/","title":{"rendered":"Information technique"},"content":{"rendered":"\t\t<div data-elementor-type=\"wp-page\" data-elementor-id=\"7026\" class=\"elementor elementor-7026 elementor-6921\">\n\t\t\t\t\t\t<section class=\"elementor-section elementor-top-section elementor-element elementor-element-fef520a elementor-section-boxed elementor-section-height-default elementor-section-height-default\" data-id=\"fef520a\" data-element_type=\"section\">\n\t\t\t\t\t\t<div class=\"elementor-container elementor-column-gap-default\">\n\t\t\t\t\t<div class=\"elementor-column elementor-col-100 elementor-top-column elementor-element elementor-element-6490722\" data-id=\"6490722\" data-element_type=\"column\">\n\t\t\t<div class=\"elementor-widget-wrap elementor-element-populated\">\n\t\t\t\t\t\t<div class=\"elementor-element elementor-element-a296b27 elementor-widget elementor-widget-text-editor\" data-id=\"a296b27\" data-element_type=\"widget\" data-widget_type=\"text-editor.default\">\n\t\t\t\t<div class=\"elementor-widget-container\">\n\t\t\t\t\t\t\t<p>HIDEMAR poss\u00e8de des certificats de qualit\u00e9 ISO 9001: 2015, des certificats environnementaux ISO 14001: 2015 et une licence de fabricant de dispositifs m\u00e9dicaux pour les produits qui en ont besoin.<br \/>Nos articles r\u00e9pondent aux normes de qualit\u00e9 et de fonctionnalit\u00e9, ainsi qu&rsquo;aux r\u00e9glementations applicables en vigueur.<\/p>\t\t\t\t\t\t<\/div>\n\t\t\t\t<\/div>\n\t\t\t\t\t<\/div>\n\t\t<\/div>\n\t\t\t\t\t<\/div>\n\t\t<\/section>\n\t\t\t\t<section class=\"elementor-section elementor-top-section elementor-element elementor-element-b934f6f elementor-section-boxed elementor-section-height-default elementor-section-height-default\" data-id=\"b934f6f\" data-element_type=\"section\">\n\t\t\t\t\t\t<div class=\"elementor-container elementor-column-gap-default\">\n\t\t\t\t\t<div class=\"elementor-column elementor-col-50 elementor-top-column elementor-element elementor-element-f836f3c\" data-id=\"f836f3c\" data-element_type=\"column\">\n\t\t\t<div class=\"elementor-widget-wrap elementor-element-populated\">\n\t\t\t\t\t\t<div class=\"elementor-element elementor-element-13e6c4c elementor-widget elementor-widget-text-editor\" data-id=\"13e6c4c\" data-element_type=\"widget\" data-widget_type=\"text-editor.default\">\n\t\t\t\t<div class=\"elementor-widget-container\">\n\t\t\t\t\t\t\t<p>ATTENTION AU CLIENT<\/p>\n\t\t\t\t\t\t<\/div>\n\t\t\t\t<\/div>\n\t\t\t\t<div class=\"elementor-element elementor-element-1fd892f elementor-widget elementor-widget-text-editor\" data-id=\"1fd892f\" data-element_type=\"widget\" data-widget_type=\"text-editor.default\">\n\t\t\t\t<div class=\"elementor-widget-container\">\n\t\t\t\t\t\t\t<p>Notre \u00e9quipe commerciale est sp\u00e9cialement pr\u00e9par\u00e9e pour vous aider professionnellement avec toutes les questions concernant les articles, les prix, les d\u00e9tails techniques.<br \/>T\u00e9l\u00e9phone du service client:<\/p>\t\t\t\t\t\t<\/div>\n\t\t\t\t<\/div>\n\t\t\t\t<div class=\"elementor-element elementor-element-7f0f262 elementor-widget elementor-widget-text-editor\" data-id=\"7f0f262\" data-element_type=\"widget\" data-widget_type=\"text-editor.default\">\n\t\t\t\t<div class=\"elementor-widget-container\">\n\t\t\t\t\t\t\t<p>+34 916 710 092<\/p>\n\t\t\t\t\t\t<\/div>\n\t\t\t\t<\/div>\n\t\t\t\t<div class=\"elementor-element elementor-element-13c0cd8 elementor-widget elementor-widget-text-editor\" data-id=\"13c0cd8\" data-element_type=\"widget\" data-widget_type=\"text-editor.default\">\n\t\t\t\t<div class=\"elementor-widget-container\">\n\t\t\t\t\t\t\t<p>Vous pouvez \u00e9galement nous consulter via notre formulaire de contact:<\/p>\n\t\t\t\t\t\t<\/div>\n\t\t\t\t<\/div>\n\t\t\t\t<div class=\"elementor-element elementor-element-c437cc8 elementor-align-center elementor-widget elementor-widget-button\" data-id=\"c437cc8\" data-element_type=\"widget\" data-widget_type=\"button.default\">\n\t\t\t\t<div class=\"elementor-widget-container\">\n\t\t\t\t\t<div class=\"elementor-button-wrapper\">\n\t\t\t<a class=\"elementor-button elementor-button-link elementor-size-sm\" href=\"https:\/\/www.hidemar.com\/fr\/nous-contacter\/\">\n\t\t\t\t\t\t<span class=\"elementor-button-content-wrapper\">\n\t\t\t\t\t\t\t\t\t<span class=\"elementor-button-text\">NOUS CONTACTER<\/span>\n\t\t\t\t\t<\/span>\n\t\t\t\t\t<\/a>\n\t\t<\/div>\n\t\t\t\t<\/div>\n\t\t\t\t<\/div>\n\t\t\t\t\t<\/div>\n\t\t<\/div>\n\t\t\t\t<div class=\"elementor-column elementor-col-50 elementor-top-column elementor-element elementor-element-eda0b55\" data-id=\"eda0b55\" data-element_type=\"column\">\n\t\t\t<div class=\"elementor-widget-wrap elementor-element-populated\">\n\t\t\t\t\t\t<section class=\"elementor-section elementor-inner-section elementor-element elementor-element-680d709 elementor-section-boxed elementor-section-height-default elementor-section-height-default\" data-id=\"680d709\" data-element_type=\"section\">\n\t\t\t\t\t\t<div class=\"elementor-container elementor-column-gap-default\">\n\t\t\t\t\t<div class=\"elementor-column elementor-col-50 elementor-inner-column elementor-element elementor-element-1720859\" data-id=\"1720859\" data-element_type=\"column\">\n\t\t\t<div class=\"elementor-widget-wrap elementor-element-populated\">\n\t\t\t\t\t\t<div class=\"elementor-element elementor-element-7dffaa0 elementor-widget elementor-widget-image\" data-id=\"7dffaa0\" data-element_type=\"widget\" data-widget_type=\"image.default\">\n\t\t\t\t<div class=\"elementor-widget-container\">\n\t\t\t\t\t\t\t\t\t\t\t\t\t<img decoding=\"async\" data-src=\"https:\/\/www.hidemar.com\/wp-content\/uploads\/elementor\/thumbs\/cabezaEngranaje-qieb8zs79tqsr6gr0j88521vtnzdkcx78yqpsy29s0.png\" title=\"cabezaEngranaje\" alt=\"cabezaEngranaje\" loading=\"lazy\" src=\"data:image\/gif;base64,R0lGODlhAQABAAAAACH5BAEKAAEALAAAAAABAAEAAAICTAEAOw==\" class=\"lazyload\" style=\"--smush-placeholder-width: 70px; --smush-placeholder-aspect-ratio: 70\/70;\" \/><noscript><img decoding=\"async\" src=\"https:\/\/www.hidemar.com\/wp-content\/uploads\/elementor\/thumbs\/cabezaEngranaje-qieb8zs79tqsr6gr0j88521vtnzdkcx78yqpsy29s0.png\" title=\"cabezaEngranaje\" alt=\"cabezaEngranaje\" loading=\"lazy\" \/><\/noscript>\t\t\t\t\t\t\t\t\t\t\t\t\t<\/div>\n\t\t\t\t<\/div>\n\t\t\t\t\t<\/div>\n\t\t<\/div>\n\t\t\t\t<div class=\"elementor-column elementor-col-50 elementor-inner-column elementor-element elementor-element-56fc9c7\" data-id=\"56fc9c7\" data-element_type=\"column\">\n\t\t\t<div class=\"elementor-widget-wrap elementor-element-populated\">\n\t\t\t\t\t\t<div class=\"elementor-element elementor-element-21b5ac1 elementor-widget elementor-widget-text-editor\" data-id=\"21b5ac1\" data-element_type=\"widget\" data-widget_type=\"text-editor.default\">\n\t\t\t\t<div class=\"elementor-widget-container\">\n\t\t\t\t\t\t\t<p>CONCEPTION ET FABRICATION<\/p>\n\t\t\t\t\t\t<\/div>\n\t\t\t\t<\/div>\n\t\t\t\t<div class=\"elementor-element elementor-element-df37475 elementor-widget elementor-widget-text-editor\" data-id=\"df37475\" data-element_type=\"widget\" data-widget_type=\"text-editor.default\">\n\t\t\t\t<div class=\"elementor-widget-container\">\n\t\t\t\t\t\t\t<p>Nos meubles sont fabriqu\u00e9s en ESPAGNE<br \/>Ils sont con\u00e7us pour r\u00e9pondre \u00e0 tout besoin pouvant survenir dans un environnement hospitalier et sont revus conform\u00e9ment \u00e0 des normes de qualit\u00e9 exigeantes, permettant de mettre \u00e0 disposition une grande vari\u00e9t\u00e9 de mod\u00e8les r\u00e9pondant aux objectifs auxquels ils sont destin\u00e9s.<\/p>\n\t\t\t\t\t\t<\/div>\n\t\t\t\t<\/div>\n\t\t\t\t\t<\/div>\n\t\t<\/div>\n\t\t\t\t\t<\/div>\n\t\t<\/section>\n\t\t\t\t<section class=\"elementor-section elementor-inner-section elementor-element elementor-element-a59fcec elementor-section-boxed elementor-section-height-default elementor-section-height-default\" data-id=\"a59fcec\" data-element_type=\"section\">\n\t\t\t\t\t\t<div class=\"elementor-container elementor-column-gap-default\">\n\t\t\t\t\t<div class=\"elementor-column elementor-col-50 elementor-inner-column elementor-element elementor-element-cd12b0c\" data-id=\"cd12b0c\" data-element_type=\"column\">\n\t\t\t<div class=\"elementor-widget-wrap elementor-element-populated\">\n\t\t\t\t\t\t<div class=\"elementor-element elementor-element-e60b0b1 elementor-widget elementor-widget-image\" data-id=\"e60b0b1\" data-element_type=\"widget\" data-widget_type=\"image.default\">\n\t\t\t\t<div class=\"elementor-widget-container\">\n\t\t\t\t\t\t\t\t\t\t\t\t\t<img decoding=\"async\" data-src=\"https:\/\/www.hidemar.com\/wp-content\/uploads\/elementor\/thumbs\/calidad100-qieb8zs79tqsr6gr0j88521vtnzdkcx78yqpsy29s0.png\" title=\"calidad100\" alt=\"calidad100\" loading=\"lazy\" src=\"data:image\/gif;base64,R0lGODlhAQABAAAAACH5BAEKAAEALAAAAAABAAEAAAICTAEAOw==\" class=\"lazyload\" style=\"--smush-placeholder-width: 70px; --smush-placeholder-aspect-ratio: 70\/70;\" \/><noscript><img decoding=\"async\" src=\"https:\/\/www.hidemar.com\/wp-content\/uploads\/elementor\/thumbs\/calidad100-qieb8zs79tqsr6gr0j88521vtnzdkcx78yqpsy29s0.png\" title=\"calidad100\" alt=\"calidad100\" loading=\"lazy\" \/><\/noscript>\t\t\t\t\t\t\t\t\t\t\t\t\t<\/div>\n\t\t\t\t<\/div>\n\t\t\t\t\t<\/div>\n\t\t<\/div>\n\t\t\t\t<div class=\"elementor-column elementor-col-50 elementor-inner-column elementor-element elementor-element-03eb965\" data-id=\"03eb965\" data-element_type=\"column\">\n\t\t\t<div class=\"elementor-widget-wrap elementor-element-populated\">\n\t\t\t\t\t\t<div class=\"elementor-element elementor-element-7d784b3 elementor-widget elementor-widget-text-editor\" data-id=\"7d784b3\" data-element_type=\"widget\" data-widget_type=\"text-editor.default\">\n\t\t\t\t<div class=\"elementor-widget-container\">\n\t\t\t\t\t\t\t<p>FONCTIONNALIT\u00c9S<\/p>\n\t\t\t\t\t\t<\/div>\n\t\t\t\t<\/div>\n\t\t\t\t<div class=\"elementor-element elementor-element-434eba7 elementor-widget elementor-widget-text-editor\" data-id=\"434eba7\" data-element_type=\"widget\" data-widget_type=\"text-editor.default\">\n\t\t\t\t<div class=\"elementor-widget-container\">\n\t\t\t\t\t\t\t<p>L&rsquo;acier inoxydable utilis\u00e9 est de qualit\u00e9 18\/10 (AISI &#8211; 304), finition brillante ou mate.<\/p>\n<p>La peinture &#8211; \u00e9mail utilis\u00e9e est de l &lsquo;\u00e9poxy &#8211; polyester.<br \/>La couleur de base utilis\u00e9e pour tous les articles \u00e9maill\u00e9s est le blanc.<br \/>La couleur de base utilis\u00e9e pour tous les articles rembourr\u00e9s est le noir.<br \/>Consultez pour d&rsquo;autres couleurs.<\/p>\n<p>Le rev\u00eatement en tissu vinyle standard est ignifuge, avec traitement phytosanitaire et sans latex.<br \/>L&rsquo;\u00e9paisseur du rembourrage varie entre 50 et 80 mm selon l&rsquo;article.<br \/>Nous pouvons fournir des tissus d&rsquo;ameublement d&rsquo;autres qualit\u00e9s et qualit\u00e9s. Veuillez vous renseigner \u00e0 ce sujet.<\/p>\n<p>Les dimensions s&rsquo;entendent toujours comme externes, exprim\u00e9es en millim\u00e8tres.<br \/>En suivant l&rsquo;ordre de longueur x largeur x hauteur.<\/p>\n<p>Les meubles avec composants \u00e9lectroniques sont fabriqu\u00e9s pour \u00eatre utilis\u00e9s avec une tension de 230 V &#8211; 50 Hz, avec un interrupteur pour le raccordement au secteur, type Schuko.<br \/>Veuillez v\u00e9rifier la disponibilit\u00e9 d&rsquo;autres types de tensions et de connexions.<\/p>\n\t\t\t\t\t\t<\/div>\n\t\t\t\t<\/div>\n\t\t\t\t\t<\/div>\n\t\t<\/div>\n\t\t\t\t\t<\/div>\n\t\t<\/section>\n\t\t\t\t<section class=\"elementor-section elementor-inner-section elementor-element elementor-element-da501bb elementor-section-boxed elementor-section-height-default elementor-section-height-default\" data-id=\"da501bb\" data-element_type=\"section\">\n\t\t\t\t\t\t<div class=\"elementor-container elementor-column-gap-default\">\n\t\t\t\t\t<div class=\"elementor-column elementor-col-50 elementor-inner-column elementor-element elementor-element-05ec71e\" data-id=\"05ec71e\" data-element_type=\"column\">\n\t\t\t<div class=\"elementor-widget-wrap elementor-element-populated\">\n\t\t\t\t\t\t<div class=\"elementor-element elementor-element-e73b687 elementor-widget elementor-widget-image\" data-id=\"e73b687\" data-element_type=\"widget\" data-widget_type=\"image.default\">\n\t\t\t\t<div class=\"elementor-widget-container\">\n\t\t\t\t\t\t\t\t\t\t\t\t\t<img decoding=\"async\" data-src=\"https:\/\/www.hidemar.com\/wp-content\/uploads\/elementor\/thumbs\/reloj-qieb8zs79tqsr6gr0j88521vtnzdkcx78yqpsy29s0.png\" title=\"reloj\" alt=\"reloj\" loading=\"lazy\" src=\"data:image\/gif;base64,R0lGODlhAQABAAAAACH5BAEKAAEALAAAAAABAAEAAAICTAEAOw==\" class=\"lazyload\" style=\"--smush-placeholder-width: 70px; --smush-placeholder-aspect-ratio: 70\/70;\" \/><noscript><img decoding=\"async\" src=\"https:\/\/www.hidemar.com\/wp-content\/uploads\/elementor\/thumbs\/reloj-qieb8zs79tqsr6gr0j88521vtnzdkcx78yqpsy29s0.png\" title=\"reloj\" alt=\"reloj\" loading=\"lazy\" \/><\/noscript>\t\t\t\t\t\t\t\t\t\t\t\t\t<\/div>\n\t\t\t\t<\/div>\n\t\t\t\t\t<\/div>\n\t\t<\/div>\n\t\t\t\t<div class=\"elementor-column elementor-col-50 elementor-inner-column elementor-element elementor-element-bd6db2b\" data-id=\"bd6db2b\" data-element_type=\"column\">\n\t\t\t<div class=\"elementor-widget-wrap elementor-element-populated\">\n\t\t\t\t\t\t<div class=\"elementor-element elementor-element-1821848 elementor-widget elementor-widget-text-editor\" data-id=\"1821848\" data-element_type=\"widget\" data-widget_type=\"text-editor.default\">\n\t\t\t\t<div class=\"elementor-widget-container\">\n\t\t\t\t\t\t\t<p>LIVRAISONS<\/p>\n\t\t\t\t\t\t<\/div>\n\t\t\t\t<\/div>\n\t\t\t\t<div class=\"elementor-element elementor-element-4f1a1bd elementor-widget elementor-widget-text-editor\" data-id=\"4f1a1bd\" data-element_type=\"widget\" data-widget_type=\"text-editor.default\">\n\t\t\t\t<div class=\"elementor-widget-container\">\n\t\t\t\t\t\t\t<p>Nous garantissons une courte p\u00e9riode de temps dans la fourniture de nos produits.<\/p>\n<p>Pour toutes les commandes, nous offrons un soin particulier \u00e0 l&#8217;emballage et au transport d&rsquo;une efficacit\u00e9 maximale jusqu&rsquo;\u00e0 destination.<\/p>\n\t\t\t\t\t\t<\/div>\n\t\t\t\t<\/div>\n\t\t\t\t\t<\/div>\n\t\t<\/div>\n\t\t\t\t\t<\/div>\n\t\t<\/section>\n\t\t\t\t\t<\/div>\n\t\t<\/div>\n\t\t\t\t\t<\/div>\n\t\t<\/section>\n\t\t\t\t<\/div>\n\t\t","protected":false},"excerpt":{"rendered":"<p>HIDEMAR poss\u00e8de des certificats de qualit\u00e9 ISO 9001: 2015, des certificats environnementaux ISO 14001: 2015 et une licence de fabricant<\/p>\n","protected":false},"author":1,"featured_media":0,"parent":0,"menu_order":0,"comment_status":"closed","ping_status":"closed","template":"","meta":{"footnotes":""},"class_list":["post-7026","page","type-page","status-publish","hentry"],"yoast_head":"<!-- This site is optimized with the Yoast SEO plugin v23.1 - https:\/\/yoast.com\/wordpress\/plugins\/seo\/ -->\n<title>Information technique - hidemar<\/title>\n<meta name=\"robots\" content=\"index, follow, max-snippet:-1, max-image-preview:large, max-video-preview:-1\" \/>\n<link rel=\"canonical\" href=\"https:\/\/www.hidemar.com\/fr\/information-technique\/\" \/>\n<meta property=\"og:locale\" content=\"fr_FR\" \/>\n<meta property=\"og:type\" content=\"article\" \/>\n<meta property=\"og:title\" content=\"Information technique - hidemar\" \/>\n<meta property=\"og:description\" content=\"HIDEMAR poss\u00e8de des certificats de qualit\u00e9 ISO 9001: 2015, des certificats environnementaux ISO 14001: 2015 et une licence de fabricant\" \/>\n<meta property=\"og:url\" content=\"https:\/\/www.hidemar.com\/fr\/information-technique\/\" \/>\n<meta property=\"og:site_name\" content=\"hidemar\" \/>\n<meta property=\"article:modified_time\" content=\"2021-04-15T12:16:13+00:00\" \/>\n<meta property=\"og:image\" content=\"https:\/\/www.hidemar.com\/wp-content\/uploads\/elementor\/thumbs\/cabezaEngranaje-oyotxk4oc52zat7vkrwi4r75m1ziyig5pd43nmmtc0.png\" \/>\n<meta name=\"twitter:card\" content=\"summary_large_image\" \/>\n<meta name=\"twitter:label1\" content=\"Dur\u00e9e de lecture estim\u00e9e\" \/>\n\t<meta name=\"twitter:data1\" content=\"3 minutes\" \/>\n<script type=\"application\/ld+json\" class=\"yoast-schema-graph\">{\"@context\":\"https:\/\/schema.org\",\"@graph\":[{\"@type\":\"WebPage\",\"@id\":\"https:\/\/www.hidemar.com\/fr\/information-technique\/\",\"url\":\"https:\/\/www.hidemar.com\/fr\/information-technique\/\",\"name\":\"Information technique - hidemar\",\"isPartOf\":{\"@id\":\"https:\/\/www.hidemar.com\/es\/#website\"},\"primaryImageOfPage\":{\"@id\":\"https:\/\/www.hidemar.com\/fr\/information-technique\/#primaryimage\"},\"image\":{\"@id\":\"https:\/\/www.hidemar.com\/fr\/information-technique\/#primaryimage\"},\"thumbnailUrl\":\"https:\/\/www.hidemar.com\/wp-content\/uploads\/elementor\/thumbs\/cabezaEngranaje-oyotxk4oc52zat7vkrwi4r75m1ziyig5pd43nmmtc0.png\",\"datePublished\":\"2020-12-02T10:59:29+00:00\",\"dateModified\":\"2021-04-15T12:16:13+00:00\",\"breadcrumb\":{\"@id\":\"https:\/\/www.hidemar.com\/fr\/information-technique\/#breadcrumb\"},\"inLanguage\":\"fr-FR\",\"potentialAction\":[{\"@type\":\"ReadAction\",\"target\":[\"https:\/\/www.hidemar.com\/fr\/information-technique\/\"]}]},{\"@type\":\"ImageObject\",\"inLanguage\":\"fr-FR\",\"@id\":\"https:\/\/www.hidemar.com\/fr\/information-technique\/#primaryimage\",\"url\":\"https:\/\/www.hidemar.com\/wp-content\/uploads\/elementor\/thumbs\/cabezaEngranaje-oyotxk4oc52zat7vkrwi4r75m1ziyig5pd43nmmtc0.png\",\"contentUrl\":\"https:\/\/www.hidemar.com\/wp-content\/uploads\/elementor\/thumbs\/cabezaEngranaje-oyotxk4oc52zat7vkrwi4r75m1ziyig5pd43nmmtc0.png\"},{\"@type\":\"BreadcrumbList\",\"@id\":\"https:\/\/www.hidemar.com\/fr\/information-technique\/#breadcrumb\",\"itemListElement\":[{\"@type\":\"ListItem\",\"position\":1,\"name\":\"Inicio\",\"item\":\"https:\/\/www.hidemar.com\/fr\/\"},{\"@type\":\"ListItem\",\"position\":2,\"name\":\"Information technique\"}]},{\"@type\":\"WebSite\",\"@id\":\"https:\/\/www.hidemar.com\/es\/#website\",\"url\":\"https:\/\/www.hidemar.com\/es\/\",\"name\":\"hidemar\",\"description\":\"Fabricants de meubles de sant\u00e9\",\"potentialAction\":[{\"@type\":\"SearchAction\",\"target\":{\"@type\":\"EntryPoint\",\"urlTemplate\":\"https:\/\/www.hidemar.com\/es\/?s={search_term_string}\"},\"query-input\":\"required name=search_term_string\"}],\"inLanguage\":\"fr-FR\"}]}<\/script>\n<!-- \/ Yoast SEO plugin. -->","yoast_head_json":{"title":"Information technique - hidemar","robots":{"index":"index","follow":"follow","max-snippet":"max-snippet:-1","max-image-preview":"max-image-preview:large","max-video-preview":"max-video-preview:-1"},"canonical":"https:\/\/www.hidemar.com\/fr\/information-technique\/","og_locale":"fr_FR","og_type":"article","og_title":"Information technique - hidemar","og_description":"HIDEMAR poss\u00e8de des certificats de qualit\u00e9 ISO 9001: 2015, des certificats environnementaux ISO 14001: 2015 et une licence de fabricant","og_url":"https:\/\/www.hidemar.com\/fr\/information-technique\/","og_site_name":"hidemar","article_modified_time":"2021-04-15T12:16:13+00:00","og_image":[{"url":"https:\/\/www.hidemar.com\/wp-content\/uploads\/elementor\/thumbs\/cabezaEngranaje-oyotxk4oc52zat7vkrwi4r75m1ziyig5pd43nmmtc0.png"}],"twitter_card":"summary_large_image","twitter_misc":{"Dur\u00e9e de lecture estim\u00e9e":"3 minutes"},"schema":{"@context":"https:\/\/schema.org","@graph":[{"@type":"WebPage","@id":"https:\/\/www.hidemar.com\/fr\/information-technique\/","url":"https:\/\/www.hidemar.com\/fr\/information-technique\/","name":"Information technique - hidemar","isPartOf":{"@id":"https:\/\/www.hidemar.com\/es\/#website"},"primaryImageOfPage":{"@id":"https:\/\/www.hidemar.com\/fr\/information-technique\/#primaryimage"},"image":{"@id":"https:\/\/www.hidemar.com\/fr\/information-technique\/#primaryimage"},"thumbnailUrl":"https:\/\/www.hidemar.com\/wp-content\/uploads\/elementor\/thumbs\/cabezaEngranaje-oyotxk4oc52zat7vkrwi4r75m1ziyig5pd43nmmtc0.png","datePublished":"2020-12-02T10:59:29+00:00","dateModified":"2021-04-15T12:16:13+00:00","breadcrumb":{"@id":"https:\/\/www.hidemar.com\/fr\/information-technique\/#breadcrumb"},"inLanguage":"fr-FR","potentialAction":[{"@type":"ReadAction","target":["https:\/\/www.hidemar.com\/fr\/information-technique\/"]}]},{"@type":"ImageObject","inLanguage":"fr-FR","@id":"https:\/\/www.hidemar.com\/fr\/information-technique\/#primaryimage","url":"https:\/\/www.hidemar.com\/wp-content\/uploads\/elementor\/thumbs\/cabezaEngranaje-oyotxk4oc52zat7vkrwi4r75m1ziyig5pd43nmmtc0.png","contentUrl":"https:\/\/www.hidemar.com\/wp-content\/uploads\/elementor\/thumbs\/cabezaEngranaje-oyotxk4oc52zat7vkrwi4r75m1ziyig5pd43nmmtc0.png"},{"@type":"BreadcrumbList","@id":"https:\/\/www.hidemar.com\/fr\/information-technique\/#breadcrumb","itemListElement":[{"@type":"ListItem","position":1,"name":"Inicio","item":"https:\/\/www.hidemar.com\/fr\/"},{"@type":"ListItem","position":2,"name":"Information technique"}]},{"@type":"WebSite","@id":"https:\/\/www.hidemar.com\/es\/#website","url":"https:\/\/www.hidemar.com\/es\/","name":"hidemar","description":"Fabricants de meubles de sant\u00e9","potentialAction":[{"@type":"SearchAction","target":{"@type":"EntryPoint","urlTemplate":"https:\/\/www.hidemar.com\/es\/?s={search_term_string}"},"query-input":"required name=search_term_string"}],"inLanguage":"fr-FR"}]}},"_links":{"self":[{"href":"https:\/\/www.hidemar.com\/fr\/wp-json\/wp\/v2\/pages\/7026","targetHints":{"allow":["GET"]}}],"collection":[{"href":"https:\/\/www.hidemar.com\/fr\/wp-json\/wp\/v2\/pages"}],"about":[{"href":"https:\/\/www.hidemar.com\/fr\/wp-json\/wp\/v2\/types\/page"}],"author":[{"embeddable":true,"href":"https:\/\/www.hidemar.com\/fr\/wp-json\/wp\/v2\/users\/1"}],"replies":[{"embeddable":true,"href":"https:\/\/www.hidemar.com\/fr\/wp-json\/wp\/v2\/comments?post=7026"}],"version-history":[{"count":0,"href":"https:\/\/www.hidemar.com\/fr\/wp-json\/wp\/v2\/pages\/7026\/revisions"}],"wp:attachment":[{"href":"https:\/\/www.hidemar.com\/fr\/wp-json\/wp\/v2\/media?parent=7026"}],"curies":[{"name":"wp","href":"https:\/\/api.w.org\/{rel}","templated":true}]}}