{"id":4632,"date":"2020-06-17T11:30:25","date_gmt":"2020-06-17T11:30:25","guid":{"rendered":"https:\/\/www.hidemar.com\/nous-contacter\/"},"modified":"2021-04-22T08:47:47","modified_gmt":"2021-04-22T08:47:47","slug":"nous-contacter","status":"publish","type":"page","link":"https:\/\/www.hidemar.com\/fr\/nous-contacter\/","title":{"rendered":"Nous contacter"},"content":{"rendered":"<p>[vc_row full_width=\u00a0\u00bbstretch_row_content_no_spaces\u00a0\u00bb css_animation=\u00a0\u00bbnone\u00a0\u00bb css=\u00a0\u00bb.vc_custom_1496927007057{margin-top: -40px !important;margin-bottom: 8vh !important;}\u00a0\u00bb][vc_column][vc_gmaps link=\u00a0\u00bb#E-8_JTNDaWZyYW1lJTIwc3JjJTNEJTIyaHR0cHMlM0ElMkYlMkZ3d3cuZ29vZ2xlLmNvbSUyRm1hcHMlMkZlbWJlZCUzRnBiJTNEJTIxMW0xOCUyMTFtMTIlMjExbTMlMjExZDMwMzYuNjQxODQ3Nzc5NjY0JTIxMmQtMy41MzY5OTgxMzA1MTcyODU1JTIxM2Q0MC40Mzg5Mjg4NTI1OTQ4MiUyMTJtMyUyMTFmMCUyMTJmMCUyMTNmMCUyMTNtMiUyMTFpMTAyNCUyMTJpNzY4JTIxNGYxMy4xJTIxM20zJTIxMW0yJTIxMXMweGQ0MjMwZjM0NDA3ZTdkOSUyNTNBMHg5YjhkMTBmMjQxYjBkNzgyJTIxMnNIaWRlbWFyJTI1MjBTJTI1MjBBJTIxNWUwJTIxM20yJTIxMXNlcyUyMTJzZXMlMjE0djE1OTIzMDgzMDEyMTglMjE1bTIlMjExc2VzJTIxMnNlcyUyMiUyMHdpZHRoJTNEJTIyNjAwJTIyJTIwaGVpZ2h0JTNEJTIyNDUwJTIyJTIwZnJhbWVib3JkZXIlM0QlMjIwJTIyJTIwc3R5bGUlM0QlMjJib3JkZXIlM0EwJTNCJTIyJTIwYWxsb3dmdWxsc2NyZWVuJTNEJTIyJTIyJTIwYXJpYS1oaWRkZW4lM0QlMjJmYWxzZSUyMiUyMHRhYmluZGV4JTNEJTIyMCUyMiUzRSUzQyUyRmlmcmFtZSUzRQ==\u00a0\u00bb][\/vc_column][\/vc_row][vc_row equal_height=\u00a0\u00bbyes\u00a0\u00bb css_animation=\u00a0\u00bbnone\u00a0\u00bb css=\u00a0\u00bb.vc_custom_1496926452255{margin-right: -50px !important;margin-left: -50px !important;}\u00a0\u00bb][vc_column css=\u00a0\u00bb.vc_custom_1496927710186{border-right-width: 1px !important;padding-top: 20px !important;padding-right: 50px !important;padding-bottom: 10px !important;padding-left: 50px !important;border-right-color: #e8e8e8 !important;border-right-style: solid !important;}\u00a0\u00bb offset=\u00a0\u00bbvc_col-lg-6 vc_col-md-6&Prime;]\n\t\t<div id=\"wd-69f33d3fa1aef\" class=\"title-wrapper wd-wpb set-mb-s reset-last-child  wd-title-color-default wd-title-style-default text-left  wd-underline-colored\">\n\t\t\t\t\t\t\t<div class=\"title-subtitle  subtitle-color-default font-default subtitle-style-default wd-font-weight- wd-fontsize-xs\">DES QUESTIONS D'INFORMATION<\/div>\n\t\t\t\n\t\t\t<div class=\"liner-continer\">\n\t\t\t\t<h4 class=\"woodmart-title-container title  wd-font-weight- wd-fontsize-l\" >QUESTIONS FR\u00c9QUEMMENT POS\u00c9ES<\/h4>\n\t\t\t\t\t\t\t<\/div>\n\t\t\t\n\t\t\t\n\t\t\t\n\t\t<\/div>\n\t\t\n\t\t[vc_tta_accordion shape=\u00a0\u00bbsquare\u00a0\u00bb color=\u00a0\u00bbwhite\u00a0\u00bb c_icon=\u00a0\u00bbchevron\u00a0\u00bb c_position=\u00a0\u00bbright\u00a0\u00bb active_section=\u00a0\u00bb1&Prime; no_fill=\u00a0\u00bbtrue\u00a0\u00bb collapsible_all=\u00a0\u00bbtrue\u00a0\u00bb][vc_tta_section title=\u00a0\u00bbVais-je recevoir le m\u00eame produit que je vois dans l&rsquo;image?\u00a0\u00bb tab_id=\u00a0\u00bb1484049984208-4e284a2e-4b83&Prime;][vc_column_text text_larger=\u00a0\u00bbno\u00a0\u00bb]<\/p>\n<p id=\"tw-target-text\" class=\"tw-data-text tw-text-large XcVN5d tw-ta\" dir=\"ltr\" data-placeholder=\"Traducci\u00f3n\"><span lang=\"fr\">Les articles fabriqu\u00e9s par HIDEMAR peuvent dans certains cas \u00eatre servis dans diff\u00e9rentes finitions et couleurs. Celui choisi \u00e0 la fois pour le web et le catalogue ne doit pas n\u00e9cessairement co\u00efncider avec celui que vous recevez dans vos installations.<\/span><\/p>\n<p>HIDEMAR met \u00e0 votre disposition la charte standard RAL, ainsi qu&rsquo;un \u00e9chantillonneur de tissus d&rsquo;ameublement afin que vous puissiez personnaliser votre achat.<\/p>\n<p>HIDEMAR se r\u00e9serve la possibilit\u00e9 d&rsquo;apporter toute modification \u00e0 la structure ou au rembourrage de l&rsquo;article, si elle le juge \u00e0 des fins d&rsquo;am\u00e9lioration du confort, de l&rsquo;ergonomie ou de la s\u00e9curit\u00e9 du produit.[\/vc_column_text][\/vc_tta_section][vc_tta_section title=\u00a0\u00bbCombien de temps dure la garantie HIDEMAR?\u00a0\u00bb tab_id=\u00a0\u00bb1484056430132-f06cc1b5-a7ca\u00a0\u00bb][vc_column_text text_larger=\u00a0\u00bbno\u00a0\u00bb]<\/p>\n<p id=\"tw-target-text\" class=\"tw-data-text tw-text-large XcVN5d tw-ta\" dir=\"ltr\" data-placeholder=\"Traducci\u00f3n\"><span lang=\"fr\">La loi \u00e9tablit une dur\u00e9e g\u00e9n\u00e9rale de 2 ans \u00e0 compter de la date d&rsquo;achat.<\/span><\/p>\n<p>Cette garantie exclut la casse et l&rsquo;endommagement des m\u00e9canismes et des mat\u00e9riaux caus\u00e9s par une mauvaise utilisation ou une n\u00e9gligence, ainsi que la rupture de tissus ou de tissus, ou l&rsquo;usure physique de ceux-ci.<\/p>\n<p>En cas d&rsquo;anomalie au cours des 6 premiers mois, nous aurons besoin de savoir s&rsquo;il s&rsquo;agit d&rsquo;un d\u00e9faut d&rsquo;origine ou d&rsquo;un d\u00e9faut caus\u00e9 par une mauvaise utilisation ou un mauvais entretien de l&rsquo;article achet\u00e9.[\/vc_column_text][\/vc_tta_section][vc_tta_section title=\u00a0\u00bbQuel produit dois-je utiliser pour nettoyer?\u00a0\u00bb tab_id=\u00a0\u00bb1484049984302-e0b553b6-82dc\u00a0\u00bb][vc_column_text text_larger=\u00a0\u00bbno\u00a0\u00bb]<\/p>\n<p id=\"tw-target-text\" class=\"tw-data-text tw-text-large XcVN5d tw-ta\" dir=\"ltr\" data-placeholder=\"Traducci\u00f3n\"><span lang=\"fr\"><em><strong>ACIER INOXIDABLE<\/strong><\/em><br \/>\nL&rsquo;acier inoxydable est un mat\u00e9riau vuln\u00e9rable \u00e0 certains produits de nettoyage. Veuillez lire attentivement ces instructions: UTILISEZ UNIQUEMENT DES PRODUITS NON AGRESSIFS TELS QUE DES D\u00c9TERGENTS NON CHLOR\u00c9S, DE L&rsquo;EAU ET DU SAVON NEUTRE OU DE L&rsquo;ALCOOL. Si vous utilisez un vaporisateur, assurez-vous d&rsquo;essuyer les pi\u00e8ces sur lesquelles vous appliquez le produit de nettoyage avec un chiffon. Nous insistons, n&rsquo;oublions jamais de les s\u00e9cher, car les liquides stagnants peuvent p\u00e9n\u00e9trer dans les couches de l&rsquo;acier et provoquer des r\u00e9actions anormales \u00e0 sa surface. NE PAS UTILISER DE PRODUITS CHLOR\u00c9S: HYPOCHLORITE DE SODIUM, BLANCHIMENT, ACIDE CHLORHYDRIQUE, ACIDE NITRIQUE OU AUTRES LIQUIDES SIMILAIRES<\/span><\/p>\n<p><em><strong>\u00c9L\u00c9MENTS REMBOURR\u00c9S <\/strong><\/em><br \/>\nPour nettoyer les \u00e9l\u00e9ments rembourr\u00e9s, utilisez un chiffon imbib\u00e9 d&rsquo;eau et de savon neutre, en s\u00e9chant en m\u00eame temps avec un autre chiffon. Vous pouvez \u00e9galement frotter ou essuyer avec de l&rsquo;alcool. NE PAS UTILISER DE PRODUITS CHLOR\u00c9S: HYPOCHLORITE DE SODIUM, BLANCHIMENT, ACIDE CHLORHYDRIQUE, ACIDE NITRIQUE OU AUTRES LIQUIDES SIMILAIRES<\/p>\n<p><em><strong>COURROIES \u00c0 ROULEAUX<\/strong><\/em><br \/>\nParfois, nous recommandons de nettoyer les bandes de roulement des roues en enlevant les poils ou les d\u00e9bris qui g\u00eanent leur mouvement. Pour le nettoyer, utilisez un chiffon imbib\u00e9 d&rsquo;eau et de savon neutre, en s\u00e9chant en m\u00eame temps avec un autre chiffon. Vous pouvez \u00e9galement frotter ou essuyer avec de l&rsquo;alcool.<\/p>\n<p><em><strong>GRAISSAGE DES M\u00c9CANISMES<\/strong><\/em><br \/>\nParfois, nous recommandons de graisser les m\u00e9canismes de manivelle avec de la vaseline neutre et de v\u00e9rifier si les \u00e9crous et les boulons sont correctement serr\u00e9s.<\/p>\n<p>[\/vc_column_text][\/vc_tta_section][\/vc_tta_accordion][\/vc_column][vc_column css=\u00a0\u00bb.vc_custom_1496927688909{padding-top: 20px !important;padding-right: 50px !important;padding-bottom: 10px !important;padding-left: 50px !important;}\u00a0\u00bb offset=\u00a0\u00bbvc_col-lg-6 vc_col-md-6&Prime;]\n\t\t<div id=\"wd-69f33d3fa1c4f\" class=\"title-wrapper wd-wpb set-mb-s reset-last-child  wd-title-color-default wd-title-style-default text-left  wd-underline-colored\">\n\t\t\t\t\t\t\t<div class=\"title-subtitle  subtitle-color-default font-default subtitle-style-default wd-font-weight- wd-fontsize-xs\">INFORMATIONS SUR NOUS<\/div>\n\t\t\t\n\t\t\t<div class=\"liner-continer\">\n\t\t\t\t<h4 class=\"woodmart-title-container title  wd-font-weight- wd-fontsize-l\" >CONTACTEZ-NOUS POUR TOUTES LES QUESTIONS<\/h4>\n\t\t\t\t\t\t\t<\/div>\n\t\t\t\n\t\t\t\n\t\t\t\n\t\t<\/div>\n\t\t\n\t\t\n<div class=\"wpcf7 no-js\" id=\"wpcf7-f7456-o1\" lang=\"es-ES\" dir=\"ltr\">\n<div class=\"screen-reader-response\"><p role=\"status\" aria-live=\"polite\" aria-atomic=\"true\"><\/p> <ul><\/ul><\/div>\n<form action=\"\/fr\/wp-json\/wp\/v2\/pages\/4632#wpcf7-f7456-o1\" method=\"post\" class=\"wpcf7-form init\" aria-label=\"Formulario de contacto\" novalidate=\"novalidate\" data-status=\"init\">\n<div style=\"display: none;\">\n<input type=\"hidden\" name=\"_wpcf7\" value=\"7456\" \/>\n<input type=\"hidden\" name=\"_wpcf7_version\" value=\"5.9.7\" \/>\n<input type=\"hidden\" name=\"_wpcf7_locale\" value=\"es_ES\" \/>\n<input type=\"hidden\" name=\"_wpcf7_unit_tag\" value=\"wpcf7-f7456-o1\" \/>\n<input type=\"hidden\" name=\"_wpcf7_container_post\" value=\"0\" \/>\n<input type=\"hidden\" name=\"_wpcf7_posted_data_hash\" value=\"\" \/>\n<\/div>\n<p><label> Raison sociale * <span class=\"wpcf7-form-control-wrap\" data-name=\"Raznsocial\"><input size=\"40\" maxlength=\"400\" class=\"wpcf7-form-control wpcf7-text wpcf7-validates-as-required\" aria-required=\"true\" aria-invalid=\"false\" value=\"\" type=\"text\" name=\"Raznsocial\" \/><\/span> <\/label><br \/>\n<label> Nom* <span class=\"wpcf7-form-control-wrap\" data-name=\"your-name\"><input size=\"40\" maxlength=\"400\" class=\"wpcf7-form-control wpcf7-text wpcf7-validates-as-required\" aria-required=\"true\" aria-invalid=\"false\" value=\"\" type=\"text\" name=\"your-name\" \/><\/span> <\/label>\n<\/p>\n<p><label> email* <span class=\"wpcf7-form-control-wrap\" data-name=\"your-email\"><input size=\"40\" maxlength=\"400\" class=\"wpcf7-form-control wpcf7-email wpcf7-validates-as-required wpcf7-text wpcf7-validates-as-email\" aria-required=\"true\" aria-invalid=\"false\" value=\"\" type=\"email\" name=\"your-email\" \/><\/span> <\/label><br \/>\n<label> Pays*<span class=\"wpcf7-form-control-wrap\" data-name=\"pais\"><input size=\"40\" maxlength=\"400\" class=\"wpcf7-form-control wpcf7-text wpcf7-validates-as-required\" aria-required=\"true\" aria-invalid=\"false\" value=\"\" type=\"text\" name=\"pais\" \/><\/span> <\/label>\n<\/p>\n<p><label> Affaire* <span class=\"wpcf7-form-control-wrap\" data-name=\"your-subject\"><input size=\"40\" maxlength=\"400\" class=\"wpcf7-form-control wpcf7-text wpcf7-validates-as-required\" aria-required=\"true\" aria-invalid=\"false\" value=\"\" type=\"text\" name=\"your-subject\" \/><\/span> <\/label>\n<\/p>\n<p><label> Message* <span class=\"wpcf7-form-control-wrap\" data-name=\"your-message\"><textarea cols=\"40\" rows=\"10\" maxlength=\"2000\" class=\"wpcf7-form-control wpcf7-textarea wpcf7-validates-as-required\" aria-required=\"true\" aria-invalid=\"false\" name=\"your-message\"><\/textarea><\/span> <\/label>\n<\/p>\n<p><span class=\"wpcf7-form-control-wrap\" data-name=\"acceptance-612\"><span class=\"wpcf7-form-control wpcf7-acceptance\"><span class=\"wpcf7-list-item\"><label><input type=\"checkbox\" name=\"acceptance-612\" value=\"1\" aria-invalid=\"false\" \/><span class=\"wpcf7-list-item-label\">J'ai lu et accepte le <a href=\" https:\/\/www.hidemar.com\/fr\/politique-de-confidentialite\/\" target=\"_blank\"> Politique de confidentialit\u00e9 <\/a>.<\/span><\/label><\/span><\/span><\/span>\n<\/p>\n<p>* Champs obligatoires\n<\/p>\n<p><input class=\"wpcf7-form-control wpcf7-submit has-spinner\" type=\"submit\" value=\"Envoyer\" \/>\n<\/p><p style=\"display: none !important;\" class=\"akismet-fields-container\" data-prefix=\"_wpcf7_ak_\"><label>&#916;<textarea name=\"_wpcf7_ak_hp_textarea\" cols=\"45\" rows=\"8\" maxlength=\"100\"><\/textarea><\/label><input type=\"hidden\" id=\"ak_js_1\" name=\"_wpcf7_ak_js\" value=\"16\"\/><script>document.getElementById( \"ak_js_1\" ).setAttribute( \"value\", ( new Date() ).getTime() );<\/script><\/p><div class=\"wpcf7-response-output\" aria-hidden=\"true\"><\/div>\n<\/form>\n<\/div>\n[\/vc_column][\/vc_row]<\/p>\n","protected":false},"excerpt":{"rendered":"<p>[vc_row full_width=\u00a0\u00bbstretch_row_content_no_spaces\u00a0\u00bb css_animation=\u00a0\u00bbnone\u00a0\u00bb css=\u00a0\u00bb.vc_custom_1496927007057{margin-top: -40px !important;margin-bottom: 8vh !important;}\u00a0\u00bb][vc_column][vc_gmaps link=\u00a0\u00bb#E-8_JTNDaWZyYW1lJTIwc3JjJTNEJTIyaHR0cHMlM0ElMkYlMkZ3d3cuZ29vZ2xlLmNvbSUyRm1hcHMlMkZlbWJlZCUzRnBiJTNEJTIxMW0xOCUyMTFtMTIlMjExbTMlMjExZDMwMzYuNjQxODQ3Nzc5NjY0JTIxMmQtMy41MzY5OTgxMzA1MTcyODU1JTIxM2Q0MC40Mzg5Mjg4NTI1OTQ4MiUyMTJtMyUyMTFmMCUyMTJmMCUyMTNmMCUyMTNtMiUyMTFpMTAyNCUyMTJpNzY4JTIxNGYxMy4xJTIxM20zJTIxMW0yJTIxMXMweGQ0MjMwZjM0NDA3ZTdkOSUyNTNBMHg5YjhkMTBmMjQxYjBkNzgyJTIxMnNIaWRlbWFyJTI1MjBTJTI1MjBBJTIxNWUwJTIxM20yJTIxMXNlcyUyMTJzZXMlMjE0djE1OTIzMDgzMDEyMTglMjE1bTIlMjExc2VzJTIxMnNlcyUyMiUyMHdpZHRoJTNEJTIyNjAwJTIyJTIwaGVpZ2h0JTNEJTIyNDUwJTIyJTIwZnJhbWVib3JkZXIlM0QlMjIwJTIyJTIwc3R5bGUlM0QlMjJib3JkZXIlM0EwJTNCJTIyJTIwYWxsb3dmdWxsc2NyZWVuJTNEJTIyJTIyJTIwYXJpYS1oaWRkZW4lM0QlMjJmYWxzZSUyMiUyMHRhYmluZGV4JTNEJTIyMCUyMiUzRSUzQyUyRmlmcmFtZSUzRQ==\u00a0\u00bb][\/vc_column][\/vc_row][vc_row equal_height=\u00a0\u00bbyes\u00a0\u00bb css_animation=\u00a0\u00bbnone\u00a0\u00bb css=\u00a0\u00bb.vc_custom_1496926452255{margin-right: -50px !important;margin-left: -50px !important;}\u00a0\u00bb][vc_column css=\u00a0\u00bb.vc_custom_1496927710186{border-right-width: 1px !important;padding-top: 20px<\/p>\n","protected":false},"author":1,"featured_media":0,"parent":0,"menu_order":0,"comment_status":"closed","ping_status":"closed","template":"","meta":{"footnotes":""},"class_list":["post-4632","page","type-page","status-publish","hentry"],"yoast_head":"<!-- This site is optimized with the Yoast SEO plugin v23.1 - https:\/\/yoast.com\/wordpress\/plugins\/seo\/ -->\n<title>Nous contacter - hidemar<\/title>\n<meta name=\"robots\" content=\"index, follow, max-snippet:-1, max-image-preview:large, max-video-preview:-1\" \/>\n<link rel=\"canonical\" href=\"https:\/\/www.hidemar.com\/fr\/nous-contacter\/\" \/>\n<meta property=\"og:locale\" content=\"fr_FR\" \/>\n<meta property=\"og:type\" content=\"article\" \/>\n<meta property=\"og:title\" content=\"Nous contacter - hidemar\" \/>\n<meta property=\"og:description\" content=\"[vc_row full_width=\u00a0\u00bbstretch_row_content_no_spaces\u00a0\u00bb css_animation=\u00a0\u00bbnone\u00a0\u00bb css=\u00a0\u00bb.vc_custom_1496927007057{margin-top: -40px !important;margin-bottom: 8vh !important;}\u00a0\u00bb][vc_column][vc_gmaps link=\u00a0\u00bb#E-8_JTNDaWZyYW1lJTIwc3JjJTNEJTIyaHR0cHMlM0ElMkYlMkZ3d3cuZ29vZ2xlLmNvbSUyRm1hcHMlMkZlbWJlZCUzRnBiJTNEJTIxMW0xOCUyMTFtMTIlMjExbTMlMjExZDMwMzYuNjQxODQ3Nzc5NjY0JTIxMmQtMy41MzY5OTgxMzA1MTcyODU1JTIxM2Q0MC40Mzg5Mjg4NTI1OTQ4MiUyMTJtMyUyMTFmMCUyMTJmMCUyMTNmMCUyMTNtMiUyMTFpMTAyNCUyMTJpNzY4JTIxNGYxMy4xJTIxM20zJTIxMW0yJTIxMXMweGQ0MjMwZjM0NDA3ZTdkOSUyNTNBMHg5YjhkMTBmMjQxYjBkNzgyJTIxMnNIaWRlbWFyJTI1MjBTJTI1MjBBJTIxNWUwJTIxM20yJTIxMXNlcyUyMTJzZXMlMjE0djE1OTIzMDgzMDEyMTglMjE1bTIlMjExc2VzJTIxMnNlcyUyMiUyMHdpZHRoJTNEJTIyNjAwJTIyJTIwaGVpZ2h0JTNEJTIyNDUwJTIyJTIwZnJhbWVib3JkZXIlM0QlMjIwJTIyJTIwc3R5bGUlM0QlMjJib3JkZXIlM0EwJTNCJTIyJTIwYWxsb3dmdWxsc2NyZWVuJTNEJTIyJTIyJTIwYXJpYS1oaWRkZW4lM0QlMjJmYWxzZSUyMiUyMHRhYmluZGV4JTNEJTIyMCUyMiUzRSUzQyUyRmlmcmFtZSUzRQ==\u00a0\u00bb][\/vc_column][\/vc_row][vc_row equal_height=\u00a0\u00bbyes\u00a0\u00bb css_animation=\u00a0\u00bbnone\u00a0\u00bb css=\u00a0\u00bb.vc_custom_1496926452255{margin-right: -50px !important;margin-left: -50px !important;}\u00a0\u00bb][vc_column css=\u00a0\u00bb.vc_custom_1496927710186{border-right-width: 1px !important;padding-top: 20px\" \/>\n<meta property=\"og:url\" content=\"https:\/\/www.hidemar.com\/fr\/nous-contacter\/\" \/>\n<meta property=\"og:site_name\" content=\"hidemar\" \/>\n<meta property=\"article:modified_time\" content=\"2021-04-22T08:47:47+00:00\" \/>\n<meta name=\"twitter:card\" content=\"summary_large_image\" \/>\n<meta name=\"twitter:label1\" content=\"Dur\u00e9e de lecture estim\u00e9e\" \/>\n\t<meta name=\"twitter:data1\" content=\"3 minutes\" \/>\n<script type=\"application\/ld+json\" class=\"yoast-schema-graph\">{\"@context\":\"https:\/\/schema.org\",\"@graph\":[{\"@type\":\"WebPage\",\"@id\":\"https:\/\/www.hidemar.com\/fr\/nous-contacter\/\",\"url\":\"https:\/\/www.hidemar.com\/fr\/nous-contacter\/\",\"name\":\"Nous contacter - hidemar\",\"isPartOf\":{\"@id\":\"https:\/\/www.hidemar.com\/es\/#website\"},\"datePublished\":\"2020-06-17T11:30:25+00:00\",\"dateModified\":\"2021-04-22T08:47:47+00:00\",\"breadcrumb\":{\"@id\":\"https:\/\/www.hidemar.com\/fr\/nous-contacter\/#breadcrumb\"},\"inLanguage\":\"fr-FR\",\"potentialAction\":[{\"@type\":\"ReadAction\",\"target\":[\"https:\/\/www.hidemar.com\/fr\/nous-contacter\/\"]}]},{\"@type\":\"BreadcrumbList\",\"@id\":\"https:\/\/www.hidemar.com\/fr\/nous-contacter\/#breadcrumb\",\"itemListElement\":[{\"@type\":\"ListItem\",\"position\":1,\"name\":\"Inicio\",\"item\":\"https:\/\/www.hidemar.com\/fr\/\"},{\"@type\":\"ListItem\",\"position\":2,\"name\":\"Nous contacter\"}]},{\"@type\":\"WebSite\",\"@id\":\"https:\/\/www.hidemar.com\/es\/#website\",\"url\":\"https:\/\/www.hidemar.com\/es\/\",\"name\":\"hidemar\",\"description\":\"Fabricants de meubles de sant\u00e9\",\"potentialAction\":[{\"@type\":\"SearchAction\",\"target\":{\"@type\":\"EntryPoint\",\"urlTemplate\":\"https:\/\/www.hidemar.com\/es\/?s={search_term_string}\"},\"query-input\":\"required name=search_term_string\"}],\"inLanguage\":\"fr-FR\"}]}<\/script>\n<!-- \/ Yoast SEO plugin. -->","yoast_head_json":{"title":"Nous contacter - hidemar","robots":{"index":"index","follow":"follow","max-snippet":"max-snippet:-1","max-image-preview":"max-image-preview:large","max-video-preview":"max-video-preview:-1"},"canonical":"https:\/\/www.hidemar.com\/fr\/nous-contacter\/","og_locale":"fr_FR","og_type":"article","og_title":"Nous contacter - hidemar","og_description":"[vc_row full_width=\u00a0\u00bbstretch_row_content_no_spaces\u00a0\u00bb css_animation=\u00a0\u00bbnone\u00a0\u00bb css=\u00a0\u00bb.vc_custom_1496927007057{margin-top: -40px !important;margin-bottom: 8vh !important;}\u00a0\u00bb][vc_column][vc_gmaps link=\u00a0\u00bb#E-8_JTNDaWZyYW1lJTIwc3JjJTNEJTIyaHR0cHMlM0ElMkYlMkZ3d3cuZ29vZ2xlLmNvbSUyRm1hcHMlMkZlbWJlZCUzRnBiJTNEJTIxMW0xOCUyMTFtMTIlMjExbTMlMjExZDMwMzYuNjQxODQ3Nzc5NjY0JTIxMmQtMy41MzY5OTgxMzA1MTcyODU1JTIxM2Q0MC40Mzg5Mjg4NTI1OTQ4MiUyMTJtMyUyMTFmMCUyMTJmMCUyMTNmMCUyMTNtMiUyMTFpMTAyNCUyMTJpNzY4JTIxNGYxMy4xJTIxM20zJTIxMW0yJTIxMXMweGQ0MjMwZjM0NDA3ZTdkOSUyNTNBMHg5YjhkMTBmMjQxYjBkNzgyJTIxMnNIaWRlbWFyJTI1MjBTJTI1MjBBJTIxNWUwJTIxM20yJTIxMXNlcyUyMTJzZXMlMjE0djE1OTIzMDgzMDEyMTglMjE1bTIlMjExc2VzJTIxMnNlcyUyMiUyMHdpZHRoJTNEJTIyNjAwJTIyJTIwaGVpZ2h0JTNEJTIyNDUwJTIyJTIwZnJhbWVib3JkZXIlM0QlMjIwJTIyJTIwc3R5bGUlM0QlMjJib3JkZXIlM0EwJTNCJTIyJTIwYWxsb3dmdWxsc2NyZWVuJTNEJTIyJTIyJTIwYXJpYS1oaWRkZW4lM0QlMjJmYWxzZSUyMiUyMHRhYmluZGV4JTNEJTIyMCUyMiUzRSUzQyUyRmlmcmFtZSUzRQ==\u00a0\u00bb][\/vc_column][\/vc_row][vc_row equal_height=\u00a0\u00bbyes\u00a0\u00bb css_animation=\u00a0\u00bbnone\u00a0\u00bb css=\u00a0\u00bb.vc_custom_1496926452255{margin-right: -50px !important;margin-left: -50px !important;}\u00a0\u00bb][vc_column css=\u00a0\u00bb.vc_custom_1496927710186{border-right-width: 1px !important;padding-top: 20px","og_url":"https:\/\/www.hidemar.com\/fr\/nous-contacter\/","og_site_name":"hidemar","article_modified_time":"2021-04-22T08:47:47+00:00","twitter_card":"summary_large_image","twitter_misc":{"Dur\u00e9e de lecture estim\u00e9e":"3 minutes"},"schema":{"@context":"https:\/\/schema.org","@graph":[{"@type":"WebPage","@id":"https:\/\/www.hidemar.com\/fr\/nous-contacter\/","url":"https:\/\/www.hidemar.com\/fr\/nous-contacter\/","name":"Nous contacter - hidemar","isPartOf":{"@id":"https:\/\/www.hidemar.com\/es\/#website"},"datePublished":"2020-06-17T11:30:25+00:00","dateModified":"2021-04-22T08:47:47+00:00","breadcrumb":{"@id":"https:\/\/www.hidemar.com\/fr\/nous-contacter\/#breadcrumb"},"inLanguage":"fr-FR","potentialAction":[{"@type":"ReadAction","target":["https:\/\/www.hidemar.com\/fr\/nous-contacter\/"]}]},{"@type":"BreadcrumbList","@id":"https:\/\/www.hidemar.com\/fr\/nous-contacter\/#breadcrumb","itemListElement":[{"@type":"ListItem","position":1,"name":"Inicio","item":"https:\/\/www.hidemar.com\/fr\/"},{"@type":"ListItem","position":2,"name":"Nous contacter"}]},{"@type":"WebSite","@id":"https:\/\/www.hidemar.com\/es\/#website","url":"https:\/\/www.hidemar.com\/es\/","name":"hidemar","description":"Fabricants de meubles de sant\u00e9","potentialAction":[{"@type":"SearchAction","target":{"@type":"EntryPoint","urlTemplate":"https:\/\/www.hidemar.com\/es\/?s={search_term_string}"},"query-input":"required name=search_term_string"}],"inLanguage":"fr-FR"}]}},"_links":{"self":[{"href":"https:\/\/www.hidemar.com\/fr\/wp-json\/wp\/v2\/pages\/4632","targetHints":{"allow":["GET"]}}],"collection":[{"href":"https:\/\/www.hidemar.com\/fr\/wp-json\/wp\/v2\/pages"}],"about":[{"href":"https:\/\/www.hidemar.com\/fr\/wp-json\/wp\/v2\/types\/page"}],"author":[{"embeddable":true,"href":"https:\/\/www.hidemar.com\/fr\/wp-json\/wp\/v2\/users\/1"}],"replies":[{"embeddable":true,"href":"https:\/\/www.hidemar.com\/fr\/wp-json\/wp\/v2\/comments?post=4632"}],"version-history":[{"count":0,"href":"https:\/\/www.hidemar.com\/fr\/wp-json\/wp\/v2\/pages\/4632\/revisions"}],"wp:attachment":[{"href":"https:\/\/www.hidemar.com\/fr\/wp-json\/wp\/v2\/media?parent=4632"}],"curies":[{"name":"wp","href":"https:\/\/api.w.org\/{rel}","templated":true}]}}