{"id":8986,"date":"2021-04-08T08:31:56","date_gmt":"2021-04-08T08:31:56","guid":{"rendered":"https:\/\/www.hidemar.com\/?post_type=product&#038;p=8986"},"modified":"2021-12-16T09:05:47","modified_gmt":"2021-12-16T09:05:47","slug":"h775ep","status":"publish","type":"product","link":"https:\/\/www.hidemar.com\/es\/tienda\/h775ep\/","title":{"rendered":"H775EP"},"content":{"rendered":"<h4>Carro de enfermer\u00eda con una gaveta, dos cajones y plano de trabajo.<\/h4>\n<h3><strong>Caracter\u00edsticas<\/strong><\/h3>\n<p>Los cajones, extra\u00edbles mediante gu\u00edas telesc\u00f3picas de acero, disponen de apertura 110% y mecanismo suave de autocierre e integran asa-tirador con portaetiqueta.<br \/>\nLos colores de serie son; azul, verde, rojo y amarillo.<br \/>\nConsultar otros colores.<br \/>\nUn empujador lateral facilita su desplazamiento.<br \/>\nEl plano de trabajo tiene un reborde perimetral de 20 mm de alto, para impedir la ca\u00edda de l\u00edquidos y objetos; de serie est\u00e1 fabricado en acero inoxidable, existiendo tambi\u00e9n la opci\u00f3n en ABS.<br \/>\nLas ruedas giratorias de \u00f8100 mm, disponen de frenos y parachoques anulares. Consultar otros tipos de ruedas.<\/p>\n<h3><strong>Estructura y Acabados<\/strong><\/h3>\n<p>La estructura externa y los cajones est\u00e1n fabricados en pol\u00edmeros reforzados de ABS.<br \/>\nLa estructura interna y los estantes, est\u00e1n fabricados en acero inoxidable calidad 18\/10.<\/p>\n<h3><strong>Accesorios incluidos<\/strong><\/h3>\n<p><a href=\"https:\/\/www.hidemar.com\/es\/tienda\/7000l\/\" target=\"_blank\" rel=\"noopener noreferrer\"><strong>Separadores divisores en 4 cajones<\/strong><\/a> \u00b7 7000L<br \/>\n<a href=\"https:\/\/www.hidemar.com\/es\/tienda\/7000g\/\"><strong>Arco dispensador<\/strong><\/a> con un bloque de <a href=\"https:\/\/www.hidemar.com\/es\/tienda\/7000h5\/\"><strong>5 cajetines<\/strong><\/a> \u00b7 7000G + 7000H5<br \/>\n<a href=\"https:\/\/www.hidemar.com\/es\/tienda\/7000qf\/\"><strong>Estante portaobjetos frontal<\/strong><\/a> \u00b7 7000QF<br \/>\n<a href=\"https:\/\/www.hidemar.com\/es\/tienda\/7000ql\/\"><strong>Estante lateral portaobjetos<\/strong><\/a> \u00b7 7000QL<br \/>\n<a href=\"https:\/\/www.hidemar.com\/es\/tienda\/7000y\/\" target=\"_blank\" rel=\"noopener noreferrer\"><strong>Cubo de restos<\/strong><\/a> \u00b7 7000Y<\/p>\n<h3><strong>Dimensiones<\/strong><\/h3>\n<p>Caj\u00f3n \u201cEst\u00e1ndar\u201d 560 x 360 x 120 mm<br \/>\nCaj\u00f3n \u201cGaveta\u201d 560 x 360 x 250 mm<br \/>\nPlano de trabajo \u2022 Estante: 625 x 365 x 20 mm<br \/>\nDimensiones exteriores: 750 x 490 x 1000 mm<\/p>\n","protected":false},"excerpt":{"rendered":"<h4>Carro de enfermer\u00eda<\/h4>\n","protected":false},"featured_media":9900,"template":"","meta":[],"product_cat":[359,71,330,346],"product_tag":[],"class_list":{"0":"post-8986","1":"product","2":"type-product","3":"status-publish","4":"has-post-thumbnail","6":"product_cat-de-enfermeria","7":"product_cat-carro-multifuncion","8":"product_cat-carros-multifuncion-por-especialidades","9":"product_cat-ammobiliario-clinico-auxiliar","11":"first","12":"instock","13":"shipping-taxable","14":"purchasable","15":"product-type-simple"},"yoast_head":"<!-- This site is optimized with the Yoast SEO plugin v23.1 - https:\/\/yoast.com\/wordpress\/plugins\/seo\/ -->\n<title>H775EP - hidemar<\/title>\n<meta name=\"robots\" content=\"index, follow, max-snippet:-1, max-image-preview:large, max-video-preview:-1\" \/>\n<link rel=\"canonical\" href=\"https:\/\/www.hidemar.com\/es\/tienda\/h775ep\/\" \/>\n<meta property=\"og:locale\" content=\"es_ES\" \/>\n<meta property=\"og:type\" content=\"article\" \/>\n<meta property=\"og:title\" content=\"H775EP - hidemar\" \/>\n<meta property=\"og:description\" content=\"Carro de enfermer\u00eda\" \/>\n<meta property=\"og:url\" content=\"https:\/\/www.hidemar.com\/es\/tienda\/h775ep\/\" \/>\n<meta property=\"og:site_name\" content=\"hidemar\" \/>\n<meta property=\"article:modified_time\" content=\"2021-12-16T09:05:47+00:00\" \/>\n<meta property=\"og:image\" content=\"https:\/\/www.hidemar.com\/wp-content\/uploads\/2021\/04\/h775-EP-curas_nuevo.jpg\" \/>\n\t<meta property=\"og:image:width\" content=\"800\" \/>\n\t<meta property=\"og:image:height\" content=\"800\" \/>\n\t<meta property=\"og:image:type\" content=\"image\/jpeg\" \/>\n<meta name=\"twitter:card\" content=\"summary_large_image\" \/>\n<meta name=\"twitter:label1\" content=\"Tiempo de lectura\" \/>\n\t<meta name=\"twitter:data1\" content=\"1 minuto\" \/>\n<script type=\"application\/ld+json\" class=\"yoast-schema-graph\">{\"@context\":\"https:\/\/schema.org\",\"@graph\":[{\"@type\":\"WebPage\",\"@id\":\"https:\/\/www.hidemar.com\/es\/tienda\/h775ep\/\",\"url\":\"https:\/\/www.hidemar.com\/es\/tienda\/h775ep\/\",\"name\":\"H775EP - hidemar\",\"isPartOf\":{\"@id\":\"https:\/\/www.hidemar.com\/es\/#website\"},\"primaryImageOfPage\":{\"@id\":\"https:\/\/www.hidemar.com\/es\/tienda\/h775ep\/#primaryimage\"},\"image\":{\"@id\":\"https:\/\/www.hidemar.com\/es\/tienda\/h775ep\/#primaryimage\"},\"thumbnailUrl\":\"https:\/\/www.hidemar.com\/wp-content\/uploads\/2021\/04\/h775-EP-curas_nuevo.jpg\",\"datePublished\":\"2021-04-08T08:31:56+00:00\",\"dateModified\":\"2021-12-16T09:05:47+00:00\",\"breadcrumb\":{\"@id\":\"https:\/\/www.hidemar.com\/es\/tienda\/h775ep\/#breadcrumb\"},\"inLanguage\":\"es\",\"potentialAction\":[{\"@type\":\"ReadAction\",\"target\":[\"https:\/\/www.hidemar.com\/es\/tienda\/h775ep\/\"]}]},{\"@type\":\"ImageObject\",\"inLanguage\":\"es\",\"@id\":\"https:\/\/www.hidemar.com\/es\/tienda\/h775ep\/#primaryimage\",\"url\":\"https:\/\/www.hidemar.com\/wp-content\/uploads\/2021\/04\/h775-EP-curas_nuevo.jpg\",\"contentUrl\":\"https:\/\/www.hidemar.com\/wp-content\/uploads\/2021\/04\/h775-EP-curas_nuevo.jpg\",\"width\":800,\"height\":800},{\"@type\":\"BreadcrumbList\",\"@id\":\"https:\/\/www.hidemar.com\/es\/tienda\/h775ep\/#breadcrumb\",\"itemListElement\":[{\"@type\":\"ListItem\",\"position\":1,\"name\":\"Inicio\",\"item\":\"https:\/\/www.hidemar.com\/es\/\"},{\"@type\":\"ListItem\",\"position\":2,\"name\":\"Products\",\"item\":\"https:\/\/www.hidemar.com\/fr\/shop\/\"},{\"@type\":\"ListItem\",\"position\":3,\"name\":\"H775EP\"}]},{\"@type\":\"WebSite\",\"@id\":\"https:\/\/www.hidemar.com\/es\/#website\",\"url\":\"https:\/\/www.hidemar.com\/es\/\",\"name\":\"hidemar\",\"description\":\"Fabricantes de mobiliario para la salud\",\"potentialAction\":[{\"@type\":\"SearchAction\",\"target\":{\"@type\":\"EntryPoint\",\"urlTemplate\":\"https:\/\/www.hidemar.com\/es\/?s={search_term_string}\"},\"query-input\":\"required name=search_term_string\"}],\"inLanguage\":\"es\"}]}<\/script>\n<!-- \/ Yoast SEO plugin. -->","yoast_head_json":{"title":"H775EP - hidemar","robots":{"index":"index","follow":"follow","max-snippet":"max-snippet:-1","max-image-preview":"max-image-preview:large","max-video-preview":"max-video-preview:-1"},"canonical":"https:\/\/www.hidemar.com\/es\/tienda\/h775ep\/","og_locale":"es_ES","og_type":"article","og_title":"H775EP - hidemar","og_description":"Carro de enfermer\u00eda","og_url":"https:\/\/www.hidemar.com\/es\/tienda\/h775ep\/","og_site_name":"hidemar","article_modified_time":"2021-12-16T09:05:47+00:00","og_image":[{"width":800,"height":800,"url":"https:\/\/www.hidemar.com\/wp-content\/uploads\/2021\/04\/h775-EP-curas_nuevo.jpg","type":"image\/jpeg"}],"twitter_card":"summary_large_image","twitter_misc":{"Tiempo de lectura":"1 minuto"},"schema":{"@context":"https:\/\/schema.org","@graph":[{"@type":"WebPage","@id":"https:\/\/www.hidemar.com\/es\/tienda\/h775ep\/","url":"https:\/\/www.hidemar.com\/es\/tienda\/h775ep\/","name":"H775EP - hidemar","isPartOf":{"@id":"https:\/\/www.hidemar.com\/es\/#website"},"primaryImageOfPage":{"@id":"https:\/\/www.hidemar.com\/es\/tienda\/h775ep\/#primaryimage"},"image":{"@id":"https:\/\/www.hidemar.com\/es\/tienda\/h775ep\/#primaryimage"},"thumbnailUrl":"https:\/\/www.hidemar.com\/wp-content\/uploads\/2021\/04\/h775-EP-curas_nuevo.jpg","datePublished":"2021-04-08T08:31:56+00:00","dateModified":"2021-12-16T09:05:47+00:00","breadcrumb":{"@id":"https:\/\/www.hidemar.com\/es\/tienda\/h775ep\/#breadcrumb"},"inLanguage":"es","potentialAction":[{"@type":"ReadAction","target":["https:\/\/www.hidemar.com\/es\/tienda\/h775ep\/"]}]},{"@type":"ImageObject","inLanguage":"es","@id":"https:\/\/www.hidemar.com\/es\/tienda\/h775ep\/#primaryimage","url":"https:\/\/www.hidemar.com\/wp-content\/uploads\/2021\/04\/h775-EP-curas_nuevo.jpg","contentUrl":"https:\/\/www.hidemar.com\/wp-content\/uploads\/2021\/04\/h775-EP-curas_nuevo.jpg","width":800,"height":800},{"@type":"BreadcrumbList","@id":"https:\/\/www.hidemar.com\/es\/tienda\/h775ep\/#breadcrumb","itemListElement":[{"@type":"ListItem","position":1,"name":"Inicio","item":"https:\/\/www.hidemar.com\/es\/"},{"@type":"ListItem","position":2,"name":"Products","item":"https:\/\/www.hidemar.com\/fr\/shop\/"},{"@type":"ListItem","position":3,"name":"H775EP"}]},{"@type":"WebSite","@id":"https:\/\/www.hidemar.com\/es\/#website","url":"https:\/\/www.hidemar.com\/es\/","name":"hidemar","description":"Fabricantes de mobiliario para la salud","potentialAction":[{"@type":"SearchAction","target":{"@type":"EntryPoint","urlTemplate":"https:\/\/www.hidemar.com\/es\/?s={search_term_string}"},"query-input":"required name=search_term_string"}],"inLanguage":"es"}]}},"_links":{"self":[{"href":"https:\/\/www.hidemar.com\/es\/wp-json\/wp\/v2\/product\/8986","targetHints":{"allow":["GET"]}}],"collection":[{"href":"https:\/\/www.hidemar.com\/es\/wp-json\/wp\/v2\/product"}],"about":[{"href":"https:\/\/www.hidemar.com\/es\/wp-json\/wp\/v2\/types\/product"}],"wp:featuredmedia":[{"embeddable":true,"href":"https:\/\/www.hidemar.com\/es\/wp-json\/wp\/v2\/media\/9900"}],"wp:attachment":[{"href":"https:\/\/www.hidemar.com\/es\/wp-json\/wp\/v2\/media?parent=8986"}],"wp:term":[{"taxonomy":"product_cat","embeddable":true,"href":"https:\/\/www.hidemar.com\/es\/wp-json\/wp\/v2\/product_cat?post=8986"},{"taxonomy":"product_tag","embeddable":true,"href":"https:\/\/www.hidemar.com\/es\/wp-json\/wp\/v2\/product_tag?post=8986"}],"curies":[{"name":"wp","href":"https:\/\/api.w.org\/{rel}","templated":true}]}}