{"id":8862,"date":"2021-03-11T09:49:08","date_gmt":"2021-03-11T09:49:08","guid":{"rendered":"https:\/\/www.hidemar.com\/?post_type=product&#038;p=8862"},"modified":"2021-03-11T09:51:11","modified_gmt":"2021-03-11T09:51:11","slug":"h1802","status":"publish","type":"product","link":"https:\/\/www.hidemar.com\/es\/tienda\/h1802\/","title":{"rendered":"H1802"},"content":{"rendered":"<h3><strong>Caracter\u00edsticas<\/strong><\/h3>\n<p>Sof\u00e1 de tres plazas convertible en 1 \u00f3 2 camas (quitando cojines del respaldo).<br \/>\nEn la parte inferior del sill\u00f3n queda alojado un somier convertible en cama; con desplazamiento hacia fuera mediante rodines;, y levantando ligeramente las patas con accionamiento de muelles..<br \/>\nEl asiento del sof\u00e1 tambi\u00e9n permite convertirlo en cama.<br \/>\nPatas rematadas con tacos antideslizantes<\/p>\n<h3><strong>Estructura y Acabados<\/strong><\/h3>\n<p>Estructura de acero de alta resistencia. Somier convertible con lamas flexibles de madera.<br \/>\nTapizado y acolchado en tela vinilo de color a elegir, ign\u00edfuga, con tratamiento fitosanitario: antibacteriano, antimicrobial, antimic\u00f3tico, antiest\u00e1tico, transpirable, de f\u00e1cil limpieza y resistente a la abrasi\u00f3n y a las manchas.<br \/>\nAcolchado con interior de gomaespuma esponjosa de poliuretano de alta densidad (20\/25 kg)<br \/>\nColch\u00f3n de una sola pieza con funda de 12 cm de alto \u2013 HR 25 kg densidad.<\/p>\n<h3><strong>Dimensiones<\/strong><\/h3>\n<p><span class=\"descripcion\">Dimensiones \u00fatiles de la cama: 1900 x 800 mm<br \/>\nAncho total: 2200 mm<br \/>\nAltura total: 950 mm<br \/>\nAltura del asiento al suelo: 550 mm<br \/>\nFondo: 850 mm<br \/>\n<\/span><\/p>\n","protected":false},"excerpt":{"rendered":"<h4>Sill\u00f3n convertible en cama<\/h4>\n","protected":false},"featured_media":8851,"template":"","meta":[],"product_cat":[351],"product_tag":[],"class_list":{"0":"post-8862","1":"product","2":"type-product","3":"status-publish","4":"has-post-thumbnail","6":"product_cat-amsofas-cama","8":"first","9":"instock","10":"shipping-taxable","11":"product-type-simple"},"yoast_head":"<!-- This site is optimized with the Yoast SEO plugin v23.1 - https:\/\/yoast.com\/wordpress\/plugins\/seo\/ -->\n<title>H1802 - hidemar<\/title>\n<meta name=\"robots\" content=\"index, follow, max-snippet:-1, max-image-preview:large, max-video-preview:-1\" \/>\n<link rel=\"canonical\" href=\"https:\/\/www.hidemar.com\/es\/tienda\/h1802\/\" \/>\n<meta property=\"og:locale\" content=\"es_ES\" \/>\n<meta property=\"og:type\" content=\"article\" \/>\n<meta property=\"og:title\" content=\"H1802 - hidemar\" \/>\n<meta property=\"og:description\" content=\"Sill\u00f3n convertible en cama\" \/>\n<meta property=\"og:url\" content=\"https:\/\/www.hidemar.com\/es\/tienda\/h1802\/\" \/>\n<meta property=\"og:site_name\" content=\"hidemar\" \/>\n<meta property=\"article:modified_time\" content=\"2021-03-11T09:51:11+00:00\" \/>\n<meta property=\"og:image\" content=\"https:\/\/www.hidemar.com\/wp-content\/uploads\/2021\/03\/H1802-sofa-cama-nido-1-1.jpg\" \/>\n\t<meta property=\"og:image:width\" content=\"800\" \/>\n\t<meta property=\"og:image:height\" content=\"800\" \/>\n\t<meta property=\"og:image:type\" content=\"image\/jpeg\" \/>\n<meta name=\"twitter:card\" content=\"summary_large_image\" \/>\n<meta name=\"twitter:label1\" content=\"Tiempo de lectura\" \/>\n\t<meta name=\"twitter:data1\" content=\"1 minuto\" \/>\n<script type=\"application\/ld+json\" class=\"yoast-schema-graph\">{\"@context\":\"https:\/\/schema.org\",\"@graph\":[{\"@type\":\"WebPage\",\"@id\":\"https:\/\/www.hidemar.com\/es\/tienda\/h1802\/\",\"url\":\"https:\/\/www.hidemar.com\/es\/tienda\/h1802\/\",\"name\":\"H1802 - hidemar\",\"isPartOf\":{\"@id\":\"https:\/\/www.hidemar.com\/es\/#website\"},\"primaryImageOfPage\":{\"@id\":\"https:\/\/www.hidemar.com\/es\/tienda\/h1802\/#primaryimage\"},\"image\":{\"@id\":\"https:\/\/www.hidemar.com\/es\/tienda\/h1802\/#primaryimage\"},\"thumbnailUrl\":\"https:\/\/www.hidemar.com\/wp-content\/uploads\/2021\/03\/H1802-sofa-cama-nido-1-1.jpg\",\"datePublished\":\"2021-03-11T09:49:08+00:00\",\"dateModified\":\"2021-03-11T09:51:11+00:00\",\"breadcrumb\":{\"@id\":\"https:\/\/www.hidemar.com\/es\/tienda\/h1802\/#breadcrumb\"},\"inLanguage\":\"es\",\"potentialAction\":[{\"@type\":\"ReadAction\",\"target\":[\"https:\/\/www.hidemar.com\/es\/tienda\/h1802\/\"]}]},{\"@type\":\"ImageObject\",\"inLanguage\":\"es\",\"@id\":\"https:\/\/www.hidemar.com\/es\/tienda\/h1802\/#primaryimage\",\"url\":\"https:\/\/www.hidemar.com\/wp-content\/uploads\/2021\/03\/H1802-sofa-cama-nido-1-1.jpg\",\"contentUrl\":\"https:\/\/www.hidemar.com\/wp-content\/uploads\/2021\/03\/H1802-sofa-cama-nido-1-1.jpg\",\"width\":800,\"height\":800},{\"@type\":\"BreadcrumbList\",\"@id\":\"https:\/\/www.hidemar.com\/es\/tienda\/h1802\/#breadcrumb\",\"itemListElement\":[{\"@type\":\"ListItem\",\"position\":1,\"name\":\"Inicio\",\"item\":\"https:\/\/www.hidemar.com\/es\/\"},{\"@type\":\"ListItem\",\"position\":2,\"name\":\"Products\",\"item\":\"https:\/\/www.hidemar.com\/fr\/shop\/\"},{\"@type\":\"ListItem\",\"position\":3,\"name\":\"H1802\"}]},{\"@type\":\"WebSite\",\"@id\":\"https:\/\/www.hidemar.com\/es\/#website\",\"url\":\"https:\/\/www.hidemar.com\/es\/\",\"name\":\"hidemar\",\"description\":\"Fabricantes de mobiliario para la salud\",\"potentialAction\":[{\"@type\":\"SearchAction\",\"target\":{\"@type\":\"EntryPoint\",\"urlTemplate\":\"https:\/\/www.hidemar.com\/es\/?s={search_term_string}\"},\"query-input\":\"required name=search_term_string\"}],\"inLanguage\":\"es\"}]}<\/script>\n<!-- \/ Yoast SEO plugin. -->","yoast_head_json":{"title":"H1802 - hidemar","robots":{"index":"index","follow":"follow","max-snippet":"max-snippet:-1","max-image-preview":"max-image-preview:large","max-video-preview":"max-video-preview:-1"},"canonical":"https:\/\/www.hidemar.com\/es\/tienda\/h1802\/","og_locale":"es_ES","og_type":"article","og_title":"H1802 - hidemar","og_description":"Sill\u00f3n convertible en cama","og_url":"https:\/\/www.hidemar.com\/es\/tienda\/h1802\/","og_site_name":"hidemar","article_modified_time":"2021-03-11T09:51:11+00:00","og_image":[{"width":800,"height":800,"url":"https:\/\/www.hidemar.com\/wp-content\/uploads\/2021\/03\/H1802-sofa-cama-nido-1-1.jpg","type":"image\/jpeg"}],"twitter_card":"summary_large_image","twitter_misc":{"Tiempo de lectura":"1 minuto"},"schema":{"@context":"https:\/\/schema.org","@graph":[{"@type":"WebPage","@id":"https:\/\/www.hidemar.com\/es\/tienda\/h1802\/","url":"https:\/\/www.hidemar.com\/es\/tienda\/h1802\/","name":"H1802 - hidemar","isPartOf":{"@id":"https:\/\/www.hidemar.com\/es\/#website"},"primaryImageOfPage":{"@id":"https:\/\/www.hidemar.com\/es\/tienda\/h1802\/#primaryimage"},"image":{"@id":"https:\/\/www.hidemar.com\/es\/tienda\/h1802\/#primaryimage"},"thumbnailUrl":"https:\/\/www.hidemar.com\/wp-content\/uploads\/2021\/03\/H1802-sofa-cama-nido-1-1.jpg","datePublished":"2021-03-11T09:49:08+00:00","dateModified":"2021-03-11T09:51:11+00:00","breadcrumb":{"@id":"https:\/\/www.hidemar.com\/es\/tienda\/h1802\/#breadcrumb"},"inLanguage":"es","potentialAction":[{"@type":"ReadAction","target":["https:\/\/www.hidemar.com\/es\/tienda\/h1802\/"]}]},{"@type":"ImageObject","inLanguage":"es","@id":"https:\/\/www.hidemar.com\/es\/tienda\/h1802\/#primaryimage","url":"https:\/\/www.hidemar.com\/wp-content\/uploads\/2021\/03\/H1802-sofa-cama-nido-1-1.jpg","contentUrl":"https:\/\/www.hidemar.com\/wp-content\/uploads\/2021\/03\/H1802-sofa-cama-nido-1-1.jpg","width":800,"height":800},{"@type":"BreadcrumbList","@id":"https:\/\/www.hidemar.com\/es\/tienda\/h1802\/#breadcrumb","itemListElement":[{"@type":"ListItem","position":1,"name":"Inicio","item":"https:\/\/www.hidemar.com\/es\/"},{"@type":"ListItem","position":2,"name":"Products","item":"https:\/\/www.hidemar.com\/fr\/shop\/"},{"@type":"ListItem","position":3,"name":"H1802"}]},{"@type":"WebSite","@id":"https:\/\/www.hidemar.com\/es\/#website","url":"https:\/\/www.hidemar.com\/es\/","name":"hidemar","description":"Fabricantes de mobiliario para la salud","potentialAction":[{"@type":"SearchAction","target":{"@type":"EntryPoint","urlTemplate":"https:\/\/www.hidemar.com\/es\/?s={search_term_string}"},"query-input":"required name=search_term_string"}],"inLanguage":"es"}]}},"_links":{"self":[{"href":"https:\/\/www.hidemar.com\/es\/wp-json\/wp\/v2\/product\/8862","targetHints":{"allow":["GET"]}}],"collection":[{"href":"https:\/\/www.hidemar.com\/es\/wp-json\/wp\/v2\/product"}],"about":[{"href":"https:\/\/www.hidemar.com\/es\/wp-json\/wp\/v2\/types\/product"}],"wp:featuredmedia":[{"embeddable":true,"href":"https:\/\/www.hidemar.com\/es\/wp-json\/wp\/v2\/media\/8851"}],"wp:attachment":[{"href":"https:\/\/www.hidemar.com\/es\/wp-json\/wp\/v2\/media?parent=8862"}],"wp:term":[{"taxonomy":"product_cat","embeddable":true,"href":"https:\/\/www.hidemar.com\/es\/wp-json\/wp\/v2\/product_cat?post=8862"},{"taxonomy":"product_tag","embeddable":true,"href":"https:\/\/www.hidemar.com\/es\/wp-json\/wp\/v2\/product_tag?post=8862"}],"curies":[{"name":"wp","href":"https:\/\/api.w.org\/{rel}","templated":true}]}}