{"id":7237,"date":"2020-09-07T10:11:35","date_gmt":"2020-12-11T12:38:11","guid":{"rendered":"https:\/\/www.hidemar.com\/tienda\/h02\/"},"modified":"2020-12-11T12:38:11","modified_gmt":"2020-12-11T12:38:11","slug":"h02-2","status":"publish","type":"product","link":"https:\/\/www.hidemar.com\/es\/tienda\/h02-2\/","title":{"rendered":"H02"},"content":{"rendered":"<h3><strong>Caract\u00e9ristiques<\/strong><\/h3>\n<p>Dossier et repose-pied articul\u00e9s manuellement avec position de trendelenburg.<br \/>\nTappisserie en vinyle de couleur \u00e0 choisir, ignifuge classe M2, avec l&#8217;int\u00e9rieur en mousse moelleuse de haute densit\u00e9.<br \/>\nJeu d\u00b4\u00e9triers anatomiques<br \/>\nMarchepied antid\u00e9rapant pour un facile acc\u00e8s \u00e0 la table.<br \/>\nCuvette pour d\u00e9chets sous le si\u00e8ge.<\/p>\n<h3><strong>Structure et Finition<\/strong><\/h3>\n<p>Structure fabriqu\u00e9e en acier \u00e9maill\u00e9 ou inoxydable 18\/10.<\/p>\n<h3><strong>Accessoires<\/strong><\/h3>\n<p>Porte rouleau de papier optionnel.<\/p>\n<h3><strong>Dimensions<\/strong><\/h3>\n<p>1550-1050 x 650 x 850 mm<\/p>\n","protected":false},"excerpt":{"rendered":"<h4>Table d&#8217;examen gyn\u00e9cologique Hauteur fixe<\/h4>\n","protected":false},"featured_media":5938,"template":"","meta":[],"product_cat":[114,250],"product_tag":[],"class_list":{"0":"post-7237","1":"product","2":"type-product","3":"status-publish","4":"has-post-thumbnail","6":"product_cat-brancards-fr","7":"product_cat-gynecologique","9":"first","10":"instock","11":"shipping-taxable","12":"purchasable","13":"product-type-variable"},"yoast_head":"<!-- This site is optimized with the Yoast SEO plugin v23.1 - https:\/\/yoast.com\/wordpress\/plugins\/seo\/ -->\n<title>H02 - hidemar<\/title>\n<meta name=\"robots\" content=\"index, follow, max-snippet:-1, max-image-preview:large, max-video-preview:-1\" \/>\n<link rel=\"canonical\" href=\"https:\/\/www.hidemar.com\/es\/tienda\/h02-2\/\" \/>\n<meta property=\"og:locale\" content=\"es_ES\" \/>\n<meta property=\"og:type\" content=\"article\" \/>\n<meta property=\"og:title\" content=\"H02 - hidemar\" \/>\n<meta property=\"og:description\" content=\"Table d&#039;examen gyn\u00e9cologique Hauteur fixe\" \/>\n<meta property=\"og:url\" content=\"https:\/\/www.hidemar.com\/es\/tienda\/h02-2\/\" \/>\n<meta property=\"og:site_name\" content=\"hidemar\" \/>\n<meta property=\"og:image\" content=\"https:\/\/www.hidemar.com\/wp-content\/uploads\/2020\/09\/h02-inox-tren-rosa.png\" \/>\n\t<meta property=\"og:image:width\" content=\"800\" \/>\n\t<meta property=\"og:image:height\" content=\"800\" \/>\n\t<meta property=\"og:image:type\" content=\"image\/png\" \/>\n<meta name=\"twitter:card\" content=\"summary_large_image\" \/>\n<script type=\"application\/ld+json\" class=\"yoast-schema-graph\">{\"@context\":\"https:\/\/schema.org\",\"@graph\":[{\"@type\":\"WebPage\",\"@id\":\"https:\/\/www.hidemar.com\/es\/tienda\/h02-2\/\",\"url\":\"https:\/\/www.hidemar.com\/es\/tienda\/h02-2\/\",\"name\":\"H02 - hidemar\",\"isPartOf\":{\"@id\":\"https:\/\/www.hidemar.com\/es\/#website\"},\"primaryImageOfPage\":{\"@id\":\"https:\/\/www.hidemar.com\/es\/tienda\/h02-2\/#primaryimage\"},\"image\":{\"@id\":\"https:\/\/www.hidemar.com\/es\/tienda\/h02-2\/#primaryimage\"},\"thumbnailUrl\":\"https:\/\/www.hidemar.com\/wp-content\/uploads\/2020\/09\/h02-inox-tren-rosa.png\",\"datePublished\":\"2020-12-11T12:38:11+00:00\",\"dateModified\":\"2020-12-11T12:38:11+00:00\",\"breadcrumb\":{\"@id\":\"https:\/\/www.hidemar.com\/es\/tienda\/h02-2\/#breadcrumb\"},\"inLanguage\":\"es\",\"potentialAction\":[{\"@type\":\"ReadAction\",\"target\":[\"https:\/\/www.hidemar.com\/es\/tienda\/h02-2\/\"]}]},{\"@type\":\"ImageObject\",\"inLanguage\":\"es\",\"@id\":\"https:\/\/www.hidemar.com\/es\/tienda\/h02-2\/#primaryimage\",\"url\":\"https:\/\/www.hidemar.com\/wp-content\/uploads\/2020\/09\/h02-inox-tren-rosa.png\",\"contentUrl\":\"https:\/\/www.hidemar.com\/wp-content\/uploads\/2020\/09\/h02-inox-tren-rosa.png\",\"width\":800,\"height\":800},{\"@type\":\"BreadcrumbList\",\"@id\":\"https:\/\/www.hidemar.com\/es\/tienda\/h02-2\/#breadcrumb\",\"itemListElement\":[{\"@type\":\"ListItem\",\"position\":1,\"name\":\"Inicio\",\"item\":\"https:\/\/www.hidemar.com\/es\/\"},{\"@type\":\"ListItem\",\"position\":2,\"name\":\"Products\",\"item\":\"https:\/\/www.hidemar.com\/fr\/shop\/\"},{\"@type\":\"ListItem\",\"position\":3,\"name\":\"H02\"}]},{\"@type\":\"WebSite\",\"@id\":\"https:\/\/www.hidemar.com\/es\/#website\",\"url\":\"https:\/\/www.hidemar.com\/es\/\",\"name\":\"hidemar\",\"description\":\"Fabricantes de mobiliario para la salud\",\"potentialAction\":[{\"@type\":\"SearchAction\",\"target\":{\"@type\":\"EntryPoint\",\"urlTemplate\":\"https:\/\/www.hidemar.com\/es\/?s={search_term_string}\"},\"query-input\":\"required name=search_term_string\"}],\"inLanguage\":\"es\"}]}<\/script>\n<!-- \/ Yoast SEO plugin. -->","yoast_head_json":{"title":"H02 - hidemar","robots":{"index":"index","follow":"follow","max-snippet":"max-snippet:-1","max-image-preview":"max-image-preview:large","max-video-preview":"max-video-preview:-1"},"canonical":"https:\/\/www.hidemar.com\/es\/tienda\/h02-2\/","og_locale":"es_ES","og_type":"article","og_title":"H02 - hidemar","og_description":"Table d'examen gyn\u00e9cologique Hauteur fixe","og_url":"https:\/\/www.hidemar.com\/es\/tienda\/h02-2\/","og_site_name":"hidemar","og_image":[{"width":800,"height":800,"url":"https:\/\/www.hidemar.com\/wp-content\/uploads\/2020\/09\/h02-inox-tren-rosa.png","type":"image\/png"}],"twitter_card":"summary_large_image","schema":{"@context":"https:\/\/schema.org","@graph":[{"@type":"WebPage","@id":"https:\/\/www.hidemar.com\/es\/tienda\/h02-2\/","url":"https:\/\/www.hidemar.com\/es\/tienda\/h02-2\/","name":"H02 - hidemar","isPartOf":{"@id":"https:\/\/www.hidemar.com\/es\/#website"},"primaryImageOfPage":{"@id":"https:\/\/www.hidemar.com\/es\/tienda\/h02-2\/#primaryimage"},"image":{"@id":"https:\/\/www.hidemar.com\/es\/tienda\/h02-2\/#primaryimage"},"thumbnailUrl":"https:\/\/www.hidemar.com\/wp-content\/uploads\/2020\/09\/h02-inox-tren-rosa.png","datePublished":"2020-12-11T12:38:11+00:00","dateModified":"2020-12-11T12:38:11+00:00","breadcrumb":{"@id":"https:\/\/www.hidemar.com\/es\/tienda\/h02-2\/#breadcrumb"},"inLanguage":"es","potentialAction":[{"@type":"ReadAction","target":["https:\/\/www.hidemar.com\/es\/tienda\/h02-2\/"]}]},{"@type":"ImageObject","inLanguage":"es","@id":"https:\/\/www.hidemar.com\/es\/tienda\/h02-2\/#primaryimage","url":"https:\/\/www.hidemar.com\/wp-content\/uploads\/2020\/09\/h02-inox-tren-rosa.png","contentUrl":"https:\/\/www.hidemar.com\/wp-content\/uploads\/2020\/09\/h02-inox-tren-rosa.png","width":800,"height":800},{"@type":"BreadcrumbList","@id":"https:\/\/www.hidemar.com\/es\/tienda\/h02-2\/#breadcrumb","itemListElement":[{"@type":"ListItem","position":1,"name":"Inicio","item":"https:\/\/www.hidemar.com\/es\/"},{"@type":"ListItem","position":2,"name":"Products","item":"https:\/\/www.hidemar.com\/fr\/shop\/"},{"@type":"ListItem","position":3,"name":"H02"}]},{"@type":"WebSite","@id":"https:\/\/www.hidemar.com\/es\/#website","url":"https:\/\/www.hidemar.com\/es\/","name":"hidemar","description":"Fabricantes de mobiliario para la salud","potentialAction":[{"@type":"SearchAction","target":{"@type":"EntryPoint","urlTemplate":"https:\/\/www.hidemar.com\/es\/?s={search_term_string}"},"query-input":"required name=search_term_string"}],"inLanguage":"es"}]}},"_links":{"self":[{"href":"https:\/\/www.hidemar.com\/es\/wp-json\/wp\/v2\/product\/7237","targetHints":{"allow":["GET"]}}],"collection":[{"href":"https:\/\/www.hidemar.com\/es\/wp-json\/wp\/v2\/product"}],"about":[{"href":"https:\/\/www.hidemar.com\/es\/wp-json\/wp\/v2\/types\/product"}],"wp:featuredmedia":[{"embeddable":true,"href":"https:\/\/www.hidemar.com\/es\/wp-json\/wp\/v2\/media\/5938"}],"wp:attachment":[{"href":"https:\/\/www.hidemar.com\/es\/wp-json\/wp\/v2\/media?parent=7237"}],"wp:term":[{"taxonomy":"product_cat","embeddable":true,"href":"https:\/\/www.hidemar.com\/es\/wp-json\/wp\/v2\/product_cat?post=7237"},{"taxonomy":"product_tag","embeddable":true,"href":"https:\/\/www.hidemar.com\/es\/wp-json\/wp\/v2\/product_tag?post=7237"}],"curies":[{"name":"wp","href":"https:\/\/api.w.org\/{rel}","templated":true}]}}