{"id":6186,"date":"2020-09-09T08:15:21","date_gmt":"2020-09-09T08:15:21","guid":{"rendered":"https:\/\/www.hidemar.com\/?post_type=product&#038;p=6186"},"modified":"2021-12-20T09:02:45","modified_gmt":"2021-12-20T09:02:45","slug":"cestas-iso","status":"publish","type":"product","link":"https:\/\/www.hidemar.com\/es\/tienda\/cestas-iso\/","title":{"rendered":"Cestas ISO"},"content":{"rendered":"<h3><strong>Caracter\u00edsticas<\/strong><\/h3>\n<p>Las Cestas ISO se definen b\u00e1sicamente por su practicidad de uso.<br \/>\nEst\u00e1n dise\u00f1adas especialmente para la organizaci\u00f3n de medicaci\u00f3n y objetos en los diferentes Servicios de un Centro Hospitalario.<br \/>\nDe dimensiones normalizadas \u2013 ISO System 600&#215;400 mm<\/p>\n<h3><strong>Acabado<\/strong><\/h3>\n<p>Fabricadas en pl\u00e1stico ABS color gris.<\/p>\n<h3><strong>Dimensiones<\/strong><\/h3>\n<p>600 x 400 x 100 mm c\u00f3digo 7012100<br \/>\n600 x 400 x 200 mm c\u00f3digo 7012200<\/p>\n<h3><strong>Posibles combinaciones<\/strong><\/h3>\n<p>4 ESPACIOS de 170 x 270 mm<br \/>\n(1 divisor largo + 1 corto)<\/p>\n<p>6 ESPACIOS de 170 x 170 mm<br \/>\n(2 divisores largos + 1 corto)<\/p>\n<p>8 ESPACIOS de 130 x 170 mm<br \/>\n(1 divisor largo + 3 cortos)<\/p>\n<p>12 ESPACIOS de 130 x 120 mm<br \/>\n(2 divisores largos + 3 cortos)<\/p>\n<p>15 ESPACIOS de 110 x 100 mm<br \/>\n(3 divisores largos + 4 cortos)<\/p>\n<p>Las dimensiones de los espacios son aproximadas<\/p>\n","protected":false},"excerpt":{"rendered":"<h4>Cestas ISO<\/h4>\n","protected":false},"featured_media":9806,"template":"","meta":[],"product_cat":[76,220,85,349,346],"product_tag":[],"class_list":{"0":"post-6186","1":"product","2":"type-product","3":"status-publish","4":"has-post-thumbnail","6":"product_cat-accesorios-carros-multifuncion","7":"product_cat-carros-auxiliares-cestas-iso","8":"product_cat-otros","9":"product_cat-amelementos-complementarios-mobiliario-clinico","10":"product_cat-ammobiliario-clinico-auxiliar","12":"first","13":"instock","14":"shipping-taxable","15":"purchasable","16":"product-type-variable"},"yoast_head":"<!-- This site is optimized with the Yoast SEO plugin v23.1 - https:\/\/yoast.com\/wordpress\/plugins\/seo\/ -->\n<title>Cestas ISO - hidemar<\/title>\n<meta name=\"robots\" content=\"index, follow, max-snippet:-1, max-image-preview:large, max-video-preview:-1\" \/>\n<link rel=\"canonical\" href=\"https:\/\/www.hidemar.com\/es\/tienda\/cestas-iso\/\" \/>\n<meta property=\"og:locale\" content=\"es_ES\" \/>\n<meta property=\"og:type\" content=\"article\" \/>\n<meta property=\"og:title\" content=\"Cestas ISO - hidemar\" \/>\n<meta property=\"og:description\" content=\"Cestas ISO\" \/>\n<meta property=\"og:url\" content=\"https:\/\/www.hidemar.com\/es\/tienda\/cestas-iso\/\" \/>\n<meta property=\"og:site_name\" content=\"hidemar\" \/>\n<meta property=\"article:modified_time\" content=\"2021-12-20T09:02:45+00:00\" \/>\n<meta property=\"og:image\" content=\"https:\/\/www.hidemar.com\/wp-content\/uploads\/2020\/09\/CESTA-equipada_nuevo.jpg\" \/>\n\t<meta property=\"og:image:width\" content=\"800\" \/>\n\t<meta property=\"og:image:height\" content=\"800\" \/>\n\t<meta property=\"og:image:type\" content=\"image\/jpeg\" \/>\n<meta name=\"twitter:card\" content=\"summary_large_image\" \/>\n<meta name=\"twitter:label1\" content=\"Tiempo de lectura\" \/>\n\t<meta name=\"twitter:data1\" content=\"1 minuto\" \/>\n<script type=\"application\/ld+json\" class=\"yoast-schema-graph\">{\"@context\":\"https:\/\/schema.org\",\"@graph\":[{\"@type\":\"WebPage\",\"@id\":\"https:\/\/www.hidemar.com\/es\/tienda\/cestas-iso\/\",\"url\":\"https:\/\/www.hidemar.com\/es\/tienda\/cestas-iso\/\",\"name\":\"Cestas ISO - hidemar\",\"isPartOf\":{\"@id\":\"https:\/\/www.hidemar.com\/es\/#website\"},\"primaryImageOfPage\":{\"@id\":\"https:\/\/www.hidemar.com\/es\/tienda\/cestas-iso\/#primaryimage\"},\"image\":{\"@id\":\"https:\/\/www.hidemar.com\/es\/tienda\/cestas-iso\/#primaryimage\"},\"thumbnailUrl\":\"https:\/\/www.hidemar.com\/wp-content\/uploads\/2020\/09\/CESTA-equipada_nuevo.jpg\",\"datePublished\":\"2020-09-09T08:15:21+00:00\",\"dateModified\":\"2021-12-20T09:02:45+00:00\",\"breadcrumb\":{\"@id\":\"https:\/\/www.hidemar.com\/es\/tienda\/cestas-iso\/#breadcrumb\"},\"inLanguage\":\"es\",\"potentialAction\":[{\"@type\":\"ReadAction\",\"target\":[\"https:\/\/www.hidemar.com\/es\/tienda\/cestas-iso\/\"]}]},{\"@type\":\"ImageObject\",\"inLanguage\":\"es\",\"@id\":\"https:\/\/www.hidemar.com\/es\/tienda\/cestas-iso\/#primaryimage\",\"url\":\"https:\/\/www.hidemar.com\/wp-content\/uploads\/2020\/09\/CESTA-equipada_nuevo.jpg\",\"contentUrl\":\"https:\/\/www.hidemar.com\/wp-content\/uploads\/2020\/09\/CESTA-equipada_nuevo.jpg\",\"width\":800,\"height\":800,\"caption\":\"OLYMPUS DIGITAL CAMERA\"},{\"@type\":\"BreadcrumbList\",\"@id\":\"https:\/\/www.hidemar.com\/es\/tienda\/cestas-iso\/#breadcrumb\",\"itemListElement\":[{\"@type\":\"ListItem\",\"position\":1,\"name\":\"Inicio\",\"item\":\"https:\/\/www.hidemar.com\/es\/\"},{\"@type\":\"ListItem\",\"position\":2,\"name\":\"Products\",\"item\":\"https:\/\/www.hidemar.com\/fr\/shop\/\"},{\"@type\":\"ListItem\",\"position\":3,\"name\":\"Cestas ISO\"}]},{\"@type\":\"WebSite\",\"@id\":\"https:\/\/www.hidemar.com\/es\/#website\",\"url\":\"https:\/\/www.hidemar.com\/es\/\",\"name\":\"hidemar\",\"description\":\"Fabricantes de mobiliario para la salud\",\"potentialAction\":[{\"@type\":\"SearchAction\",\"target\":{\"@type\":\"EntryPoint\",\"urlTemplate\":\"https:\/\/www.hidemar.com\/es\/?s={search_term_string}\"},\"query-input\":\"required name=search_term_string\"}],\"inLanguage\":\"es\"}]}<\/script>\n<!-- \/ Yoast SEO plugin. -->","yoast_head_json":{"title":"Cestas ISO - hidemar","robots":{"index":"index","follow":"follow","max-snippet":"max-snippet:-1","max-image-preview":"max-image-preview:large","max-video-preview":"max-video-preview:-1"},"canonical":"https:\/\/www.hidemar.com\/es\/tienda\/cestas-iso\/","og_locale":"es_ES","og_type":"article","og_title":"Cestas ISO - hidemar","og_description":"Cestas ISO","og_url":"https:\/\/www.hidemar.com\/es\/tienda\/cestas-iso\/","og_site_name":"hidemar","article_modified_time":"2021-12-20T09:02:45+00:00","og_image":[{"width":800,"height":800,"url":"https:\/\/www.hidemar.com\/wp-content\/uploads\/2020\/09\/CESTA-equipada_nuevo.jpg","type":"image\/jpeg"}],"twitter_card":"summary_large_image","twitter_misc":{"Tiempo de lectura":"1 minuto"},"schema":{"@context":"https:\/\/schema.org","@graph":[{"@type":"WebPage","@id":"https:\/\/www.hidemar.com\/es\/tienda\/cestas-iso\/","url":"https:\/\/www.hidemar.com\/es\/tienda\/cestas-iso\/","name":"Cestas ISO - hidemar","isPartOf":{"@id":"https:\/\/www.hidemar.com\/es\/#website"},"primaryImageOfPage":{"@id":"https:\/\/www.hidemar.com\/es\/tienda\/cestas-iso\/#primaryimage"},"image":{"@id":"https:\/\/www.hidemar.com\/es\/tienda\/cestas-iso\/#primaryimage"},"thumbnailUrl":"https:\/\/www.hidemar.com\/wp-content\/uploads\/2020\/09\/CESTA-equipada_nuevo.jpg","datePublished":"2020-09-09T08:15:21+00:00","dateModified":"2021-12-20T09:02:45+00:00","breadcrumb":{"@id":"https:\/\/www.hidemar.com\/es\/tienda\/cestas-iso\/#breadcrumb"},"inLanguage":"es","potentialAction":[{"@type":"ReadAction","target":["https:\/\/www.hidemar.com\/es\/tienda\/cestas-iso\/"]}]},{"@type":"ImageObject","inLanguage":"es","@id":"https:\/\/www.hidemar.com\/es\/tienda\/cestas-iso\/#primaryimage","url":"https:\/\/www.hidemar.com\/wp-content\/uploads\/2020\/09\/CESTA-equipada_nuevo.jpg","contentUrl":"https:\/\/www.hidemar.com\/wp-content\/uploads\/2020\/09\/CESTA-equipada_nuevo.jpg","width":800,"height":800,"caption":"OLYMPUS DIGITAL CAMERA"},{"@type":"BreadcrumbList","@id":"https:\/\/www.hidemar.com\/es\/tienda\/cestas-iso\/#breadcrumb","itemListElement":[{"@type":"ListItem","position":1,"name":"Inicio","item":"https:\/\/www.hidemar.com\/es\/"},{"@type":"ListItem","position":2,"name":"Products","item":"https:\/\/www.hidemar.com\/fr\/shop\/"},{"@type":"ListItem","position":3,"name":"Cestas ISO"}]},{"@type":"WebSite","@id":"https:\/\/www.hidemar.com\/es\/#website","url":"https:\/\/www.hidemar.com\/es\/","name":"hidemar","description":"Fabricantes de mobiliario para la salud","potentialAction":[{"@type":"SearchAction","target":{"@type":"EntryPoint","urlTemplate":"https:\/\/www.hidemar.com\/es\/?s={search_term_string}"},"query-input":"required name=search_term_string"}],"inLanguage":"es"}]}},"_links":{"self":[{"href":"https:\/\/www.hidemar.com\/es\/wp-json\/wp\/v2\/product\/6186","targetHints":{"allow":["GET"]}}],"collection":[{"href":"https:\/\/www.hidemar.com\/es\/wp-json\/wp\/v2\/product"}],"about":[{"href":"https:\/\/www.hidemar.com\/es\/wp-json\/wp\/v2\/types\/product"}],"wp:featuredmedia":[{"embeddable":true,"href":"https:\/\/www.hidemar.com\/es\/wp-json\/wp\/v2\/media\/9806"}],"wp:attachment":[{"href":"https:\/\/www.hidemar.com\/es\/wp-json\/wp\/v2\/media?parent=6186"}],"wp:term":[{"taxonomy":"product_cat","embeddable":true,"href":"https:\/\/www.hidemar.com\/es\/wp-json\/wp\/v2\/product_cat?post=6186"},{"taxonomy":"product_tag","embeddable":true,"href":"https:\/\/www.hidemar.com\/es\/wp-json\/wp\/v2\/product_tag?post=6186"}],"curies":[{"name":"wp","href":"https:\/\/api.w.org\/{rel}","templated":true}]}}