{"id":5974,"date":"2020-09-07T11:51:52","date_gmt":"2020-09-07T11:51:52","guid":{"rendered":"https:\/\/www.hidemar.com\/?post_type=product&#038;p=5974"},"modified":"2021-12-14T10:37:38","modified_gmt":"2021-12-14T10:37:38","slug":"h05-hidraulica","status":"publish","type":"product","link":"https:\/\/www.hidemar.com\/es\/tienda\/h05-hidraulica\/","title":{"rendered":"H05 hidr\u00e1ulica"},"content":{"rendered":"<h3><strong>Caracter\u00edsticas<\/strong><\/h3>\n<p>Sistema hidr\u00e1ulico para elevaci\u00f3n y descenso.<br \/>\nActuado con pedal en ambos laterales.<br \/>\nAltura m\u00ednima &#8211; m\u00e1xima: 550 &#8211; 900 mm<br \/>\nRespaldo articulado +80\u00b0 y -30\u00b0 por resorte a gas.<br \/>\nCabecero con orificio facial con tap\u00f3n.<br \/>\nTapicer\u00eda en tela vinilo de color a elegir, ign\u00edfuga, con interior de gomaespuma esponjosa de alta densidad.<br \/>\nSistema retr\u00e1ctil de rodaje e inmovilizaci\u00f3n.<\/p>\n<h3><strong>Estructura y Acabados<\/strong><\/h3>\n<p>Fabricaci\u00f3n en acero esmaltado epoxi.<\/p>\n<h3><strong>Accesorios<\/strong><\/h3>\n<p>Incorpora portarrollos.<\/p>\n<h3><strong>Dimensiones<\/strong><\/h3>\n<p>Generales: 1900 x 700 x 550 &#8211; 900 mm<br \/>\nLecho: 1900 x 700 mm<br \/>\nRespaldo: 700 x 700 mm<br \/>\nAsiento: 1200 x 700 mm<\/p>\n","protected":false},"excerpt":{"rendered":"<h4>Camilla de dos secciones. Elevaci\u00f3n hidr\u00e1ulica<\/h4>\n","protected":false},"featured_media":9757,"template":"","meta":[],"product_cat":[65,211,342],"product_tag":[],"class_list":{"0":"post-5974","1":"product","2":"type-product","3":"status-publish","4":"has-post-thumbnail","6":"product_cat-camillas","7":"product_cat-camillas-de-altura-regulable","8":"product_cat-ammesas-de-reconocimiento","10":"first","11":"instock","12":"shipping-taxable","13":"purchasable","14":"product-type-simple"},"yoast_head":"<!-- This site is optimized with the Yoast SEO plugin v23.1 - https:\/\/yoast.com\/wordpress\/plugins\/seo\/ -->\n<title>H05 hidr\u00e1ulica - hidemar<\/title>\n<meta name=\"robots\" content=\"index, follow, max-snippet:-1, max-image-preview:large, max-video-preview:-1\" \/>\n<link rel=\"canonical\" href=\"https:\/\/www.hidemar.com\/es\/tienda\/h05-hidraulica\/\" \/>\n<meta property=\"og:locale\" content=\"es_ES\" \/>\n<meta property=\"og:type\" content=\"article\" \/>\n<meta property=\"og:title\" content=\"H05 hidr\u00e1ulica - hidemar\" \/>\n<meta property=\"og:description\" content=\"Camilla de dos secciones. Elevaci\u00f3n hidr\u00e1ulica\" \/>\n<meta property=\"og:url\" content=\"https:\/\/www.hidemar.com\/es\/tienda\/h05-hidraulica\/\" \/>\n<meta property=\"og:site_name\" content=\"hidemar\" \/>\n<meta property=\"article:modified_time\" content=\"2021-12-14T10:37:38+00:00\" \/>\n<meta property=\"og:image\" content=\"https:\/\/www.hidemar.com\/wp-content\/uploads\/2020\/09\/h05-hidraulica-verde_nuevo.jpg\" \/>\n\t<meta property=\"og:image:width\" content=\"800\" \/>\n\t<meta property=\"og:image:height\" content=\"800\" \/>\n\t<meta property=\"og:image:type\" content=\"image\/jpeg\" \/>\n<meta name=\"twitter:card\" content=\"summary_large_image\" \/>\n<script type=\"application\/ld+json\" class=\"yoast-schema-graph\">{\"@context\":\"https:\/\/schema.org\",\"@graph\":[{\"@type\":\"WebPage\",\"@id\":\"https:\/\/www.hidemar.com\/es\/tienda\/h05-hidraulica\/\",\"url\":\"https:\/\/www.hidemar.com\/es\/tienda\/h05-hidraulica\/\",\"name\":\"H05 hidr\u00e1ulica - hidemar\",\"isPartOf\":{\"@id\":\"https:\/\/www.hidemar.com\/es\/#website\"},\"primaryImageOfPage\":{\"@id\":\"https:\/\/www.hidemar.com\/es\/tienda\/h05-hidraulica\/#primaryimage\"},\"image\":{\"@id\":\"https:\/\/www.hidemar.com\/es\/tienda\/h05-hidraulica\/#primaryimage\"},\"thumbnailUrl\":\"https:\/\/www.hidemar.com\/wp-content\/uploads\/2020\/09\/h05-hidraulica-verde_nuevo.jpg\",\"datePublished\":\"2020-09-07T11:51:52+00:00\",\"dateModified\":\"2021-12-14T10:37:38+00:00\",\"breadcrumb\":{\"@id\":\"https:\/\/www.hidemar.com\/es\/tienda\/h05-hidraulica\/#breadcrumb\"},\"inLanguage\":\"es\",\"potentialAction\":[{\"@type\":\"ReadAction\",\"target\":[\"https:\/\/www.hidemar.com\/es\/tienda\/h05-hidraulica\/\"]}]},{\"@type\":\"ImageObject\",\"inLanguage\":\"es\",\"@id\":\"https:\/\/www.hidemar.com\/es\/tienda\/h05-hidraulica\/#primaryimage\",\"url\":\"https:\/\/www.hidemar.com\/wp-content\/uploads\/2020\/09\/h05-hidraulica-verde_nuevo.jpg\",\"contentUrl\":\"https:\/\/www.hidemar.com\/wp-content\/uploads\/2020\/09\/h05-hidraulica-verde_nuevo.jpg\",\"width\":800,\"height\":800,\"caption\":\"OLYMPUS DIGITAL CAMERA\"},{\"@type\":\"BreadcrumbList\",\"@id\":\"https:\/\/www.hidemar.com\/es\/tienda\/h05-hidraulica\/#breadcrumb\",\"itemListElement\":[{\"@type\":\"ListItem\",\"position\":1,\"name\":\"Inicio\",\"item\":\"https:\/\/www.hidemar.com\/es\/\"},{\"@type\":\"ListItem\",\"position\":2,\"name\":\"Products\",\"item\":\"https:\/\/www.hidemar.com\/fr\/shop\/\"},{\"@type\":\"ListItem\",\"position\":3,\"name\":\"H05 hidr\u00e1ulica\"}]},{\"@type\":\"WebSite\",\"@id\":\"https:\/\/www.hidemar.com\/es\/#website\",\"url\":\"https:\/\/www.hidemar.com\/es\/\",\"name\":\"hidemar\",\"description\":\"Fabricantes de mobiliario para la salud\",\"potentialAction\":[{\"@type\":\"SearchAction\",\"target\":{\"@type\":\"EntryPoint\",\"urlTemplate\":\"https:\/\/www.hidemar.com\/es\/?s={search_term_string}\"},\"query-input\":\"required name=search_term_string\"}],\"inLanguage\":\"es\"}]}<\/script>\n<!-- \/ Yoast SEO plugin. -->","yoast_head_json":{"title":"H05 hidr\u00e1ulica - hidemar","robots":{"index":"index","follow":"follow","max-snippet":"max-snippet:-1","max-image-preview":"max-image-preview:large","max-video-preview":"max-video-preview:-1"},"canonical":"https:\/\/www.hidemar.com\/es\/tienda\/h05-hidraulica\/","og_locale":"es_ES","og_type":"article","og_title":"H05 hidr\u00e1ulica - hidemar","og_description":"Camilla de dos secciones. Elevaci\u00f3n hidr\u00e1ulica","og_url":"https:\/\/www.hidemar.com\/es\/tienda\/h05-hidraulica\/","og_site_name":"hidemar","article_modified_time":"2021-12-14T10:37:38+00:00","og_image":[{"width":800,"height":800,"url":"https:\/\/www.hidemar.com\/wp-content\/uploads\/2020\/09\/h05-hidraulica-verde_nuevo.jpg","type":"image\/jpeg"}],"twitter_card":"summary_large_image","schema":{"@context":"https:\/\/schema.org","@graph":[{"@type":"WebPage","@id":"https:\/\/www.hidemar.com\/es\/tienda\/h05-hidraulica\/","url":"https:\/\/www.hidemar.com\/es\/tienda\/h05-hidraulica\/","name":"H05 hidr\u00e1ulica - hidemar","isPartOf":{"@id":"https:\/\/www.hidemar.com\/es\/#website"},"primaryImageOfPage":{"@id":"https:\/\/www.hidemar.com\/es\/tienda\/h05-hidraulica\/#primaryimage"},"image":{"@id":"https:\/\/www.hidemar.com\/es\/tienda\/h05-hidraulica\/#primaryimage"},"thumbnailUrl":"https:\/\/www.hidemar.com\/wp-content\/uploads\/2020\/09\/h05-hidraulica-verde_nuevo.jpg","datePublished":"2020-09-07T11:51:52+00:00","dateModified":"2021-12-14T10:37:38+00:00","breadcrumb":{"@id":"https:\/\/www.hidemar.com\/es\/tienda\/h05-hidraulica\/#breadcrumb"},"inLanguage":"es","potentialAction":[{"@type":"ReadAction","target":["https:\/\/www.hidemar.com\/es\/tienda\/h05-hidraulica\/"]}]},{"@type":"ImageObject","inLanguage":"es","@id":"https:\/\/www.hidemar.com\/es\/tienda\/h05-hidraulica\/#primaryimage","url":"https:\/\/www.hidemar.com\/wp-content\/uploads\/2020\/09\/h05-hidraulica-verde_nuevo.jpg","contentUrl":"https:\/\/www.hidemar.com\/wp-content\/uploads\/2020\/09\/h05-hidraulica-verde_nuevo.jpg","width":800,"height":800,"caption":"OLYMPUS DIGITAL CAMERA"},{"@type":"BreadcrumbList","@id":"https:\/\/www.hidemar.com\/es\/tienda\/h05-hidraulica\/#breadcrumb","itemListElement":[{"@type":"ListItem","position":1,"name":"Inicio","item":"https:\/\/www.hidemar.com\/es\/"},{"@type":"ListItem","position":2,"name":"Products","item":"https:\/\/www.hidemar.com\/fr\/shop\/"},{"@type":"ListItem","position":3,"name":"H05 hidr\u00e1ulica"}]},{"@type":"WebSite","@id":"https:\/\/www.hidemar.com\/es\/#website","url":"https:\/\/www.hidemar.com\/es\/","name":"hidemar","description":"Fabricantes de mobiliario para la salud","potentialAction":[{"@type":"SearchAction","target":{"@type":"EntryPoint","urlTemplate":"https:\/\/www.hidemar.com\/es\/?s={search_term_string}"},"query-input":"required name=search_term_string"}],"inLanguage":"es"}]}},"_links":{"self":[{"href":"https:\/\/www.hidemar.com\/es\/wp-json\/wp\/v2\/product\/5974","targetHints":{"allow":["GET"]}}],"collection":[{"href":"https:\/\/www.hidemar.com\/es\/wp-json\/wp\/v2\/product"}],"about":[{"href":"https:\/\/www.hidemar.com\/es\/wp-json\/wp\/v2\/types\/product"}],"wp:featuredmedia":[{"embeddable":true,"href":"https:\/\/www.hidemar.com\/es\/wp-json\/wp\/v2\/media\/9757"}],"wp:attachment":[{"href":"https:\/\/www.hidemar.com\/es\/wp-json\/wp\/v2\/media?parent=5974"}],"wp:term":[{"taxonomy":"product_cat","embeddable":true,"href":"https:\/\/www.hidemar.com\/es\/wp-json\/wp\/v2\/product_cat?post=5974"},{"taxonomy":"product_tag","embeddable":true,"href":"https:\/\/www.hidemar.com\/es\/wp-json\/wp\/v2\/product_tag?post=5974"}],"curies":[{"name":"wp","href":"https:\/\/api.w.org\/{rel}","templated":true}]}}