{"id":5854,"date":"2020-09-07T08:20:33","date_gmt":"2020-09-07T08:20:33","guid":{"rendered":"https:\/\/www.hidemar.com\/?post_type=product&#038;p=5854"},"modified":"2021-12-15T09:55:44","modified_gmt":"2021-12-15T09:55:44","slug":"h961","status":"publish","type":"product","link":"https:\/\/www.hidemar.com\/es\/tienda\/h961\/","title":{"rendered":"H961"},"content":{"rendered":"<h3><strong>Caracter\u00edsticas<\/strong><\/h3>\n<p>Tapa de color a elegir, seg\u00fan muestrario, con apertura mediante pedal. Fabricaci\u00f3n en pl\u00e1stico ABS.<br \/>\nSujeci\u00f3n del saco por presi\u00f3n mediante anillo de goma perimetral.<br \/>\nEl saco se ajusta muy f\u00e1cilmente cubriendo completamente tanto el interior como el exterior del anillo, lo que garantiza una perfecta higiene y evita el deslizamiento durante su utilizaci\u00f3n.<br \/>\nAdecuado para sacos desechables o reutilizables (saco no incluido).<br \/>\nEmpujador para facilitar su desplazamiento.<\/p>\n<h3><strong>Estructura y Acabados<\/strong><\/h3>\n<p>Estructura fabricada en pl\u00e1stico ABS y acero inoxidable 18\/10.<\/p>\n<h3><strong>Accesorios<\/strong><\/h3>\n<p>Ruedas de \u00f880 mm dos con freno<\/p>\n<h3><strong>Dimensiones<\/strong><\/h3>\n<p>Del anillo: 350 x 255 mm<br \/>\nCapacidad del saco: 70 litros.<br \/>\nGenerales: 360 x 540 x 930 mm<\/p>\n","protected":false},"excerpt":{"rendered":"<h4>Carro Recolector De un cuerpo<\/h4>\n","protected":false},"featured_media":9842,"template":"","meta":[],"product_cat":[219,346],"product_tag":[],"class_list":{"0":"post-5854","1":"product","2":"type-product","3":"status-publish","4":"has-post-thumbnail","6":"product_cat-carros-de-transporte","7":"product_cat-ammobiliario-clinico-auxiliar","9":"first","10":"instock","11":"shipping-taxable","12":"purchasable","13":"product-type-simple"},"yoast_head":"<!-- This site is optimized with the Yoast SEO plugin v23.1 - https:\/\/yoast.com\/wordpress\/plugins\/seo\/ -->\n<title>H961 - hidemar<\/title>\n<meta name=\"robots\" content=\"index, follow, max-snippet:-1, max-image-preview:large, max-video-preview:-1\" \/>\n<link rel=\"canonical\" href=\"https:\/\/www.hidemar.com\/es\/tienda\/h961\/\" \/>\n<meta property=\"og:locale\" content=\"es_ES\" \/>\n<meta property=\"og:type\" content=\"article\" \/>\n<meta property=\"og:title\" content=\"H961 - hidemar\" \/>\n<meta property=\"og:description\" content=\"Carro Recolector De un cuerpo\" \/>\n<meta property=\"og:url\" content=\"https:\/\/www.hidemar.com\/es\/tienda\/h961\/\" \/>\n<meta property=\"og:site_name\" content=\"hidemar\" \/>\n<meta property=\"article:modified_time\" content=\"2021-12-15T09:55:44+00:00\" \/>\n<meta property=\"og:image\" content=\"https:\/\/www.hidemar.com\/wp-content\/uploads\/2020\/09\/h961_nuevo-1.jpg\" \/>\n\t<meta property=\"og:image:width\" content=\"800\" \/>\n\t<meta property=\"og:image:height\" content=\"800\" \/>\n\t<meta property=\"og:image:type\" content=\"image\/jpeg\" \/>\n<meta name=\"twitter:card\" content=\"summary_large_image\" \/>\n<meta name=\"twitter:label1\" content=\"Tiempo de lectura\" \/>\n\t<meta name=\"twitter:data1\" content=\"1 minuto\" \/>\n<script type=\"application\/ld+json\" class=\"yoast-schema-graph\">{\"@context\":\"https:\/\/schema.org\",\"@graph\":[{\"@type\":\"WebPage\",\"@id\":\"https:\/\/www.hidemar.com\/es\/tienda\/h961\/\",\"url\":\"https:\/\/www.hidemar.com\/es\/tienda\/h961\/\",\"name\":\"H961 - hidemar\",\"isPartOf\":{\"@id\":\"https:\/\/www.hidemar.com\/es\/#website\"},\"primaryImageOfPage\":{\"@id\":\"https:\/\/www.hidemar.com\/es\/tienda\/h961\/#primaryimage\"},\"image\":{\"@id\":\"https:\/\/www.hidemar.com\/es\/tienda\/h961\/#primaryimage\"},\"thumbnailUrl\":\"https:\/\/www.hidemar.com\/wp-content\/uploads\/2020\/09\/h961_nuevo-1.jpg\",\"datePublished\":\"2020-09-07T08:20:33+00:00\",\"dateModified\":\"2021-12-15T09:55:44+00:00\",\"breadcrumb\":{\"@id\":\"https:\/\/www.hidemar.com\/es\/tienda\/h961\/#breadcrumb\"},\"inLanguage\":\"es\",\"potentialAction\":[{\"@type\":\"ReadAction\",\"target\":[\"https:\/\/www.hidemar.com\/es\/tienda\/h961\/\"]}]},{\"@type\":\"ImageObject\",\"inLanguage\":\"es\",\"@id\":\"https:\/\/www.hidemar.com\/es\/tienda\/h961\/#primaryimage\",\"url\":\"https:\/\/www.hidemar.com\/wp-content\/uploads\/2020\/09\/h961_nuevo-1.jpg\",\"contentUrl\":\"https:\/\/www.hidemar.com\/wp-content\/uploads\/2020\/09\/h961_nuevo-1.jpg\",\"width\":800,\"height\":800},{\"@type\":\"BreadcrumbList\",\"@id\":\"https:\/\/www.hidemar.com\/es\/tienda\/h961\/#breadcrumb\",\"itemListElement\":[{\"@type\":\"ListItem\",\"position\":1,\"name\":\"Inicio\",\"item\":\"https:\/\/www.hidemar.com\/es\/\"},{\"@type\":\"ListItem\",\"position\":2,\"name\":\"Products\",\"item\":\"https:\/\/www.hidemar.com\/fr\/shop\/\"},{\"@type\":\"ListItem\",\"position\":3,\"name\":\"H961\"}]},{\"@type\":\"WebSite\",\"@id\":\"https:\/\/www.hidemar.com\/es\/#website\",\"url\":\"https:\/\/www.hidemar.com\/es\/\",\"name\":\"hidemar\",\"description\":\"Fabricantes de mobiliario para la salud\",\"potentialAction\":[{\"@type\":\"SearchAction\",\"target\":{\"@type\":\"EntryPoint\",\"urlTemplate\":\"https:\/\/www.hidemar.com\/es\/?s={search_term_string}\"},\"query-input\":\"required name=search_term_string\"}],\"inLanguage\":\"es\"}]}<\/script>\n<!-- \/ Yoast SEO plugin. -->","yoast_head_json":{"title":"H961 - hidemar","robots":{"index":"index","follow":"follow","max-snippet":"max-snippet:-1","max-image-preview":"max-image-preview:large","max-video-preview":"max-video-preview:-1"},"canonical":"https:\/\/www.hidemar.com\/es\/tienda\/h961\/","og_locale":"es_ES","og_type":"article","og_title":"H961 - hidemar","og_description":"Carro Recolector De un cuerpo","og_url":"https:\/\/www.hidemar.com\/es\/tienda\/h961\/","og_site_name":"hidemar","article_modified_time":"2021-12-15T09:55:44+00:00","og_image":[{"width":800,"height":800,"url":"https:\/\/www.hidemar.com\/wp-content\/uploads\/2020\/09\/h961_nuevo-1.jpg","type":"image\/jpeg"}],"twitter_card":"summary_large_image","twitter_misc":{"Tiempo de lectura":"1 minuto"},"schema":{"@context":"https:\/\/schema.org","@graph":[{"@type":"WebPage","@id":"https:\/\/www.hidemar.com\/es\/tienda\/h961\/","url":"https:\/\/www.hidemar.com\/es\/tienda\/h961\/","name":"H961 - hidemar","isPartOf":{"@id":"https:\/\/www.hidemar.com\/es\/#website"},"primaryImageOfPage":{"@id":"https:\/\/www.hidemar.com\/es\/tienda\/h961\/#primaryimage"},"image":{"@id":"https:\/\/www.hidemar.com\/es\/tienda\/h961\/#primaryimage"},"thumbnailUrl":"https:\/\/www.hidemar.com\/wp-content\/uploads\/2020\/09\/h961_nuevo-1.jpg","datePublished":"2020-09-07T08:20:33+00:00","dateModified":"2021-12-15T09:55:44+00:00","breadcrumb":{"@id":"https:\/\/www.hidemar.com\/es\/tienda\/h961\/#breadcrumb"},"inLanguage":"es","potentialAction":[{"@type":"ReadAction","target":["https:\/\/www.hidemar.com\/es\/tienda\/h961\/"]}]},{"@type":"ImageObject","inLanguage":"es","@id":"https:\/\/www.hidemar.com\/es\/tienda\/h961\/#primaryimage","url":"https:\/\/www.hidemar.com\/wp-content\/uploads\/2020\/09\/h961_nuevo-1.jpg","contentUrl":"https:\/\/www.hidemar.com\/wp-content\/uploads\/2020\/09\/h961_nuevo-1.jpg","width":800,"height":800},{"@type":"BreadcrumbList","@id":"https:\/\/www.hidemar.com\/es\/tienda\/h961\/#breadcrumb","itemListElement":[{"@type":"ListItem","position":1,"name":"Inicio","item":"https:\/\/www.hidemar.com\/es\/"},{"@type":"ListItem","position":2,"name":"Products","item":"https:\/\/www.hidemar.com\/fr\/shop\/"},{"@type":"ListItem","position":3,"name":"H961"}]},{"@type":"WebSite","@id":"https:\/\/www.hidemar.com\/es\/#website","url":"https:\/\/www.hidemar.com\/es\/","name":"hidemar","description":"Fabricantes de mobiliario para la salud","potentialAction":[{"@type":"SearchAction","target":{"@type":"EntryPoint","urlTemplate":"https:\/\/www.hidemar.com\/es\/?s={search_term_string}"},"query-input":"required name=search_term_string"}],"inLanguage":"es"}]}},"_links":{"self":[{"href":"https:\/\/www.hidemar.com\/es\/wp-json\/wp\/v2\/product\/5854","targetHints":{"allow":["GET"]}}],"collection":[{"href":"https:\/\/www.hidemar.com\/es\/wp-json\/wp\/v2\/product"}],"about":[{"href":"https:\/\/www.hidemar.com\/es\/wp-json\/wp\/v2\/types\/product"}],"wp:featuredmedia":[{"embeddable":true,"href":"https:\/\/www.hidemar.com\/es\/wp-json\/wp\/v2\/media\/9842"}],"wp:attachment":[{"href":"https:\/\/www.hidemar.com\/es\/wp-json\/wp\/v2\/media?parent=5854"}],"wp:term":[{"taxonomy":"product_cat","embeddable":true,"href":"https:\/\/www.hidemar.com\/es\/wp-json\/wp\/v2\/product_cat?post=5854"},{"taxonomy":"product_tag","embeddable":true,"href":"https:\/\/www.hidemar.com\/es\/wp-json\/wp\/v2\/product_tag?post=5854"}],"curies":[{"name":"wp","href":"https:\/\/api.w.org\/{rel}","templated":true}]}}