{"id":5508,"date":"2020-09-02T08:13:35","date_gmt":"2020-09-02T08:13:35","guid":{"rendered":"https:\/\/www.hidemar.com\/?post_type=product&#038;p=5508"},"modified":"2021-12-28T07:42:20","modified_gmt":"2021-12-28T07:42:20","slug":"h515","status":"publish","type":"product","link":"https:\/\/www.hidemar.com\/es\/tienda\/h515\/","title":{"rendered":"H515"},"content":{"rendered":"<h3><strong>Caracter\u00edsticas<\/strong><\/h3>\n<p>Silla caracterizada por su gran fortaleza y operatividad especialmente dise\u00f1ada para el traslado de pacientes en las \u00e1reas de Urgencias y Hospitalizaci\u00f3n.<br \/>\nEl asiento y el respaldo est\u00e1n tapizados en tela vinilo de gran resistencia, de color a elegir, sobre goma espuma de alta densidad.<br \/>\nLos reposabrazos de poliuretano inyectado, son abatibles, pero no desmontables al objeto de evitar su p\u00e9rdida.<br \/>\nPara facilitar su transporte dispone de dos empujadores, dos ruedas traseras de \u00f8600 mm con aro impulsor, as\u00ed como dos ruedas giratorias delanteras de \u00f8150 mm, con sistema de freno activado con el pie.<br \/>\nTodos sus componentes son f\u00e1cilmente sustituibles.<br \/>\nCapacidad de carga 150 kg<\/p>\n<h3><strong>Estructura y Acabados<\/strong><\/h3>\n<p>Su estructura fabricada en tubo de acero, es fija y est\u00e1 unida mediante robustas soldaduras, siendo su acabado en esmalte epoxi de color naranja standard o personalizado.<\/p>\n<h3>Accesorios<\/h3>\n<p>Incorpora, de serie, un portabotellas de ox\u00edgeno, un soporte para varilla portasueros, as\u00ed como un reposapi\u00e9s ergon\u00f3mico, escamoteable y antivolcable.<\/p>\n<h3><strong>Dimensiones<\/strong><\/h3>\n<p><span class=\"descripcion\">Ancho \u00fatil: 500 mm<br \/>\nRespaldo: 420 x 480 mm<br \/>\nAsiento: 470 x 480 mm<br \/>\nApoyapi\u00e9s: 240 x 370 mm<br \/>\nGenerales: 670 x 880 x 990 mm<\/span><\/p>\n","protected":false},"excerpt":{"rendered":"<h4>Silla de traslado fija<\/h4>\n","protected":false},"featured_media":10434,"template":"","meta":[],"product_cat":[68,339],"product_tag":[],"class_list":{"0":"post-5508","1":"product","2":"type-product","3":"status-publish","4":"has-post-thumbnail","6":"product_cat-sillas-traslado","7":"product_cat-amsillas-de-ruedas","9":"first","10":"instock","11":"shipping-taxable","12":"purchasable","13":"product-type-simple"},"yoast_head":"<!-- This site is optimized with the Yoast SEO plugin v23.1 - https:\/\/yoast.com\/wordpress\/plugins\/seo\/ -->\n<title>H515 - hidemar<\/title>\n<meta name=\"robots\" content=\"index, follow, max-snippet:-1, max-image-preview:large, max-video-preview:-1\" \/>\n<link rel=\"canonical\" href=\"https:\/\/www.hidemar.com\/es\/tienda\/h515\/\" \/>\n<meta property=\"og:locale\" content=\"es_ES\" \/>\n<meta property=\"og:type\" content=\"article\" \/>\n<meta property=\"og:title\" content=\"H515 - hidemar\" \/>\n<meta property=\"og:description\" content=\"Silla de traslado fija\" \/>\n<meta property=\"og:url\" content=\"https:\/\/www.hidemar.com\/es\/tienda\/h515\/\" \/>\n<meta property=\"og:site_name\" content=\"hidemar\" \/>\n<meta property=\"article:modified_time\" content=\"2021-12-28T07:42:20+00:00\" \/>\n<meta property=\"og:image\" content=\"https:\/\/www.hidemar.com\/wp-content\/uploads\/2020\/09\/h515-verde_nuevo.jpg\" \/>\n\t<meta property=\"og:image:width\" content=\"800\" \/>\n\t<meta property=\"og:image:height\" content=\"800\" \/>\n\t<meta property=\"og:image:type\" content=\"image\/jpeg\" \/>\n<meta name=\"twitter:card\" content=\"summary_large_image\" \/>\n<meta name=\"twitter:label1\" content=\"Tiempo de lectura\" \/>\n\t<meta name=\"twitter:data1\" content=\"1 minuto\" \/>\n<script type=\"application\/ld+json\" class=\"yoast-schema-graph\">{\"@context\":\"https:\/\/schema.org\",\"@graph\":[{\"@type\":\"WebPage\",\"@id\":\"https:\/\/www.hidemar.com\/es\/tienda\/h515\/\",\"url\":\"https:\/\/www.hidemar.com\/es\/tienda\/h515\/\",\"name\":\"H515 - hidemar\",\"isPartOf\":{\"@id\":\"https:\/\/www.hidemar.com\/es\/#website\"},\"primaryImageOfPage\":{\"@id\":\"https:\/\/www.hidemar.com\/es\/tienda\/h515\/#primaryimage\"},\"image\":{\"@id\":\"https:\/\/www.hidemar.com\/es\/tienda\/h515\/#primaryimage\"},\"thumbnailUrl\":\"https:\/\/www.hidemar.com\/wp-content\/uploads\/2020\/09\/h515-verde_nuevo.jpg\",\"datePublished\":\"2020-09-02T08:13:35+00:00\",\"dateModified\":\"2021-12-28T07:42:20+00:00\",\"breadcrumb\":{\"@id\":\"https:\/\/www.hidemar.com\/es\/tienda\/h515\/#breadcrumb\"},\"inLanguage\":\"es\",\"potentialAction\":[{\"@type\":\"ReadAction\",\"target\":[\"https:\/\/www.hidemar.com\/es\/tienda\/h515\/\"]}]},{\"@type\":\"ImageObject\",\"inLanguage\":\"es\",\"@id\":\"https:\/\/www.hidemar.com\/es\/tienda\/h515\/#primaryimage\",\"url\":\"https:\/\/www.hidemar.com\/wp-content\/uploads\/2020\/09\/h515-verde_nuevo.jpg\",\"contentUrl\":\"https:\/\/www.hidemar.com\/wp-content\/uploads\/2020\/09\/h515-verde_nuevo.jpg\",\"width\":800,\"height\":800},{\"@type\":\"BreadcrumbList\",\"@id\":\"https:\/\/www.hidemar.com\/es\/tienda\/h515\/#breadcrumb\",\"itemListElement\":[{\"@type\":\"ListItem\",\"position\":1,\"name\":\"Inicio\",\"item\":\"https:\/\/www.hidemar.com\/es\/\"},{\"@type\":\"ListItem\",\"position\":2,\"name\":\"Products\",\"item\":\"https:\/\/www.hidemar.com\/fr\/shop\/\"},{\"@type\":\"ListItem\",\"position\":3,\"name\":\"H515\"}]},{\"@type\":\"WebSite\",\"@id\":\"https:\/\/www.hidemar.com\/es\/#website\",\"url\":\"https:\/\/www.hidemar.com\/es\/\",\"name\":\"hidemar\",\"description\":\"Fabricantes de mobiliario para la salud\",\"potentialAction\":[{\"@type\":\"SearchAction\",\"target\":{\"@type\":\"EntryPoint\",\"urlTemplate\":\"https:\/\/www.hidemar.com\/es\/?s={search_term_string}\"},\"query-input\":\"required name=search_term_string\"}],\"inLanguage\":\"es\"}]}<\/script>\n<!-- \/ Yoast SEO plugin. -->","yoast_head_json":{"title":"H515 - hidemar","robots":{"index":"index","follow":"follow","max-snippet":"max-snippet:-1","max-image-preview":"max-image-preview:large","max-video-preview":"max-video-preview:-1"},"canonical":"https:\/\/www.hidemar.com\/es\/tienda\/h515\/","og_locale":"es_ES","og_type":"article","og_title":"H515 - hidemar","og_description":"Silla de traslado fija","og_url":"https:\/\/www.hidemar.com\/es\/tienda\/h515\/","og_site_name":"hidemar","article_modified_time":"2021-12-28T07:42:20+00:00","og_image":[{"width":800,"height":800,"url":"https:\/\/www.hidemar.com\/wp-content\/uploads\/2020\/09\/h515-verde_nuevo.jpg","type":"image\/jpeg"}],"twitter_card":"summary_large_image","twitter_misc":{"Tiempo de lectura":"1 minuto"},"schema":{"@context":"https:\/\/schema.org","@graph":[{"@type":"WebPage","@id":"https:\/\/www.hidemar.com\/es\/tienda\/h515\/","url":"https:\/\/www.hidemar.com\/es\/tienda\/h515\/","name":"H515 - hidemar","isPartOf":{"@id":"https:\/\/www.hidemar.com\/es\/#website"},"primaryImageOfPage":{"@id":"https:\/\/www.hidemar.com\/es\/tienda\/h515\/#primaryimage"},"image":{"@id":"https:\/\/www.hidemar.com\/es\/tienda\/h515\/#primaryimage"},"thumbnailUrl":"https:\/\/www.hidemar.com\/wp-content\/uploads\/2020\/09\/h515-verde_nuevo.jpg","datePublished":"2020-09-02T08:13:35+00:00","dateModified":"2021-12-28T07:42:20+00:00","breadcrumb":{"@id":"https:\/\/www.hidemar.com\/es\/tienda\/h515\/#breadcrumb"},"inLanguage":"es","potentialAction":[{"@type":"ReadAction","target":["https:\/\/www.hidemar.com\/es\/tienda\/h515\/"]}]},{"@type":"ImageObject","inLanguage":"es","@id":"https:\/\/www.hidemar.com\/es\/tienda\/h515\/#primaryimage","url":"https:\/\/www.hidemar.com\/wp-content\/uploads\/2020\/09\/h515-verde_nuevo.jpg","contentUrl":"https:\/\/www.hidemar.com\/wp-content\/uploads\/2020\/09\/h515-verde_nuevo.jpg","width":800,"height":800},{"@type":"BreadcrumbList","@id":"https:\/\/www.hidemar.com\/es\/tienda\/h515\/#breadcrumb","itemListElement":[{"@type":"ListItem","position":1,"name":"Inicio","item":"https:\/\/www.hidemar.com\/es\/"},{"@type":"ListItem","position":2,"name":"Products","item":"https:\/\/www.hidemar.com\/fr\/shop\/"},{"@type":"ListItem","position":3,"name":"H515"}]},{"@type":"WebSite","@id":"https:\/\/www.hidemar.com\/es\/#website","url":"https:\/\/www.hidemar.com\/es\/","name":"hidemar","description":"Fabricantes de mobiliario para la salud","potentialAction":[{"@type":"SearchAction","target":{"@type":"EntryPoint","urlTemplate":"https:\/\/www.hidemar.com\/es\/?s={search_term_string}"},"query-input":"required name=search_term_string"}],"inLanguage":"es"}]}},"_links":{"self":[{"href":"https:\/\/www.hidemar.com\/es\/wp-json\/wp\/v2\/product\/5508","targetHints":{"allow":["GET"]}}],"collection":[{"href":"https:\/\/www.hidemar.com\/es\/wp-json\/wp\/v2\/product"}],"about":[{"href":"https:\/\/www.hidemar.com\/es\/wp-json\/wp\/v2\/types\/product"}],"wp:featuredmedia":[{"embeddable":true,"href":"https:\/\/www.hidemar.com\/es\/wp-json\/wp\/v2\/media\/10434"}],"wp:attachment":[{"href":"https:\/\/www.hidemar.com\/es\/wp-json\/wp\/v2\/media?parent=5508"}],"wp:term":[{"taxonomy":"product_cat","embeddable":true,"href":"https:\/\/www.hidemar.com\/es\/wp-json\/wp\/v2\/product_cat?post=5508"},{"taxonomy":"product_tag","embeddable":true,"href":"https:\/\/www.hidemar.com\/es\/wp-json\/wp\/v2\/product_tag?post=5508"}],"curies":[{"name":"wp","href":"https:\/\/api.w.org\/{rel}","templated":true}]}}