{"id":5359,"date":"2020-08-28T11:48:26","date_gmt":"2020-08-28T11:48:26","guid":{"rendered":"https:\/\/www.hidemar.com\/?post_type=product&#038;p=5359"},"modified":"2021-12-28T12:13:15","modified_gmt":"2021-12-28T12:13:15","slug":"h158","status":"publish","type":"product","link":"https:\/\/www.hidemar.com\/es\/tienda\/h158\/","title":{"rendered":"H158"},"content":{"rendered":"<h3><strong>Caracter\u00edsticas<\/strong><\/h3>\n<p>Asiento tapizado y acolchado en polipiel sint\u00e9tico de color a elegir, ign\u00edfugo clase M2, con interior de goma espuma esponjosa de alta densidad.<br \/>\nRegulable en altura por pist\u00f3n a gas. Altura m\u00ednima &#8211; m\u00e1xima: 500 &#8211; 700 mm.<br \/>\nAro &#8211; reposapi\u00e9s regulable en altura manualmente con volante de fijaci\u00f3n.<\/p>\n<h3><strong>Estructura y Acabados<\/strong><\/h3>\n<p>Base \u00f8500 mm de cinco patas, con nervios de refuerzo, fabricada en nylon.<\/p>\n<h3><strong>Accesorios<\/strong><\/h3>\n<p>Modelo a elegir, con ruedas de \u00f850 mm o tacos de apoyo.<\/p>\n<h3><strong>Dimensiones<\/strong><\/h3>\n<p>\u00f8550 x 500 &#8211; 700 mm<\/p>\n","protected":false},"excerpt":{"rendered":"<h4>Taburete con aro reposapi\u00e9s y base de nylon. Asiento tapizado<\/h4>\n","protected":false},"featured_media":10560,"template":"","meta":[],"product_cat":[79,225,228,346],"product_tag":[],"class_list":{"0":"post-5359","1":"product","2":"type-product","3":"status-publish","4":"has-post-thumbnail","6":"product_cat-taburetes","7":"product_cat-taburetes-con-base-abs","8":"product_cat-taburetes-con-aro-reposapies","9":"product_cat-ammobiliario-clinico-auxiliar","11":"first","12":"instock","13":"shipping-taxable","14":"purchasable","15":"product-type-simple"},"yoast_head":"<!-- This site is optimized with the Yoast SEO plugin v23.1 - https:\/\/yoast.com\/wordpress\/plugins\/seo\/ -->\n<title>H158 - hidemar<\/title>\n<meta name=\"robots\" content=\"index, follow, max-snippet:-1, max-image-preview:large, max-video-preview:-1\" \/>\n<link rel=\"canonical\" href=\"https:\/\/www.hidemar.com\/es\/tienda\/h158\/\" \/>\n<meta property=\"og:locale\" content=\"es_ES\" \/>\n<meta property=\"og:type\" content=\"article\" \/>\n<meta property=\"og:title\" content=\"H158 - hidemar\" \/>\n<meta property=\"og:description\" content=\"Taburete con aro reposapi\u00e9s y base de nylon. Asiento tapizado\" \/>\n<meta property=\"og:url\" content=\"https:\/\/www.hidemar.com\/es\/tienda\/h158\/\" \/>\n<meta property=\"og:site_name\" content=\"hidemar\" \/>\n<meta property=\"article:modified_time\" content=\"2021-12-28T12:13:15+00:00\" \/>\n<meta property=\"og:image\" content=\"https:\/\/www.hidemar.com\/wp-content\/uploads\/2020\/08\/h158-rueda-banda-rodadura-blanda_nuevo.jpg\" \/>\n\t<meta property=\"og:image:width\" content=\"800\" \/>\n\t<meta property=\"og:image:height\" content=\"800\" \/>\n\t<meta property=\"og:image:type\" content=\"image\/jpeg\" \/>\n<meta name=\"twitter:card\" content=\"summary_large_image\" \/>\n<meta name=\"twitter:label1\" content=\"Tiempo de lectura\" \/>\n\t<meta name=\"twitter:data1\" content=\"1 minuto\" \/>\n<script type=\"application\/ld+json\" class=\"yoast-schema-graph\">{\"@context\":\"https:\/\/schema.org\",\"@graph\":[{\"@type\":\"WebPage\",\"@id\":\"https:\/\/www.hidemar.com\/es\/tienda\/h158\/\",\"url\":\"https:\/\/www.hidemar.com\/es\/tienda\/h158\/\",\"name\":\"H158 - hidemar\",\"isPartOf\":{\"@id\":\"https:\/\/www.hidemar.com\/es\/#website\"},\"primaryImageOfPage\":{\"@id\":\"https:\/\/www.hidemar.com\/es\/tienda\/h158\/#primaryimage\"},\"image\":{\"@id\":\"https:\/\/www.hidemar.com\/es\/tienda\/h158\/#primaryimage\"},\"thumbnailUrl\":\"https:\/\/www.hidemar.com\/wp-content\/uploads\/2020\/08\/h158-rueda-banda-rodadura-blanda_nuevo.jpg\",\"datePublished\":\"2020-08-28T11:48:26+00:00\",\"dateModified\":\"2021-12-28T12:13:15+00:00\",\"breadcrumb\":{\"@id\":\"https:\/\/www.hidemar.com\/es\/tienda\/h158\/#breadcrumb\"},\"inLanguage\":\"es\",\"potentialAction\":[{\"@type\":\"ReadAction\",\"target\":[\"https:\/\/www.hidemar.com\/es\/tienda\/h158\/\"]}]},{\"@type\":\"ImageObject\",\"inLanguage\":\"es\",\"@id\":\"https:\/\/www.hidemar.com\/es\/tienda\/h158\/#primaryimage\",\"url\":\"https:\/\/www.hidemar.com\/wp-content\/uploads\/2020\/08\/h158-rueda-banda-rodadura-blanda_nuevo.jpg\",\"contentUrl\":\"https:\/\/www.hidemar.com\/wp-content\/uploads\/2020\/08\/h158-rueda-banda-rodadura-blanda_nuevo.jpg\",\"width\":800,\"height\":800},{\"@type\":\"BreadcrumbList\",\"@id\":\"https:\/\/www.hidemar.com\/es\/tienda\/h158\/#breadcrumb\",\"itemListElement\":[{\"@type\":\"ListItem\",\"position\":1,\"name\":\"Inicio\",\"item\":\"https:\/\/www.hidemar.com\/es\/\"},{\"@type\":\"ListItem\",\"position\":2,\"name\":\"Products\",\"item\":\"https:\/\/www.hidemar.com\/fr\/shop\/\"},{\"@type\":\"ListItem\",\"position\":3,\"name\":\"H158\"}]},{\"@type\":\"WebSite\",\"@id\":\"https:\/\/www.hidemar.com\/es\/#website\",\"url\":\"https:\/\/www.hidemar.com\/es\/\",\"name\":\"hidemar\",\"description\":\"Fabricantes de mobiliario para la salud\",\"potentialAction\":[{\"@type\":\"SearchAction\",\"target\":{\"@type\":\"EntryPoint\",\"urlTemplate\":\"https:\/\/www.hidemar.com\/es\/?s={search_term_string}\"},\"query-input\":\"required name=search_term_string\"}],\"inLanguage\":\"es\"}]}<\/script>\n<!-- \/ Yoast SEO plugin. -->","yoast_head_json":{"title":"H158 - hidemar","robots":{"index":"index","follow":"follow","max-snippet":"max-snippet:-1","max-image-preview":"max-image-preview:large","max-video-preview":"max-video-preview:-1"},"canonical":"https:\/\/www.hidemar.com\/es\/tienda\/h158\/","og_locale":"es_ES","og_type":"article","og_title":"H158 - hidemar","og_description":"Taburete con aro reposapi\u00e9s y base de nylon. Asiento tapizado","og_url":"https:\/\/www.hidemar.com\/es\/tienda\/h158\/","og_site_name":"hidemar","article_modified_time":"2021-12-28T12:13:15+00:00","og_image":[{"width":800,"height":800,"url":"https:\/\/www.hidemar.com\/wp-content\/uploads\/2020\/08\/h158-rueda-banda-rodadura-blanda_nuevo.jpg","type":"image\/jpeg"}],"twitter_card":"summary_large_image","twitter_misc":{"Tiempo de lectura":"1 minuto"},"schema":{"@context":"https:\/\/schema.org","@graph":[{"@type":"WebPage","@id":"https:\/\/www.hidemar.com\/es\/tienda\/h158\/","url":"https:\/\/www.hidemar.com\/es\/tienda\/h158\/","name":"H158 - hidemar","isPartOf":{"@id":"https:\/\/www.hidemar.com\/es\/#website"},"primaryImageOfPage":{"@id":"https:\/\/www.hidemar.com\/es\/tienda\/h158\/#primaryimage"},"image":{"@id":"https:\/\/www.hidemar.com\/es\/tienda\/h158\/#primaryimage"},"thumbnailUrl":"https:\/\/www.hidemar.com\/wp-content\/uploads\/2020\/08\/h158-rueda-banda-rodadura-blanda_nuevo.jpg","datePublished":"2020-08-28T11:48:26+00:00","dateModified":"2021-12-28T12:13:15+00:00","breadcrumb":{"@id":"https:\/\/www.hidemar.com\/es\/tienda\/h158\/#breadcrumb"},"inLanguage":"es","potentialAction":[{"@type":"ReadAction","target":["https:\/\/www.hidemar.com\/es\/tienda\/h158\/"]}]},{"@type":"ImageObject","inLanguage":"es","@id":"https:\/\/www.hidemar.com\/es\/tienda\/h158\/#primaryimage","url":"https:\/\/www.hidemar.com\/wp-content\/uploads\/2020\/08\/h158-rueda-banda-rodadura-blanda_nuevo.jpg","contentUrl":"https:\/\/www.hidemar.com\/wp-content\/uploads\/2020\/08\/h158-rueda-banda-rodadura-blanda_nuevo.jpg","width":800,"height":800},{"@type":"BreadcrumbList","@id":"https:\/\/www.hidemar.com\/es\/tienda\/h158\/#breadcrumb","itemListElement":[{"@type":"ListItem","position":1,"name":"Inicio","item":"https:\/\/www.hidemar.com\/es\/"},{"@type":"ListItem","position":2,"name":"Products","item":"https:\/\/www.hidemar.com\/fr\/shop\/"},{"@type":"ListItem","position":3,"name":"H158"}]},{"@type":"WebSite","@id":"https:\/\/www.hidemar.com\/es\/#website","url":"https:\/\/www.hidemar.com\/es\/","name":"hidemar","description":"Fabricantes de mobiliario para la salud","potentialAction":[{"@type":"SearchAction","target":{"@type":"EntryPoint","urlTemplate":"https:\/\/www.hidemar.com\/es\/?s={search_term_string}"},"query-input":"required name=search_term_string"}],"inLanguage":"es"}]}},"_links":{"self":[{"href":"https:\/\/www.hidemar.com\/es\/wp-json\/wp\/v2\/product\/5359","targetHints":{"allow":["GET"]}}],"collection":[{"href":"https:\/\/www.hidemar.com\/es\/wp-json\/wp\/v2\/product"}],"about":[{"href":"https:\/\/www.hidemar.com\/es\/wp-json\/wp\/v2\/types\/product"}],"wp:featuredmedia":[{"embeddable":true,"href":"https:\/\/www.hidemar.com\/es\/wp-json\/wp\/v2\/media\/10560"}],"wp:attachment":[{"href":"https:\/\/www.hidemar.com\/es\/wp-json\/wp\/v2\/media?parent=5359"}],"wp:term":[{"taxonomy":"product_cat","embeddable":true,"href":"https:\/\/www.hidemar.com\/es\/wp-json\/wp\/v2\/product_cat?post=5359"},{"taxonomy":"product_tag","embeddable":true,"href":"https:\/\/www.hidemar.com\/es\/wp-json\/wp\/v2\/product_tag?post=5359"}],"curies":[{"name":"wp","href":"https:\/\/api.w.org\/{rel}","templated":true}]}}