{"id":11010,"date":"2024-10-09T11:54:37","date_gmt":"2024-10-09T11:54:37","guid":{"rendered":"https:\/\/www.hidemar.com\/?post_type=product&#038;p=11010"},"modified":"2024-10-09T12:55:45","modified_gmt":"2024-10-09T12:55:45","slug":"h96","status":"publish","type":"product","link":"https:\/\/www.hidemar.com\/es\/tienda\/h96\/","title":{"rendered":"H96"},"content":{"rendered":"<h3><strong>Caracter\u00edsticas<\/strong><\/h3>\n<p>Saco de lona plastificada, color azul de serie, lavable y desmontable con f\u00e1cil y r\u00e1pida fijaci\u00f3n mediante sistema de velcros.<br \/>\nEmpujador lateral para facilitar su desplazamiento.<br \/>\nRuedas giratorias de \u00f880 mm con parachoques anulares, dos con freno.<br \/>\nEstructura reforzada fabricada en tubo unida mediante soldaduras de alta frecuencia.<br \/>\nIncluye apoyo estructural para el saco.<\/p>\n<h3><strong>Estructura y Acabados<\/strong><\/h3>\n<p>Fabricaci\u00f3n en acero inoxidable calidad 18\/10 (AISI 304)<\/p>\n<h3><strong>Accesorios<\/strong><\/h3>\n<p>Ruedas giratorias de \u00f880 mm<\/p>\n<h3><strong>Dimensiones<\/strong><\/h3>\n<p><span class=\"descripcion\">Dimensiones: 700 x 400 x 800 mm (largo x ancho x alto)<br \/>\nDimensiones del saco: 550 x 350 x 600 mm \u2013 Capacidad: 115 litros.<\/span><\/p>\n<p>&nbsp;<\/p>\n","protected":false},"excerpt":{"rendered":"<h4>Carro de ropa sucia<\/h4>\n","protected":false},"featured_media":5817,"template":"","meta":[],"product_cat":[219,346],"product_tag":[],"class_list":{"0":"post-11010","1":"product","2":"type-product","3":"status-publish","4":"has-post-thumbnail","6":"product_cat-carros-de-transporte","7":"product_cat-ammobiliario-clinico-auxiliar","9":"first","10":"instock","11":"shipping-taxable","12":"purchasable","13":"product-type-simple"},"yoast_head":"<!-- This site is optimized with the Yoast SEO plugin v23.1 - https:\/\/yoast.com\/wordpress\/plugins\/seo\/ -->\n<title>H96 - hidemar<\/title>\n<meta name=\"robots\" content=\"index, follow, max-snippet:-1, max-image-preview:large, max-video-preview:-1\" \/>\n<link rel=\"canonical\" href=\"https:\/\/www.hidemar.com\/es\/tienda\/h96\/\" \/>\n<meta property=\"og:locale\" content=\"es_ES\" \/>\n<meta property=\"og:type\" content=\"article\" \/>\n<meta property=\"og:title\" content=\"H96 - hidemar\" \/>\n<meta property=\"og:description\" content=\"Carro de ropa sucia\" \/>\n<meta property=\"og:url\" content=\"https:\/\/www.hidemar.com\/es\/tienda\/h96\/\" \/>\n<meta property=\"og:site_name\" content=\"hidemar\" \/>\n<meta property=\"article:modified_time\" content=\"2024-10-09T12:55:45+00:00\" \/>\n<meta property=\"og:image\" content=\"https:\/\/www.hidemar.com\/wp-content\/uploads\/2020\/09\/h96-azul.png\" \/>\n\t<meta property=\"og:image:width\" content=\"800\" \/>\n\t<meta property=\"og:image:height\" content=\"800\" \/>\n\t<meta property=\"og:image:type\" content=\"image\/png\" \/>\n<meta name=\"twitter:card\" content=\"summary_large_image\" \/>\n<meta name=\"twitter:label1\" content=\"Tiempo de lectura\" \/>\n\t<meta name=\"twitter:data1\" content=\"1 minuto\" \/>\n<script type=\"application\/ld+json\" class=\"yoast-schema-graph\">{\"@context\":\"https:\/\/schema.org\",\"@graph\":[{\"@type\":\"WebPage\",\"@id\":\"https:\/\/www.hidemar.com\/es\/tienda\/h96\/\",\"url\":\"https:\/\/www.hidemar.com\/es\/tienda\/h96\/\",\"name\":\"H96 - hidemar\",\"isPartOf\":{\"@id\":\"https:\/\/www.hidemar.com\/es\/#website\"},\"primaryImageOfPage\":{\"@id\":\"https:\/\/www.hidemar.com\/es\/tienda\/h96\/#primaryimage\"},\"image\":{\"@id\":\"https:\/\/www.hidemar.com\/es\/tienda\/h96\/#primaryimage\"},\"thumbnailUrl\":\"https:\/\/www.hidemar.com\/wp-content\/uploads\/2020\/09\/h96-azul.png\",\"datePublished\":\"2024-10-09T11:54:37+00:00\",\"dateModified\":\"2024-10-09T12:55:45+00:00\",\"breadcrumb\":{\"@id\":\"https:\/\/www.hidemar.com\/es\/tienda\/h96\/#breadcrumb\"},\"inLanguage\":\"es\",\"potentialAction\":[{\"@type\":\"ReadAction\",\"target\":[\"https:\/\/www.hidemar.com\/es\/tienda\/h96\/\"]}]},{\"@type\":\"ImageObject\",\"inLanguage\":\"es\",\"@id\":\"https:\/\/www.hidemar.com\/es\/tienda\/h96\/#primaryimage\",\"url\":\"https:\/\/www.hidemar.com\/wp-content\/uploads\/2020\/09\/h96-azul.png\",\"contentUrl\":\"https:\/\/www.hidemar.com\/wp-content\/uploads\/2020\/09\/h96-azul.png\",\"width\":800,\"height\":800},{\"@type\":\"BreadcrumbList\",\"@id\":\"https:\/\/www.hidemar.com\/es\/tienda\/h96\/#breadcrumb\",\"itemListElement\":[{\"@type\":\"ListItem\",\"position\":1,\"name\":\"Inicio\",\"item\":\"https:\/\/www.hidemar.com\/es\/\"},{\"@type\":\"ListItem\",\"position\":2,\"name\":\"Products\",\"item\":\"https:\/\/www.hidemar.com\/fr\/shop\/\"},{\"@type\":\"ListItem\",\"position\":3,\"name\":\"H96\"}]},{\"@type\":\"WebSite\",\"@id\":\"https:\/\/www.hidemar.com\/es\/#website\",\"url\":\"https:\/\/www.hidemar.com\/es\/\",\"name\":\"hidemar\",\"description\":\"Fabricantes de mobiliario para la salud\",\"potentialAction\":[{\"@type\":\"SearchAction\",\"target\":{\"@type\":\"EntryPoint\",\"urlTemplate\":\"https:\/\/www.hidemar.com\/es\/?s={search_term_string}\"},\"query-input\":\"required name=search_term_string\"}],\"inLanguage\":\"es\"}]}<\/script>\n<!-- \/ Yoast SEO plugin. -->","yoast_head_json":{"title":"H96 - hidemar","robots":{"index":"index","follow":"follow","max-snippet":"max-snippet:-1","max-image-preview":"max-image-preview:large","max-video-preview":"max-video-preview:-1"},"canonical":"https:\/\/www.hidemar.com\/es\/tienda\/h96\/","og_locale":"es_ES","og_type":"article","og_title":"H96 - hidemar","og_description":"Carro de ropa sucia","og_url":"https:\/\/www.hidemar.com\/es\/tienda\/h96\/","og_site_name":"hidemar","article_modified_time":"2024-10-09T12:55:45+00:00","og_image":[{"width":800,"height":800,"url":"https:\/\/www.hidemar.com\/wp-content\/uploads\/2020\/09\/h96-azul.png","type":"image\/png"}],"twitter_card":"summary_large_image","twitter_misc":{"Tiempo de lectura":"1 minuto"},"schema":{"@context":"https:\/\/schema.org","@graph":[{"@type":"WebPage","@id":"https:\/\/www.hidemar.com\/es\/tienda\/h96\/","url":"https:\/\/www.hidemar.com\/es\/tienda\/h96\/","name":"H96 - hidemar","isPartOf":{"@id":"https:\/\/www.hidemar.com\/es\/#website"},"primaryImageOfPage":{"@id":"https:\/\/www.hidemar.com\/es\/tienda\/h96\/#primaryimage"},"image":{"@id":"https:\/\/www.hidemar.com\/es\/tienda\/h96\/#primaryimage"},"thumbnailUrl":"https:\/\/www.hidemar.com\/wp-content\/uploads\/2020\/09\/h96-azul.png","datePublished":"2024-10-09T11:54:37+00:00","dateModified":"2024-10-09T12:55:45+00:00","breadcrumb":{"@id":"https:\/\/www.hidemar.com\/es\/tienda\/h96\/#breadcrumb"},"inLanguage":"es","potentialAction":[{"@type":"ReadAction","target":["https:\/\/www.hidemar.com\/es\/tienda\/h96\/"]}]},{"@type":"ImageObject","inLanguage":"es","@id":"https:\/\/www.hidemar.com\/es\/tienda\/h96\/#primaryimage","url":"https:\/\/www.hidemar.com\/wp-content\/uploads\/2020\/09\/h96-azul.png","contentUrl":"https:\/\/www.hidemar.com\/wp-content\/uploads\/2020\/09\/h96-azul.png","width":800,"height":800},{"@type":"BreadcrumbList","@id":"https:\/\/www.hidemar.com\/es\/tienda\/h96\/#breadcrumb","itemListElement":[{"@type":"ListItem","position":1,"name":"Inicio","item":"https:\/\/www.hidemar.com\/es\/"},{"@type":"ListItem","position":2,"name":"Products","item":"https:\/\/www.hidemar.com\/fr\/shop\/"},{"@type":"ListItem","position":3,"name":"H96"}]},{"@type":"WebSite","@id":"https:\/\/www.hidemar.com\/es\/#website","url":"https:\/\/www.hidemar.com\/es\/","name":"hidemar","description":"Fabricantes de mobiliario para la salud","potentialAction":[{"@type":"SearchAction","target":{"@type":"EntryPoint","urlTemplate":"https:\/\/www.hidemar.com\/es\/?s={search_term_string}"},"query-input":"required name=search_term_string"}],"inLanguage":"es"}]}},"_links":{"self":[{"href":"https:\/\/www.hidemar.com\/es\/wp-json\/wp\/v2\/product\/11010","targetHints":{"allow":["GET"]}}],"collection":[{"href":"https:\/\/www.hidemar.com\/es\/wp-json\/wp\/v2\/product"}],"about":[{"href":"https:\/\/www.hidemar.com\/es\/wp-json\/wp\/v2\/types\/product"}],"wp:featuredmedia":[{"embeddable":true,"href":"https:\/\/www.hidemar.com\/es\/wp-json\/wp\/v2\/media\/5817"}],"wp:attachment":[{"href":"https:\/\/www.hidemar.com\/es\/wp-json\/wp\/v2\/media?parent=11010"}],"wp:term":[{"taxonomy":"product_cat","embeddable":true,"href":"https:\/\/www.hidemar.com\/es\/wp-json\/wp\/v2\/product_cat?post=11010"},{"taxonomy":"product_tag","embeddable":true,"href":"https:\/\/www.hidemar.com\/es\/wp-json\/wp\/v2\/product_tag?post=11010"}],"curies":[{"name":"wp","href":"https:\/\/api.w.org\/{rel}","templated":true}]}}