{"id":10995,"date":"2024-09-09T12:43:21","date_gmt":"2024-09-09T12:43:21","guid":{"rendered":"https:\/\/www.hidemar.com\/?post_type=product&#038;p=10995"},"modified":"2024-09-09T12:45:23","modified_gmt":"2024-09-09T12:45:23","slug":"h571","status":"publish","type":"product","link":"https:\/\/www.hidemar.com\/es\/tienda\/h571\/","title":{"rendered":"H571"},"content":{"rendered":"<h3><strong>Caracter\u00edsticas<\/strong><\/h3>\n<p>Plano de trabajo fabricado en poliestireno antichoque color gris, con reborde de protecci\u00f3n en tres lados de 50 mm de altura. Superficie \u00fatil: 620 x 490 mm<br \/>\nUn caj\u00f3n frontal con asa tirador integrado y portaetiqueta identificativa; fabricados en pol\u00edmetros reforzados de ABS, color blanco, con frente de color a elegir (azul, rojo, amarillo, verde y violeta) extra\u00edble mediante gu\u00edas telesc\u00f3picas de acero, con apertura 110%, y capacidad de peso 35 kg por caj\u00f3n. Espacio \u00fatil del caj\u00f3n: 560 x 630 x 120 mm<br \/>\nDos estantes de chapa de acero inoxidable, con barandilla de protecci\u00f3n en tres lados. Empujador lateral ergon\u00f3mico para facilitar su desplazamiento.<br \/>\nRuedas giratorias de \u00f8125 mm de poliamida con parachoques anulares; dos con freno.<\/p>\n<h3><strong>Estructura y Acabados<\/strong><\/h3>\n<p>Estructura met\u00e1lica fabricada en acero inoxidable, calidad 18\/10 (AISI 304)<\/p>\n<h3><strong>Accesorios<\/strong><\/h3>\n<p>Estante lateral portaobjetos 440x130x80 mm<br \/>\nTablero auxiliar extensible 500&#215;400 mm<br \/>\nCubo de restos ABS. Capacidad 10 litros<br \/>\nJuego de separadores divisores (12 espacios)<\/p>\n<h3><strong>Dimensiones<\/strong><\/h3>\n<p>Generales: 660 x 510 x 950 mm (largo x ancho x alto)<br \/>\nSeparaci\u00f3n ente estantes: 230 mm<\/p>\n","protected":false},"excerpt":{"rendered":"<h4>Carro portacuras. Un caj\u00f3n<\/h4>\n","protected":false},"featured_media":10970,"template":"","meta":[],"product_cat":[229,346],"product_tag":[],"class_list":{"0":"post-10995","1":"product","2":"type-product","3":"status-publish","4":"has-post-thumbnail","6":"product_cat-carros-portacuras","7":"product_cat-ammobiliario-clinico-auxiliar","9":"first","10":"instock","11":"shipping-taxable","12":"purchasable","13":"product-type-variable"},"yoast_head":"<!-- This site is optimized with the Yoast SEO plugin v23.1 - https:\/\/yoast.com\/wordpress\/plugins\/seo\/ -->\n<title>H571 - hidemar<\/title>\n<meta name=\"robots\" content=\"index, follow, max-snippet:-1, max-image-preview:large, max-video-preview:-1\" \/>\n<link rel=\"canonical\" href=\"https:\/\/www.hidemar.com\/es\/tienda\/h571\/\" \/>\n<meta property=\"og:locale\" content=\"es_ES\" \/>\n<meta property=\"og:type\" content=\"article\" \/>\n<meta property=\"og:title\" content=\"H571 - hidemar\" \/>\n<meta property=\"og:description\" content=\"Carro portacuras. Un caj\u00f3n\" \/>\n<meta property=\"og:url\" content=\"https:\/\/www.hidemar.com\/es\/tienda\/h571\/\" \/>\n<meta property=\"og:site_name\" content=\"hidemar\" \/>\n<meta property=\"article:modified_time\" content=\"2024-09-09T12:45:23+00:00\" \/>\n<meta property=\"og:image\" content=\"https:\/\/www.hidemar.com\/wp-content\/uploads\/2024\/09\/h571.png\" \/>\n\t<meta property=\"og:image:width\" content=\"800\" \/>\n\t<meta property=\"og:image:height\" content=\"800\" \/>\n\t<meta property=\"og:image:type\" content=\"image\/png\" \/>\n<meta name=\"twitter:card\" content=\"summary_large_image\" \/>\n<meta name=\"twitter:label1\" content=\"Tiempo de lectura\" \/>\n\t<meta name=\"twitter:data1\" content=\"1 minuto\" \/>\n<script type=\"application\/ld+json\" class=\"yoast-schema-graph\">{\"@context\":\"https:\/\/schema.org\",\"@graph\":[{\"@type\":\"WebPage\",\"@id\":\"https:\/\/www.hidemar.com\/es\/tienda\/h571\/\",\"url\":\"https:\/\/www.hidemar.com\/es\/tienda\/h571\/\",\"name\":\"H571 - hidemar\",\"isPartOf\":{\"@id\":\"https:\/\/www.hidemar.com\/es\/#website\"},\"primaryImageOfPage\":{\"@id\":\"https:\/\/www.hidemar.com\/es\/tienda\/h571\/#primaryimage\"},\"image\":{\"@id\":\"https:\/\/www.hidemar.com\/es\/tienda\/h571\/#primaryimage\"},\"thumbnailUrl\":\"https:\/\/www.hidemar.com\/wp-content\/uploads\/2024\/09\/h571.png\",\"datePublished\":\"2024-09-09T12:43:21+00:00\",\"dateModified\":\"2024-09-09T12:45:23+00:00\",\"breadcrumb\":{\"@id\":\"https:\/\/www.hidemar.com\/es\/tienda\/h571\/#breadcrumb\"},\"inLanguage\":\"es\",\"potentialAction\":[{\"@type\":\"ReadAction\",\"target\":[\"https:\/\/www.hidemar.com\/es\/tienda\/h571\/\"]}]},{\"@type\":\"ImageObject\",\"inLanguage\":\"es\",\"@id\":\"https:\/\/www.hidemar.com\/es\/tienda\/h571\/#primaryimage\",\"url\":\"https:\/\/www.hidemar.com\/wp-content\/uploads\/2024\/09\/h571.png\",\"contentUrl\":\"https:\/\/www.hidemar.com\/wp-content\/uploads\/2024\/09\/h571.png\",\"width\":800,\"height\":800},{\"@type\":\"BreadcrumbList\",\"@id\":\"https:\/\/www.hidemar.com\/es\/tienda\/h571\/#breadcrumb\",\"itemListElement\":[{\"@type\":\"ListItem\",\"position\":1,\"name\":\"Inicio\",\"item\":\"https:\/\/www.hidemar.com\/es\/\"},{\"@type\":\"ListItem\",\"position\":2,\"name\":\"Products\",\"item\":\"https:\/\/www.hidemar.com\/fr\/shop\/\"},{\"@type\":\"ListItem\",\"position\":3,\"name\":\"H571\"}]},{\"@type\":\"WebSite\",\"@id\":\"https:\/\/www.hidemar.com\/es\/#website\",\"url\":\"https:\/\/www.hidemar.com\/es\/\",\"name\":\"hidemar\",\"description\":\"Fabricantes de mobiliario para la salud\",\"potentialAction\":[{\"@type\":\"SearchAction\",\"target\":{\"@type\":\"EntryPoint\",\"urlTemplate\":\"https:\/\/www.hidemar.com\/es\/?s={search_term_string}\"},\"query-input\":\"required name=search_term_string\"}],\"inLanguage\":\"es\"}]}<\/script>\n<!-- \/ Yoast SEO plugin. -->","yoast_head_json":{"title":"H571 - hidemar","robots":{"index":"index","follow":"follow","max-snippet":"max-snippet:-1","max-image-preview":"max-image-preview:large","max-video-preview":"max-video-preview:-1"},"canonical":"https:\/\/www.hidemar.com\/es\/tienda\/h571\/","og_locale":"es_ES","og_type":"article","og_title":"H571 - hidemar","og_description":"Carro portacuras. Un caj\u00f3n","og_url":"https:\/\/www.hidemar.com\/es\/tienda\/h571\/","og_site_name":"hidemar","article_modified_time":"2024-09-09T12:45:23+00:00","og_image":[{"width":800,"height":800,"url":"https:\/\/www.hidemar.com\/wp-content\/uploads\/2024\/09\/h571.png","type":"image\/png"}],"twitter_card":"summary_large_image","twitter_misc":{"Tiempo de lectura":"1 minuto"},"schema":{"@context":"https:\/\/schema.org","@graph":[{"@type":"WebPage","@id":"https:\/\/www.hidemar.com\/es\/tienda\/h571\/","url":"https:\/\/www.hidemar.com\/es\/tienda\/h571\/","name":"H571 - hidemar","isPartOf":{"@id":"https:\/\/www.hidemar.com\/es\/#website"},"primaryImageOfPage":{"@id":"https:\/\/www.hidemar.com\/es\/tienda\/h571\/#primaryimage"},"image":{"@id":"https:\/\/www.hidemar.com\/es\/tienda\/h571\/#primaryimage"},"thumbnailUrl":"https:\/\/www.hidemar.com\/wp-content\/uploads\/2024\/09\/h571.png","datePublished":"2024-09-09T12:43:21+00:00","dateModified":"2024-09-09T12:45:23+00:00","breadcrumb":{"@id":"https:\/\/www.hidemar.com\/es\/tienda\/h571\/#breadcrumb"},"inLanguage":"es","potentialAction":[{"@type":"ReadAction","target":["https:\/\/www.hidemar.com\/es\/tienda\/h571\/"]}]},{"@type":"ImageObject","inLanguage":"es","@id":"https:\/\/www.hidemar.com\/es\/tienda\/h571\/#primaryimage","url":"https:\/\/www.hidemar.com\/wp-content\/uploads\/2024\/09\/h571.png","contentUrl":"https:\/\/www.hidemar.com\/wp-content\/uploads\/2024\/09\/h571.png","width":800,"height":800},{"@type":"BreadcrumbList","@id":"https:\/\/www.hidemar.com\/es\/tienda\/h571\/#breadcrumb","itemListElement":[{"@type":"ListItem","position":1,"name":"Inicio","item":"https:\/\/www.hidemar.com\/es\/"},{"@type":"ListItem","position":2,"name":"Products","item":"https:\/\/www.hidemar.com\/fr\/shop\/"},{"@type":"ListItem","position":3,"name":"H571"}]},{"@type":"WebSite","@id":"https:\/\/www.hidemar.com\/es\/#website","url":"https:\/\/www.hidemar.com\/es\/","name":"hidemar","description":"Fabricantes de mobiliario para la salud","potentialAction":[{"@type":"SearchAction","target":{"@type":"EntryPoint","urlTemplate":"https:\/\/www.hidemar.com\/es\/?s={search_term_string}"},"query-input":"required name=search_term_string"}],"inLanguage":"es"}]}},"_links":{"self":[{"href":"https:\/\/www.hidemar.com\/es\/wp-json\/wp\/v2\/product\/10995","targetHints":{"allow":["GET"]}}],"collection":[{"href":"https:\/\/www.hidemar.com\/es\/wp-json\/wp\/v2\/product"}],"about":[{"href":"https:\/\/www.hidemar.com\/es\/wp-json\/wp\/v2\/types\/product"}],"wp:featuredmedia":[{"embeddable":true,"href":"https:\/\/www.hidemar.com\/es\/wp-json\/wp\/v2\/media\/10970"}],"wp:attachment":[{"href":"https:\/\/www.hidemar.com\/es\/wp-json\/wp\/v2\/media?parent=10995"}],"wp:term":[{"taxonomy":"product_cat","embeddable":true,"href":"https:\/\/www.hidemar.com\/es\/wp-json\/wp\/v2\/product_cat?post=10995"},{"taxonomy":"product_tag","embeddable":true,"href":"https:\/\/www.hidemar.com\/es\/wp-json\/wp\/v2\/product_tag?post=10995"}],"curies":[{"name":"wp","href":"https:\/\/api.w.org\/{rel}","templated":true}]}}