{"id":6987,"date":"2020-11-30T11:42:19","date_gmt":"2020-11-30T11:42:19","guid":{"rendered":"https:\/\/www.hidemar.com\/?page_id=6987"},"modified":"2020-11-30T11:49:54","modified_gmt":"2020-11-30T11:49:54","slug":"limpieza-de-metal-y-tapizados","status":"publish","type":"page","link":"https:\/\/www.hidemar.com\/es\/limpieza-de-metal-y-tapizados\/","title":{"rendered":"Limpieza de metal y tapizados"},"content":{"rendered":"\t\t<div data-elementor-type=\"wp-page\" data-elementor-id=\"6987\" class=\"elementor elementor-6987\">\n\t\t\t\t\t\t<section class=\"elementor-section elementor-top-section elementor-element elementor-element-41802a0 elementor-section-boxed elementor-section-height-default elementor-section-height-default\" data-id=\"41802a0\" data-element_type=\"section\">\n\t\t\t\t\t\t<div class=\"elementor-container elementor-column-gap-default\">\n\t\t\t\t\t<div class=\"elementor-column elementor-col-100 elementor-top-column elementor-element elementor-element-a462bab\" data-id=\"a462bab\" data-element_type=\"column\">\n\t\t\t<div class=\"elementor-widget-wrap elementor-element-populated\">\n\t\t\t\t\t\t<section class=\"elementor-section elementor-inner-section elementor-element elementor-element-e80c861 elementor-section-boxed elementor-section-height-default elementor-section-height-default\" data-id=\"e80c861\" data-element_type=\"section\">\n\t\t\t\t\t\t<div class=\"elementor-container elementor-column-gap-default\">\n\t\t\t\t\t<div class=\"elementor-column elementor-col-50 elementor-inner-column elementor-element elementor-element-854f0e5\" data-id=\"854f0e5\" data-element_type=\"column\">\n\t\t\t<div class=\"elementor-widget-wrap elementor-element-populated\">\n\t\t\t\t\t\t<div class=\"elementor-element elementor-element-f15fc88 elementor-hidden-tablet elementor-hidden-phone elementor-widget elementor-widget-spacer\" data-id=\"f15fc88\" data-element_type=\"widget\" data-widget_type=\"spacer.default\">\n\t\t\t\t<div class=\"elementor-widget-container\">\n\t\t\t\t\t<div class=\"elementor-spacer\">\n\t\t\t<div class=\"elementor-spacer-inner\"><\/div>\n\t\t<\/div>\n\t\t\t\t<\/div>\n\t\t\t\t<\/div>\n\t\t\t\t\t<\/div>\n\t\t<\/div>\n\t\t\t\t<div class=\"elementor-column elementor-col-50 elementor-inner-column elementor-element elementor-element-46c7fa1\" data-id=\"46c7fa1\" data-element_type=\"column\">\n\t\t\t<div class=\"elementor-widget-wrap elementor-element-populated\">\n\t\t\t\t\t\t<div class=\"elementor-element elementor-element-d755182 elementor-widget elementor-widget-text-editor\" data-id=\"d755182\" data-element_type=\"widget\" data-widget_type=\"text-editor.default\">\n\t\t\t\t<div class=\"elementor-widget-container\">\n\t\t\t\t\t\t\t<p>acero inoxidable<\/p>\t\t\t\t\t\t<\/div>\n\t\t\t\t<\/div>\n\t\t\t\t<div class=\"elementor-element elementor-element-764ab9e elementor-widget elementor-widget-text-editor\" data-id=\"764ab9e\" data-element_type=\"widget\" data-widget_type=\"text-editor.default\">\n\t\t\t\t<div class=\"elementor-widget-container\">\n\t\t\t\t\t\t\t<p>El acero inoxidable es un material vulnerable a ciertos productos de limpieza.<br \/>Por favor, lea atentamente estas instrucciones:<\/p><p><b>USE \u00daNICAMENTE PRODUCTOS NO AGRESIVOS COMO DETERGENTES NO CLORADOS, AGUA Y JAB\u00d3N NEUTRO, O ALCOHOL.<\/b><\/p><p>Si usa un pulverizador cerci\u00f3rese de secar con un pa\u00f1o las partes donde aplique el producto limpiador.<br \/>Insistimos, no olvide nunca secarlas, ya que los l\u00edquidos estancados pueden penetrar en las capas del acero y provocar reacciones an\u00f3malas en su superficie.<\/p><p><b>NO UTILICE PRODUCTOS CLORADOS: HIPOCLORITO DE SODIO, LEJ\u00cdA, \u00c1CIDO CLORH\u00cdDRICO, \u00c1CIDO N\u00cdTRICO U OTROS L\u00cdQUIDOS SIMILARES<\/b><\/p>\t\t\t\t\t\t<\/div>\n\t\t\t\t<\/div>\n\t\t\t\t\t<\/div>\n\t\t<\/div>\n\t\t\t\t\t<\/div>\n\t\t<\/section>\n\t\t\t\t<section class=\"elementor-section elementor-inner-section elementor-element elementor-element-69cad92 elementor-section-boxed elementor-section-height-default elementor-section-height-default\" data-id=\"69cad92\" data-element_type=\"section\">\n\t\t\t\t\t\t<div class=\"elementor-container elementor-column-gap-default\">\n\t\t\t\t\t<div class=\"elementor-column elementor-col-50 elementor-inner-column elementor-element elementor-element-234e1dc\" data-id=\"234e1dc\" data-element_type=\"column\">\n\t\t\t<div class=\"elementor-widget-wrap elementor-element-populated\">\n\t\t\t\t\t\t<div class=\"elementor-element elementor-element-d5049fa elementor-hidden-tablet elementor-hidden-phone elementor-widget elementor-widget-spacer\" data-id=\"d5049fa\" data-element_type=\"widget\" data-widget_type=\"spacer.default\">\n\t\t\t\t<div class=\"elementor-widget-container\">\n\t\t\t\t\t<div class=\"elementor-spacer\">\n\t\t\t<div class=\"elementor-spacer-inner\"><\/div>\n\t\t<\/div>\n\t\t\t\t<\/div>\n\t\t\t\t<\/div>\n\t\t\t\t\t<\/div>\n\t\t<\/div>\n\t\t\t\t<div class=\"elementor-column elementor-col-50 elementor-inner-column elementor-element elementor-element-f44ded7\" data-id=\"f44ded7\" data-element_type=\"column\">\n\t\t\t<div class=\"elementor-widget-wrap elementor-element-populated\">\n\t\t\t\t\t\t<div class=\"elementor-element elementor-element-e205846 elementor-widget elementor-widget-text-editor\" data-id=\"e205846\" data-element_type=\"widget\" data-widget_type=\"text-editor.default\">\n\t\t\t\t<div class=\"elementor-widget-container\">\n\t\t\t\t\t\t\t<p>elementos tapizados<\/p>\t\t\t\t\t\t<\/div>\n\t\t\t\t<\/div>\n\t\t\t\t<div class=\"elementor-element elementor-element-ea3f03f elementor-widget elementor-widget-text-editor\" data-id=\"ea3f03f\" data-element_type=\"widget\" data-widget_type=\"text-editor.default\">\n\t\t\t\t<div class=\"elementor-widget-container\">\n\t\t\t\t\t\t\t<p>Para la limpieza de los elementos tapizados, utilizar un pa\u00f1o humedecido con agua y jab\u00f3n neutro, secando al mismo tiempo con otro pa\u00f1o. Tambi\u00e9n puede frotar o limpiar con alcohol.<\/p><p><b>NO UTILICE PRODUCTOS CLORADOS: HIPOCLORITO DE SODIO, LEJ\u00cdA, \u00c1CIDO CLORH\u00cdDRICO, \u00c1CIDO N\u00cdTRICO U OTROS L\u00cdQUIDOS SIMILARES<\/b><\/p>\t\t\t\t\t\t<\/div>\n\t\t\t\t<\/div>\n\t\t\t\t\t<\/div>\n\t\t<\/div>\n\t\t\t\t\t<\/div>\n\t\t<\/section>\n\t\t\t\t<section class=\"elementor-section elementor-inner-section elementor-element elementor-element-5609017 elementor-section-boxed elementor-section-height-default elementor-section-height-default\" data-id=\"5609017\" data-element_type=\"section\">\n\t\t\t\t\t\t<div class=\"elementor-container elementor-column-gap-default\">\n\t\t\t\t\t<div class=\"elementor-column elementor-col-50 elementor-inner-column elementor-element elementor-element-4adb7e3\" data-id=\"4adb7e3\" data-element_type=\"column\">\n\t\t\t<div class=\"elementor-widget-wrap elementor-element-populated\">\n\t\t\t\t\t\t<div class=\"elementor-element elementor-element-b856009 elementor-hidden-tablet elementor-hidden-phone elementor-widget elementor-widget-spacer\" data-id=\"b856009\" data-element_type=\"widget\" data-widget_type=\"spacer.default\">\n\t\t\t\t<div class=\"elementor-widget-container\">\n\t\t\t\t\t<div class=\"elementor-spacer\">\n\t\t\t<div class=\"elementor-spacer-inner\"><\/div>\n\t\t<\/div>\n\t\t\t\t<\/div>\n\t\t\t\t<\/div>\n\t\t\t\t\t<\/div>\n\t\t<\/div>\n\t\t\t\t<div class=\"elementor-column elementor-col-50 elementor-inner-column elementor-element elementor-element-cc28b3a\" data-id=\"cc28b3a\" data-element_type=\"column\">\n\t\t\t<div class=\"elementor-widget-wrap elementor-element-populated\">\n\t\t\t\t\t\t<div class=\"elementor-element elementor-element-eba30ad elementor-widget elementor-widget-text-editor\" data-id=\"eba30ad\" data-element_type=\"widget\" data-widget_type=\"text-editor.default\">\n\t\t\t\t<div class=\"elementor-widget-container\">\n\t\t\t\t\t\t\t<p>bandas de rodaduras<\/p>\t\t\t\t\t\t<\/div>\n\t\t\t\t<\/div>\n\t\t\t\t<div class=\"elementor-element elementor-element-0d83ec5 elementor-widget elementor-widget-text-editor\" data-id=\"0d83ec5\" data-element_type=\"widget\" data-widget_type=\"text-editor.default\">\n\t\t\t\t<div class=\"elementor-widget-container\">\n\t\t\t\t\t\t\t<p>Ocasionalmente, recomendamos limpiar las bandas de rodadura de las ruedas eliminando pelos o restos que impidan su movimiento.<br \/>Para su limpieza utilizar un pa\u00f1o humedecido con agua y jab\u00f3n neutro, secando al mismo tiempo con otro pa\u00f1o. Tambi\u00e9n puede frotar o limpiar con alcohol.<\/p>\t\t\t\t\t\t<\/div>\n\t\t\t\t<\/div>\n\t\t\t\t\t<\/div>\n\t\t<\/div>\n\t\t\t\t\t<\/div>\n\t\t<\/section>\n\t\t\t\t<section class=\"elementor-section elementor-inner-section elementor-element elementor-element-b885046 elementor-section-boxed elementor-section-height-default elementor-section-height-default\" data-id=\"b885046\" data-element_type=\"section\">\n\t\t\t\t\t\t<div class=\"elementor-container elementor-column-gap-default\">\n\t\t\t\t\t<div class=\"elementor-column elementor-col-50 elementor-inner-column elementor-element elementor-element-f5672db\" data-id=\"f5672db\" data-element_type=\"column\">\n\t\t\t<div class=\"elementor-widget-wrap elementor-element-populated\">\n\t\t\t\t\t\t<div class=\"elementor-element elementor-element-1dd2bfc elementor-hidden-tablet elementor-hidden-phone elementor-widget elementor-widget-spacer\" data-id=\"1dd2bfc\" data-element_type=\"widget\" data-widget_type=\"spacer.default\">\n\t\t\t\t<div class=\"elementor-widget-container\">\n\t\t\t\t\t<div class=\"elementor-spacer\">\n\t\t\t<div class=\"elementor-spacer-inner\"><\/div>\n\t\t<\/div>\n\t\t\t\t<\/div>\n\t\t\t\t<\/div>\n\t\t\t\t\t<\/div>\n\t\t<\/div>\n\t\t\t\t<div class=\"elementor-column elementor-col-50 elementor-inner-column elementor-element elementor-element-f3b1577\" data-id=\"f3b1577\" data-element_type=\"column\">\n\t\t\t<div class=\"elementor-widget-wrap elementor-element-populated\">\n\t\t\t\t\t\t<div class=\"elementor-element elementor-element-3877867 elementor-widget elementor-widget-text-editor\" data-id=\"3877867\" data-element_type=\"widget\" data-widget_type=\"text-editor.default\">\n\t\t\t\t<div class=\"elementor-widget-container\">\n\t\t\t\t\t\t\t<p>engrase de mecanismos<\/p>\t\t\t\t\t\t<\/div>\n\t\t\t\t<\/div>\n\t\t\t\t<div class=\"elementor-element elementor-element-88b1988 elementor-widget elementor-widget-text-editor\" data-id=\"88b1988\" data-element_type=\"widget\" data-widget_type=\"text-editor.default\">\n\t\t\t\t<div class=\"elementor-widget-container\">\n\t\t\t\t\t\t\t<p>Ocasionalmente, recomendamos engrasar los mecanismos de las manivelas con vaselina neutra y comprobar si tuercas y tornillos est\u00e1n correctamente apretados.<\/p>\t\t\t\t\t\t<\/div>\n\t\t\t\t<\/div>\n\t\t\t\t\t<\/div>\n\t\t<\/div>\n\t\t\t\t\t<\/div>\n\t\t<\/section>\n\t\t\t\t\t<\/div>\n\t\t<\/div>\n\t\t\t\t\t<\/div>\n\t\t<\/section>\n\t\t\t\t<\/div>\n\t\t","protected":false},"excerpt":{"rendered":"<p>acero inoxidable El acero inoxidable es un material vulnerable a ciertos productos de limpieza. Por favor, lea atentamente estas instrucciones:<\/p>\n","protected":false},"author":1,"featured_media":0,"parent":0,"menu_order":0,"comment_status":"closed","ping_status":"closed","template":"","meta":{"footnotes":""},"class_list":["post-6987","page","type-page","status-publish","hentry"],"yoast_head":"<!-- This site is optimized with the Yoast SEO plugin v23.1 - https:\/\/yoast.com\/wordpress\/plugins\/seo\/ -->\n<title>Limpieza de metal y tapizados - hidemar<\/title>\n<meta name=\"robots\" content=\"index, follow, max-snippet:-1, max-image-preview:large, max-video-preview:-1\" \/>\n<link rel=\"canonical\" href=\"https:\/\/www.hidemar.com\/es\/limpieza-de-metal-y-tapizados\/\" \/>\n<meta property=\"og:locale\" content=\"es_ES\" \/>\n<meta property=\"og:type\" content=\"article\" \/>\n<meta property=\"og:title\" content=\"Limpieza de metal y tapizados - hidemar\" \/>\n<meta property=\"og:description\" content=\"acero inoxidable El acero inoxidable es un material vulnerable a ciertos productos de limpieza. Por favor, lea atentamente estas instrucciones:\" \/>\n<meta property=\"og:url\" content=\"https:\/\/www.hidemar.com\/es\/limpieza-de-metal-y-tapizados\/\" \/>\n<meta property=\"og:site_name\" content=\"hidemar\" \/>\n<meta property=\"article:modified_time\" content=\"2020-11-30T11:49:54+00:00\" \/>\n<meta name=\"twitter:card\" content=\"summary_large_image\" \/>\n<meta name=\"twitter:label1\" content=\"Tiempo de lectura\" \/>\n\t<meta name=\"twitter:data1\" content=\"1 minuto\" \/>\n<script type=\"application\/ld+json\" class=\"yoast-schema-graph\">{\"@context\":\"https:\/\/schema.org\",\"@graph\":[{\"@type\":\"WebPage\",\"@id\":\"https:\/\/www.hidemar.com\/es\/limpieza-de-metal-y-tapizados\/\",\"url\":\"https:\/\/www.hidemar.com\/es\/limpieza-de-metal-y-tapizados\/\",\"name\":\"Limpieza de metal y tapizados - hidemar\",\"isPartOf\":{\"@id\":\"https:\/\/www.hidemar.com\/es\/#website\"},\"datePublished\":\"2020-11-30T11:42:19+00:00\",\"dateModified\":\"2020-11-30T11:49:54+00:00\",\"breadcrumb\":{\"@id\":\"https:\/\/www.hidemar.com\/es\/limpieza-de-metal-y-tapizados\/#breadcrumb\"},\"inLanguage\":\"es\",\"potentialAction\":[{\"@type\":\"ReadAction\",\"target\":[\"https:\/\/www.hidemar.com\/es\/limpieza-de-metal-y-tapizados\/\"]}]},{\"@type\":\"BreadcrumbList\",\"@id\":\"https:\/\/www.hidemar.com\/es\/limpieza-de-metal-y-tapizados\/#breadcrumb\",\"itemListElement\":[{\"@type\":\"ListItem\",\"position\":1,\"name\":\"Inicio\",\"item\":\"https:\/\/www.hidemar.com\/es\/\"},{\"@type\":\"ListItem\",\"position\":2,\"name\":\"Limpieza de metal y tapizados\"}]},{\"@type\":\"WebSite\",\"@id\":\"https:\/\/www.hidemar.com\/es\/#website\",\"url\":\"https:\/\/www.hidemar.com\/es\/\",\"name\":\"hidemar\",\"description\":\"Fabricantes de mobiliario para la salud\",\"potentialAction\":[{\"@type\":\"SearchAction\",\"target\":{\"@type\":\"EntryPoint\",\"urlTemplate\":\"https:\/\/www.hidemar.com\/es\/?s={search_term_string}\"},\"query-input\":\"required name=search_term_string\"}],\"inLanguage\":\"es\"}]}<\/script>\n<!-- \/ Yoast SEO plugin. -->","yoast_head_json":{"title":"Limpieza de metal y tapizados - hidemar","robots":{"index":"index","follow":"follow","max-snippet":"max-snippet:-1","max-image-preview":"max-image-preview:large","max-video-preview":"max-video-preview:-1"},"canonical":"https:\/\/www.hidemar.com\/es\/limpieza-de-metal-y-tapizados\/","og_locale":"es_ES","og_type":"article","og_title":"Limpieza de metal y tapizados - hidemar","og_description":"acero inoxidable El acero inoxidable es un material vulnerable a ciertos productos de limpieza. Por favor, lea atentamente estas instrucciones:","og_url":"https:\/\/www.hidemar.com\/es\/limpieza-de-metal-y-tapizados\/","og_site_name":"hidemar","article_modified_time":"2020-11-30T11:49:54+00:00","twitter_card":"summary_large_image","twitter_misc":{"Tiempo de lectura":"1 minuto"},"schema":{"@context":"https:\/\/schema.org","@graph":[{"@type":"WebPage","@id":"https:\/\/www.hidemar.com\/es\/limpieza-de-metal-y-tapizados\/","url":"https:\/\/www.hidemar.com\/es\/limpieza-de-metal-y-tapizados\/","name":"Limpieza de metal y tapizados - hidemar","isPartOf":{"@id":"https:\/\/www.hidemar.com\/es\/#website"},"datePublished":"2020-11-30T11:42:19+00:00","dateModified":"2020-11-30T11:49:54+00:00","breadcrumb":{"@id":"https:\/\/www.hidemar.com\/es\/limpieza-de-metal-y-tapizados\/#breadcrumb"},"inLanguage":"es","potentialAction":[{"@type":"ReadAction","target":["https:\/\/www.hidemar.com\/es\/limpieza-de-metal-y-tapizados\/"]}]},{"@type":"BreadcrumbList","@id":"https:\/\/www.hidemar.com\/es\/limpieza-de-metal-y-tapizados\/#breadcrumb","itemListElement":[{"@type":"ListItem","position":1,"name":"Inicio","item":"https:\/\/www.hidemar.com\/es\/"},{"@type":"ListItem","position":2,"name":"Limpieza de metal y tapizados"}]},{"@type":"WebSite","@id":"https:\/\/www.hidemar.com\/es\/#website","url":"https:\/\/www.hidemar.com\/es\/","name":"hidemar","description":"Fabricantes de mobiliario para la salud","potentialAction":[{"@type":"SearchAction","target":{"@type":"EntryPoint","urlTemplate":"https:\/\/www.hidemar.com\/es\/?s={search_term_string}"},"query-input":"required name=search_term_string"}],"inLanguage":"es"}]}},"_links":{"self":[{"href":"https:\/\/www.hidemar.com\/es\/wp-json\/wp\/v2\/pages\/6987","targetHints":{"allow":["GET"]}}],"collection":[{"href":"https:\/\/www.hidemar.com\/es\/wp-json\/wp\/v2\/pages"}],"about":[{"href":"https:\/\/www.hidemar.com\/es\/wp-json\/wp\/v2\/types\/page"}],"author":[{"embeddable":true,"href":"https:\/\/www.hidemar.com\/es\/wp-json\/wp\/v2\/users\/1"}],"replies":[{"embeddable":true,"href":"https:\/\/www.hidemar.com\/es\/wp-json\/wp\/v2\/comments?post=6987"}],"version-history":[{"count":0,"href":"https:\/\/www.hidemar.com\/es\/wp-json\/wp\/v2\/pages\/6987\/revisions"}],"wp:attachment":[{"href":"https:\/\/www.hidemar.com\/es\/wp-json\/wp\/v2\/media?parent=6987"}],"curies":[{"name":"wp","href":"https:\/\/api.w.org\/{rel}","templated":true}]}}